{"id":2291,"date":"2022-09-28T11:07:00","date_gmt":"2022-09-28T14:07:00","guid":{"rendered":"https:\/\/uenf.br\/projetos\/arvoresdauenf\/?page_id=2291"},"modified":"2023-08-23T14:54:31","modified_gmt":"2023-08-23T17:54:31","slug":"bahia-sobre-flying-dragon-2","status":"publish","type":"page","link":"https:\/\/uenf.br\/projetos\/arvoresdauenf\/campus-leonel-brizola\/pesquisas\/setor-de-fruticultura\/bahia-sobre-flying-dragon-2\/","title":{"rendered":"Bahia sobre Flying Dragon 2010"},"content":{"rendered":"<p>Esp\u00e9cie: <em>Citrus<\/em> x <em>sinensis<\/em><\/p>\n<p>Cultivar copa: laranjeira Bahia<\/p>\n<p>Matura\u00e7\u00e3o dos frutos: meia esta\u00e7\u00e3o<\/p>\n<p>Cultivar porta-enxerto: <em>Poncirus trifoliata<\/em> var. Flying Dragon<\/p>\n<p>Data de plantio: 12\/2010<\/p>\n<p><img loading=\"lazy\" decoding=\"async\" class=\"size-medium wp-image-2420 aligncenter\" src=\"https:\/\/uenf.br\/projetos\/arvoresdauenf\/files\/2023\/05\/copa-planta-4-169x300.jpeg\" alt=\"\" width=\"169\" height=\"300\" srcset=\"https:\/\/uenf.br\/projetos\/arvoresdauenf\/files\/2023\/05\/copa-planta-4-169x300.jpeg 169w, https:\/\/uenf.br\/projetos\/arvoresdauenf\/files\/2023\/05\/copa-planta-4-575x1024.jpeg 575w, https:\/\/uenf.br\/projetos\/arvoresdauenf\/files\/2023\/05\/copa-planta-4.jpeg 719w\" sizes=\"auto, (max-width: 169px) 100vw, 169px\" \/><\/p>\n<p><img loading=\"lazy\" decoding=\"async\" class=\"size-medium wp-image-2421 aligncenter\" src=\"https:\/\/uenf.br\/projetos\/arvoresdauenf\/files\/2023\/05\/C\u00a6pia-de-fruta-planta-4-169x300.jpeg\" alt=\"\" width=\"169\" height=\"300\" srcset=\"https:\/\/uenf.br\/projetos\/arvoresdauenf\/files\/2023\/05\/C\u00a6pia-de-fruta-planta-4-169x300.jpeg 169w, https:\/\/uenf.br\/projetos\/arvoresdauenf\/files\/2023\/05\/C\u00a6pia-de-fruta-planta-4-575x1024.jpeg 575w, https:\/\/uenf.br\/projetos\/arvoresdauenf\/files\/2023\/05\/C\u00a6pia-de-fruta-planta-4.jpeg 719w\" sizes=\"auto, (max-width: 169px) 100vw, 169px\" \/><\/p>\n<p><img loading=\"lazy\" decoding=\"async\" class=\"size-medium wp-image-2419 aligncenter\" src=\"https:\/\/uenf.br\/projetos\/arvoresdauenf\/files\/2023\/05\/C\u00a6pia-de-planta-4-146x300.jpeg\" alt=\"\" width=\"146\" height=\"300\" srcset=\"https:\/\/uenf.br\/projetos\/arvoresdauenf\/files\/2023\/05\/C\u00a6pia-de-planta-4-146x300.jpeg 146w, https:\/\/uenf.br\/projetos\/arvoresdauenf\/files\/2023\/05\/C\u00a6pia-de-planta-4-498x1024.jpeg 498w, https:\/\/uenf.br\/projetos\/arvoresdauenf\/files\/2023\/05\/C\u00a6pia-de-planta-4.jpeg 622w\" sizes=\"auto, (max-width: 146px) 100vw, 146px\" \/><\/p>\n<p>Copa: Laranjeira Bahia \u2013\u00a0<em><strong>Citrus<\/strong><\/em>\u00a0x\u00a0<em><strong>aurantium\u00a0<\/strong><\/em>var\u00a0<em><strong>sinensis<\/strong><\/em>\u00a0L.<\/p>\n<p>Tipo: Laranja de Umbigo<\/p>\n<p>Porta-enxerto:\u00a0<em><strong>Poncirus trifoliata<\/strong><\/em><strong>\u00a0<\/strong>var<strong>\u00a0monstrosa\u00a0<\/strong>(\u2018Flying Dragon\u2019)<\/p>\n<p>Considera-se que a laranjeira Bahia tenha por origem uma muta\u00e7\u00e3o natural de uma planta da laranjeira \u2018Seleta\u2019, ocorrida no Estado da Bahia, entre 1810 e 1820 (Pompeu J\u00fanior, 2005), dando origem a uma cultivar de origem tipicamente brasileira. A laranja Bahia \u00e9 uma das laranjas de melhor sabor e caracter\u00edsticas agrad\u00e1veis para consumo ao natural. Al\u00e9m de n\u00e3o produzir sementes, os frutos s\u00e3o grandes e f\u00e1ceis de mastigar, podendo ser consumidos integralmente, retirando-se apenas a casca (exocarpo ou flavedo). Quando enxertada sobre o porta-enxerto\u00a0<em>Poncirus trifoliata<\/em>\u00a0var monstrosa (\u2018Flying Dragon\u2019), os frutos apresentam uma qualidade excepcional com muito a\u00e7\u00facar e pouca acidez. Al\u00e9m disso, os frutos das plantas enxertadas sobre esse porta-enxerto, nas condi\u00e7\u00f5es de Campos dos Goytacazes-RJ, t\u00eam muito suco e tamanho mais adequado para a comercializa\u00e7\u00e3o. A altura das laranjeiras Bahia enxertadas sobre o referido porta-enxerto atingiu 2,2 m aos 6 anos ap\u00f3s o plantio (Carvalho, 2017 e Carvalho et al. 2018) e 2,3 m aos 12 anos, que facilita os tratos culturais e a colheita, permitindo tamb\u00e9m a forma\u00e7\u00e3o de plantios mais adensados que permitem ao produtor, um retorno mais r\u00e1pido do investimento. A \u00e1rea citada foi plantada em novembro de 2010 estando as plantas com 12 anos de idade no momento.<\/p>\n<p>&nbsp;<\/p>\n<p>Refer\u00eancias:<\/p>\n<p>Pompeu Junior, J. (2005) Porta-enxertos In: Mattos Junior, D; De Negri, J.D.; Pio, R.M.; Pompeu Junior, J. (Eds) Citros, Campinas, 61-104.<\/p>\n<p><a href=\"https:\/\/uenf.br\/posgraduacao\/producao-vegetal\/wp-content\/uploads\/sites\/10\/2017\/07\/Disserta%C3%A7%C3%A3o-Waleska-revisada.pdf\">https:\/\/uenf.br\/posgraduacao\/producao-vegetal\/wp-content\/uploads\/sites\/10\/2017\/07\/Disserta%C3%A7%C3%A3o-Waleska-revisada.pdf<\/a><\/p>\n<p><a href=\"https:\/\/www.ccsenet.org\/journal\/index.php\/jas\/article\/view\/75402\">https:\/\/www.ccsenet.org\/journal\/index.php\/jas\/article\/view\/75402<\/a><\/p>\n<p>&nbsp;<\/p>\n","protected":false},"excerpt":{"rendered":"<p>Esp\u00e9cie: Citrus x sinensis Cultivar copa: laranjeira Bahia Matura\u00e7\u00e3o dos frutos: meia esta\u00e7\u00e3o Cultivar porta-enxerto: Poncirus trifoliata var. Flying Dragon&#8230;<\/p>\n","protected":false},"author":22,"featured_media":0,"parent":2148,"menu_order":0,"comment_status":"closed","ping_status":"closed","template":"","meta":{"footnotes":""},"class_list":["post-2291","page","type-page","status-publish","hentry"],"_links":{"self":[{"href":"https:\/\/uenf.br\/projetos\/arvoresdauenf\/wp-json\/wp\/v2\/pages\/2291","targetHints":{"allow":["GET"]}}],"collection":[{"href":"https:\/\/uenf.br\/projetos\/arvoresdauenf\/wp-json\/wp\/v2\/pages"}],"about":[{"href":"https:\/\/uenf.br\/projetos\/arvoresdauenf\/wp-json\/wp\/v2\/types\/page"}],"author":[{"embeddable":true,"href":"https:\/\/uenf.br\/projetos\/arvoresdauenf\/wp-json\/wp\/v2\/users\/22"}],"replies":[{"embeddable":true,"href":"https:\/\/uenf.br\/projetos\/arvoresdauenf\/wp-json\/wp\/v2\/comments?post=2291"}],"version-history":[{"count":0,"href":"https:\/\/uenf.br\/projetos\/arvoresdauenf\/wp-json\/wp\/v2\/pages\/2291\/revisions"}],"up":[{"embeddable":true,"href":"https:\/\/uenf.br\/projetos\/arvoresdauenf\/wp-json\/wp\/v2\/pages\/2148"}],"wp:attachment":[{"href":"https:\/\/uenf.br\/projetos\/arvoresdauenf\/wp-json\/wp\/v2\/media?parent=2291"}],"curies":[{"name":"wp","href":"https:\/\/api.w.org\/{rel}","templated":true}]}}