{"id":2293,"date":"2022-09-28T11:08:02","date_gmt":"2022-09-28T14:08:02","guid":{"rendered":"https:\/\/uenf.br\/projetos\/arvoresdauenf\/?page_id=2293"},"modified":"2023-05-28T14:15:35","modified_gmt":"2023-05-28T17:15:35","slug":"seleta-sobre-flying-dragon","status":"publish","type":"page","link":"https:\/\/uenf.br\/projetos\/arvoresdauenf\/campus-leonel-brizola\/pesquisas\/setor-de-fruticultura\/seleta-sobre-flying-dragon\/","title":{"rendered":"Seleta sobre Flying Dragon"},"content":{"rendered":"<p>Esp\u00e9cie: <em>Citrus<\/em> x <em>sinensis<\/em><\/p>\n<p>Cultivar copa: laranjeira Seleta<\/p>\n<p>Matura\u00e7\u00e3o dos frutos: meia esta\u00e7\u00e3o<\/p>\n<p>Cultivar porta-enxerto: <em>Poncirus trifoliata<\/em> var. Flying Dragon<\/p>\n<p>Data de plantio: 12\/2010<\/p>\n<p>&nbsp;<\/p>\n<p><img loading=\"lazy\" decoding=\"async\" class=\"size-medium wp-image-2465 aligncenter\" src=\"https:\/\/uenf.br\/projetos\/arvoresdauenf\/files\/2023\/05\/copa-planta-2-169x300.jpeg\" alt=\"\" width=\"169\" height=\"300\" srcset=\"https:\/\/uenf.br\/projetos\/arvoresdauenf\/files\/2023\/05\/copa-planta-2-169x300.jpeg 169w, https:\/\/uenf.br\/projetos\/arvoresdauenf\/files\/2023\/05\/copa-planta-2-575x1024.jpeg 575w, https:\/\/uenf.br\/projetos\/arvoresdauenf\/files\/2023\/05\/copa-planta-2.jpeg 719w\" sizes=\"auto, (max-width: 169px) 100vw, 169px\" \/><\/p>\n<p><img loading=\"lazy\" decoding=\"async\" class=\"size-medium wp-image-2466 aligncenter\" src=\"https:\/\/uenf.br\/projetos\/arvoresdauenf\/files\/2023\/05\/fruta-planta-2-169x300.jpeg\" alt=\"\" width=\"169\" height=\"300\" srcset=\"https:\/\/uenf.br\/projetos\/arvoresdauenf\/files\/2023\/05\/fruta-planta-2-169x300.jpeg 169w, https:\/\/uenf.br\/projetos\/arvoresdauenf\/files\/2023\/05\/fruta-planta-2-575x1024.jpeg 575w, https:\/\/uenf.br\/projetos\/arvoresdauenf\/files\/2023\/05\/fruta-planta-2.jpeg 719w\" sizes=\"auto, (max-width: 169px) 100vw, 169px\" \/><\/p>\n<p><img loading=\"lazy\" decoding=\"async\" class=\"alignnone size-medium wp-image-2464 aligncenter\" src=\"https:\/\/uenf.br\/projetos\/arvoresdauenf\/files\/2023\/05\/planta-2-146x300.jpeg\" alt=\"\" width=\"146\" height=\"300\" srcset=\"https:\/\/uenf.br\/projetos\/arvoresdauenf\/files\/2023\/05\/planta-2-146x300.jpeg 146w, https:\/\/uenf.br\/projetos\/arvoresdauenf\/files\/2023\/05\/planta-2-498x1024.jpeg 498w, https:\/\/uenf.br\/projetos\/arvoresdauenf\/files\/2023\/05\/planta-2.jpeg 622w\" sizes=\"auto, (max-width: 146px) 100vw, 146px\" \/><\/p>\n<p>Copa: Laranjeira Seleta \u2013 <strong><em>Citrus<\/em><\/strong> x <strong><em>aurantium <\/em><\/strong>var <strong><em>sinensis<\/em><\/strong> L.<\/p>\n<p>Tipo: Laranja Comum<\/p>\n<p>Porta-enxerto: <strong><em>Poncirus trifoliata<\/em> <\/strong>var<strong> monstrosa <\/strong>(\u2018Flying Dragon\u2019)<\/p>\n<p>A laranjeira \u2018Seleta\u2019 \u00e9 bastante conhecida no Rio de Janeiro, sendo acompanhamento cl\u00e1ssico da feijoada fluminense. Seus frutos s\u00e3o um pouco achatados e com casca com muitos poros, com pouca resist\u00eancia em p\u00f3s-colheita. A \u00e9poca de matura\u00e7\u00e3o em Campos dos Goytacazes-RJ \u00e9 entre maio e setembro. \u00a0Quando enxertada sobre o porta-enxerto <em>Poncirus trifoliata<\/em> var monstrosa (\u2018Flying Dragon\u2019), os frutos apresentam uma qualidade excepcional com muito a\u00e7\u00facar e pouca acidez. Al\u00e9m disso, os frutos das plantas enxertadas sobre esse porta-enxerto, nas condi\u00e7\u00f5es de Campos dos Goytacazes-RJ, t\u00eam muito suco e tamanho m\u00e9dio de para a comercializa\u00e7\u00e3o. A altura das laranjeiras Seleta enxertadas sobre o referido porta-enxerto atingiu 1,2 m perto dos 4 anos ap\u00f3s o plantio (Portella, 2015) o que facilita os tratos culturais e a colheita, permitindo tamb\u00e9m a forma\u00e7\u00e3o de plantios mais adensados que permitem ao produtor, um retorno mais r\u00e1pido do investimento. Por ocasi\u00e3o da primeira safra registrou-se em m\u00e9dia 18 kg por planta e a mais alta efici\u00eancia produtiva entre outras laranjeiras na mesma \u00e1rea. A \u00e1rea citada foi plantada em novembro de 2010 estando as plantas com 12 anos de idade no momento.<\/p>\n<p>Refer\u00eancias:<\/p>\n<p><a href=\"https:\/\/uenf.br\/posgraduacao\/producao-vegetal\/wp-content\/uploads\/sites\/10\/2015\/07\/Disserta%C3%A7%C3%A3o-Camilla-25-06-2015-vers%C3%A3o-final-com-ficha-catalog.pdf\">https:\/\/uenf.br\/posgraduacao\/producao-vegetal\/wp-content\/uploads\/sites\/10\/2015\/07\/Disserta%C3%A7%C3%A3o-Camilla-25-06-2015-vers%C3%A3o-final-com-ficha-catalog.pdf<\/a><\/p>\n","protected":false},"excerpt":{"rendered":"<p>Esp\u00e9cie: Citrus x sinensis Cultivar copa: laranjeira Seleta Matura\u00e7\u00e3o dos frutos: meia esta\u00e7\u00e3o Cultivar porta-enxerto: Poncirus trifoliata var. Flying Dragon&#8230;<\/p>\n","protected":false},"author":22,"featured_media":0,"parent":2148,"menu_order":0,"comment_status":"closed","ping_status":"closed","template":"","meta":{"footnotes":""},"class_list":["post-2293","page","type-page","status-publish","hentry"],"_links":{"self":[{"href":"https:\/\/uenf.br\/projetos\/arvoresdauenf\/wp-json\/wp\/v2\/pages\/2293","targetHints":{"allow":["GET"]}}],"collection":[{"href":"https:\/\/uenf.br\/projetos\/arvoresdauenf\/wp-json\/wp\/v2\/pages"}],"about":[{"href":"https:\/\/uenf.br\/projetos\/arvoresdauenf\/wp-json\/wp\/v2\/types\/page"}],"author":[{"embeddable":true,"href":"https:\/\/uenf.br\/projetos\/arvoresdauenf\/wp-json\/wp\/v2\/users\/22"}],"replies":[{"embeddable":true,"href":"https:\/\/uenf.br\/projetos\/arvoresdauenf\/wp-json\/wp\/v2\/comments?post=2293"}],"version-history":[{"count":0,"href":"https:\/\/uenf.br\/projetos\/arvoresdauenf\/wp-json\/wp\/v2\/pages\/2293\/revisions"}],"up":[{"embeddable":true,"href":"https:\/\/uenf.br\/projetos\/arvoresdauenf\/wp-json\/wp\/v2\/pages\/2148"}],"wp:attachment":[{"href":"https:\/\/uenf.br\/projetos\/arvoresdauenf\/wp-json\/wp\/v2\/media?parent=2293"}],"curies":[{"name":"wp","href":"https:\/\/api.w.org\/{rel}","templated":true}]}}