{"id":2295,"date":"2022-09-28T11:09:32","date_gmt":"2022-09-28T14:09:32","guid":{"rendered":"https:\/\/uenf.br\/projetos\/arvoresdauenf\/?page_id=2295"},"modified":"2023-08-23T14:56:16","modified_gmt":"2023-08-23T17:56:16","slug":"folha-murcha-sobre-flying-dragon","status":"publish","type":"page","link":"https:\/\/uenf.br\/projetos\/arvoresdauenf\/campus-leonel-brizola\/pesquisas\/setor-de-fruticultura\/folha-murcha-sobre-flying-dragon\/","title":{"rendered":"Folha Murcha sobre Flying Dragon"},"content":{"rendered":"<p>Esp\u00e9cie: <em>Citrus<\/em> x <em>sinensis\u00a0\u00a0\u00a0\u00a0\u00a0\u00a0\u00a0\u00a0\u00a0\u00a0\u00a0\u00a0\u00a0\u00a0\u00a0\u00a0\u00a0\u00a0\u00a0\u00a0\u00a0\u00a0\u00a0\u00a0\u00a0\u00a0\u00a0\u00a0\u00a0\u00a0 <\/em><\/p>\n<p>Cultivar copa: laranjeira \u2018Folha Murcha\u2019<\/p>\n<p>Matura\u00e7\u00e3o dos frutos: tardia<\/p>\n<p>Cultivar porta-enxerto: <em>Poncirus trifoliata<\/em> var. Flying Dragon<\/p>\n<p>Data de plantio: 12\/2010<\/p>\n<p>&nbsp;<\/p>\n<p><img loading=\"lazy\" decoding=\"async\" class=\"size-medium wp-image-2431 aligncenter\" src=\"https:\/\/uenf.br\/projetos\/arvoresdauenf\/files\/2023\/05\/C\u00a6pia-de-copa-planta-7-169x300.jpeg\" alt=\"\" width=\"169\" height=\"300\" srcset=\"https:\/\/uenf.br\/projetos\/arvoresdauenf\/files\/2023\/05\/C\u00a6pia-de-copa-planta-7-169x300.jpeg 169w, https:\/\/uenf.br\/projetos\/arvoresdauenf\/files\/2023\/05\/C\u00a6pia-de-copa-planta-7-575x1024.jpeg 575w, https:\/\/uenf.br\/projetos\/arvoresdauenf\/files\/2023\/05\/C\u00a6pia-de-copa-planta-7.jpeg 719w\" sizes=\"auto, (max-width: 169px) 100vw, 169px\" \/><\/p>\n<p><img loading=\"lazy\" decoding=\"async\" class=\"size-medium wp-image-2429 aligncenter\" src=\"https:\/\/uenf.br\/projetos\/arvoresdauenf\/files\/2023\/05\/C\u00a6pia-de-fruta-planta-7-169x300.jpeg\" alt=\"\" width=\"169\" height=\"300\" srcset=\"https:\/\/uenf.br\/projetos\/arvoresdauenf\/files\/2023\/05\/C\u00a6pia-de-fruta-planta-7-169x300.jpeg 169w, https:\/\/uenf.br\/projetos\/arvoresdauenf\/files\/2023\/05\/C\u00a6pia-de-fruta-planta-7-575x1024.jpeg 575w, https:\/\/uenf.br\/projetos\/arvoresdauenf\/files\/2023\/05\/C\u00a6pia-de-fruta-planta-7.jpeg 719w\" sizes=\"auto, (max-width: 169px) 100vw, 169px\" \/><\/p>\n<p><img loading=\"lazy\" decoding=\"async\" class=\"size-medium wp-image-2430 aligncenter\" src=\"https:\/\/uenf.br\/projetos\/arvoresdauenf\/files\/2023\/05\/C\u00a6pia-de-planta-7-146x300.jpeg\" alt=\"\" width=\"146\" height=\"300\" srcset=\"https:\/\/uenf.br\/projetos\/arvoresdauenf\/files\/2023\/05\/C\u00a6pia-de-planta-7-146x300.jpeg 146w, https:\/\/uenf.br\/projetos\/arvoresdauenf\/files\/2023\/05\/C\u00a6pia-de-planta-7-498x1024.jpeg 498w, https:\/\/uenf.br\/projetos\/arvoresdauenf\/files\/2023\/05\/C\u00a6pia-de-planta-7.jpeg 622w\" sizes=\"auto, (max-width: 146px) 100vw, 146px\" \/><\/p>\n<p>Copa: Folha Murcha<\/p>\n<p>Tipo: comum<\/p>\n<p>Porta-enxerto<em>: Poncirus trifoliata<\/em> var monstrosa (\u2018Flying Dragon\u2019)<\/p>\n<p>Caracter\u00edsticas: A laranjeira Folha Murcha \u00e9 a mais tardia entre as cultivares de laranjeiras. Seus frutos amadurecem entre outubro a janeiro nas condi\u00e7\u00f5es de plantio irrigado no munic\u00edpio de Campos dos Goytacazes-RJ. As suas folhas s\u00e3o tipicamente retorcidas com a face abaxial das folhas se enrolando para a parte superior. As plantas tipicamente parecem estar sob um intenso d\u00e9ficit h\u00eddrico, mesmo pela manh\u00e3 e mesmo sob irriga\u00e7\u00e3o. Quando enxertadas sobre o porta-enxerto \u2018Flying Dragon\u2019 as plantas ficam nanicas e podem ser cultivadas em plantios mais adensados. A altura das plantas, aos quatro anos, atingiu m\u00e9dia de 1,4 m e aos 12 anos ap\u00f3s o plantio, m\u00e9dia de 1,9 m . Os frutos dessas plantas tinham, em m\u00e9dia, 200 gramas e rendimento de suco de 50%. Embora as plantas enxertadas tenham menor altura e produ\u00e7\u00e3o de 10 kg por planta no primeiro ano de colheita, seu menor tamanho e sua efici\u00eancia produtiva (de 6,4 kg por metro c\u00fabico de copa) podem permitir pomares adensados com maior produtividade. Nas condi\u00e7\u00f5es de plantio irrigado no munic\u00edpio de Campos dos Goytacazes, os frutos dessa copa enxertada sobre o \u2018Flying Dragon\u2019 atingem uma quantidade de s\u00f3lidos sol\u00faveis totais (a\u00e7\u00facar) de 11,4 graus Brix, com acidez m\u00e9dia de 1,0% o que resulta em frutas com \u00f3timo equil\u00edbrio entre a\u00e7\u00facar e acidez, podendo ser destinadas tanto para o mercado de frutas frescas quanto para a ind\u00fastria.<\/p>\n<p>Refer\u00eancias:<\/p>\n<p><a href=\"https:\/\/uenf.br\/posgraduacao\/producao-vegetal\/wp-content\/uploads\/sites\/10\/2015\/07\/Disserta%C3%A7%C3%A3o-Camilla-25-06-2015-vers%C3%A3o-final-com-ficha-catalog.pdf\">https:\/\/uenf.br\/posgraduacao\/producao-vegetal\/wp-content\/uploads\/sites\/10\/2015\/07\/Disserta%C3%A7%C3%A3o-Camilla-25-06-2015-vers%C3%A3o-final-com-ficha-catalog.pdf<\/a><\/p>\n","protected":false},"excerpt":{"rendered":"<p>Esp\u00e9cie: Citrus x sinensis\u00a0\u00a0\u00a0\u00a0\u00a0\u00a0\u00a0\u00a0\u00a0\u00a0\u00a0\u00a0\u00a0\u00a0\u00a0\u00a0\u00a0\u00a0\u00a0\u00a0\u00a0\u00a0\u00a0\u00a0\u00a0\u00a0\u00a0\u00a0\u00a0\u00a0 Cultivar copa: laranjeira \u2018Folha Murcha\u2019 Matura\u00e7\u00e3o dos frutos: tardia Cultivar porta-enxerto: Poncirus trifoliata var. Flying Dragon&#8230;<\/p>\n","protected":false},"author":22,"featured_media":0,"parent":2148,"menu_order":0,"comment_status":"closed","ping_status":"closed","template":"","meta":{"footnotes":""},"class_list":["post-2295","page","type-page","status-publish","hentry"],"_links":{"self":[{"href":"https:\/\/uenf.br\/projetos\/arvoresdauenf\/wp-json\/wp\/v2\/pages\/2295","targetHints":{"allow":["GET"]}}],"collection":[{"href":"https:\/\/uenf.br\/projetos\/arvoresdauenf\/wp-json\/wp\/v2\/pages"}],"about":[{"href":"https:\/\/uenf.br\/projetos\/arvoresdauenf\/wp-json\/wp\/v2\/types\/page"}],"author":[{"embeddable":true,"href":"https:\/\/uenf.br\/projetos\/arvoresdauenf\/wp-json\/wp\/v2\/users\/22"}],"replies":[{"embeddable":true,"href":"https:\/\/uenf.br\/projetos\/arvoresdauenf\/wp-json\/wp\/v2\/comments?post=2295"}],"version-history":[{"count":0,"href":"https:\/\/uenf.br\/projetos\/arvoresdauenf\/wp-json\/wp\/v2\/pages\/2295\/revisions"}],"up":[{"embeddable":true,"href":"https:\/\/uenf.br\/projetos\/arvoresdauenf\/wp-json\/wp\/v2\/pages\/2148"}],"wp:attachment":[{"href":"https:\/\/uenf.br\/projetos\/arvoresdauenf\/wp-json\/wp\/v2\/media?parent=2295"}],"curies":[{"name":"wp","href":"https:\/\/api.w.org\/{rel}","templated":true}]}}