{"id":2301,"date":"2022-09-28T11:12:24","date_gmt":"2022-09-28T14:12:24","guid":{"rendered":"https:\/\/uenf.br\/projetos\/arvoresdauenf\/?page_id=2301"},"modified":"2023-05-18T10:32:46","modified_gmt":"2023-05-18T13:32:46","slug":"flying-dragon","status":"publish","type":"page","link":"https:\/\/uenf.br\/projetos\/arvoresdauenf\/campus-leonel-brizola\/pesquisas\/setor-de-fruticultura\/flying-dragon\/","title":{"rendered":"Flying Dragon"},"content":{"rendered":"<p>Cultivar porta-enxerto: <em>Poncirus trifoliata<\/em> var. Flying Dragon<\/p>\n<p>Data de plantio: 12\/2010<\/p>\n<p><img loading=\"lazy\" decoding=\"async\" class=\"size-medium wp-image-2426 aligncenter\" src=\"https:\/\/uenf.br\/projetos\/arvoresdauenf\/files\/2023\/05\/copa-planta-6-169x300.jpeg\" alt=\"\" width=\"169\" height=\"300\" srcset=\"https:\/\/uenf.br\/projetos\/arvoresdauenf\/files\/2023\/05\/copa-planta-6-169x300.jpeg 169w, https:\/\/uenf.br\/projetos\/arvoresdauenf\/files\/2023\/05\/copa-planta-6-575x1024.jpeg 575w, https:\/\/uenf.br\/projetos\/arvoresdauenf\/files\/2023\/05\/copa-planta-6.jpeg 719w\" sizes=\"auto, (max-width: 169px) 100vw, 169px\" \/> <img loading=\"lazy\" decoding=\"async\" class=\"size-medium wp-image-2427 aligncenter\" src=\"https:\/\/uenf.br\/projetos\/arvoresdauenf\/files\/2023\/05\/planta-6-2-169x300.jpeg\" alt=\"\" width=\"169\" height=\"300\" srcset=\"https:\/\/uenf.br\/projetos\/arvoresdauenf\/files\/2023\/05\/planta-6-2-169x300.jpeg 169w, https:\/\/uenf.br\/projetos\/arvoresdauenf\/files\/2023\/05\/planta-6-2-575x1024.jpeg 575w, https:\/\/uenf.br\/projetos\/arvoresdauenf\/files\/2023\/05\/planta-6-2.jpeg 719w\" sizes=\"auto, (max-width: 169px) 100vw, 169px\" \/><\/p>\n<p><strong><em>Poncirus trifoliata<\/em> <\/strong>var<strong> <em>monstrosa<\/em> <\/strong>(\u2018Flying Dragon\u2019)<\/p>\n<p>Variedade de porta-enxerto para citros<\/p>\n<p><em>Poncirus trifoliata<\/em> var monstrosa \u2018Flying Dragon\u2019 \u00e9 uma planta do grupo dos citros, sendo parente pr\u00f3xima das laranjeiras. Por isso, \u00e9 poss\u00edvel produzir mudas de laranjeiras ou limeiras \u00e1cidas enxertadas sobre esta variedade, que, nesse caso \u00e9 usada como porta-enxerto. A planta tem caule tortuoso, com crescimento t\u00edpico em zigue-zague e nesse caule h\u00e1 grandes espinhos curvos com as pontas voltadas para baixo. Em fun\u00e7\u00e3o dessas caracter\u00edsticas, essa planta tamb\u00e9m j\u00e1 foi usada como cercas vivas. Em Campos dos Goytacazes, o florescimento ocorre nos meses de junho a agosto e os frutos amadurecem entre fevereiro a mar\u00e7o, quando podem ser colhidos para extra\u00e7\u00e3o das sementes. O fruto tem formato mais cil\u00edndrico e possui tamanho m\u00e9dio de 2,5 cm de di\u00e2metro. O fruto pode ter mais de 20 sementes e pouca polpa, sendo essa polpa n\u00e3o comest\u00edvel por ter um sabor extremamente desagrad\u00e1vel. Essa cultivar surgiu no Jap\u00e3o e foi introduzida nos Estados Unidos em 1915 e no estado de S\u00e3o Paulo, pelo Instituto Agron\u00f4mico de Campinas-IAC, em 1982 (Pompeu Junior, 2005).\u00a0 Uma caracter\u00edstica dessa planta, quando usada como porta-enxerto, \u00e9 induzir um porte mais baixo para laranjeiras que, com idade de mais de cinco anos e, sob irriga\u00e7\u00e3o, nas condi\u00e7\u00f5es clim\u00e1ticas de Campos dos Goytacazes, n\u00e3o ultrapassam os 2,5 metros de altura (Carvalho, 2017). Plantio efetuado em 2010 (Guilherme, 2014).<\/p>\n<p>Refer\u00eancias:<\/p>\n<p>Pompeu Junior, J. (2005) Porta-enxertos In: Mattos Junior, D; De Negri, J.D.; Pio, R.M.; Pompeu Junior, J. (Eds) Citros, Campinas, 61-104.<\/p>\n<p><a href=\"https:\/\/uenf.br\/posgraduacao\/producao-vegetal\/wp-content\/uploads\/sites\/10\/2014\/08\/Denilson.pdf\">https:\/\/uenf.br\/posgraduacao\/producao-vegetal\/wp-content\/uploads\/sites\/10\/2014\/08\/Denilson.pdf<\/a><\/p>\n<p><a href=\"https:\/\/uenf.br\/posgraduacao\/producao-vegetal\/wp-content\/uploads\/sites\/10\/2017\/07\/Disserta%C3%A7%C3%A3o-Waleska-revisada.pdf\">https:\/\/uenf.br\/posgraduacao\/producao-vegetal\/wp-content\/uploads\/sites\/10\/2017\/07\/Disserta%C3%A7%C3%A3o-Waleska-revisada.pdf<\/a><\/p>\n<p>&nbsp;<\/p>\n","protected":false},"excerpt":{"rendered":"<p>Cultivar porta-enxerto: Poncirus trifoliata var. Flying Dragon Data de plantio: 12\/2010 Poncirus trifoliata var monstrosa (\u2018Flying Dragon\u2019) Variedade de porta-enxerto&#8230;<\/p>\n","protected":false},"author":22,"featured_media":0,"parent":2148,"menu_order":0,"comment_status":"closed","ping_status":"closed","template":"","meta":{"footnotes":""},"class_list":["post-2301","page","type-page","status-publish","hentry"],"_links":{"self":[{"href":"https:\/\/uenf.br\/projetos\/arvoresdauenf\/wp-json\/wp\/v2\/pages\/2301","targetHints":{"allow":["GET"]}}],"collection":[{"href":"https:\/\/uenf.br\/projetos\/arvoresdauenf\/wp-json\/wp\/v2\/pages"}],"about":[{"href":"https:\/\/uenf.br\/projetos\/arvoresdauenf\/wp-json\/wp\/v2\/types\/page"}],"author":[{"embeddable":true,"href":"https:\/\/uenf.br\/projetos\/arvoresdauenf\/wp-json\/wp\/v2\/users\/22"}],"replies":[{"embeddable":true,"href":"https:\/\/uenf.br\/projetos\/arvoresdauenf\/wp-json\/wp\/v2\/comments?post=2301"}],"version-history":[{"count":0,"href":"https:\/\/uenf.br\/projetos\/arvoresdauenf\/wp-json\/wp\/v2\/pages\/2301\/revisions"}],"up":[{"embeddable":true,"href":"https:\/\/uenf.br\/projetos\/arvoresdauenf\/wp-json\/wp\/v2\/pages\/2148"}],"wp:attachment":[{"href":"https:\/\/uenf.br\/projetos\/arvoresdauenf\/wp-json\/wp\/v2\/media?parent=2301"}],"curies":[{"name":"wp","href":"https:\/\/api.w.org\/{rel}","templated":true}]}}