{"id":2305,"date":"2022-09-28T11:14:40","date_gmt":"2022-09-28T14:14:40","guid":{"rendered":"https:\/\/uenf.br\/projetos\/arvoresdauenf\/?page_id=2305"},"modified":"2023-05-18T11:17:19","modified_gmt":"2023-05-18T14:17:19","slug":"araca-amarelo","status":"publish","type":"page","link":"https:\/\/uenf.br\/projetos\/arvoresdauenf\/campus-leonel-brizola\/pesquisas\/setor-de-fruticultura\/araca-amarelo\/","title":{"rendered":"Ara\u00e7\u00e1 amarelo"},"content":{"rendered":"<p>Esp\u00e9cie: <em>Psidium guineense\u00a0 <\/em><\/p>\n<p>Nome comum: ara\u00e7\u00e1 amarelo<\/p>\n<p>Data de plantio: 11\/2012<\/p>\n<div id=\"attachment_2403\" style=\"width: 235px\" class=\"wp-caption aligncenter\"><img loading=\"lazy\" decoding=\"async\" aria-describedby=\"caption-attachment-2403\" class=\"wp-image-2403 size-medium\" src=\"https:\/\/uenf.br\/projetos\/arvoresdauenf\/files\/2023\/05\/araca-amarelo-225x300.jpg\" alt=\"\" width=\"225\" height=\"300\" srcset=\"https:\/\/uenf.br\/projetos\/arvoresdauenf\/files\/2023\/05\/araca-amarelo-225x300.jpg 225w, https:\/\/uenf.br\/projetos\/arvoresdauenf\/files\/2023\/05\/araca-amarelo-768x1024.jpg 768w, https:\/\/uenf.br\/projetos\/arvoresdauenf\/files\/2023\/05\/araca-amarelo-1152x1536.jpg 1152w, https:\/\/uenf.br\/projetos\/arvoresdauenf\/files\/2023\/05\/araca-amarelo.jpg 1200w\" sizes=\"auto, (max-width: 225px) 100vw, 225px\" \/><p id=\"caption-attachment-2403\" class=\"wp-caption-text\">Foto: Cl\u00e1udia Sales Marinho<\/p><\/div>\n<p>Copa: Ara\u00e7azeiro \u2013 <em>Psidium cattleianum<\/em> Sabine<\/p>\n<p>Tipo: Amarelo ou de praia<\/p>\n<p>Caracter\u00edsticas: \u00e9 um ara\u00e7azeiro com frutos de casca amarela, conhecidos popularmente como ara\u00e7\u00e1 coroa. Apresenta \u00e1rvore com ramos espalhados e brotos jovens com caule de cor verde amarela. A forma da folha completamente desenvolvida \u00e9 obovolanceolada, com curvatura m\u00e9dia na se\u00e7\u00e3o transversal, sem apresentar tor\u00e7\u00e3o, com presen\u00e7a de curvatura forte na nervura central. As folhas completamente desenvolvidas n\u00e3o apresentam variega\u00e7\u00e3o, com cor verde, e a nervura central na parte inferior com colora\u00e7\u00e3o amarela. As folhas completamente desenvolvidas n\u00e3o apresentam ondula\u00e7\u00e3o da margem, com forma da base obtusa e forma da ponta apiculada. Apresenta flores grandes e isoladas. O florescimento ocorre entre os meses de setembro e outubro. Os frutos apresentaram comprimento m\u00e9dio de 32,0 mm, com di\u00e2metro m\u00e9dio de 34,0 mm. A forma no final do ped\u00fanculo do fruto \u00e9 amplamente arredondada, com cor da casca amarelo p\u00e1lido e textura da superf\u00edcie lisa. A polpa do fruto apresenta colora\u00e7\u00e3o creme uniforme, com descolora\u00e7\u00e3o ap\u00f3s o corte. A espessura da polpa exterior em rela\u00e7\u00e3o ao di\u00e2metro do n\u00facleo \u00e9 espessa. Os frutos s\u00e3o pouco suculentos, com pH baixo (m\u00e9dia de 3,67). Os frutos apresentam poucas sementes (m\u00e9dia de 28,1 sementes por fruto), de tamanho grande. O per\u00edodo entre o florescimento at\u00e9 a maturidade do fruto \u00e9 curto, de cerca de tr\u00eas meses, com a colheita ocorrendo entre os meses de dezembro e fevereiro (Bremenkamp, 2015). As plantas respondem \u00e0 poda de florescimento (Bremenkamp et al. 2 016) e os ramos s\u00e3o de dif\u00edcil enraizamento, sendo as estacas semilenhosas aquelas de melhor condi\u00e7\u00f5es para enraizamento (Biazatti et al. 2018).<\/p>\n<p>Refer\u00eancias:<\/p>\n<p><a href=\"https:\/\/uenf.br\/posgraduacao\/producao-vegetal\/wp-content\/uploads\/sites\/10\/2015\/10\/Tese_Cintia_A_Bremenkamp.pdf\">https:\/\/uenf.br\/posgraduacao\/producao-vegetal\/wp-content\/uploads\/sites\/10\/2015\/10\/Tese_Cintia_A_Bremenkamp.pdf<\/a><\/p>\n<p><a href=\"https:\/\/www.scielo.br\/j\/rbf\/a\/WZbnGgfn8XCJtsMs9vgQZJp\/abstract\/?lang=pt\">https:\/\/www.scielo.br\/j\/rbf\/a\/WZbnGgfn8XCJtsMs9vgQZJp\/abstract\/?lang=pt<\/a><\/p>\n<p><a href=\"https:\/\/www.scielo.br\/j\/cerne\/a\/fkKGKQZPmycCcwnk8mmwqzJ\/?format=pdf&amp;lang=en\">https:\/\/www.scielo.br\/j\/cerne\/a\/fkKGKQZPmycCcwnk8mmwqzJ\/?format=pdf&amp;lang=en<\/a><\/p>\n<p>&nbsp;<\/p>\n","protected":false},"excerpt":{"rendered":"<p>Esp\u00e9cie: Psidium guineense\u00a0 Nome comum: ara\u00e7\u00e1 amarelo Data de plantio: 11\/2012 Copa: Ara\u00e7azeiro \u2013 Psidium cattleianum Sabine Tipo: Amarelo ou&#8230;<\/p>\n","protected":false},"author":22,"featured_media":0,"parent":2148,"menu_order":0,"comment_status":"closed","ping_status":"closed","template":"","meta":{"footnotes":""},"class_list":["post-2305","page","type-page","status-publish","hentry"],"_links":{"self":[{"href":"https:\/\/uenf.br\/projetos\/arvoresdauenf\/wp-json\/wp\/v2\/pages\/2305","targetHints":{"allow":["GET"]}}],"collection":[{"href":"https:\/\/uenf.br\/projetos\/arvoresdauenf\/wp-json\/wp\/v2\/pages"}],"about":[{"href":"https:\/\/uenf.br\/projetos\/arvoresdauenf\/wp-json\/wp\/v2\/types\/page"}],"author":[{"embeddable":true,"href":"https:\/\/uenf.br\/projetos\/arvoresdauenf\/wp-json\/wp\/v2\/users\/22"}],"replies":[{"embeddable":true,"href":"https:\/\/uenf.br\/projetos\/arvoresdauenf\/wp-json\/wp\/v2\/comments?post=2305"}],"version-history":[{"count":0,"href":"https:\/\/uenf.br\/projetos\/arvoresdauenf\/wp-json\/wp\/v2\/pages\/2305\/revisions"}],"up":[{"embeddable":true,"href":"https:\/\/uenf.br\/projetos\/arvoresdauenf\/wp-json\/wp\/v2\/pages\/2148"}],"wp:attachment":[{"href":"https:\/\/uenf.br\/projetos\/arvoresdauenf\/wp-json\/wp\/v2\/media?parent=2305"}],"curies":[{"name":"wp","href":"https:\/\/api.w.org\/{rel}","templated":true}]}}