{"id":2307,"date":"2022-09-28T11:16:21","date_gmt":"2022-09-28T14:16:21","guid":{"rendered":"https:\/\/uenf.br\/projetos\/arvoresdauenf\/?page_id=2307"},"modified":"2022-09-28T11:16:21","modified_gmt":"2022-09-28T14:16:21","slug":"paluma-sobre-araca","status":"publish","type":"page","link":"https:\/\/uenf.br\/projetos\/arvoresdauenf\/campus-leonel-brizola\/pesquisas\/setor-de-fruticultura\/paluma-sobre-araca\/","title":{"rendered":"Paluma sobre Ara\u00e7\u00e1"},"content":{"rendered":"<p>Esp\u00e9cie: <em>Psidium guajava\u00a0\u00a0\u00a0\u00a0\u00a0 <\/em><\/p>\n<p>Cultivar copa: Goiabeira \u2018Paluma\u2019<\/p>\n<p>Cultivar porta-enxerto: <em>Psidium guineense<\/em><\/p>\n<p>Data de plantio: 11\/2012<\/p>\n","protected":false},"excerpt":{"rendered":"<p>Esp\u00e9cie: Psidium guajava\u00a0\u00a0\u00a0\u00a0\u00a0 Cultivar copa: Goiabeira \u2018Paluma\u2019 Cultivar porta-enxerto: Psidium guineense Data de plantio: 11\/2012<\/p>\n","protected":false},"author":22,"featured_media":0,"parent":2148,"menu_order":0,"comment_status":"closed","ping_status":"closed","template":"","meta":{"footnotes":""},"class_list":["post-2307","page","type-page","status-publish","hentry"],"_links":{"self":[{"href":"https:\/\/uenf.br\/projetos\/arvoresdauenf\/wp-json\/wp\/v2\/pages\/2307","targetHints":{"allow":["GET"]}}],"collection":[{"href":"https:\/\/uenf.br\/projetos\/arvoresdauenf\/wp-json\/wp\/v2\/pages"}],"about":[{"href":"https:\/\/uenf.br\/projetos\/arvoresdauenf\/wp-json\/wp\/v2\/types\/page"}],"author":[{"embeddable":true,"href":"https:\/\/uenf.br\/projetos\/arvoresdauenf\/wp-json\/wp\/v2\/users\/22"}],"replies":[{"embeddable":true,"href":"https:\/\/uenf.br\/projetos\/arvoresdauenf\/wp-json\/wp\/v2\/comments?post=2307"}],"version-history":[{"count":0,"href":"https:\/\/uenf.br\/projetos\/arvoresdauenf\/wp-json\/wp\/v2\/pages\/2307\/revisions"}],"up":[{"embeddable":true,"href":"https:\/\/uenf.br\/projetos\/arvoresdauenf\/wp-json\/wp\/v2\/pages\/2148"}],"wp:attachment":[{"href":"https:\/\/uenf.br\/projetos\/arvoresdauenf\/wp-json\/wp\/v2\/media?parent=2307"}],"curies":[{"name":"wp","href":"https:\/\/api.w.org\/{rel}","templated":true}]}}