{"id":2351,"date":"2023-02-24T00:03:18","date_gmt":"2023-02-24T03:03:18","guid":{"rendered":"https:\/\/uenf.br\/projetos\/arvoresdauenf\/?page_id=2351"},"modified":"2024-03-27T17:10:56","modified_gmt":"2024-03-27T20:10:56","slug":"cassia-rosa","status":"publish","type":"page","link":"https:\/\/uenf.br\/projetos\/arvoresdauenf\/especie-2\/cassia-rosa\/","title":{"rendered":"C\u00e1ssia Rosa"},"content":{"rendered":"<h1>C\u00e1ssia Rosa<\/h1>\n<div class=\"entry clr\">\n<h2 class=\"taxon\"><i>Cassia grandis<\/i><\/h2>\n<p>&nbsp;<\/p>\n<div id=\"attachment_2672\" style=\"width: 357px\" class=\"wp-caption aligncenter\"><img loading=\"lazy\" decoding=\"async\" aria-describedby=\"caption-attachment-2672\" class=\"wp-image-2672\" src=\"https:\/\/uenf.br\/projetos\/arvoresdauenf\/files\/2024\/03\/WhatsApp-Image-2024-03-25-at-15.18.36-225x300.jpeg\" alt=\"\" width=\"347\" height=\"463\" srcset=\"https:\/\/uenf.br\/projetos\/arvoresdauenf\/files\/2024\/03\/WhatsApp-Image-2024-03-25-at-15.18.36-225x300.jpeg 225w, https:\/\/uenf.br\/projetos\/arvoresdauenf\/files\/2024\/03\/WhatsApp-Image-2024-03-25-at-15.18.36-769x1024.jpeg 769w, https:\/\/uenf.br\/projetos\/arvoresdauenf\/files\/2024\/03\/WhatsApp-Image-2024-03-25-at-15.18.36-768x1023.jpeg 768w, https:\/\/uenf.br\/projetos\/arvoresdauenf\/files\/2024\/03\/WhatsApp-Image-2024-03-25-at-15.18.36-1153x1536.jpeg 1153w, https:\/\/uenf.br\/projetos\/arvoresdauenf\/files\/2024\/03\/WhatsApp-Image-2024-03-25-at-15.18.36-1537x2048.jpeg 1537w\" sizes=\"auto, (max-width: 347px) 100vw, 347px\" \/><p id=\"caption-attachment-2672\" class=\"wp-caption-text\">Foto: Savyo Carvalho<\/p><\/div>\n<div id=\"attachment_2674\" style=\"width: 355px\" class=\"wp-caption aligncenter\"><img loading=\"lazy\" decoding=\"async\" aria-describedby=\"caption-attachment-2674\" class=\"wp-image-2674\" src=\"https:\/\/uenf.br\/projetos\/arvoresdauenf\/files\/2024\/03\/WhatsApp-Image-2024-03-25-at-15.18.35-225x300.jpeg\" alt=\"\" width=\"345\" height=\"460\" srcset=\"https:\/\/uenf.br\/projetos\/arvoresdauenf\/files\/2024\/03\/WhatsApp-Image-2024-03-25-at-15.18.35-225x300.jpeg 225w, https:\/\/uenf.br\/projetos\/arvoresdauenf\/files\/2024\/03\/WhatsApp-Image-2024-03-25-at-15.18.35-769x1024.jpeg 769w, https:\/\/uenf.br\/projetos\/arvoresdauenf\/files\/2024\/03\/WhatsApp-Image-2024-03-25-at-15.18.35-768x1023.jpeg 768w, https:\/\/uenf.br\/projetos\/arvoresdauenf\/files\/2024\/03\/WhatsApp-Image-2024-03-25-at-15.18.35-1153x1536.jpeg 1153w, https:\/\/uenf.br\/projetos\/arvoresdauenf\/files\/2024\/03\/WhatsApp-Image-2024-03-25-at-15.18.35-1537x2048.jpeg 1537w\" sizes=\"auto, (max-width: 345px) 100vw, 345px\" \/><p id=\"caption-attachment-2674\" class=\"wp-caption-text\">Foto: Savyo Carvalho<\/p><\/div>\n<\/div>\n<p>&nbsp;<\/p>\n<div class=\"entry clr\">\n<h3><strong>Fam\u00edlia: Fabaceae<\/strong><\/h3>\n<h3><strong>Nomes populares: C\u00e1ssia Rosa, C\u00e1ssia Gigante, Marimari, Canaf\u00edstula<\/strong><\/h3>\n<h3>Origem: Regi\u00e3o amaz\u00f4nica<\/h3>\n<p>&nbsp;<\/p>\n<h3 id=\"distribuicaoGeografica\" class=\"label\"><strong>Distribui\u00e7\u00e3o Geogr\u00e1fica<\/strong><\/h3>\n<div class=\"tabelamapa\">\n<div id=\"ocorrencia_confirmada\" class=\"label\"><strong>Ocorr\u00eancias:<\/strong><\/div>\n<div>\n<div id=\"tr-carregaTaxonGrupoDistribuicaoGeograficaCertezaNorte\" class=\"distribuicaoGeograficaCertezaNorte\">\n<ul>\n<li id=\"idFieldCertezaNorte\" class=\"field\"><b>Norte<\/b> (Par\u00e1, Acre, Amazonas, Amap\u00e1, Rond\u00f4nia, Roraima)<\/li>\n<li class=\"field\"><b>Nordeste<\/b> (Bahia, Cear\u00e1, Maranh\u00e3o, Alagoas, Para\u00edba, Pernambuco, Piau\u00ed, Sergipe)<\/li>\n<li class=\"field\"><b>Centro-Oeste<\/b>\u00a0(Distrito Federal, Goi\u00e1s, Mato Grosso do Sul, Mato Grosso)<\/li>\n<li class=\"field\"><b>Sudeste<\/b>\u00a0(Minas Gerais, Rio de Janeiro, S\u00e3o Paulo)<\/li>\n<li class=\"field\"><b>Sul<\/b> (Paran\u00e1, Rio Grande do Sul)<\/li>\n<\/ul>\n<h3 class=\"label\"><strong>Dom\u00ednios Fitogeogr\u00e1ficos\u00a0<\/strong><\/h3>\n<ul>\n<li>Amaz\u00f4nia, Cerrado, Mata Atl\u00e2ntica, Pantanal<\/li>\n<\/ul>\n<\/div>\n<\/div>\n<\/div>\n<\/div>\n<p>&nbsp;<\/p>\n<p><a href=\"https:\/\/uenf.br\/projetos\/arvoresdauenf\/files\/2023\/02\/Captura-de-tela-2023-02-23-225914.png\"><img loading=\"lazy\" decoding=\"async\" class=\"aligncenter wp-image-2352\" src=\"https:\/\/uenf.br\/projetos\/arvoresdauenf\/files\/2023\/02\/Captura-de-tela-2023-02-23-225914.png\" alt=\"\" width=\"308\" height=\"331\" srcset=\"https:\/\/uenf.br\/projetos\/arvoresdauenf\/files\/2023\/02\/Captura-de-tela-2023-02-23-225914.png 385w, https:\/\/uenf.br\/projetos\/arvoresdauenf\/files\/2023\/02\/Captura-de-tela-2023-02-23-225914-279x300.png 279w\" sizes=\"auto, (max-width: 308px) 100vw, 308px\" \/><\/a><\/p>\n<p>Fonte: Flora do Brasil, 2020 (<a href=\"https:\/\/floradobrasil.jbrj.gov.br\/reflora\/listaBrasil\/ConsultaPublicaUC\/BemVindoConsultaPublicaConsultar.do?invalidatePageControlCounter=1&amp;idsFilhosAlgas=%5B2%5D&amp;idsFilhosFungos=%5B1%2C11%2C10%5D&amp;lingua=&amp;grupo=6&amp;familia=null&amp;genero=Cassia&amp;especie=grandis&amp;autor=&amp;nomeVernaculo=&amp;nomeCompleto=&amp;formaVida=null&amp;substrato=null&amp;ocorreBrasil=QUALQUER&amp;ocorrencia=OCORRE&amp;endemismo=TODOS&amp;origem=TODOS&amp;regiao=QUALQUER&amp;estado=QUALQUER&amp;ilhaOceanica=32767&amp;domFitogeograficos=QUALQUER&amp;bacia=QUALQUER&amp;vegetacao=TODOS&amp;mostrarAte=SUBESP_VAR&amp;opcoesBusca=TODOS_OS_NOMES&amp;loginUsuario=Visitante&amp;senhaUsuario=&amp;contexto=consulta-publica\">Clique Aqui<\/a>)<\/p>\n<div class=\"tabelamapa\">\n<div>\n<h3><strong>Curiosidades:<\/strong><\/h3>\n<\/div>\n<\/div>\n<div class=\"simple-item-view-authors item-page-field-wrapper table\">\n<div class=\"simple-item-view-collections item-page-field-wrapper table\">\n<ul>\n<li>\u00c9 uma esp\u00e9cie mel\u00edfera que atrai a fauna silvestre, principalmente abelhas<\/li>\n<li>O extrato dos frutos \u00e9 um excelente produto vegetal hipoglicemiante e n\u00e3o t\u00f3xico. (<a href=\"https:\/\/reader.elsevier.com\/reader\/sd\/pii\/S075333221830948X?token=861FB0E7835E43E5C879717FDE6DA89C1D22C9442DD1F01E06980CD87FF88FAEFC8F23B7C692715EF53EA45A2A640C71&amp;originRegion=us-east-1&amp;originCreation=20230224123220\">clique aqui<\/a>)<\/li>\n<li>Pelo alto teor de ferro de seus frutos, pode ser utilizada como aditivo natural para fixar a cor preta nas azeitonas (<a href=\"https:\/\/www.scopus.com\/record\/display.uri?eid=2-s2.0-85136917506&amp;origin=resultslist&amp;sort=plf-f&amp;src=s&amp;st1=cassia+grandis&amp;sid=a56bd3f19e26c1c8529bbe54f85fe088&amp;sot=b&amp;sdt=b&amp;sl=29&amp;s=TITLE-ABS-KEY%28cassia+grandis%29&amp;relpos=6&amp;citeCnt=1&amp;searchTerm=\">clique aqui<\/a>)<\/li>\n<\/ul>\n<p>&nbsp;<\/p>\n<\/div>\n<\/div>\n","protected":false},"excerpt":{"rendered":"<p>C\u00e1ssia Rosa Cassia grandis &nbsp; &nbsp; Fam\u00edlia: Fabaceae Nomes populares: C\u00e1ssia Rosa, C\u00e1ssia Gigante, Marimari, Canaf\u00edstula Origem: Regi\u00e3o amaz\u00f4nica &nbsp;&#8230;<\/p>\n","protected":false},"author":22,"featured_media":0,"parent":27,"menu_order":0,"comment_status":"closed","ping_status":"closed","template":"","meta":{"footnotes":""},"class_list":["post-2351","page","type-page","status-publish","hentry"],"_links":{"self":[{"href":"https:\/\/uenf.br\/projetos\/arvoresdauenf\/wp-json\/wp\/v2\/pages\/2351","targetHints":{"allow":["GET"]}}],"collection":[{"href":"https:\/\/uenf.br\/projetos\/arvoresdauenf\/wp-json\/wp\/v2\/pages"}],"about":[{"href":"https:\/\/uenf.br\/projetos\/arvoresdauenf\/wp-json\/wp\/v2\/types\/page"}],"author":[{"embeddable":true,"href":"https:\/\/uenf.br\/projetos\/arvoresdauenf\/wp-json\/wp\/v2\/users\/22"}],"replies":[{"embeddable":true,"href":"https:\/\/uenf.br\/projetos\/arvoresdauenf\/wp-json\/wp\/v2\/comments?post=2351"}],"version-history":[{"count":0,"href":"https:\/\/uenf.br\/projetos\/arvoresdauenf\/wp-json\/wp\/v2\/pages\/2351\/revisions"}],"up":[{"embeddable":true,"href":"https:\/\/uenf.br\/projetos\/arvoresdauenf\/wp-json\/wp\/v2\/pages\/27"}],"wp:attachment":[{"href":"https:\/\/uenf.br\/projetos\/arvoresdauenf\/wp-json\/wp\/v2\/media?parent=2351"}],"curies":[{"name":"wp","href":"https:\/\/api.w.org\/{rel}","templated":true}]}}