{"id":2363,"date":"2023-03-13T12:43:13","date_gmt":"2023-03-13T15:43:13","guid":{"rendered":"https:\/\/uenf.br\/projetos\/arvoresdauenf\/?page_id=2363"},"modified":"2023-05-31T01:08:54","modified_gmt":"2023-05-31T04:08:54","slug":"cutieira","status":"publish","type":"page","link":"https:\/\/uenf.br\/projetos\/arvoresdauenf\/especie-2\/cutieira\/","title":{"rendered":"Cutieira"},"content":{"rendered":"<h1>Cutieira<\/h1>\n<div id=\"attachment_2366\" style=\"width: 487px\" class=\"wp-caption aligncenter\"><a href=\"https:\/\/uenf.br\/projetos\/arvoresdauenf\/files\/2023\/03\/WhatsApp-Image-2023-03-13-at-11.46.26.jpeg\"><img loading=\"lazy\" decoding=\"async\" aria-describedby=\"caption-attachment-2366\" class=\"wp-image-2366\" src=\"https:\/\/uenf.br\/projetos\/arvoresdauenf\/files\/2023\/03\/WhatsApp-Image-2023-03-13-at-11.46.26-768x1024.jpeg\" alt=\"\" width=\"477\" height=\"636\" srcset=\"https:\/\/uenf.br\/projetos\/arvoresdauenf\/files\/2023\/03\/WhatsApp-Image-2023-03-13-at-11.46.26-768x1023.jpeg 768w, https:\/\/uenf.br\/projetos\/arvoresdauenf\/files\/2023\/03\/WhatsApp-Image-2023-03-13-at-11.46.26-225x300.jpeg 225w, https:\/\/uenf.br\/projetos\/arvoresdauenf\/files\/2023\/03\/WhatsApp-Image-2023-03-13-at-11.46.26-1153x1536.jpeg 1153w, https:\/\/uenf.br\/projetos\/arvoresdauenf\/files\/2023\/03\/WhatsApp-Image-2023-03-13-at-11.46.26.jpeg 1200w\" sizes=\"auto, (max-width: 477px) 100vw, 477px\" \/><\/a><p id=\"caption-attachment-2366\" class=\"wp-caption-text\">Cutieira no <em>campus<\/em> Leonel Brizola. Foto: Rafael Pedro<\/p><\/div>\n<div class=\"entry clr\" style=\"text-align: center\">\n<h2 style=\"text-align: left\"><em>Joannesia princeps<\/em><\/h2>\n<h3 style=\"text-align: left\"><strong>Fam\u00edlia: Euphorbiaceae<\/strong><\/h3>\n<h3 style=\"text-align: left\"><strong>Nomes populares: Cutieira, Boleira, And\u00e1-a\u00e7u<\/strong><\/h3>\n<h3 style=\"text-align: left\"><strong>Origem: Brasil<\/strong><\/h3>\n<h3 id=\"distribuicaoGeografica\" class=\"label\" style=\"text-align: left\"><strong>Distribui\u00e7\u00e3o Geogr\u00e1fica<\/strong><\/h3>\n<div class=\"tabelamapa\">\n<div id=\"ocorrencia_confirmada\" class=\"label\" style=\"text-align: left\"><strong>Ocorr\u00eancias:<\/strong><\/div>\n<div>\n<div id=\"tr-carregaTaxonGrupoDistribuicaoGeograficaCertezaNorte\" class=\"distribuicaoGeograficaCertezaNorte\">\n<ul style=\"text-align: left\">\n<li class=\"field\"><b>Nordeste<\/b> (Bahia, Cear\u00e1, Para\u00edba)<\/li>\n<li class=\"field\"><b>Centro-Oeste<\/b> (Distrito Federal)<\/li>\n<li class=\"field\"><b>Sudeste<\/b> (Minas Gerais, Rio de Janeiro, S\u00e3o Paulo, Esp\u00edrito Santo)<\/li>\n<\/ul>\n<h3 class=\"label\" style=\"text-align: left\"><strong>Dom\u00ednios Fitogeogr\u00e1ficos\u00a0<\/strong><\/h3>\n<ul>\n<li style=\"text-align: left\">Caatinga, Mata Atl\u00e2ntica, Cerrado<\/li>\n<\/ul>\n<p><a href=\"https:\/\/uenf.br\/projetos\/arvoresdauenf\/files\/2023\/03\/Captura-de-tela-2023-03-13-121441.png\"><img loading=\"lazy\" decoding=\"async\" class=\"aligncenter wp-image-2364\" src=\"https:\/\/uenf.br\/projetos\/arvoresdauenf\/files\/2023\/03\/Captura-de-tela-2023-03-13-121441.png\" alt=\"\" width=\"311\" height=\"326\" srcset=\"https:\/\/uenf.br\/projetos\/arvoresdauenf\/files\/2023\/03\/Captura-de-tela-2023-03-13-121441.png 416w, https:\/\/uenf.br\/projetos\/arvoresdauenf\/files\/2023\/03\/Captura-de-tela-2023-03-13-121441-286x300.png 286w\" sizes=\"auto, (max-width: 311px) 100vw, 311px\" \/><\/a><\/p>\n<h3 style=\"text-align: left\">Fonte: Flora do Brasil, 2020\u00a0<a href=\"https:\/\/floradobrasil.jbrj.gov.br\/reflora\/listaBrasil\/ConsultaPublicaUC\/BemVindoConsultaPublicaConsultar.do?invalidatePageControlCounter=2&amp;idsFilhosAlgas=%5B2%5D&amp;idsFilhosFungos=%5B1%2C11%2C10%5D&amp;lingua=&amp;grupo=6&amp;familia=113&amp;genero=Joannesia&amp;especie=princeps&amp;autor=&amp;nomeVernaculo=&amp;nomeCompleto=&amp;formaVida=null&amp;substrato=null&amp;ocorreBrasil=QUALQUER&amp;ocorrencia=OCORRE&amp;endemismo=TODOS&amp;origem=TODOS&amp;regiao=QUALQUER&amp;estado=QUALQUER&amp;ilhaOceanica=32767&amp;domFitogeograficos=QUALQUER&amp;bacia=QUALQUER&amp;vegetacao=TODOS&amp;mostrarAte=SUBESP_VAR&amp;opcoesBusca=TODOS_OS_NOMES&amp;loginUsuario=Visitante&amp;senhaUsuario=&amp;contexto=consulta-publica\">(Clique Aqui)<\/a><\/h3>\n<div><\/div>\n<div id=\"attachment_2365\" style=\"width: 476px\" class=\"wp-caption aligncenter\"><a href=\"https:\/\/uenf.br\/projetos\/arvoresdauenf\/files\/2023\/03\/WhatsApp-Image-2023-03-13-at-11.36.10.jpeg\"><img loading=\"lazy\" decoding=\"async\" aria-describedby=\"caption-attachment-2365\" class=\" wp-image-2365\" src=\"https:\/\/uenf.br\/projetos\/arvoresdauenf\/files\/2023\/03\/WhatsApp-Image-2023-03-13-at-11.36.10-768x1024.jpeg\" alt=\"\" width=\"466\" height=\"621\" srcset=\"https:\/\/uenf.br\/projetos\/arvoresdauenf\/files\/2023\/03\/WhatsApp-Image-2023-03-13-at-11.36.10-768x1024.jpeg 768w, https:\/\/uenf.br\/projetos\/arvoresdauenf\/files\/2023\/03\/WhatsApp-Image-2023-03-13-at-11.36.10-225x300.jpeg 225w, https:\/\/uenf.br\/projetos\/arvoresdauenf\/files\/2023\/03\/WhatsApp-Image-2023-03-13-at-11.36.10-1152x1536.jpeg 1152w, https:\/\/uenf.br\/projetos\/arvoresdauenf\/files\/2023\/03\/WhatsApp-Image-2023-03-13-at-11.36.10.jpeg 1200w\" sizes=\"auto, (max-width: 466px) 100vw, 466px\" \/><\/a><p id=\"caption-attachment-2365\" class=\"wp-caption-text\">Foto: Rafael Pedro<\/p><\/div>\n<\/div>\n<div id=\"attachment_2367\" style=\"width: 469px\" class=\"wp-caption aligncenter\"><a href=\"https:\/\/uenf.br\/projetos\/arvoresdauenf\/files\/2023\/03\/WhatsApp-Image-2023-03-13-at-11.46.27.jpeg\"><img loading=\"lazy\" decoding=\"async\" aria-describedby=\"caption-attachment-2367\" class=\" wp-image-2367\" src=\"https:\/\/uenf.br\/projetos\/arvoresdauenf\/files\/2023\/03\/WhatsApp-Image-2023-03-13-at-11.46.27-768x1024.jpeg\" alt=\"\" width=\"459\" height=\"612\" srcset=\"https:\/\/uenf.br\/projetos\/arvoresdauenf\/files\/2023\/03\/WhatsApp-Image-2023-03-13-at-11.46.27-768x1024.jpeg 768w, https:\/\/uenf.br\/projetos\/arvoresdauenf\/files\/2023\/03\/WhatsApp-Image-2023-03-13-at-11.46.27-225x300.jpeg 225w, https:\/\/uenf.br\/projetos\/arvoresdauenf\/files\/2023\/03\/WhatsApp-Image-2023-03-13-at-11.46.27-1152x1536.jpeg 1152w, https:\/\/uenf.br\/projetos\/arvoresdauenf\/files\/2023\/03\/WhatsApp-Image-2023-03-13-at-11.46.27.jpeg 1200w\" sizes=\"auto, (max-width: 459px) 100vw, 459px\" \/><\/a><p id=\"caption-attachment-2367\" class=\"wp-caption-text\">Foto: Rafael Pedro<\/p><\/div>\n<\/div>\n<h3 style=\"text-align: left\">Curiosidades:<\/h3>\n<div>\n<ul>\n<li style=\"text-align: left\">O nome popular se d\u00e1 pela intera\u00e7\u00e3o com as cutias, sendo o principal dispersor de suas sementes. Quando os frutos caem e ficam no solo, podem apodrecer, ou outros animais podem consumir as sementes, mas geralmente comem todas e acabam por n\u00e3o dispersar nenhuma, ao contr\u00e1rio da cutia, que come uma ou duas e enterra a terceira para comer depois, e na maioria das vezes, esquece o local onde enterrou, dando origem a uma nova cutieira.\u00a0<a href=\"https:\/\/portal.fiocruz.br\/noticia\/saiba-um-pouco-sobre-arvore-cutieira-que-e-preservada-na-fiocruz-mata-atlantica\">(Clique Aqui)<\/a><\/li>\n<li style=\"text-align: left\">Apesar dos animais gostarem e se alimentarem de seus frutos, n\u00e3o \u00e9 indicado para consumo humano, pois suas sementes possuem forte poder purgativo, sendo utilizada apenas como medicamento e industrialmente substituindo o \u00f3leo de linha\u00e7a para pintura.\u00a0<a href=\"https:\/\/portal.fiocruz.br\/noticia\/saiba-um-pouco-sobre-arvore-cutieira-que-e-preservada-na-fiocruz-mata-atlantica\">(Clique Aqui)<\/a><\/li>\n<\/ul>\n<\/div>\n<\/div>\n<\/div>\n","protected":false},"excerpt":{"rendered":"<p>Cutieira Joannesia princeps Fam\u00edlia: Euphorbiaceae Nomes populares: Cutieira, Boleira, And\u00e1-a\u00e7u Origem: Brasil Distribui\u00e7\u00e3o Geogr\u00e1fica Ocorr\u00eancias: Nordeste (Bahia, Cear\u00e1, Para\u00edba) Centro-Oeste&#8230;<\/p>\n","protected":false},"author":22,"featured_media":0,"parent":27,"menu_order":0,"comment_status":"closed","ping_status":"closed","template":"","meta":{"footnotes":""},"class_list":["post-2363","page","type-page","status-publish","hentry"],"_links":{"self":[{"href":"https:\/\/uenf.br\/projetos\/arvoresdauenf\/wp-json\/wp\/v2\/pages\/2363","targetHints":{"allow":["GET"]}}],"collection":[{"href":"https:\/\/uenf.br\/projetos\/arvoresdauenf\/wp-json\/wp\/v2\/pages"}],"about":[{"href":"https:\/\/uenf.br\/projetos\/arvoresdauenf\/wp-json\/wp\/v2\/types\/page"}],"author":[{"embeddable":true,"href":"https:\/\/uenf.br\/projetos\/arvoresdauenf\/wp-json\/wp\/v2\/users\/22"}],"replies":[{"embeddable":true,"href":"https:\/\/uenf.br\/projetos\/arvoresdauenf\/wp-json\/wp\/v2\/comments?post=2363"}],"version-history":[{"count":0,"href":"https:\/\/uenf.br\/projetos\/arvoresdauenf\/wp-json\/wp\/v2\/pages\/2363\/revisions"}],"up":[{"embeddable":true,"href":"https:\/\/uenf.br\/projetos\/arvoresdauenf\/wp-json\/wp\/v2\/pages\/27"}],"wp:attachment":[{"href":"https:\/\/uenf.br\/projetos\/arvoresdauenf\/wp-json\/wp\/v2\/media?parent=2363"}],"curies":[{"name":"wp","href":"https:\/\/api.w.org\/{rel}","templated":true}]}}