{"id":2493,"date":"2023-06-16T20:23:35","date_gmt":"2023-06-16T23:23:35","guid":{"rendered":"https:\/\/uenf.br\/projetos\/arvoresdauenf\/?page_id=2493"},"modified":"2023-06-18T15:12:10","modified_gmt":"2023-06-18T18:12:10","slug":"ipe-verde","status":"publish","type":"page","link":"https:\/\/uenf.br\/projetos\/arvoresdauenf\/especie-2\/ipe-verde\/","title":{"rendered":"Ip\u00ea verde"},"content":{"rendered":"<h2><em>Cybistax antisyphilitica<\/em><\/h2>\n<div id=\"attachment_2495\" style=\"width: 570px\" class=\"wp-caption aligncenter\"><img loading=\"lazy\" decoding=\"async\" aria-describedby=\"caption-attachment-2495\" class=\"wp-image-2495\" src=\"https:\/\/uenf.br\/projetos\/arvoresdauenf\/files\/2023\/06\/ipe-verde-2-300x225.jpg\" alt=\"\" width=\"560\" height=\"420\" srcset=\"https:\/\/uenf.br\/projetos\/arvoresdauenf\/files\/2023\/06\/ipe-verde-2-300x225.jpg 300w, https:\/\/uenf.br\/projetos\/arvoresdauenf\/files\/2023\/06\/ipe-verde-2.jpg 640w\" sizes=\"auto, (max-width: 560px) 100vw, 560px\" \/><p id=\"caption-attachment-2495\" class=\"wp-caption-text\">Fonte: https:\/\/www.naturezabela.com.br\/2018\/02\/ipe-verde-cybistax-antisyphilitica.html<\/p><\/div>\n<div id=\"attachment_2497\" style=\"width: 570px\" class=\"wp-caption aligncenter\"><img loading=\"lazy\" decoding=\"async\" aria-describedby=\"caption-attachment-2497\" class=\"wp-image-2497\" src=\"https:\/\/uenf.br\/projetos\/arvoresdauenf\/files\/2023\/06\/3293410_orig-300x275.jpg\" alt=\"\" width=\"560\" height=\"513\" srcset=\"https:\/\/uenf.br\/projetos\/arvoresdauenf\/files\/2023\/06\/3293410_orig-300x275.jpg 300w, https:\/\/uenf.br\/projetos\/arvoresdauenf\/files\/2023\/06\/3293410_orig.jpg 668w\" sizes=\"auto, (max-width: 560px) 100vw, 560px\" \/><p id=\"caption-attachment-2497\" class=\"wp-caption-text\">Fonte: https:\/\/www.naturezabela.com.br\/2018\/02\/ipe-verde-cybistax-antisyphilitica.html<\/p><\/div>\n<h3><\/h3>\n<h3><strong>Fam\u00edlia: Bignoniaceae<\/strong><\/h3>\n<div>\n<h3><strong>Nomes populares: Ip\u00ea-verde, ip\u00ea-pardo, caroba-do-campo, caroba-de-flor-verde, carobinha-verde<\/strong><\/h3>\n<h3 id=\"distribuicaoGeografica\" class=\"label\">Origem: Am\u00e9rica Central e do Sul<\/h3>\n<p>&nbsp;<\/p>\n<h3 id=\"distribuicaoGeografica\" class=\"label\"><strong>Distribui\u00e7\u00e3o Geogr\u00e1fica<\/strong><\/h3>\n<div class=\"tabelamapa\">\n<div id=\"tr-carregaTaxonGrupoDistribuicaoGeograficaCertezaNordeste\" class=\"distribuicaoGeograficaCertezaNordeste\">\n<div id=\"idFieldCertezaNordeste\" class=\"field\">\n<h3 id=\"distribuicaoGeografica\" class=\"label\"><strong>Ocorr\u00eancias:<\/strong><\/h3>\n<div class=\"tabelamapa\">\n<div id=\"tr-carregaTaxonGrupoDistribuicaoGeograficaCertezaNorte\" class=\"distribuicaoGeograficaCertezaNorte\">\n<ul>\n<li><b>\u00a0Norte<\/b> (Par\u00e1, Tocantins)<\/li>\n<li><b>\u00a0Nordeste<\/b> (Bahia, Cear\u00e1, Maranh\u00e3o, Piau\u00ed)<\/li>\n<li><b>Centro-Oeste<\/b>\u00a0(Distrito Federal, Goi\u00e1s, Mato Grosso do Sul, Mato Grosso)<\/li>\n<li><b>Sudeste<\/b>\u00a0(Esp\u00edrito Santo, Minas Gerais, Rio de Janeiro, S\u00e3o Paulo)<\/li>\n<li><b>Sul<\/b>\u00a0(Paran\u00e1, Rio Grande do Sul, Santa Catarina)<\/li>\n<\/ul>\n<div class=\"dominiosFitogeograficos\">\n<h3 class=\"label\"><strong>Dom\u00ednios Fitogeogr\u00e1ficos\u00a0<\/strong><\/h3>\n<\/div>\n<div id=\"tr-carregaTaxonGrupoDominiosFitogeograficos\" class=\"dominiosFitogeograficos\">\n<ul>\n<li id=\"idFieldDominiosFitogeograficos\" class=\"field\">Cerrado e Mata Atl\u00e2ntica, Amaz\u00f4nia, Caatinga, Pampa, Pantanal<\/li>\n<\/ul>\n<\/div>\n<p><img loading=\"lazy\" decoding=\"async\" class=\"wp-image-2498 aligncenter\" src=\"https:\/\/uenf.br\/projetos\/arvoresdauenf\/files\/2023\/06\/ipe-verde-300x295.png\" alt=\"\" width=\"366\" height=\"360\" srcset=\"https:\/\/uenf.br\/projetos\/arvoresdauenf\/files\/2023\/06\/ipe-verde-300x295.png 300w, https:\/\/uenf.br\/projetos\/arvoresdauenf\/files\/2023\/06\/ipe-verde.png 512w\" sizes=\"auto, (max-width: 366px) 100vw, 366px\" \/>Fonte: Flora do Brasil, 2020\u00a0<a href=\"https:\/\/floradobrasil.jbrj.gov.br\/reflora\/listaBrasil\/ConsultaPublicaUC\/BemVindoConsultaPublicaConsultar.do?invalidatePageControlCounter=2&amp;idsFilhosAlgas=%5B2%5D&amp;idsFilhosFungos=%5B1%2C11%2C10%5D&amp;lingua=&amp;grupo=6&amp;familia=null&amp;genero=&amp;especie=&amp;autor=&amp;nomeVernaculo=&amp;nomeCompleto=Cybistax+antisyphilitica&amp;formaVida=null&amp;substrato=null&amp;ocorreBrasil=QUALQUER&amp;ocorrencia=OCORRE&amp;endemismo=TODOS&amp;origem=TODOS&amp;regiao=QUALQUER&amp;estado=QUALQUER&amp;ilhaOceanica=32767&amp;domFitogeograficos=QUALQUER&amp;bacia=QUALQUER&amp;vegetacao=TODOS&amp;mostrarAte=SUBESP_VAR&amp;opcoesBusca=TODOS_OS_NOMES&amp;loginUsuario=Visitante&amp;senhaUsuario=&amp;contexto=consulta-publica\">(Clique Aqui)<\/a><\/p>\n<h3>Curiosidades:<\/h3>\n<ul>\n<li>As folhas s\u00e3o utilizadas para preparar ch\u00e1s que combatem \u00e0 s\u00edfilis e tamb\u00e9m no tratamento de \u00falceras e infec\u00e7\u00f5es urin\u00e1rias, entre outras enfermidades\u00a0<a href=\"https:\/\/g1.globo.com\/sp\/campinas-regiao\/terra-da-gente\/noticia\/2022\/10\/03\/pouco-conhecido-ipe-verde-e-nativo-e-apresenta-propriedades-medicinais.ghtml\">(Clique Aqui)<\/a><\/li>\n<li>\u00c9 uma esp\u00e9cie \u00e9 muito utilizada de maneira ornamental e na recupera\u00e7\u00e3o de \u00e1reas degradadas\u00a0<a href=\"https:\/\/g1.globo.com\/sp\/campinas-regiao\/terra-da-gente\/noticia\/2022\/10\/03\/pouco-conhecido-ipe-verde-e-nativo-e-apresenta-propriedades-medicinais.ghtml\">(Clique Aqui)<\/a><\/li>\n<li>A madeira tamb\u00e9m \u00e9 utilizada para constru\u00e7\u00e3o. No Per\u00fa, h\u00e1 relatos do uso desta esp\u00e9cie para a produ\u00e7\u00e3o de tinturas\u00a0<a href=\"https:\/\/g1.globo.com\/sp\/campinas-regiao\/terra-da-gente\/noticia\/2022\/10\/03\/pouco-conhecido-ipe-verde-e-nativo-e-apresenta-propriedades-medicinais.ghtml\">(Clique Aqui)<\/a><\/li>\n<\/ul>\n<\/div>\n<\/div>\n<\/div>\n<\/div>\n<\/div>\n<\/div>\n","protected":false},"excerpt":{"rendered":"<p>Cybistax antisyphilitica Fam\u00edlia: Bignoniaceae Nomes populares: Ip\u00ea-verde, ip\u00ea-pardo, caroba-do-campo, caroba-de-flor-verde, carobinha-verde Origem: Am\u00e9rica Central e do Sul &nbsp; Distribui\u00e7\u00e3o Geogr\u00e1fica&#8230;<\/p>\n","protected":false},"author":34,"featured_media":0,"parent":27,"menu_order":0,"comment_status":"closed","ping_status":"closed","template":"","meta":{"footnotes":""},"class_list":["post-2493","page","type-page","status-publish","hentry"],"_links":{"self":[{"href":"https:\/\/uenf.br\/projetos\/arvoresdauenf\/wp-json\/wp\/v2\/pages\/2493","targetHints":{"allow":["GET"]}}],"collection":[{"href":"https:\/\/uenf.br\/projetos\/arvoresdauenf\/wp-json\/wp\/v2\/pages"}],"about":[{"href":"https:\/\/uenf.br\/projetos\/arvoresdauenf\/wp-json\/wp\/v2\/types\/page"}],"author":[{"embeddable":true,"href":"https:\/\/uenf.br\/projetos\/arvoresdauenf\/wp-json\/wp\/v2\/users\/34"}],"replies":[{"embeddable":true,"href":"https:\/\/uenf.br\/projetos\/arvoresdauenf\/wp-json\/wp\/v2\/comments?post=2493"}],"version-history":[{"count":0,"href":"https:\/\/uenf.br\/projetos\/arvoresdauenf\/wp-json\/wp\/v2\/pages\/2493\/revisions"}],"up":[{"embeddable":true,"href":"https:\/\/uenf.br\/projetos\/arvoresdauenf\/wp-json\/wp\/v2\/pages\/27"}],"wp:attachment":[{"href":"https:\/\/uenf.br\/projetos\/arvoresdauenf\/wp-json\/wp\/v2\/media?parent=2493"}],"curies":[{"name":"wp","href":"https:\/\/api.w.org\/{rel}","templated":true}]}}