{"id":2509,"date":"2023-06-17T01:24:12","date_gmt":"2023-06-17T04:24:12","guid":{"rendered":"https:\/\/uenf.br\/projetos\/arvoresdauenf\/?page_id=2509"},"modified":"2023-06-17T01:25:20","modified_gmt":"2023-06-17T04:25:20","slug":"jacaranda-da-bahia-2","status":"publish","type":"page","link":"https:\/\/uenf.br\/projetos\/arvoresdauenf\/especie-2\/jacaranda-da-bahia-2\/","title":{"rendered":"Jacarand\u00e1 da bahia"},"content":{"rendered":"<h2><em>Dalbergia nigra<\/em><\/h2>\n<div id=\"attachment_2510\" style=\"width: 538px\" class=\"wp-caption aligncenter\"><img loading=\"lazy\" decoding=\"async\" aria-describedby=\"caption-attachment-2510\" class=\"wp-image-2510\" src=\"https:\/\/uenf.br\/projetos\/arvoresdauenf\/files\/2023\/06\/jacaranda-da-bahia1-383897cf21f22e0f2516509008802330-640-0-300x251.jpg\" alt=\"\" width=\"528\" height=\"441\" srcset=\"https:\/\/uenf.br\/projetos\/arvoresdauenf\/files\/2023\/06\/jacaranda-da-bahia1-383897cf21f22e0f2516509008802330-640-0-300x251.jpg 300w, https:\/\/uenf.br\/projetos\/arvoresdauenf\/files\/2023\/06\/jacaranda-da-bahia1-383897cf21f22e0f2516509008802330-640-0.jpg 500w\" sizes=\"auto, (max-width: 528px) 100vw, 528px\" \/><p id=\"caption-attachment-2510\" class=\"wp-caption-text\">Fonte:https:\/\/www.plantamundo.com\/produtos\/jacaranda-da-bahia-dalbergia-nigra\/<\/p><\/div>\n<div id=\"attachment_2511\" style=\"width: 284px\" class=\"wp-caption aligncenter\"><img loading=\"lazy\" decoding=\"async\" aria-describedby=\"caption-attachment-2511\" class=\"wp-image-2511\" src=\"https:\/\/uenf.br\/projetos\/arvoresdauenf\/files\/2023\/06\/dalberguia_nigra05-184x300.jpg\" alt=\"\" width=\"274\" height=\"447\" srcset=\"https:\/\/uenf.br\/projetos\/arvoresdauenf\/files\/2023\/06\/dalberguia_nigra05-184x300.jpg 184w, https:\/\/uenf.br\/projetos\/arvoresdauenf\/files\/2023\/06\/dalberguia_nigra05-628x1024.jpg 628w, https:\/\/uenf.br\/projetos\/arvoresdauenf\/files\/2023\/06\/dalberguia_nigra05.jpg 634w\" sizes=\"auto, (max-width: 274px) 100vw, 274px\" \/><p id=\"caption-attachment-2511\" class=\"wp-caption-text\">Fonte: https:\/\/www.arvores.brasil.nom.br\/new\/jacarandabahia\/index.htm<\/p><\/div>\n<h3><strong>Fam\u00edlia: Fabaceae<\/strong><\/h3>\n<div>\n<h3><strong>Nomes populares: jacarand\u00e1-caviuna<\/strong><\/h3>\n<h3 id=\"distribuicaoGeografica\" class=\"label\">Origem: Brasil<\/h3>\n<\/div>\n<h3 id=\"distribuicaoGeografica\" class=\"label\"><strong>Distribui\u00e7\u00e3o Geogr\u00e1fica<\/strong><\/h3>\n<div class=\"tabelamapa\">\n<div id=\"tr-carregaTaxonGrupoDistribuicaoGeograficaCertezaNordeste\" class=\"distribuicaoGeograficaCertezaNordeste\">\n<div id=\"idFieldCertezaNordeste\" class=\"field\">\n<h3 id=\"distribuicaoGeografica\" class=\"label\"><strong>Ocorr\u00eancias:<\/strong><\/h3>\n<div class=\"tabelamapa\">\n<div id=\"tr-carregaTaxonGrupoDistribuicaoGeograficaCertezaNorte\" class=\"distribuicaoGeograficaCertezaNorte\">\n<ul>\n<li><b>\u00a0Nordeste<\/b> (Bahia, Alagoas, Pernambuco, Para\u00edba, Sergipe)<\/li>\n<li><b>Sudeste<\/b>\u00a0(Esp\u00edrito Santo, Minas Gerais, Rio de Janeiro, S\u00e3o Paulo)<\/li>\n<li><strong>Sul<\/strong> (Paran\u00e1)<\/li>\n<\/ul>\n<div class=\"dominiosFitogeograficos\">\n<h3 class=\"label\"><strong>Dom\u00ednios Fitogeogr\u00e1ficos\u00a0<\/strong><\/h3>\n<\/div>\n<div id=\"tr-carregaTaxonGrupoDominiosFitogeograficos\" class=\"dominiosFitogeograficos\">\n<ul>\n<li id=\"idFieldDominiosFitogeograficos\" class=\"field\">Mata Atl\u00e2ntica<\/li>\n<\/ul>\n<p><img loading=\"lazy\" decoding=\"async\" class=\" wp-image-2512 aligncenter\" src=\"https:\/\/uenf.br\/projetos\/arvoresdauenf\/files\/2023\/06\/Jacaranda-da-bahia-300x300.png\" alt=\"\" width=\"360\" height=\"360\" srcset=\"https:\/\/uenf.br\/projetos\/arvoresdauenf\/files\/2023\/06\/Jacaranda-da-bahia-300x300.png 300w, https:\/\/uenf.br\/projetos\/arvoresdauenf\/files\/2023\/06\/Jacaranda-da-bahia-150x150.png 150w, https:\/\/uenf.br\/projetos\/arvoresdauenf\/files\/2023\/06\/Jacaranda-da-bahia.png 476w\" sizes=\"auto, (max-width: 360px) 100vw, 360px\" \/><\/p>\n<h3>Curiosidades:<\/h3>\n<ul>\n<li>As bancadas e cadeiras do plen\u00e1rio do Senado do Brasil, fabricadas ainda no Imp\u00e9rio, por volta de 1867, e a mob\u00edlia do castelo da Rainha Vit\u00f3ria, na Inglaterra, foram feitas a partir de \u00e1rvores de Jacarand\u00e1 cortadas das matas do Esp\u00edrito Santo, Bahia e Minas Gerais. <a href=\"https:\/\/www12.senado.leg.br\/noticias\/materias\/2011\/02\/11\/sintonia-ambiental-explica-o-jacaranda-da-bahia\">(Clique Aqui)<\/a><\/li>\n<\/ul>\n<\/div>\n<\/div>\n<\/div>\n<\/div>\n<\/div>\n<\/div>\n","protected":false},"excerpt":{"rendered":"<p>Dalbergia nigra Fam\u00edlia: Fabaceae Nomes populares: jacarand\u00e1-caviuna Origem: Brasil Distribui\u00e7\u00e3o Geogr\u00e1fica Ocorr\u00eancias: \u00a0Nordeste (Bahia, Alagoas, Pernambuco, Para\u00edba, Sergipe) Sudeste\u00a0(Esp\u00edrito Santo,&#8230;<\/p>\n","protected":false},"author":34,"featured_media":0,"parent":27,"menu_order":0,"comment_status":"closed","ping_status":"closed","template":"","meta":{"footnotes":""},"class_list":["post-2509","page","type-page","status-publish","hentry"],"_links":{"self":[{"href":"https:\/\/uenf.br\/projetos\/arvoresdauenf\/wp-json\/wp\/v2\/pages\/2509","targetHints":{"allow":["GET"]}}],"collection":[{"href":"https:\/\/uenf.br\/projetos\/arvoresdauenf\/wp-json\/wp\/v2\/pages"}],"about":[{"href":"https:\/\/uenf.br\/projetos\/arvoresdauenf\/wp-json\/wp\/v2\/types\/page"}],"author":[{"embeddable":true,"href":"https:\/\/uenf.br\/projetos\/arvoresdauenf\/wp-json\/wp\/v2\/users\/34"}],"replies":[{"embeddable":true,"href":"https:\/\/uenf.br\/projetos\/arvoresdauenf\/wp-json\/wp\/v2\/comments?post=2509"}],"version-history":[{"count":0,"href":"https:\/\/uenf.br\/projetos\/arvoresdauenf\/wp-json\/wp\/v2\/pages\/2509\/revisions"}],"up":[{"embeddable":true,"href":"https:\/\/uenf.br\/projetos\/arvoresdauenf\/wp-json\/wp\/v2\/pages\/27"}],"wp:attachment":[{"href":"https:\/\/uenf.br\/projetos\/arvoresdauenf\/wp-json\/wp\/v2\/media?parent=2509"}],"curies":[{"name":"wp","href":"https:\/\/api.w.org\/{rel}","templated":true}]}}