{"id":2514,"date":"2023-06-18T01:30:04","date_gmt":"2023-06-18T04:30:04","guid":{"rendered":"https:\/\/uenf.br\/projetos\/arvoresdauenf\/?page_id=2514"},"modified":"2023-06-18T01:30:04","modified_gmt":"2023-06-18T04:30:04","slug":"amendoim-bravo","status":"publish","type":"page","link":"https:\/\/uenf.br\/projetos\/arvoresdauenf\/especie-2\/amendoim-bravo\/","title":{"rendered":"Amendoim-bravo"},"content":{"rendered":"<h2><em>Pterogyne nitens<\/em><\/h2>\n<div id=\"attachment_2515\" style=\"width: 411px\" class=\"wp-caption aligncenter\"><img loading=\"lazy\" decoding=\"async\" aria-describedby=\"caption-attachment-2515\" class=\"wp-image-2515\" src=\"https:\/\/uenf.br\/projetos\/arvoresdauenf\/files\/2023\/06\/Amendoim-bravo-249x300.jpg\" alt=\"\" width=\"401\" height=\"483\" srcset=\"https:\/\/uenf.br\/projetos\/arvoresdauenf\/files\/2023\/06\/Amendoim-bravo-249x300.jpg 249w, https:\/\/uenf.br\/projetos\/arvoresdauenf\/files\/2023\/06\/Amendoim-bravo.jpg 607w\" sizes=\"auto, (max-width: 401px) 100vw, 401px\" \/><p id=\"caption-attachment-2515\" class=\"wp-caption-text\">Fonte: https:\/\/www.arvores.brasil.nom.br\/new\/amendoim\/index.htm<\/p><\/div>\n<div id=\"attachment_2516\" style=\"width: 489px\" class=\"wp-caption aligncenter\"><img loading=\"lazy\" decoding=\"async\" aria-describedby=\"caption-attachment-2516\" class=\"wp-image-2516\" src=\"https:\/\/uenf.br\/projetos\/arvoresdauenf\/files\/2023\/06\/pterogyne-nitens03-300x239.jpg\" alt=\"\" width=\"479\" height=\"382\" srcset=\"https:\/\/uenf.br\/projetos\/arvoresdauenf\/files\/2023\/06\/pterogyne-nitens03-300x239.jpg 300w, https:\/\/uenf.br\/projetos\/arvoresdauenf\/files\/2023\/06\/pterogyne-nitens03-768x611.jpg 768w, https:\/\/uenf.br\/projetos\/arvoresdauenf\/files\/2023\/06\/pterogyne-nitens03.jpg 954w\" sizes=\"auto, (max-width: 479px) 100vw, 479px\" \/><p id=\"caption-attachment-2516\" class=\"wp-caption-text\">Fonte: https:\/\/www.arvores.brasil.nom.br\/new\/amendoim\/index.htm<\/p><\/div>\n<p>&nbsp;<\/p>\n<h3><strong>Fam\u00edlia: Fabaceae<\/strong><\/h3>\n<div>\n<h3><strong>Nomes populares: Jacutinga, amendoinzeiro, amendoim-do-campo, madeira-nova, vil\u00e3o<\/strong><\/h3>\n<h3 id=\"distribuicaoGeografica\" class=\"label\">Origem: Am\u00e9rica do Sul<\/h3>\n<\/div>\n<h3 id=\"distribuicaoGeografica\" class=\"label\"><strong>Distribui\u00e7\u00e3o Geogr\u00e1fica<\/strong><\/h3>\n<div class=\"tabelamapa\">\n<div id=\"tr-carregaTaxonGrupoDistribuicaoGeograficaCertezaNordeste\" class=\"distribuicaoGeograficaCertezaNordeste\">\n<div id=\"idFieldCertezaNordeste\" class=\"field\">\n<h3 id=\"distribuicaoGeografica\" class=\"label\"><strong>Ocorr\u00eancias:<\/strong><\/h3>\n<div class=\"tabelamapa\">\n<div id=\"tr-carregaTaxonGrupoDistribuicaoGeograficaCertezaNorte\" class=\"distribuicaoGeograficaCertezaNorte\">\n<ul>\n<li><b>\u00a0Norte<\/b> (Amazonas)<\/li>\n<li><b>\u00a0Nordeste<\/b> (Bahia, Cear\u00e1, Piau\u00ed, Alagoas, Pernambuco, Rio Grande do Norte, Para\u00edba, Sergipe)<\/li>\n<li><b>Centro-Oeste<\/b> (Goi\u00e1s, Mato Grosso do Sul, Mato Grosso)<\/li>\n<li><b>Sudeste<\/b>\u00a0(Esp\u00edrito Santo, Minas Gerais, Rio de Janeiro, S\u00e3o Paulo)<\/li>\n<li><strong>Sul\u00a0<\/strong>(Paran\u00e1, Rio Grande do Sul, Santa Catarina)<\/li>\n<\/ul>\n<div class=\"dominiosFitogeograficos\">\n<h3 class=\"label\"><strong>Dom\u00ednios Fitogeogr\u00e1ficos\u00a0<\/strong><\/h3>\n<\/div>\n<div id=\"tr-carregaTaxonGrupoDominiosFitogeograficos\" class=\"dominiosFitogeograficos\">\n<ul>\n<li id=\"idFieldDominiosFitogeograficos\" class=\"field\">Cerrado e Mata Atl\u00e2ntica, Caatinga<\/li>\n<\/ul>\n<p><img loading=\"lazy\" decoding=\"async\" class=\" wp-image-2517 aligncenter\" src=\"https:\/\/uenf.br\/projetos\/arvoresdauenf\/files\/2023\/06\/Amendoim-bravo-296x300.png\" alt=\"\" width=\"348\" height=\"353\" srcset=\"https:\/\/uenf.br\/projetos\/arvoresdauenf\/files\/2023\/06\/Amendoim-bravo-296x300.png 296w, https:\/\/uenf.br\/projetos\/arvoresdauenf\/files\/2023\/06\/Amendoim-bravo.png 470w\" sizes=\"auto, (max-width: 348px) 100vw, 348px\" \/><\/p>\n<h3>Curiosidades:<\/h3>\n<ul>\n<li>Sua madeira \u00e9 apropriada para obras internas e externas, para confec\u00e7\u00e3o de m\u00f3veis, laminados, t\u00e1buas para assoalho, carrocerias, tacos, ton\u00e9is, entre outros artefatos madeireiros. <a href=\"https:\/\/www.arvoresdobiomacerrado.com.br\/site\/2017\/06\/21\/pterogyne-nitens-tul\/\">(Clique Aqui)<\/a><\/li>\n<\/ul>\n<\/div>\n<\/div>\n<\/div>\n<\/div>\n<\/div>\n<\/div>\n","protected":false},"excerpt":{"rendered":"<p>Pterogyne nitens &nbsp; Fam\u00edlia: Fabaceae Nomes populares: Jacutinga, amendoinzeiro, amendoim-do-campo, madeira-nova, vil\u00e3o Origem: Am\u00e9rica do Sul Distribui\u00e7\u00e3o Geogr\u00e1fica Ocorr\u00eancias: \u00a0Norte&#8230;<\/p>\n","protected":false},"author":34,"featured_media":0,"parent":27,"menu_order":0,"comment_status":"closed","ping_status":"closed","template":"","meta":{"footnotes":""},"class_list":["post-2514","page","type-page","status-publish","hentry"],"_links":{"self":[{"href":"https:\/\/uenf.br\/projetos\/arvoresdauenf\/wp-json\/wp\/v2\/pages\/2514","targetHints":{"allow":["GET"]}}],"collection":[{"href":"https:\/\/uenf.br\/projetos\/arvoresdauenf\/wp-json\/wp\/v2\/pages"}],"about":[{"href":"https:\/\/uenf.br\/projetos\/arvoresdauenf\/wp-json\/wp\/v2\/types\/page"}],"author":[{"embeddable":true,"href":"https:\/\/uenf.br\/projetos\/arvoresdauenf\/wp-json\/wp\/v2\/users\/34"}],"replies":[{"embeddable":true,"href":"https:\/\/uenf.br\/projetos\/arvoresdauenf\/wp-json\/wp\/v2\/comments?post=2514"}],"version-history":[{"count":0,"href":"https:\/\/uenf.br\/projetos\/arvoresdauenf\/wp-json\/wp\/v2\/pages\/2514\/revisions"}],"up":[{"embeddable":true,"href":"https:\/\/uenf.br\/projetos\/arvoresdauenf\/wp-json\/wp\/v2\/pages\/27"}],"wp:attachment":[{"href":"https:\/\/uenf.br\/projetos\/arvoresdauenf\/wp-json\/wp\/v2\/media?parent=2514"}],"curies":[{"name":"wp","href":"https:\/\/api.w.org\/{rel}","templated":true}]}}