{"id":2519,"date":"2023-06-18T13:11:26","date_gmt":"2023-06-18T16:11:26","guid":{"rendered":"https:\/\/uenf.br\/projetos\/arvoresdauenf\/?page_id=2519"},"modified":"2023-06-18T15:09:03","modified_gmt":"2023-06-18T18:09:03","slug":"olho-de-pavao","status":"publish","type":"page","link":"https:\/\/uenf.br\/projetos\/arvoresdauenf\/especie-2\/olho-de-pavao\/","title":{"rendered":"Olho de pav\u00e3o"},"content":{"rendered":"<h2><em>Adenanthera pavonina<\/em><\/h2>\n<div id=\"attachment_2520\" style=\"width: 496px\" class=\"wp-caption aligncenter\"><img loading=\"lazy\" decoding=\"async\" aria-describedby=\"caption-attachment-2520\" class=\"wp-image-2520\" src=\"https:\/\/uenf.br\/projetos\/arvoresdauenf\/files\/2023\/06\/olho-de-pavao-300x300.jpg\" alt=\"\" width=\"486\" height=\"486\" srcset=\"https:\/\/uenf.br\/projetos\/arvoresdauenf\/files\/2023\/06\/olho-de-pavao-300x300.jpg 300w, https:\/\/uenf.br\/projetos\/arvoresdauenf\/files\/2023\/06\/olho-de-pavao-1024x1024.jpg 1024w, https:\/\/uenf.br\/projetos\/arvoresdauenf\/files\/2023\/06\/olho-de-pavao-150x150.jpg 150w, https:\/\/uenf.br\/projetos\/arvoresdauenf\/files\/2023\/06\/olho-de-pavao-768x768.jpg 768w, https:\/\/uenf.br\/projetos\/arvoresdauenf\/files\/2023\/06\/olho-de-pavao-1536x1536.jpg 1536w, https:\/\/uenf.br\/projetos\/arvoresdauenf\/files\/2023\/06\/olho-de-pavao-2048x2048.jpg 2048w, https:\/\/uenf.br\/projetos\/arvoresdauenf\/files\/2023\/06\/olho-de-pavao-600x600.jpg 600w\" sizes=\"auto, (max-width: 486px) 100vw, 486px\" \/><p id=\"caption-attachment-2520\" class=\"wp-caption-text\">Fonte: https:\/\/biologiadapaisagem.com.br\/2022\/04\/05\/adenanthera-pavonina-carolina-olho-de-pavao-segave-tento-carolina-falso-sandalo\/<\/p><\/div>\n<p>&nbsp;<\/p>\n<div id=\"attachment_2522\" style=\"width: 542px\" class=\"wp-caption aligncenter\"><img loading=\"lazy\" decoding=\"async\" aria-describedby=\"caption-attachment-2522\" class=\"wp-image-2522\" src=\"https:\/\/uenf.br\/projetos\/arvoresdauenf\/files\/2023\/06\/Adenanthera_pavonina2-300x225.jpg\" alt=\"\" width=\"532\" height=\"399\" srcset=\"https:\/\/uenf.br\/projetos\/arvoresdauenf\/files\/2023\/06\/Adenanthera_pavonina2-300x225.jpg 300w, https:\/\/uenf.br\/projetos\/arvoresdauenf\/files\/2023\/06\/Adenanthera_pavonina2-1024x768.jpg 1024w, https:\/\/uenf.br\/projetos\/arvoresdauenf\/files\/2023\/06\/Adenanthera_pavonina2-768x576.jpg 768w, https:\/\/uenf.br\/projetos\/arvoresdauenf\/files\/2023\/06\/Adenanthera_pavonina2-1536x1152.jpg 1536w, https:\/\/uenf.br\/projetos\/arvoresdauenf\/files\/2023\/06\/Adenanthera_pavonina2.jpg 2048w\" sizes=\"auto, (max-width: 532px) 100vw, 532px\" \/><p id=\"caption-attachment-2522\" class=\"wp-caption-text\">Fonte: https:\/\/pt.m.wikipedia.org\/wiki\/Ficheiro:Adenanthera_pavonina2.jpg<\/p><\/div>\n<p>&nbsp;<\/p>\n<div id=\"attachment_2523\" style=\"width: 392px\" class=\"wp-caption aligncenter\"><img loading=\"lazy\" decoding=\"async\" aria-describedby=\"caption-attachment-2523\" class=\"wp-image-2523\" src=\"https:\/\/uenf.br\/projetos\/arvoresdauenf\/files\/2023\/06\/Adenanthera-pavonina-J-Derham-PlantsDirect-225x300.jpg\" alt=\"\" width=\"382\" height=\"510\" srcset=\"https:\/\/uenf.br\/projetos\/arvoresdauenf\/files\/2023\/06\/Adenanthera-pavonina-J-Derham-PlantsDirect-225x300.jpg 225w, https:\/\/uenf.br\/projetos\/arvoresdauenf\/files\/2023\/06\/Adenanthera-pavonina-J-Derham-PlantsDirect-768x1024.jpg 768w, https:\/\/uenf.br\/projetos\/arvoresdauenf\/files\/2023\/06\/Adenanthera-pavonina-J-Derham-PlantsDirect.jpg 800w\" sizes=\"auto, (max-width: 382px) 100vw, 382px\" \/><p id=\"caption-attachment-2523\" class=\"wp-caption-text\">Fonte: https:\/\/www.territorynativeplants.com.au\/adenanthera-pavonina-or-red-bead-tree<\/p><\/div>\n<p>&nbsp;<\/p>\n<h3><strong>Fam\u00edlia: Fabaceae<\/strong><\/h3>\n<div>\n<h3><strong>Nomes populares: Olho-de-drag\u00e3o, tento-vermelho, carolina, tento-carolina, falso-pau-brasil<\/strong><\/h3>\n<h3 id=\"distribuicaoGeografica\" class=\"label\">Origem: Sudeste Asi\u00e1tico<\/h3>\n<\/div>\n<h3 id=\"distribuicaoGeografica\" class=\"label\"><strong>Distribui\u00e7\u00e3o Geogr\u00e1fica<\/strong><\/h3>\n<div class=\"tabelamapa\">\n<div id=\"tr-carregaTaxonGrupoDistribuicaoGeograficaCertezaNordeste\" class=\"distribuicaoGeograficaCertezaNordeste\">\n<div id=\"idFieldCertezaNordeste\" class=\"field\">\n<h3 id=\"distribuicaoGeografica\" class=\"label\"><strong>Ocorr\u00eancias:<\/strong><\/h3>\n<div class=\"tabelamapa\">\n<div id=\"tr-carregaTaxonGrupoDistribuicaoGeograficaCertezaNorte\" class=\"distribuicaoGeograficaCertezaNorte\">\n<ul>\n<li><b>\u00a0Norte<\/b> (Amazonas, Acre, Par\u00e1, Rond\u00f4nia, Roraima)<\/li>\n<li><b>\u00a0Nordeste<\/b> (Bahia, Cear\u00e1, Piau\u00ed, Alagoas, Pernambuco, Rio Grande do Norte, Para\u00edba, Maranh\u00e3o)<\/li>\n<li><b>Centro-Oeste<\/b> (Distrito Federal, Mato Grosso do Sul, Mato Grosso)<\/li>\n<li><b>Sudeste<\/b>\u00a0(Esp\u00edrito Santo, Minas Gerais, Rio de Janeiro, S\u00e3o Paulo)<\/li>\n<li><strong>Sul\u00a0<\/strong>(Paran\u00e1, Rio Grande do Sul)<\/li>\n<\/ul>\n<div class=\"dominiosFitogeograficos\">\n<h3 class=\"label\"><strong><img loading=\"lazy\" decoding=\"async\" class=\" wp-image-2524 aligncenter\" src=\"https:\/\/uenf.br\/projetos\/arvoresdauenf\/files\/2023\/06\/olho-de-pavao-279x300.png\" alt=\"\" width=\"348\" height=\"375\" srcset=\"https:\/\/uenf.br\/projetos\/arvoresdauenf\/files\/2023\/06\/olho-de-pavao-279x300.png 279w, https:\/\/uenf.br\/projetos\/arvoresdauenf\/files\/2023\/06\/olho-de-pavao.png 447w\" sizes=\"auto, (max-width: 348px) 100vw, 348px\" \/><\/strong><\/h3>\n<p>Fonte: Flora do Brasil, 2020\u00a0<a href=\"https:\/\/floradobrasil.jbrj.gov.br\/reflora\/listaBrasil\/ConsultaPublicaUC\/BemVindoConsultaPublicaConsultar.do?invalidatePageControlCounter=1&amp;idsFilhosAlgas=%5B2%5D&amp;idsFilhosFungos=%5B1%2C11%2C10%5D&amp;lingua=&amp;grupo=6&amp;familia=null&amp;genero=&amp;especie=&amp;autor=&amp;nomeVernaculo=&amp;nomeCompleto=Adenanthera+pavonina&amp;formaVida=null&amp;substrato=null&amp;ocorreBrasil=QUALQUER&amp;ocorrencia=OCORRE&amp;endemismo=TODOS&amp;origem=TODOS&amp;regiao=QUALQUER&amp;estado=QUALQUER&amp;ilhaOceanica=32767&amp;domFitogeograficos=QUALQUER&amp;bacia=QUALQUER&amp;vegetacao=TODOS&amp;mostrarAte=SUBESP_VAR&amp;opcoesBusca=TODOS_OS_NOMES&amp;loginUsuario=Visitante&amp;senhaUsuario=&amp;contexto=consulta-publica\">(Clique Aqui)<\/a><\/p>\n<h3>Curiosidades:<\/h3>\n<ul>\n<li>Em alguns pa\u00edses asi\u00e1ticos, a semente \u00e9 torrada para eliminar a toxicidade e consumida pelas popula\u00e7\u00f5es locais e sua decoc\u00e7\u00e3o \u00e9 usada em afec\u00e7\u00f5es pulmonares.\u00a0<a href=\"https:\/\/arvoresdaufmt.wixsite.com\/campusbosques\/adenanthera-pavonina\">(Clique Aqui)<\/a><\/li>\n<li>A beleza da semente tamb\u00e9m faz com que seja largamente aproveitada artesanalmente em v\u00e1rias partes do mundo.\u00a0<a href=\"https:\/\/arvoresdaufmt.wixsite.com\/campusbosques\/adenanthera-pavonina\">(Clique Aqui)<\/a><\/li>\n<li>Popularmente, uma decoc\u00e7\u00e3o das folhas jovens e da casca do tronco \u00e9 usada no tratamento de doen\u00e7as como gota, reumatismo e diarr\u00e9ia.\u00a0<a href=\"https:\/\/arvoresdaufmt.wixsite.com\/campusbosques\/adenanthera-pavonina\">(Clique Aqui)<\/a><\/li>\n<li>A madeira pulverizada e misturada com \u00e1gua \u00e9 ingerida para amenizar enxaquecas e dores de cabe\u00e7a.\u00a0<a href=\"https:\/\/arvoresdaufmt.wixsite.com\/campusbosques\/adenanthera-pavonina\">(Clique Aqui)<\/a><\/li>\n<\/ul>\n<\/div>\n<\/div>\n<\/div>\n<\/div>\n<\/div>\n<\/div>\n","protected":false},"excerpt":{"rendered":"<p>Adenanthera pavonina &nbsp; &nbsp; &nbsp; Fam\u00edlia: Fabaceae Nomes populares: Olho-de-drag\u00e3o, tento-vermelho, carolina, tento-carolina, falso-pau-brasil Origem: Sudeste Asi\u00e1tico Distribui\u00e7\u00e3o Geogr\u00e1fica Ocorr\u00eancias:&#8230;<\/p>\n","protected":false},"author":34,"featured_media":0,"parent":27,"menu_order":0,"comment_status":"closed","ping_status":"closed","template":"","meta":{"footnotes":""},"class_list":["post-2519","page","type-page","status-publish","hentry"],"_links":{"self":[{"href":"https:\/\/uenf.br\/projetos\/arvoresdauenf\/wp-json\/wp\/v2\/pages\/2519","targetHints":{"allow":["GET"]}}],"collection":[{"href":"https:\/\/uenf.br\/projetos\/arvoresdauenf\/wp-json\/wp\/v2\/pages"}],"about":[{"href":"https:\/\/uenf.br\/projetos\/arvoresdauenf\/wp-json\/wp\/v2\/types\/page"}],"author":[{"embeddable":true,"href":"https:\/\/uenf.br\/projetos\/arvoresdauenf\/wp-json\/wp\/v2\/users\/34"}],"replies":[{"embeddable":true,"href":"https:\/\/uenf.br\/projetos\/arvoresdauenf\/wp-json\/wp\/v2\/comments?post=2519"}],"version-history":[{"count":0,"href":"https:\/\/uenf.br\/projetos\/arvoresdauenf\/wp-json\/wp\/v2\/pages\/2519\/revisions"}],"up":[{"embeddable":true,"href":"https:\/\/uenf.br\/projetos\/arvoresdauenf\/wp-json\/wp\/v2\/pages\/27"}],"wp:attachment":[{"href":"https:\/\/uenf.br\/projetos\/arvoresdauenf\/wp-json\/wp\/v2\/media?parent=2519"}],"curies":[{"name":"wp","href":"https:\/\/api.w.org\/{rel}","templated":true}]}}