{"id":252,"date":"2019-01-22T10:23:42","date_gmt":"2019-01-22T12:23:42","guid":{"rendered":"http:\/\/uenf.br\/projetos\/arvoresdauenf\/?page_id=252"},"modified":"2024-03-27T18:22:50","modified_gmt":"2024-03-27T21:22:50","slug":"oiti","status":"publish","type":"page","link":"https:\/\/uenf.br\/projetos\/arvoresdauenf\/especie-2\/oiti\/","title":{"rendered":"Oiti"},"content":{"rendered":"<h2 class=\"taxon\"><i>Licania tomentosa\u00a0<\/i>(Benth.) Fritsch<\/h2>\n<p>&nbsp;<\/p>\n<div id=\"attachment_1369\" style=\"width: 405px\" class=\"wp-caption alignleft\"><img loading=\"lazy\" decoding=\"async\" aria-describedby=\"caption-attachment-1369\" class=\"wp-image-1369\" src=\"http:\/\/uenf.br\/projetos\/arvoresdauenf\/files\/2020\/07\/IMG_2131-1024x672-1.jpg\" alt=\"\" width=\"395\" height=\"259\" srcset=\"https:\/\/uenf.br\/projetos\/arvoresdauenf\/files\/2020\/07\/IMG_2131-1024x672-1.jpg 1024w, https:\/\/uenf.br\/projetos\/arvoresdauenf\/files\/2020\/07\/IMG_2131-1024x672-1-300x197.jpg 300w, https:\/\/uenf.br\/projetos\/arvoresdauenf\/files\/2020\/07\/IMG_2131-1024x672-1-768x504.jpg 768w\" sizes=\"auto, (max-width: 395px) 100vw, 395px\" \/><p id=\"caption-attachment-1369\" class=\"wp-caption-text\">Mudas de oiti no estacionamento, atr\u00e1s do CBB, em 1998. Foto: Jos\u00e9 Geraldo de Araujo Carneiro<\/p><\/div>\n<div id=\"attachment_1368\" style=\"width: 367px\" class=\"wp-caption alignright\"><img loading=\"lazy\" decoding=\"async\" aria-describedby=\"caption-attachment-1368\" class=\"wp-image-1368\" src=\"http:\/\/uenf.br\/projetos\/arvoresdauenf\/files\/2020\/07\/oiti-cbb-1024x771-1.jpg\" alt=\"\" width=\"357\" height=\"269\" srcset=\"https:\/\/uenf.br\/projetos\/arvoresdauenf\/files\/2020\/07\/oiti-cbb-1024x771-1.jpg 1024w, https:\/\/uenf.br\/projetos\/arvoresdauenf\/files\/2020\/07\/oiti-cbb-1024x771-1-300x226.jpg 300w, https:\/\/uenf.br\/projetos\/arvoresdauenf\/files\/2020\/07\/oiti-cbb-1024x771-1-768x578.jpg 768w\" sizes=\"auto, (max-width: 357px) 100vw, 357px\" \/><p id=\"caption-attachment-1368\" class=\"wp-caption-text\">\u00c1rvores de oiti no estacionamento atr\u00e1s do CBB, em 2019. Encontram-se cerca de 250 indiv\u00edduos adultos no <em>campus<\/em> Leonel Brizola. Foto: Christian Ribeiro<\/p><\/div>\n<p>&nbsp;<\/p>\n<p>&nbsp;<\/p>\n<p>&nbsp;<\/p>\n<p>&nbsp;<\/p>\n<p>&nbsp;<\/p>\n<p>&nbsp;<\/p>\n<p>&nbsp;<\/p>\n<p>&nbsp;<\/p>\n<div id=\"attachment_1520\" style=\"width: 498px\" class=\"wp-caption aligncenter\"><img loading=\"lazy\" decoding=\"async\" aria-describedby=\"caption-attachment-1520\" class=\"wp-image-1520\" src=\"http:\/\/uenf.br\/projetos\/arvoresdauenf\/files\/2020\/07\/IMG_4377.jpg\" alt=\"\" width=\"488\" height=\"651\" srcset=\"https:\/\/uenf.br\/projetos\/arvoresdauenf\/files\/2020\/07\/IMG_4377.jpg 662w, https:\/\/uenf.br\/projetos\/arvoresdauenf\/files\/2020\/07\/IMG_4377-225x300.jpg 225w\" sizes=\"auto, (max-width: 488px) 100vw, 488px\" \/><p id=\"caption-attachment-1520\" class=\"wp-caption-text\">O tronco da \u00e1rvore de Oiti apresenta casca cinzenta e fuste curto, podendo atingit de 30 a 50 cm de di\u00e2metro.\u00a0 Foto: Yara Pereira<\/p><\/div>\n<p>&nbsp;<\/p>\n<div id=\"attachment_1521\" style=\"width: 505px\" class=\"wp-caption aligncenter\"><img loading=\"lazy\" decoding=\"async\" aria-describedby=\"caption-attachment-1521\" class=\"wp-image-1521\" src=\"http:\/\/uenf.br\/projetos\/arvoresdauenf\/files\/2020\/07\/IMG_4404-768x1024.jpg\" alt=\"\" width=\"495\" height=\"659\" srcset=\"https:\/\/uenf.br\/projetos\/arvoresdauenf\/files\/2020\/07\/IMG_4404-768x1024.jpg 768w, https:\/\/uenf.br\/projetos\/arvoresdauenf\/files\/2020\/07\/IMG_4404-225x300.jpg 225w, https:\/\/uenf.br\/projetos\/arvoresdauenf\/files\/2020\/07\/IMG_4404-1152x1536.jpg 1152w, https:\/\/uenf.br\/projetos\/arvoresdauenf\/files\/2020\/07\/IMG_4404-1536x2048.jpg 1536w\" sizes=\"auto, (max-width: 495px) 100vw, 495px\" \/><p id=\"caption-attachment-1521\" class=\"wp-caption-text\">Suas infloresc\u00eancias s\u00e3o do tipo r\u00e1cemo, axilares, com flores pequenas, de cor creme ou branca. As folhas s\u00e3o simples, alternas, el\u00edpticas e brilhantes. Foto: Yara Pereira<\/p><\/div>\n<p>&nbsp;<\/p>\n<div id=\"attachment_255\" style=\"width: 481px\" class=\"wp-caption aligncenter\"><img loading=\"lazy\" decoding=\"async\" aria-describedby=\"caption-attachment-255\" class=\"wp-image-255\" src=\"http:\/\/uenf.br\/projetos\/arvoresdauenf\/files\/2019\/01\/Frutos.jpg\" alt=\"\" width=\"471\" height=\"340\" \/><p id=\"caption-attachment-255\" class=\"wp-caption-text\">Frutos de Oiti quando maduros. No detalhe (esquerda em baixo), o fruto cortado ao meio mostrando uma fina camada de endocarpo que envolve a semente, a polpa amarela e fibrosa. \u00a0Fotos: Raquel Santiago. (<a href=\"http:\/\/www.aplantadavez.com.br\/2015\/01\/oiti-licania-tomentosa-benth-fritsch.html\">clique aqui<\/a>)<\/p><\/div>\n<h3><strong><span style=\"color: #000000\">Fam\u00edlia:\u00a0<\/span><\/strong>Chrysobalanaceae<\/h3>\n<h3><strong><span style=\"color: #000000\">Nomes populares: oiti,\u00a0<b>goiti<\/b>,\u00a0<b>oiti-da-praia, guaili, oiti cag\u00e3o, oiti mirim, oitizeiro,\u00a0goiti-iba, manga-da-praia, milho-cozido<\/b><\/span><\/strong><\/h3>\n<h3><b>Origem: Brasil<\/b><\/h3>\n<h3 id=\"distribuicaoGeografica\" class=\"label\"><strong>Distribui\u00e7\u00e3o Geogr\u00e1fica<\/strong><\/h3>\n<h4><strong>Ocorr\u00eancias:<\/strong><\/h4>\n<ul>\n<li><b>Nordeste<\/b>\u00a0(Bahia, Cear\u00e1, Para\u00edba, Pernambuco, Piau\u00ed)<\/li>\n<\/ul>\n<h3 class=\"field\" style=\"text-align: left\">Dom\u00ednios Fitogeogr\u00e1ficos<\/h3>\n<ul>\n<li>Mata Atl\u00e2ntica<\/li>\n<\/ul>\n<p><img loading=\"lazy\" decoding=\"async\" class=\"size-full wp-image-1782 aligncenter\" src=\"http:\/\/uenf.br\/projetos\/arvoresdauenf\/files\/2020\/08\/oiti-min.jpg\" alt=\"\" width=\"366\" height=\"341\" srcset=\"https:\/\/uenf.br\/projetos\/arvoresdauenf\/files\/2020\/08\/oiti-min.jpg 366w, https:\/\/uenf.br\/projetos\/arvoresdauenf\/files\/2020\/08\/oiti-min-300x280.jpg 300w\" sizes=\"auto, (max-width: 366px) 100vw, 366px\" \/><\/p>\n<p>Fonte:Flora do Brasil, 2020 (<a href=\"http:\/\/floradobrasil.jbrj.gov.br\/reflora\/listaBrasil\/ConsultaPublicaUC\/BemVindoConsultaPublicaConsultar.do?invalidatePageControlCounter=10&amp;idsFilhosAlgas=%5B2%5D&amp;idsFilhosFungos=%5B1%2C10%2C11%5D&amp;lingua=&amp;grupo=5&amp;familia=null&amp;genero=&amp;especie=&amp;autor=&amp;nomeVernaculo=&amp;nomeCompleto=Chrysobalanaceae+Licania+tomentosa+%28Benth.%29+Fritsch&amp;formaVida=null&amp;substrato=null&amp;ocorreBrasil=QUALQUER&amp;ocorrencia=OCORRE&amp;endemismo=TODOS&amp;origem=TODOS&amp;regiao=QUALQUER&amp;estado=QUALQUER&amp;ilhaOceanica=32767&amp;domFitogeograficos=QUALQUER&amp;bacia=QUALQUER&amp;vegetacao=TODOS&amp;mostrarAte=SUBESP_VAR&amp;opcoesBusca=TODOS_OS_NOMES&amp;loginUsuario=Visitante&amp;senhaUsuario=&amp;contexto=consulta-publica\">clique aqui<\/a>)<\/p>\n<h3>Curiosidades:<\/h3>\n<ul>\n<li>Frutos comest\u00edveis, com am\u00eandoas ricas em \u00f3leo. O fruto \u00e9 doce, possui um alto teor de umidade, baixo teor de gordura, altos teores de fibras, pectina, cinzas, ferro (<a href=\"http:\/\/congressos.ifal.edu.br\/index.php\/connepi\/CONNEPI2010\/paper\/viewFile\/1241\/35\">clique aqui<\/a>) e subst\u00e2ncias com a\u00e7\u00e3o antioxidante (<a href=\"https:\/\/repositorio.ufrn.br\/jspui\/bitstream\/123456789\/17695\/1\/LucianeLT_DISSERT.pdf\">clique aqui<\/a>)<\/li>\n<li>Sua madeira \u00e9 resistente, utilizada na constru\u00e7\u00e3o civil, estacas, postes, dormentes, entre outros (<a href=\"https:\/\/pt.wikipedia.org\/wiki\/Oiti\">clique aqui<\/a>)<sup id=\"cite_ref-:0_4-1\" class=\"reference\"><\/sup><\/li>\n<li>\u00c9 muito usada na arboriza\u00e7\u00e3o urbana por sua copa frondosa, que d\u00e1 \u00f3tima sombra, o que impacta positivamente o meio urbano no per\u00edodo de ver\u00e3o.<\/li>\n<li>A polpa seca de seus frutos pode ser manipulada como incremento de numerosos itens aliment\u00edcios.<\/li>\n<li><sup id=\"cite_ref-:1_3-2\" class=\"reference\"><\/sup>A polpa apresenta tamb\u00e9m forte potencial para processos fermentativos e meios de cultura. <a href=\"http:\/\/connepi.ifal.edu.br\/ocs\/index.php\/connepi\/CONNEPI2010\/paper\/viewFile\/1239\/68\">(Clique aqui)<\/a><\/li>\n<\/ul>\n<p><strong>Pesquisas na UENF:<\/strong><\/p>\n<ul>\n<li>Fenologia:<\/li>\n<\/ul>\n<p>Coordena\u00e7\u00e3o: Profa. \u00c2ngela Pierre Vit\u00f3ria (LCA).<\/p>\n<p>Equipe: Ramon Rodrigues Pereira, Lauryn Rodrigues Pereira, Amanda L\u00facia Pereira Machado da Silva, Douglas Rodrigues Ribeiro<\/p>\n<p>A determina\u00e7\u00e3o das fenofases foi realizada por an\u00e1lise visual mensal, sempre no in\u00edcio da segunda quinzena de cada m\u00eas. Para tanto, a copa da \u00e1rvore foi repartida em quadrantes, para facilitar a qualifica\u00e7\u00e3o e quantifica\u00e7\u00e3o. Foram avaliados 10 indiv\u00edduos adultos. A esp\u00e9cie mostra-se sempre verde (cobertura da copa apresenta-se acima de 80% em alguns per\u00edodos do ano).<\/p>\n<p><img loading=\"lazy\" decoding=\"async\" class=\"wp-image-782 aligncenter\" src=\"http:\/\/uenf.br\/projetos\/arvoresdauenf\/files\/2019\/08\/grafico-oiti.jpg\" alt=\"\" width=\"669\" height=\"351\" srcset=\"https:\/\/uenf.br\/projetos\/arvoresdauenf\/files\/2019\/08\/grafico-oiti.jpg 1009w, https:\/\/uenf.br\/projetos\/arvoresdauenf\/files\/2019\/08\/grafico-oiti-300x157.jpg 300w, https:\/\/uenf.br\/projetos\/arvoresdauenf\/files\/2019\/08\/grafico-oiti-768x403.jpg 768w, https:\/\/uenf.br\/projetos\/arvoresdauenf\/files\/2019\/08\/grafico-oiti-150x79.jpg 150w, https:\/\/uenf.br\/projetos\/arvoresdauenf\/files\/2019\/08\/grafico-oiti-400x210.jpg 400w\" sizes=\"auto, (max-width: 669px) 100vw, 669px\" \/><\/p>\n","protected":false},"excerpt":{"rendered":"<p>Licania tomentosa\u00a0(Benth.) Fritsch &nbsp; &nbsp; &nbsp; &nbsp; &nbsp; &nbsp; &nbsp; &nbsp; &nbsp; &nbsp; &nbsp; Fam\u00edlia:\u00a0Chrysobalanaceae Nomes populares: oiti,\u00a0goiti,\u00a0oiti-da-praia, guaili, oiti&#8230;<\/p>\n","protected":false},"author":22,"featured_media":0,"parent":27,"menu_order":0,"comment_status":"closed","ping_status":"closed","template":"","meta":{"footnotes":""},"class_list":["post-252","page","type-page","status-publish","hentry"],"_links":{"self":[{"href":"https:\/\/uenf.br\/projetos\/arvoresdauenf\/wp-json\/wp\/v2\/pages\/252","targetHints":{"allow":["GET"]}}],"collection":[{"href":"https:\/\/uenf.br\/projetos\/arvoresdauenf\/wp-json\/wp\/v2\/pages"}],"about":[{"href":"https:\/\/uenf.br\/projetos\/arvoresdauenf\/wp-json\/wp\/v2\/types\/page"}],"author":[{"embeddable":true,"href":"https:\/\/uenf.br\/projetos\/arvoresdauenf\/wp-json\/wp\/v2\/users\/22"}],"replies":[{"embeddable":true,"href":"https:\/\/uenf.br\/projetos\/arvoresdauenf\/wp-json\/wp\/v2\/comments?post=252"}],"version-history":[{"count":0,"href":"https:\/\/uenf.br\/projetos\/arvoresdauenf\/wp-json\/wp\/v2\/pages\/252\/revisions"}],"up":[{"embeddable":true,"href":"https:\/\/uenf.br\/projetos\/arvoresdauenf\/wp-json\/wp\/v2\/pages\/27"}],"wp:attachment":[{"href":"https:\/\/uenf.br\/projetos\/arvoresdauenf\/wp-json\/wp\/v2\/media?parent=252"}],"curies":[{"name":"wp","href":"https:\/\/api.w.org\/{rel}","templated":true}]}}