{"id":2526,"date":"2023-06-18T15:00:18","date_gmt":"2023-06-18T18:00:18","guid":{"rendered":"https:\/\/uenf.br\/projetos\/arvoresdauenf\/?page_id=2526"},"modified":"2023-06-18T15:00:18","modified_gmt":"2023-06-18T18:00:18","slug":"tatare","status":"publish","type":"page","link":"https:\/\/uenf.br\/projetos\/arvoresdauenf\/especie-2\/tatare\/","title":{"rendered":"Tatar\u00e9"},"content":{"rendered":"<h2><em>Chloroleucon tortum<\/em><\/h2>\n<div id=\"attachment_2527\" style=\"width: 399px\" class=\"wp-caption aligncenter\"><img loading=\"lazy\" decoding=\"async\" aria-describedby=\"caption-attachment-2527\" class=\"wp-image-2527\" src=\"https:\/\/uenf.br\/projetos\/arvoresdauenf\/files\/2023\/06\/choroleucon-tortum-225x300.jpg\" alt=\"\" width=\"389\" height=\"518\" srcset=\"https:\/\/uenf.br\/projetos\/arvoresdauenf\/files\/2023\/06\/choroleucon-tortum-225x300.jpg 225w, https:\/\/uenf.br\/projetos\/arvoresdauenf\/files\/2023\/06\/choroleucon-tortum.jpg 375w\" sizes=\"auto, (max-width: 389px) 100vw, 389px\" \/><p id=\"caption-attachment-2527\" class=\"wp-caption-text\">Fonte: https:\/\/www.jardineiro.net\/plantas\/tatare-chloroleucon-tortum.html<\/p><\/div>\n<div id=\"attachment_2528\" style=\"width: 382px\" class=\"wp-caption aligncenter\"><img loading=\"lazy\" decoding=\"async\" aria-describedby=\"caption-attachment-2528\" class=\"wp-image-2528\" src=\"https:\/\/uenf.br\/projetos\/arvoresdauenf\/files\/2023\/06\/chloroleucon-tortum2-225x300.jpg\" alt=\"\" width=\"372\" height=\"496\" srcset=\"https:\/\/uenf.br\/projetos\/arvoresdauenf\/files\/2023\/06\/chloroleucon-tortum2-225x300.jpg 225w, https:\/\/uenf.br\/projetos\/arvoresdauenf\/files\/2023\/06\/chloroleucon-tortum2.jpg 375w\" sizes=\"auto, (max-width: 372px) 100vw, 372px\" \/><p id=\"caption-attachment-2528\" class=\"wp-caption-text\">Fonte: https:\/\/www.jardineiro.net\/plantas\/tatare-chloroleucon-tortum.html<\/p><\/div>\n<div id=\"attachment_2529\" style=\"width: 490px\" class=\"wp-caption aligncenter\"><img loading=\"lazy\" decoding=\"async\" aria-describedby=\"caption-attachment-2529\" class=\"wp-image-2529\" src=\"https:\/\/uenf.br\/projetos\/arvoresdauenf\/files\/2023\/06\/tatare-300x225.jpg\" alt=\"\" width=\"480\" height=\"360\" srcset=\"https:\/\/uenf.br\/projetos\/arvoresdauenf\/files\/2023\/06\/tatare-300x225.jpg 300w, https:\/\/uenf.br\/projetos\/arvoresdauenf\/files\/2023\/06\/tatare.jpg 500w\" sizes=\"auto, (max-width: 480px) 100vw, 480px\" \/><p id=\"caption-attachment-2529\" class=\"wp-caption-text\">Fonte: https:\/\/www.jardineiro.net\/plantas\/tatare-chloroleucon-tortum.html<\/p><\/div>\n<h3><strong>Fam\u00edlia: Fabaceae<\/strong><\/h3>\n<h3><strong>Nomes populares: Jacar\u00e9, piteco, jurema, vinh\u00e1tico-de-espinho<\/strong><\/h3>\n<h3><strong>Origem: Brasil<\/strong><\/h3>\n<h3 id=\"distribuicaoGeografica\" class=\"label\"><strong>Distribui\u00e7\u00e3o Geogr\u00e1fica<\/strong><\/h3>\n<div class=\"tabelamapa\">\n<h4 id=\"ocorrencia_confirmada\" class=\"label\">Ocorr\u00eancias:<\/h4>\n<div id=\"tr-carregaTaxonGrupoDistribuicaoGeograficaCertezaNordeste\" class=\"distribuicaoGeograficaCertezaNordeste\">\n<div id=\"tr-carregaTaxonGrupoDistribuicaoGeograficaCertezaNorte\" class=\"distribuicaoGeograficaCertezaNorte\">\n<ul>\n<li id=\"idFieldCertezaNorte\" class=\"field\"><b>Norte<\/b> (Tocantins)<\/li>\n<li class=\"field\"><b>Nordeste<\/b> (Bahia)<\/li>\n<li class=\"field\"><b>Centro-Oeste<\/b> (Distrito Federal, Goi\u00e1s, Mato Grosso do Sul)<\/li>\n<li class=\"field\"><b>Sudeste<\/b>\u00a0(Esp\u00edrito Santo, Minas Gerais, Rio de Janeiro, S\u00e3o Paulo)<\/li>\n<\/ul>\n<\/div>\n<\/div>\n<div id=\"tr-carregaTaxonGrupoDistribuicaoGeograficaCertezaSul\" class=\"distribuicaoGeograficaCertezaSul\">\n<h3 class=\"field\">Dom\u00ednios Fitogeogr\u00e1ficos<\/h3>\n<\/div>\n<div>\n<div class=\"dominiosFitogeograficos\">\n<div class=\"label\">\n<div class=\"dominiosFitogeograficos\">\n<ul>\n<li class=\"label\">Cerrado, Mata Atl\u00e2ntica<\/li>\n<\/ul>\n<p><img loading=\"lazy\" decoding=\"async\" class=\"alignnone  wp-image-2530 aligncenter\" src=\"https:\/\/uenf.br\/projetos\/arvoresdauenf\/files\/2023\/06\/tatare-300x296.png\" alt=\"\" width=\"354\" height=\"349\" srcset=\"https:\/\/uenf.br\/projetos\/arvoresdauenf\/files\/2023\/06\/tatare-300x296.png 300w, https:\/\/uenf.br\/projetos\/arvoresdauenf\/files\/2023\/06\/tatare.png 507w\" sizes=\"auto, (max-width: 354px) 100vw, 354px\" \/><\/p>\n<p>Fonte: Flora do Brasil, 2020 <a href=\"https:\/\/floradobrasil.jbrj.gov.br\/reflora\/listaBrasil\/ConsultaPublicaUC\/BemVindoConsultaPublicaConsultar.do?invalidatePageControlCounter=2&amp;idsFilhosAlgas=%5B2%5D&amp;idsFilhosFungos=%5B1%2C11%2C10%5D&amp;lingua=&amp;grupo=6&amp;familia=null&amp;genero=&amp;especie=&amp;autor=&amp;nomeVernaculo=&amp;nomeCompleto=Chloroleucon+tortum&amp;formaVida=null&amp;substrato=null&amp;ocorreBrasil=QUALQUER&amp;ocorrencia=OCORRE&amp;endemismo=TODOS&amp;origem=TODOS&amp;regiao=QUALQUER&amp;estado=QUALQUER&amp;ilhaOceanica=32767&amp;domFitogeograficos=QUALQUER&amp;bacia=QUALQUER&amp;vegetacao=TODOS&amp;mostrarAte=SUBESP_VAR&amp;opcoesBusca=TODOS_OS_NOMES&amp;loginUsuario=Visitante&amp;senhaUsuario=&amp;contexto=consulta-publica\">(Clique Aqui)<\/a><\/p>\n<h3><strong>Curiosidades:<\/strong><\/h3>\n<ul>\n<li>Atualmente \u00e9 considerada em \u201cperigo cr\u00edtico de extin\u00e7\u00e3o\u201d pela Uni\u00e3o Internacional para a Conserva\u00e7\u00e3o da Natureza e dos Recursos Naturais.\u00a0<a href=\"https:\/\/www.jardineiro.net\/plantas\/tatare-chloroleucon-tortum.html\">(Clique Aqui)<\/a><\/li>\n<li>Um uso interessante \u00e9 trein\u00e1-la como bonsai, uma vez que o tronco tortuoso, as folhas pequenas e a copa horizontal s\u00e3o caracter\u00edsticas bastante desejadas nessa arte\u00a0<a href=\"https:\/\/www.jardineiro.net\/plantas\/tatare-chloroleucon-tortum.html\">(Clique Aqui)<\/a><\/li>\n<li>O tatar\u00e9 se popularizou como \u00e1rvore ornamental atrav\u00e9s dos projetos de Roberto Burle Marx, que a utilizou no Aterro do Flamengo.\u00a0<a href=\"https:\/\/www.jardineiro.net\/plantas\/tatare-chloroleucon-tortum.html\">(Clique Aqui)<\/a><\/li>\n<\/ul>\n<\/div>\n<\/div>\n<\/div>\n<\/div>\n<\/div>\n","protected":false},"excerpt":{"rendered":"<p>Chloroleucon tortum Fam\u00edlia: Fabaceae Nomes populares: Jacar\u00e9, piteco, jurema, vinh\u00e1tico-de-espinho Origem: Brasil Distribui\u00e7\u00e3o Geogr\u00e1fica Ocorr\u00eancias: Norte (Tocantins) Nordeste (Bahia) Centro-Oeste&#8230;<\/p>\n","protected":false},"author":34,"featured_media":0,"parent":27,"menu_order":0,"comment_status":"closed","ping_status":"closed","template":"","meta":{"footnotes":""},"class_list":["post-2526","page","type-page","status-publish","hentry"],"_links":{"self":[{"href":"https:\/\/uenf.br\/projetos\/arvoresdauenf\/wp-json\/wp\/v2\/pages\/2526","targetHints":{"allow":["GET"]}}],"collection":[{"href":"https:\/\/uenf.br\/projetos\/arvoresdauenf\/wp-json\/wp\/v2\/pages"}],"about":[{"href":"https:\/\/uenf.br\/projetos\/arvoresdauenf\/wp-json\/wp\/v2\/types\/page"}],"author":[{"embeddable":true,"href":"https:\/\/uenf.br\/projetos\/arvoresdauenf\/wp-json\/wp\/v2\/users\/34"}],"replies":[{"embeddable":true,"href":"https:\/\/uenf.br\/projetos\/arvoresdauenf\/wp-json\/wp\/v2\/comments?post=2526"}],"version-history":[{"count":0,"href":"https:\/\/uenf.br\/projetos\/arvoresdauenf\/wp-json\/wp\/v2\/pages\/2526\/revisions"}],"up":[{"embeddable":true,"href":"https:\/\/uenf.br\/projetos\/arvoresdauenf\/wp-json\/wp\/v2\/pages\/27"}],"wp:attachment":[{"href":"https:\/\/uenf.br\/projetos\/arvoresdauenf\/wp-json\/wp\/v2\/media?parent=2526"}],"curies":[{"name":"wp","href":"https:\/\/api.w.org\/{rel}","templated":true}]}}