{"id":2567,"date":"2023-09-21T11:59:54","date_gmt":"2023-09-21T14:59:54","guid":{"rendered":"https:\/\/uenf.br\/projetos\/arvoresdauenf\/?page_id=2567"},"modified":"2024-03-27T17:43:37","modified_gmt":"2024-03-27T20:43:37","slug":"guapuruvu","status":"publish","type":"page","link":"https:\/\/uenf.br\/projetos\/arvoresdauenf\/especie-2\/guapuruvu\/","title":{"rendered":"Guapuruvu"},"content":{"rendered":"<h1>Guapuruvu<\/h1>\n<div class=\"entry clr\">\n<h2 class=\"taxon\"><i><b>Schizolobium parahyba <\/b><\/i><b>(Vell.) Blake<\/b><\/h2>\n<\/div>\n<p>&nbsp;<\/p>\n<div id=\"attachment_2569\" style=\"width: 310px\" class=\"wp-caption aligncenter\"><img loading=\"lazy\" decoding=\"async\" aria-describedby=\"caption-attachment-2569\" class=\"wp-image-2569\" src=\"https:\/\/uenf.br\/projetos\/arvoresdauenf\/files\/2023\/09\/WhatsApp-Image-2023-09-21-at-11.12.01-169x300.jpeg\" alt=\"\" width=\"300\" height=\"533\" srcset=\"https:\/\/uenf.br\/projetos\/arvoresdauenf\/files\/2023\/09\/WhatsApp-Image-2023-09-21-at-11.12.01-169x300.jpeg 169w, https:\/\/uenf.br\/projetos\/arvoresdauenf\/files\/2023\/09\/WhatsApp-Image-2023-09-21-at-11.12.01-576x1024.jpeg 576w, https:\/\/uenf.br\/projetos\/arvoresdauenf\/files\/2023\/09\/WhatsApp-Image-2023-09-21-at-11.12.01-768x1365.jpeg 768w, https:\/\/uenf.br\/projetos\/arvoresdauenf\/files\/2023\/09\/WhatsApp-Image-2023-09-21-at-11.12.01-864x1536.jpeg 864w, https:\/\/uenf.br\/projetos\/arvoresdauenf\/files\/2023\/09\/WhatsApp-Image-2023-09-21-at-11.12.01.jpeg 900w\" sizes=\"auto, (max-width: 300px) 100vw, 300px\" \/><p id=\"caption-attachment-2569\" class=\"wp-caption-text\">Plantio de Guapuruvu no Campus da UENF pelos bolsistas do projeto de extens\u00e3o \u00c1rvores da UENF.<\/p><\/div>\n<div id=\"attachment_2687\" style=\"width: 297px\" class=\"wp-caption aligncenter\"><img loading=\"lazy\" decoding=\"async\" aria-describedby=\"caption-attachment-2687\" class=\"wp-image-2687\" src=\"https:\/\/uenf.br\/projetos\/arvoresdauenf\/files\/2024\/03\/WhatsApp-Image-2024-03-25-at-15.18.35-2-225x300.jpeg\" alt=\"\" width=\"287\" height=\"383\" srcset=\"https:\/\/uenf.br\/projetos\/arvoresdauenf\/files\/2024\/03\/WhatsApp-Image-2024-03-25-at-15.18.35-2-225x300.jpeg 225w, https:\/\/uenf.br\/projetos\/arvoresdauenf\/files\/2024\/03\/WhatsApp-Image-2024-03-25-at-15.18.35-2-769x1024.jpeg 769w, https:\/\/uenf.br\/projetos\/arvoresdauenf\/files\/2024\/03\/WhatsApp-Image-2024-03-25-at-15.18.35-2-768x1023.jpeg 768w, https:\/\/uenf.br\/projetos\/arvoresdauenf\/files\/2024\/03\/WhatsApp-Image-2024-03-25-at-15.18.35-2-1153x1536.jpeg 1153w, https:\/\/uenf.br\/projetos\/arvoresdauenf\/files\/2024\/03\/WhatsApp-Image-2024-03-25-at-15.18.35-2-1537x2048.jpeg 1537w\" sizes=\"auto, (max-width: 287px) 100vw, 287px\" \/><p id=\"caption-attachment-2687\" class=\"wp-caption-text\">Guapuruvu em S\u00e3o Fid\u00e9lis. Foto: Savyo Carvalho<\/p><\/div>\n<p>&nbsp;<\/p>\n<div style=\"width: 308px\" class=\"wp-caption aligncenter\"><img loading=\"lazy\" decoding=\"async\" src=\"https:\/\/static.wixstatic.com\/media\/129e86_6f190280b8344daeb8da8ad1e2f3c829~mv2.jpg\/v1\/fill\/w_640,h_960,al_c,q_85,usm_0.66_1.00_0.01,enc_auto\/129e86_6f190280b8344daeb8da8ad1e2f3c829~mv2.jpg\" alt=\"\" width=\"298\" height=\"447\" \/><p class=\"wp-caption-text\">Copa vista de baixo. As folhas se desprendem com o crescimento da \u00e1rvore, e deixam cicatrizes superficiais. Fonte: https:\/\/www.escoladebotanica.com.br\/post\/guapuruvu<\/p><\/div>\n<p>&nbsp;<\/p>\n<div style=\"width: 330px\" class=\"wp-caption aligncenter\"><img loading=\"lazy\" decoding=\"async\" src=\"https:\/\/1.bp.blogspot.com\/-n0mz_MgnLVg\/YEvhcMNmxqI\/AAAAAAABmJQ\/pn_qxlvgXO4DmOC53RBCAuQlVDtKtGE4gCLcBGAsYHQ\/s320\/Slide3.PNG\" alt=\"\" width=\"320\" height=\"240\" \/><p class=\"wp-caption-text\">Fonte: https:\/\/rubens-plantasdobrasil.blogspot.com\/2011\/11\/schizolobium-parahyba-vell-sf-blake.html<\/p><\/div>\n<p>&nbsp;<\/p>\n<div style=\"width: 330px\" class=\"wp-caption aligncenter\"><img loading=\"lazy\" decoding=\"async\" src=\"https:\/\/1.bp.blogspot.com\/-1nX5As0-PWw\/YEvhkbnEELI\/AAAAAAABmJg\/ba6Zjr3st5YIBZwMJjdEGPVPU9IhvQJfwCLcBGAsYHQ\/s320\/Slide8.PNG\" alt=\"\" width=\"320\" height=\"240\" \/><p class=\"wp-caption-text\">Criptos\u00e2mara formada pelo endocarpo seco. Fonte: https:\/\/rubens-plantasdobrasil.blogspot.com\/2011\/11\/schizolobium-parahyba-vell-sf-blake.html<\/p><\/div>\n<p>&nbsp;<\/p>\n<p>&nbsp;<\/p>\n<h3><strong>Fam\u00edlia: Fabaceae\u00a0<\/strong><\/h3>\n<h3><strong>Nomes populares: Guapuruvu, paric\u00e1, faveira, ficheira, pataquiera, gabiruvu, pau-de-canoa, pau-de-tamanco, pau-de-vint\u00e9m.<\/strong><\/h3>\n<h3>Origem: Nativa do Brasil<\/h3>\n<h3 id=\"ocorrencia_confirmada\" class=\"label\"><strong>Ocorr\u00eancias<\/strong><\/h3>\n<div id=\"tr-carregaTaxonGrupoDistribuicaoGeograficaCertezaNorte\" class=\"distribuicaoGeograficaCertezaNorte\">\n<ul>\n<li id=\"idFieldCertezaNorte\" class=\"field\"><b>Norte<\/b> (Acre, Amazonas, Par\u00e1, Rond\u00f4nia)<\/li>\n<li class=\"field\"><b>Nordeste<\/b> (Alagoas, Bahia, Cear\u00e1, Pernambuco, Piau\u00ed)<\/li>\n<li class=\"field\"><b>Centro-Oeste<\/b> (Goi\u00e1s, Mato Grosso do Sul, Mato Grosso)<\/li>\n<li class=\"field\"><b>Sudeste<\/b>\u00a0(Esp\u00edrito Santo, Minas Gerais, Rio de Janeiro, S\u00e3o Paulo)<\/li>\n<li class=\"field\"><b>Sul<\/b>\u00a0(Paran\u00e1, Rio Grande do Sul, Santa Catarina)<\/li>\n<\/ul>\n<p><img loading=\"lazy\" decoding=\"async\" class=\" wp-image-2568 aligncenter\" src=\"https:\/\/uenf.br\/projetos\/arvoresdauenf\/files\/2023\/09\/Captura-de-tela-2023-09-21-105934-290x300.png\" alt=\"\" width=\"323\" height=\"334\" srcset=\"https:\/\/uenf.br\/projetos\/arvoresdauenf\/files\/2023\/09\/Captura-de-tela-2023-09-21-105934-290x300.png 290w, https:\/\/uenf.br\/projetos\/arvoresdauenf\/files\/2023\/09\/Captura-de-tela-2023-09-21-105934.png 463w\" sizes=\"auto, (max-width: 323px) 100vw, 323px\" \/><\/p>\n<p>Fonte: Flora do Brasil, 2022.\u00a0<a href=\"https:\/\/floradobrasil.jbrj.gov.br\/reflora\/listaBrasil\/ConsultaPublicaUC\/BemVindoConsultaPublicaConsultar.do?invalidatePageControlCounter=2&amp;idsFilhosAlgas=%5B2%5D&amp;idsFilhosFungos=%5B1%2C11%2C10%5D&amp;lingua=&amp;grupo=6&amp;familia=null&amp;genero=&amp;especie=&amp;autor=&amp;nomeVernaculo=&amp;nomeCompleto=Schizolobium+parahyba&amp;formaVida=null&amp;substrato=null&amp;ocorreBrasil=QUALQUER&amp;ocorrencia=OCORRE&amp;endemismo=TODOS&amp;origem=TODOS&amp;regiao=QUALQUER&amp;estado=QUALQUER&amp;ilhaOceanica=32767&amp;domFitogeograficos=QUALQUER&amp;bacia=QUALQUER&amp;vegetacao=TODOS&amp;mostrarAte=SUBESP_VAR&amp;opcoesBusca=TODOS_OS_NOMES&amp;loginUsuario=Visitante&amp;senhaUsuario=&amp;contexto=consulta-publica\">(Clique aqui)<\/a><\/p>\n<p>&nbsp;<\/p>\n<div id=\"tr-carregaTaxonGrupoDistribuicaoGeograficaCertezaNorte\" class=\"distribuicaoGeograficaCertezaNorte\">\n<p><strong>Curiosidades:\u00a0<\/strong><\/p>\n<\/div>\n<ul>\n<li>O guapuruvu foi descrito pelo mission\u00e1rio e bot\u00e2nico brasileiro Jos\u00e9 Mariano da Concei\u00e7\u00e3o Veloso (Frei Vellozo), em 1825 como <em>Cassia parahyba<\/em>.\u00a0<a href=\"https:\/\/www.escoladebotanica.com.br\/post\/guapuruvu\">(Clique aqui)<\/a><\/li>\n<li>As flores s\u00e3o visitadas e polinizadas por diversas esp\u00e9cies de abelhas: europeia, mirim, jata\u00eds, irapu\u00e1 e mamangavas. <a href=\"https:\/\/www.escoladebotanica.com.br\/post\/guapuruvu\">(Clique aqui)<\/a><\/li>\n<li>A madeira do guapuruvu \u00e9 pouco resistente, mas presta-se \u00e0 confec\u00e7\u00e3o de embarca\u00e7\u00f5es tipo canoas, pela leveza e facilidade de entalhe. <a href=\"https:\/\/www.globaltree.com.br\/guapuruvu.html\">(Clique Aqui)<\/a><\/li>\n<li>Guapuruvu \u00e9 o simbolo da Vale do Para\u00edba e da cidade de Florian\u00f3polis, capital de Santa Catarina.\u00a0<a href=\"https:\/\/www.globaltree.com.br\/guapuruvu.html\">(Clique Aqui)<\/a><\/li>\n<li>O extrato aquoso de suas folhas \u00e9 capaz de inibir a atividade de venenos de cobra (<a href=\"https:\/\/www.scopus.com\/record\/display.uri?eid=2-s2.0-85135903414&amp;origin=resultslist&amp;sort=plf-f&amp;src=s&amp;sid=5b9a0ad630b15def9f6c0fcea107dd80&amp;sot=b&amp;sdt=b&amp;s=%28TITLE-ABS-KEY%28Schizolobium+parahyba%29+AND+TITLE-ABS-KEY%28diseases%29%29&amp;sl=66&amp;sessionSearchId=5b9a0ad630b15def9f6c0fcea107dd80\">Clique aqui<\/a>). J\u00e1 a casca \u00e9 usada como cicatrizante e anti-inflamat\u00f3rio natural. <a href=\"https:\/\/iloveflores.com\/schizolobium-parahyba-guapuruvu-ficheira-pinho-branco-pataqueira-baageiro-garapivu-faveira\/\">(Clique Aqui)<\/a><\/li>\n<li>Segundo a lenda ind\u00edgena, o Guapuruvu \u00e9 uma \u00e1rvore sagrada que protege a floresta dos esp\u00edritos malignos. J\u00e1 na cultura popular, acredita-se que o Guapuruvu traz sorte e prosperidade para quem o planta em casa. <a href=\"https:\/\/iloveflores.com\/schizolobium-parahyba-guapuruvu-ficheira-pinho-branco-pataqueira-baageiro-garapivu-faveira\/\">(Clique Aqui)<\/a><\/li>\n<li>A fibra presente nos frutos do Guapuruvu, conhecida como bainha, tamb\u00e9m possui aplica\u00e7\u00f5es na ind\u00fastria t\u00eaxtil, sendo utilizada na produ\u00e7\u00e3o de cordas, redes e tecidos r\u00fasticos. Essa fibra \u00e9 resistente e de \u00f3tima qualidade, proporcionando durabilidade e versatilidade aos produtos fabricados.\u00a0<a href=\"https:\/\/www.conexaojornalismo.com.br\/2023\/09\/guapuruvu-schizolobium-parahyba\/\">(Clique Aqui)<\/a><\/li>\n<\/ul>\n<\/div>\n","protected":false},"excerpt":{"rendered":"<p>Guapuruvu Schizolobium parahyba (Vell.) Blake &nbsp; &nbsp; &nbsp; &nbsp; &nbsp; &nbsp; Fam\u00edlia: Fabaceae\u00a0 Nomes populares: Guapuruvu, paric\u00e1, faveira, ficheira, pataquiera,&#8230;<\/p>\n","protected":false},"author":34,"featured_media":0,"parent":27,"menu_order":0,"comment_status":"closed","ping_status":"closed","template":"","meta":{"footnotes":""},"class_list":["post-2567","page","type-page","status-publish","hentry"],"_links":{"self":[{"href":"https:\/\/uenf.br\/projetos\/arvoresdauenf\/wp-json\/wp\/v2\/pages\/2567","targetHints":{"allow":["GET"]}}],"collection":[{"href":"https:\/\/uenf.br\/projetos\/arvoresdauenf\/wp-json\/wp\/v2\/pages"}],"about":[{"href":"https:\/\/uenf.br\/projetos\/arvoresdauenf\/wp-json\/wp\/v2\/types\/page"}],"author":[{"embeddable":true,"href":"https:\/\/uenf.br\/projetos\/arvoresdauenf\/wp-json\/wp\/v2\/users\/34"}],"replies":[{"embeddable":true,"href":"https:\/\/uenf.br\/projetos\/arvoresdauenf\/wp-json\/wp\/v2\/comments?post=2567"}],"version-history":[{"count":0,"href":"https:\/\/uenf.br\/projetos\/arvoresdauenf\/wp-json\/wp\/v2\/pages\/2567\/revisions"}],"up":[{"embeddable":true,"href":"https:\/\/uenf.br\/projetos\/arvoresdauenf\/wp-json\/wp\/v2\/pages\/27"}],"wp:attachment":[{"href":"https:\/\/uenf.br\/projetos\/arvoresdauenf\/wp-json\/wp\/v2\/media?parent=2567"}],"curies":[{"name":"wp","href":"https:\/\/api.w.org\/{rel}","templated":true}]}}