{"id":2598,"date":"2023-10-04T00:26:28","date_gmt":"2023-10-04T03:26:28","guid":{"rendered":"https:\/\/uenf.br\/projetos\/arvoresdauenf\/?page_id=2598"},"modified":"2023-10-10T09:53:12","modified_gmt":"2023-10-10T12:53:12","slug":"chicha","status":"publish","type":"page","link":"https:\/\/uenf.br\/projetos\/arvoresdauenf\/especie-2\/chicha\/","title":{"rendered":"Chich\u00e1"},"content":{"rendered":"<h2><em>Sterculia foetida L.<\/em><\/h2>\n<p>&nbsp;<\/p>\n<div id=\"attachment_2601\" style=\"width: 293px\" class=\"wp-caption aligncenter\"><img loading=\"lazy\" decoding=\"async\" aria-describedby=\"caption-attachment-2601\" class=\"wp-image-2601\" src=\"https:\/\/uenf.br\/projetos\/arvoresdauenf\/files\/2023\/10\/WhatsApp-Image-2023-10-03-at-22.57.11-225x300.jpeg\" alt=\"\" width=\"283\" height=\"377\" srcset=\"https:\/\/uenf.br\/projetos\/arvoresdauenf\/files\/2023\/10\/WhatsApp-Image-2023-10-03-at-22.57.11-225x300.jpeg 225w, https:\/\/uenf.br\/projetos\/arvoresdauenf\/files\/2023\/10\/WhatsApp-Image-2023-10-03-at-22.57.11-769x1024.jpeg 769w, https:\/\/uenf.br\/projetos\/arvoresdauenf\/files\/2023\/10\/WhatsApp-Image-2023-10-03-at-22.57.11-768x1023.jpeg 768w, https:\/\/uenf.br\/projetos\/arvoresdauenf\/files\/2023\/10\/WhatsApp-Image-2023-10-03-at-22.57.11-1153x1536.jpeg 1153w, https:\/\/uenf.br\/projetos\/arvoresdauenf\/files\/2023\/10\/WhatsApp-Image-2023-10-03-at-22.57.11-1537x2048.jpeg 1537w\" sizes=\"auto, (max-width: 283px) 100vw, 283px\" \/><p id=\"caption-attachment-2601\" class=\"wp-caption-text\">Chich\u00e1 Foto: Savyo Carvalho<\/p><\/div>\n<div id=\"attachment_2600\" style=\"width: 286px\" class=\"wp-caption aligncenter\"><img loading=\"lazy\" decoding=\"async\" aria-describedby=\"caption-attachment-2600\" class=\"wp-image-2600\" src=\"https:\/\/uenf.br\/projetos\/arvoresdauenf\/files\/2023\/10\/WhatsApp-Image-2023-10-03-at-23.09.21-225x300.jpeg\" alt=\"\" width=\"276\" height=\"368\" srcset=\"https:\/\/uenf.br\/projetos\/arvoresdauenf\/files\/2023\/10\/WhatsApp-Image-2023-10-03-at-23.09.21-225x300.jpeg 225w, https:\/\/uenf.br\/projetos\/arvoresdauenf\/files\/2023\/10\/WhatsApp-Image-2023-10-03-at-23.09.21-769x1024.jpeg 769w, https:\/\/uenf.br\/projetos\/arvoresdauenf\/files\/2023\/10\/WhatsApp-Image-2023-10-03-at-23.09.21-768x1023.jpeg 768w, https:\/\/uenf.br\/projetos\/arvoresdauenf\/files\/2023\/10\/WhatsApp-Image-2023-10-03-at-23.09.21-1153x1536.jpeg 1153w, https:\/\/uenf.br\/projetos\/arvoresdauenf\/files\/2023\/10\/WhatsApp-Image-2023-10-03-at-23.09.21-1537x2048.jpeg 1537w\" sizes=\"auto, (max-width: 276px) 100vw, 276px\" \/><p id=\"caption-attachment-2600\" class=\"wp-caption-text\">Infloresc\u00eancia do chich\u00e1\/ Foto: Savyo Carvalho<\/p><\/div>\n<div id=\"attachment_2599\" style=\"width: 291px\" class=\"wp-caption aligncenter\"><img loading=\"lazy\" decoding=\"async\" aria-describedby=\"caption-attachment-2599\" class=\"wp-image-2599\" src=\"https:\/\/uenf.br\/projetos\/arvoresdauenf\/files\/2023\/10\/WhatsApp-Image-2023-10-03-at-23.05.28-225x300.jpeg\" alt=\"\" width=\"281\" height=\"375\" srcset=\"https:\/\/uenf.br\/projetos\/arvoresdauenf\/files\/2023\/10\/WhatsApp-Image-2023-10-03-at-23.05.28-225x300.jpeg 225w, https:\/\/uenf.br\/projetos\/arvoresdauenf\/files\/2023\/10\/WhatsApp-Image-2023-10-03-at-23.05.28-769x1024.jpeg 769w, https:\/\/uenf.br\/projetos\/arvoresdauenf\/files\/2023\/10\/WhatsApp-Image-2023-10-03-at-23.05.28-768x1023.jpeg 768w, https:\/\/uenf.br\/projetos\/arvoresdauenf\/files\/2023\/10\/WhatsApp-Image-2023-10-03-at-23.05.28-1153x1536.jpeg 1153w, https:\/\/uenf.br\/projetos\/arvoresdauenf\/files\/2023\/10\/WhatsApp-Image-2023-10-03-at-23.05.28-1537x2048.jpeg 1537w\" sizes=\"auto, (max-width: 281px) 100vw, 281px\" \/><p id=\"caption-attachment-2599\" class=\"wp-caption-text\">Frutos maduros do chich\u00e1\/ Foto: Savyo Carvalho<\/p><\/div>\n<p>&nbsp;<\/p>\n<div id=\"attachment_2626\" style=\"width: 335px\" class=\"wp-caption aligncenter\"><a href=\"https:\/\/uenf.br\/projetos\/arvoresdauenf\/files\/2023\/10\/20220801_095506-min.jpg\"><img loading=\"lazy\" decoding=\"async\" aria-describedby=\"caption-attachment-2626\" class=\" wp-image-2626\" src=\"https:\/\/uenf.br\/projetos\/arvoresdauenf\/files\/2023\/10\/20220801_095506-min-768x1024.jpg\" alt=\"\" width=\"325\" height=\"434\" srcset=\"https:\/\/uenf.br\/projetos\/arvoresdauenf\/files\/2023\/10\/20220801_095506-min-768x1024.jpg 768w, https:\/\/uenf.br\/projetos\/arvoresdauenf\/files\/2023\/10\/20220801_095506-min-225x300.jpg 225w, https:\/\/uenf.br\/projetos\/arvoresdauenf\/files\/2023\/10\/20220801_095506-min-1152x1536.jpg 1152w, https:\/\/uenf.br\/projetos\/arvoresdauenf\/files\/2023\/10\/20220801_095506-min-1536x2048.jpg 1536w\" sizes=\"auto, (max-width: 325px) 100vw, 325px\" \/><\/a><p id=\"caption-attachment-2626\" class=\"wp-caption-text\">Fruto aberto. Foto: Deborah Barroso<\/p><\/div>\n<p>&nbsp;<\/p>\n<div id=\"attachment_2627\" style=\"width: 382px\" class=\"wp-caption aligncenter\"><a href=\"https:\/\/uenf.br\/projetos\/arvoresdauenf\/files\/2023\/10\/20220801_095755-min.jpg\"><img loading=\"lazy\" decoding=\"async\" aria-describedby=\"caption-attachment-2627\" class=\"wp-image-2627\" src=\"https:\/\/uenf.br\/projetos\/arvoresdauenf\/files\/2023\/10\/20220801_095755-min-1024x768.jpg\" alt=\"\" width=\"372\" height=\"279\" srcset=\"https:\/\/uenf.br\/projetos\/arvoresdauenf\/files\/2023\/10\/20220801_095755-min-1024x768.jpg 1024w, https:\/\/uenf.br\/projetos\/arvoresdauenf\/files\/2023\/10\/20220801_095755-min-300x225.jpg 300w, https:\/\/uenf.br\/projetos\/arvoresdauenf\/files\/2023\/10\/20220801_095755-min-768x576.jpg 768w, https:\/\/uenf.br\/projetos\/arvoresdauenf\/files\/2023\/10\/20220801_095755-min-1536x1152.jpg 1536w, https:\/\/uenf.br\/projetos\/arvoresdauenf\/files\/2023\/10\/20220801_095755-min-2048x1536.jpg 2048w\" sizes=\"auto, (max-width: 372px) 100vw, 372px\" \/><\/a><p id=\"caption-attachment-2627\" class=\"wp-caption-text\">Sementes maduras<\/p><\/div>\n<p>&nbsp;<\/p>\n<div id=\"attachment_2628\" style=\"width: 388px\" class=\"wp-caption aligncenter\"><a href=\"https:\/\/uenf.br\/projetos\/arvoresdauenf\/files\/2023\/10\/20220801_100734-min.jpg\"><img loading=\"lazy\" decoding=\"async\" aria-describedby=\"caption-attachment-2628\" class=\"wp-image-2628\" src=\"https:\/\/uenf.br\/projetos\/arvoresdauenf\/files\/2023\/10\/20220801_100734-min-1024x768.jpg\" alt=\"\" width=\"378\" height=\"283\" srcset=\"https:\/\/uenf.br\/projetos\/arvoresdauenf\/files\/2023\/10\/20220801_100734-min-1024x768.jpg 1024w, https:\/\/uenf.br\/projetos\/arvoresdauenf\/files\/2023\/10\/20220801_100734-min-300x225.jpg 300w, https:\/\/uenf.br\/projetos\/arvoresdauenf\/files\/2023\/10\/20220801_100734-min-768x576.jpg 768w, https:\/\/uenf.br\/projetos\/arvoresdauenf\/files\/2023\/10\/20220801_100734-min-1536x1152.jpg 1536w, https:\/\/uenf.br\/projetos\/arvoresdauenf\/files\/2023\/10\/20220801_100734-min-2048x1536.jpg 2048w\" sizes=\"auto, (max-width: 378px) 100vw, 378px\" \/><\/a><p id=\"caption-attachment-2628\" class=\"wp-caption-text\">Sementes beneficiadas<\/p><\/div>\n<div id=\"attachment_2629\" style=\"width: 353px\" class=\"wp-caption aligncenter\"><a href=\"https:\/\/uenf.br\/projetos\/arvoresdauenf\/files\/2023\/10\/27_12_2022-min.jpg\"><img loading=\"lazy\" decoding=\"async\" aria-describedby=\"caption-attachment-2629\" class=\"wp-image-2629\" src=\"https:\/\/uenf.br\/projetos\/arvoresdauenf\/files\/2023\/10\/27_12_2022-min-768x1024.jpg\" alt=\"\" width=\"343\" height=\"458\" srcset=\"https:\/\/uenf.br\/projetos\/arvoresdauenf\/files\/2023\/10\/27_12_2022-min-768x1024.jpg 768w, https:\/\/uenf.br\/projetos\/arvoresdauenf\/files\/2023\/10\/27_12_2022-min-225x300.jpg 225w, https:\/\/uenf.br\/projetos\/arvoresdauenf\/files\/2023\/10\/27_12_2022-min-1152x1536.jpg 1152w, https:\/\/uenf.br\/projetos\/arvoresdauenf\/files\/2023\/10\/27_12_2022-min-1536x2048.jpg 1536w\" sizes=\"auto, (max-width: 343px) 100vw, 343px\" \/><\/a><p id=\"caption-attachment-2629\" class=\"wp-caption-text\">Pl\u00e2ntula<\/p><\/div>\n<p>&nbsp;<\/p>\n<div id=\"attachment_2630\" style=\"width: 348px\" class=\"wp-caption aligncenter\"><a href=\"https:\/\/uenf.br\/projetos\/arvoresdauenf\/files\/2023\/10\/18_01_20231-min.jpg\"><img loading=\"lazy\" decoding=\"async\" aria-describedby=\"caption-attachment-2630\" class=\"wp-image-2630\" src=\"https:\/\/uenf.br\/projetos\/arvoresdauenf\/files\/2023\/10\/18_01_20231-min-768x1024.jpg\" alt=\"\" width=\"338\" height=\"451\" srcset=\"https:\/\/uenf.br\/projetos\/arvoresdauenf\/files\/2023\/10\/18_01_20231-min-768x1024.jpg 768w, https:\/\/uenf.br\/projetos\/arvoresdauenf\/files\/2023\/10\/18_01_20231-min-225x300.jpg 225w, https:\/\/uenf.br\/projetos\/arvoresdauenf\/files\/2023\/10\/18_01_20231-min-1152x1536.jpg 1152w, https:\/\/uenf.br\/projetos\/arvoresdauenf\/files\/2023\/10\/18_01_20231-min-1536x2048.jpg 1536w\" sizes=\"auto, (max-width: 338px) 100vw, 338px\" \/><\/a><p id=\"caption-attachment-2630\" class=\"wp-caption-text\">Muda de Chich\u00e1 aos tr\u00eas meses ap\u00f3s a semeadura<\/p><\/div>\n<p>&nbsp;<\/p>\n<h3><strong>Fam\u00edlia: Malvaceae<\/strong><\/h3>\n<div>\n<h3><strong>Nomes populares: Castanha-da-\u00edndia, oliva-de-java, chich\u00e1-fedorento<\/strong><\/h3>\n<h3 id=\"distribuicaoGeografica\" class=\"label\">Origem: \u00cdndia e Mal\u00e1sia<\/h3>\n<p>&nbsp;<\/p>\n<h3 id=\"distribuicaoGeografica\" class=\"label\"><strong>Distribui\u00e7\u00e3o Geogr\u00e1fica<\/strong><\/h3>\n<div class=\"tabelamapa\">\n<div id=\"tr-carregaTaxonGrupoDistribuicaoGeograficaCertezaNordeste\" class=\"distribuicaoGeograficaCertezaNordeste\">\n<div id=\"idFieldCertezaNordeste\" class=\"field\">\n<h3 id=\"distribuicaoGeografica\" class=\"label\"><strong>Ocorr\u00eancias:<\/strong><\/h3>\n<div class=\"tabelamapa\">\n<div id=\"tr-carregaTaxonGrupoDistribuicaoGeograficaCertezaNorte\" class=\"distribuicaoGeograficaCertezaNorte\">\n<ul>\n<li><b>\u00a0Nordeste<\/b> (Bahia, Alagoas, Pernambuco, Piau\u00ed)<\/li>\n<li><b>Sudeste<\/b> (Minas Gerais, Rio de Janeiro)<\/li>\n<\/ul>\n<p><img loading=\"lazy\" decoding=\"async\" class=\" wp-image-2603 aligncenter\" src=\"https:\/\/uenf.br\/projetos\/arvoresdauenf\/files\/2023\/10\/Chicha-264x300.png\" alt=\"\" width=\"273\" height=\"310\" srcset=\"https:\/\/uenf.br\/projetos\/arvoresdauenf\/files\/2023\/10\/Chicha-264x300.png 264w, https:\/\/uenf.br\/projetos\/arvoresdauenf\/files\/2023\/10\/Chicha.png 451w\" sizes=\"auto, (max-width: 273px) 100vw, 273px\" \/><\/p>\n<p>Fonte: Flora do Brasil, 2020\u00a0<a href=\"https:\/\/floradobrasil.jbrj.gov.br\/reflora\/listaBrasil\/ConsultaPublicaUC\/BemVindoConsultaPublicaConsultar.do?invalidatePageControlCounter=16&amp;idsFilhosAlgas=%5B2%5D&amp;idsFilhosFungos=%5B1%2C11%2C10%5D&amp;lingua=&amp;grupo=6&amp;familia=null&amp;genero=&amp;especie=&amp;autor=&amp;nomeVernaculo=&amp;nomeCompleto=Malvaceae+Sterculia+foetida+L.&amp;formaVida=null&amp;substrato=null&amp;ocorreBrasil=QUALQUER&amp;ocorrencia=OCORRE&amp;endemismo=TODOS&amp;origem=TODOS&amp;regiao=QUALQUER&amp;estado=QUALQUER&amp;ilhaOceanica=32767&amp;domFitogeograficos=QUALQUER&amp;bacia=QUALQUER&amp;vegetacao=TODOS&amp;mostrarAte=SUBESP_VAR&amp;opcoesBusca=TODOS_OS_NOMES&amp;loginUsuario=Visitante&amp;senhaUsuario=&amp;contexto=consulta-publica\">(Clique Aqui)<\/a><\/p>\n<div class=\"dominiosFitogeograficos\">\n<p><strong>Curiosidades:<\/strong><\/p>\n<ul>\n<li>O odor atrai moscas e abelhas, que atuam como polinizadores e garantem a perpetua\u00e7\u00e3o da esp\u00e9cie. <a href=\"https:\/\/www.cogic.fiocruz.br\/2018\/09\/voce-ja-prestou-atencao-nas-belezas-naturais-da-fiocruz-2\/\">(Clique Aqui)<\/a><\/li>\n<li>A partir do exsudato produzido desta \u00e1rvore, \u00e9 obtido o polissacar\u00eddeo goma <em>Sterculia foetida<\/em> (GSF), que apresenta propriedades gelificantes, espessantes, mocoadesivo, estabilizante e aplicado como matriz polim\u00e9rica em sistemas de libera\u00e7\u00e3o de f\u00e1rmacos.\u00a0<a href=\"https:\/\/repositorio.ufpe.br\/handle\/123456789\/46652\">(Clique Aqui)<\/a><\/li>\n<li>\u00a0O uso de extratos aquosos de folhas de <em>S. foetida<\/em> mostra-se promissor para o controle alternativo de ovos e ninfas da Mosca-branca. <a href=\"https:\/\/www.scielo.br\/j\/cr\/a\/PYYHWXNs6GkVcftf8sXQQVm\/\">(Clique Aqui)<\/a><\/li>\n<\/ul>\n<\/div>\n<\/div>\n<\/div>\n<\/div>\n<\/div>\n<\/div>\n<\/div>\n","protected":false},"excerpt":{"rendered":"<p>Sterculia foetida L. &nbsp; &nbsp; &nbsp; &nbsp; &nbsp; &nbsp; Fam\u00edlia: Malvaceae Nomes populares: Castanha-da-\u00edndia, oliva-de-java, chich\u00e1-fedorento Origem: \u00cdndia e Mal\u00e1sia&#8230;<\/p>\n","protected":false},"author":34,"featured_media":0,"parent":27,"menu_order":0,"comment_status":"closed","ping_status":"closed","template":"","meta":{"footnotes":""},"class_list":["post-2598","page","type-page","status-publish","hentry"],"_links":{"self":[{"href":"https:\/\/uenf.br\/projetos\/arvoresdauenf\/wp-json\/wp\/v2\/pages\/2598","targetHints":{"allow":["GET"]}}],"collection":[{"href":"https:\/\/uenf.br\/projetos\/arvoresdauenf\/wp-json\/wp\/v2\/pages"}],"about":[{"href":"https:\/\/uenf.br\/projetos\/arvoresdauenf\/wp-json\/wp\/v2\/types\/page"}],"author":[{"embeddable":true,"href":"https:\/\/uenf.br\/projetos\/arvoresdauenf\/wp-json\/wp\/v2\/users\/34"}],"replies":[{"embeddable":true,"href":"https:\/\/uenf.br\/projetos\/arvoresdauenf\/wp-json\/wp\/v2\/comments?post=2598"}],"version-history":[{"count":0,"href":"https:\/\/uenf.br\/projetos\/arvoresdauenf\/wp-json\/wp\/v2\/pages\/2598\/revisions"}],"up":[{"embeddable":true,"href":"https:\/\/uenf.br\/projetos\/arvoresdauenf\/wp-json\/wp\/v2\/pages\/27"}],"wp:attachment":[{"href":"https:\/\/uenf.br\/projetos\/arvoresdauenf\/wp-json\/wp\/v2\/media?parent=2598"}],"curies":[{"name":"wp","href":"https:\/\/api.w.org\/{rel}","templated":true}]}}