{"id":268,"date":"2019-01-23T11:02:30","date_gmt":"2019-01-23T13:02:30","guid":{"rendered":"http:\/\/uenf.br\/projetos\/arvoresdauenf\/?page_id=268"},"modified":"2024-03-27T17:38:28","modified_gmt":"2024-03-27T20:38:28","slug":"espatodea","status":"publish","type":"page","link":"https:\/\/uenf.br\/projetos\/arvoresdauenf\/especie-2\/espatodea\/","title":{"rendered":"Espat\u00f3dea"},"content":{"rendered":"<h2 class=\"taxon\"><i>Spathodea campanulata\u00a0<\/i>P. Beauv.<\/h2>\n<div id=\"attachment_1497\" style=\"width: 405px\" class=\"wp-caption aligncenter\"><img loading=\"lazy\" decoding=\"async\" aria-describedby=\"caption-attachment-1497\" class=\"wp-image-1497\" src=\"http:\/\/uenf.br\/projetos\/arvoresdauenf\/files\/2020\/07\/IMG_4369.jpg\" alt=\"\" width=\"395\" height=\"527\" srcset=\"https:\/\/uenf.br\/projetos\/arvoresdauenf\/files\/2020\/07\/IMG_4369.jpg 662w, https:\/\/uenf.br\/projetos\/arvoresdauenf\/files\/2020\/07\/IMG_4369-225x300.jpg 225w\" sizes=\"auto, (max-width: 395px) 100vw, 395px\" \/><p id=\"caption-attachment-1497\" class=\"wp-caption-text\">Foto: Christian Ribeiro<\/p><\/div>\n<div id=\"attachment_1832\" style=\"width: 403px\" class=\"wp-caption aligncenter\"><img loading=\"lazy\" decoding=\"async\" aria-describedby=\"caption-attachment-1832\" class=\"wp-image-1832\" src=\"http:\/\/uenf.br\/projetos\/arvoresdauenf\/files\/2020\/08\/DSC05698-min-1024x768.jpg\" alt=\"\" width=\"393\" height=\"295\" srcset=\"https:\/\/uenf.br\/projetos\/arvoresdauenf\/files\/2020\/08\/DSC05698-min-1024x768.jpg 1024w, https:\/\/uenf.br\/projetos\/arvoresdauenf\/files\/2020\/08\/DSC05698-min-300x225.jpg 300w, https:\/\/uenf.br\/projetos\/arvoresdauenf\/files\/2020\/08\/DSC05698-min-768x576.jpg 768w, https:\/\/uenf.br\/projetos\/arvoresdauenf\/files\/2020\/08\/DSC05698-min-1536x1152.jpg 1536w, https:\/\/uenf.br\/projetos\/arvoresdauenf\/files\/2020\/08\/DSC05698-min-2048x1536.jpg 2048w\" sizes=\"auto, (max-width: 393px) 100vw, 393px\" \/><p id=\"caption-attachment-1832\" class=\"wp-caption-text\">Foto: Jos\u00e9 Gabriel de Souza Silva<\/p><\/div>\n<h3><strong><span style=\"color: #000000\">Fam\u00edlia: Bignoniaceae<\/span><\/strong><\/h3>\n<h3><strong><span style=\"color: #000000\">Nomes populares:\u00a0espat\u00f3dea, bisnagueira, tulipeira-do-gab\u00e3o, xixi-de-macaco ou chama-da-floresta<\/span><\/strong><strong><span style=\"color: #000000\">.\u00a0<\/span><\/strong><\/h3>\n<h3>Origem: \u00c1frica<\/h3>\n<div id=\"ocorrencia_confirmada\" class=\"label\"><strong>Ocorr\u00eancias:<\/strong><\/div>\n<ul>\n<li><b>Norte<\/b> (Par\u00e1, Tocantins)<\/li>\n<li><b>Nordeste<\/b> (Alagoas, Bahia, Cear\u00e1, Maranh\u00e3o, Para\u00edba, Pernambuco, Piau\u00ed, Rio Grande do Norte, Sergipe)<\/li>\n<li><b>Centro-oeste<\/b> (Distrito Federal, Goi\u00e1s, Mato Grosso do Sul, Mato Grosso)<\/li>\n<li><b>Sudeste<\/b>\u00a0(Esp\u00edrito Santo, Minas Gerais, Rio de Janeiro, S\u00e3o Paulo)<\/li>\n<li><b>Sul<\/b> (Paran\u00e1, Rio Grande do Sul,\u00a0Santa Catarina)<\/li>\n<\/ul>\n<p><img loading=\"lazy\" decoding=\"async\" class=\" wp-image-2684 aligncenter\" src=\"https:\/\/uenf.br\/projetos\/arvoresdauenf\/files\/2024\/03\/Espatodea-278x300.png\" alt=\"\" width=\"357\" height=\"385\" srcset=\"https:\/\/uenf.br\/projetos\/arvoresdauenf\/files\/2024\/03\/Espatodea-278x300.png 278w, https:\/\/uenf.br\/projetos\/arvoresdauenf\/files\/2024\/03\/Espatodea.png 334w\" sizes=\"auto, (max-width: 357px) 100vw, 357px\" \/><\/p>\n<h3>Curiosidades:<\/h3>\n<ul>\n<li>Apresenta princ\u00edpios ativos antimal\u00e1ricos na casca do caule. (<a href=\"https:\/\/onlinelibrary.wiley.com\/doi\/abs\/10.1002\/(SICI)1099-1573(199612)10:8%3C692::AID-PTR928%3E3.0.CO;2-O?casa_token=6_BJaBexSCQAAAAA:Z-pPRdU74i2Q8XKBqwZZlccUe-pqXFZlrNsavFq87tBcnUqA73Ot6Egxl4C5FfYYjdPIWn4sKSbfRZhJ\">clique aqui<\/a>)<\/li>\n<li><em>A<\/em>\u00a0decoc\u00e7\u00e3o da casca do caule de\u00a0<em>Spathodea campanulata <\/em>\u00a0mostrou atividade hipoglic\u00eamica, anticomplemento e anti-HIV. A fra\u00e7\u00e3o mais polar exerceu de longe o efeito mais proeminente em diferentes modelos biol\u00f3gicos. (<a href=\"https:\/\/www.sciencedirect.com\/science\/article\/abs\/pii\/S0944711399800348\">clique aqui<\/a>)<\/li>\n<li>Estudos mostram a morte de\u00a0 mais de 200 insetos (abelhas meliponinas, moscas e formigas) em flores de uma infloresc\u00eancia de <i>S. campanulata<\/i> na \u00c1frica Ocidental, devido a \u00a0mucilagem nas flores e brotos jovens\u00a0 dissolvida no n\u00e9ctar sendo\u00a0 respons\u00e1vel pela morte dos insetos. (<a href=\"http:\/\/www.scielo.br\/scielo.php?pid=S0034-71082000000300019&amp;script=sci_arttext\">clique aqui<\/a>)<\/li>\n<li>Esta esp\u00e9cie mostra uma atividade antimicrobiana de extratos e produtos t\u00f3picos na casca do caule que ajuda na cicatriza\u00e7\u00e3o de feridas. (<a href=\"https:\/\/www.ajol.info\/index.php\/ajtcam\/article\/view\/57089\">clique aqui<\/a>)<\/li>\n<\/ul>\n","protected":false},"excerpt":{"rendered":"<p>Spathodea campanulata\u00a0P. Beauv. Fam\u00edlia: Bignoniaceae Nomes populares:\u00a0espat\u00f3dea, bisnagueira, tulipeira-do-gab\u00e3o, xixi-de-macaco ou chama-da-floresta.\u00a0 Origem: \u00c1frica Ocorr\u00eancias: Norte (Par\u00e1, Tocantins) Nordeste (Alagoas,&#8230;<\/p>\n","protected":false},"author":22,"featured_media":0,"parent":27,"menu_order":0,"comment_status":"closed","ping_status":"closed","template":"","meta":{"footnotes":""},"class_list":["post-268","page","type-page","status-publish","hentry"],"_links":{"self":[{"href":"https:\/\/uenf.br\/projetos\/arvoresdauenf\/wp-json\/wp\/v2\/pages\/268","targetHints":{"allow":["GET"]}}],"collection":[{"href":"https:\/\/uenf.br\/projetos\/arvoresdauenf\/wp-json\/wp\/v2\/pages"}],"about":[{"href":"https:\/\/uenf.br\/projetos\/arvoresdauenf\/wp-json\/wp\/v2\/types\/page"}],"author":[{"embeddable":true,"href":"https:\/\/uenf.br\/projetos\/arvoresdauenf\/wp-json\/wp\/v2\/users\/22"}],"replies":[{"embeddable":true,"href":"https:\/\/uenf.br\/projetos\/arvoresdauenf\/wp-json\/wp\/v2\/comments?post=268"}],"version-history":[{"count":0,"href":"https:\/\/uenf.br\/projetos\/arvoresdauenf\/wp-json\/wp\/v2\/pages\/268\/revisions"}],"up":[{"embeddable":true,"href":"https:\/\/uenf.br\/projetos\/arvoresdauenf\/wp-json\/wp\/v2\/pages\/27"}],"wp:attachment":[{"href":"https:\/\/uenf.br\/projetos\/arvoresdauenf\/wp-json\/wp\/v2\/media?parent=268"}],"curies":[{"name":"wp","href":"https:\/\/api.w.org\/{rel}","templated":true}]}}