{"id":2710,"date":"2024-07-25T17:07:57","date_gmt":"2024-07-25T20:07:57","guid":{"rendered":"https:\/\/uenf.br\/projetos\/arvoresdauenf\/?page_id=2710"},"modified":"2024-07-25T17:37:11","modified_gmt":"2024-07-25T20:37:11","slug":"ipe-amarelo-serratifolius","status":"publish","type":"page","link":"https:\/\/uenf.br\/projetos\/arvoresdauenf\/especie-2\/ipe-amarelo-serratifolius\/","title":{"rendered":"Ip\u00ea amarelo (serratifolius)"},"content":{"rendered":"<h2><em>Handroanthus\u00a0 serratifolius <\/em>(Vahl) S.Grose<\/h2>\n<div id=\"attachment_2712\" style=\"width: 337px\" class=\"wp-caption aligncenter\"><img loading=\"lazy\" decoding=\"async\" aria-describedby=\"caption-attachment-2712\" class=\"wp-image-2712\" src=\"https:\/\/uenf.br\/projetos\/arvoresdauenf\/files\/2024\/07\/WhatsApp-Image-2024-07-25-at-16.40.36-225x300.jpeg\" alt=\"\" width=\"327\" height=\"436\" srcset=\"https:\/\/uenf.br\/projetos\/arvoresdauenf\/files\/2024\/07\/WhatsApp-Image-2024-07-25-at-16.40.36-225x300.jpeg 225w, https:\/\/uenf.br\/projetos\/arvoresdauenf\/files\/2024\/07\/WhatsApp-Image-2024-07-25-at-16.40.36-768x1024.jpeg 768w, https:\/\/uenf.br\/projetos\/arvoresdauenf\/files\/2024\/07\/WhatsApp-Image-2024-07-25-at-16.40.36.jpeg 864w\" sizes=\"auto, (max-width: 327px) 100vw, 327px\" \/><p id=\"caption-attachment-2712\" class=\"wp-caption-text\">Ip\u00ea-amarelo na UENF, pr\u00e9dio do CBB. Foto: Jos\u00e9 Gabriel de Souza Silva<\/p><\/div>\n<div id=\"attachment_2715\" style=\"width: 332px\" class=\"wp-caption aligncenter\"><img loading=\"lazy\" decoding=\"async\" aria-describedby=\"caption-attachment-2715\" class=\"wp-image-2715\" src=\"https:\/\/uenf.br\/projetos\/arvoresdauenf\/files\/2024\/07\/WhatsApp-Image-2024-07-25-at-16.40.35-225x300.jpeg\" alt=\"\" width=\"322\" height=\"429\" srcset=\"https:\/\/uenf.br\/projetos\/arvoresdauenf\/files\/2024\/07\/WhatsApp-Image-2024-07-25-at-16.40.35-225x300.jpeg 225w, https:\/\/uenf.br\/projetos\/arvoresdauenf\/files\/2024\/07\/WhatsApp-Image-2024-07-25-at-16.40.35-768x1024.jpeg 768w, https:\/\/uenf.br\/projetos\/arvoresdauenf\/files\/2024\/07\/WhatsApp-Image-2024-07-25-at-16.40.35.jpeg 960w\" sizes=\"auto, (max-width: 322px) 100vw, 322px\" \/><p id=\"caption-attachment-2715\" class=\"wp-caption-text\">Ip\u00ea-amarelo na UENF, pr\u00e9dio do CBB. Foto: Jos\u00e9 Gabriel de Souza Silva<\/p><\/div>\n<h3><strong>Fam\u00edlia: Bignoniaceae<\/strong><\/h3>\n<div>\n<h3><strong>Nomes populares: Ip\u00ea-amarelo-flor-de-algod\u00e3o, ip\u00ea-amarelo-da-mata, pau-d&#8217;arco-amarelo.<\/strong><\/h3>\n<h3 id=\"distribuicaoGeografica\" class=\"label\">Origem: Nativa<\/h3>\n<\/div>\n<h3><\/h3>\n<h3 id=\"distribuicaoGeografica\" class=\"label\"><strong>Distribui\u00e7\u00e3o Geogr\u00e1fica<\/strong><\/h3>\n<div class=\"tabelamapa\">\n<div id=\"tr-carregaTaxonGrupoDistribuicaoGeograficaCertezaNordeste\" class=\"distribuicaoGeograficaCertezaNordeste\">\n<div id=\"idFieldCertezaNordeste\" class=\"field\">\n<h3 id=\"distribuicaoGeografica\" class=\"label\"><strong>Ocorr\u00eancias:<\/strong><\/h3>\n<div class=\"tabelamapa\">\n<div id=\"tr-carregaTaxonGrupoDistribuicaoGeograficaCertezaNorte\" class=\"distribuicaoGeograficaCertezaNorte\">\n<ul>\n<li><b>\u00a0Nordeste<\/b> (Bahia, Alagoas, Pernambuco, Piau\u00ed, Maranh\u00e3o, Para\u00edba, Rio Grande do Norte, Sergipe, Cear\u00e1)<\/li>\n<li><strong>Norte<\/strong> (Acre, Amazonas, Amap\u00e1, Par\u00e1, Rond\u00f4nia, Roraima, Tocantins)<\/li>\n<li><b>Sudeste<\/b> (Esp\u00edrito Santo, Minas Gerais, Rio de Janeiro, S\u00e3o Paulo)<\/li>\n<li><strong>Centro-Oeste\u00a0<\/strong>(Distrito Federal, Goi\u00e1s, Mato Grosso do Sul, Mato Grosso)<\/li>\n<li><strong>Sul\u00a0<\/strong>(Paran\u00e1)<\/li>\n<\/ul>\n<h3 id=\"distribuicaoGeografica\" class=\"label\"><strong>Distribui\u00e7\u00e3o Geogr\u00e1fica: <\/strong>(Amaz\u00f4nia, Caatinga, Cerrado, Mata Atl\u00e2ntica, Pantanal)<\/h3>\n<p><img loading=\"lazy\" decoding=\"async\" class=\" wp-image-2716 aligncenter\" src=\"https:\/\/uenf.br\/projetos\/arvoresdauenf\/files\/2024\/07\/Ipe-serratifolius-274x300.png\" alt=\"\" width=\"352\" height=\"385\" srcset=\"https:\/\/uenf.br\/projetos\/arvoresdauenf\/files\/2024\/07\/Ipe-serratifolius-274x300.png 274w, https:\/\/uenf.br\/projetos\/arvoresdauenf\/files\/2024\/07\/Ipe-serratifolius.png 342w\" sizes=\"auto, (max-width: 352px) 100vw, 352px\" \/><\/p>\n<p>Fonte: Flora do Brasil, 2020\u00a0<a href=\"https:\/\/floradobrasil.jbrj.gov.br\/reflora\/listaBrasil\/ConsultaPublicaUC\/BemVindoConsultaPublicaConsultar.do?invalidatePageControlCounter=12&amp;idsFilhosAlgas=%5B2%5D&amp;idsFilhosFungos=%5B1%2C11%2C10%5D&amp;lingua=&amp;grupo=5&amp;familia=null&amp;genero=&amp;especie=&amp;autor=&amp;nomeVernaculo=&amp;nomeCompleto=HANDROANTHUS+SERRATIFOLIUS&amp;formaVida=null&amp;substrato=null&amp;ocorreBrasil=QUALQUER&amp;ocorrencia=OCORRE&amp;endemismo=TODOS&amp;origem=TODOS&amp;regiao=QUALQUER&amp;estado=QUALQUER&amp;ilhaOceanica=32767&amp;domFitogeograficos=QUALQUER&amp;bacia=QUALQUER&amp;vegetacao=TODOS&amp;mostrarAte=SUBESP_VAR&amp;opcoesBusca=TODOS_OS_NOMES&amp;loginUsuario=Visitante&amp;senhaUsuario=&amp;contexto=consulta-publica\">(Clique Aqui)<\/a><\/p>\n<\/div>\n<\/div>\n<\/div>\n<\/div>\n<\/div>\n","protected":false},"excerpt":{"rendered":"<p>Handroanthus\u00a0 serratifolius (Vahl) S.Grose Fam\u00edlia: Bignoniaceae Nomes populares: Ip\u00ea-amarelo-flor-de-algod\u00e3o, ip\u00ea-amarelo-da-mata, pau-d&#8217;arco-amarelo. Origem: Nativa Distribui\u00e7\u00e3o Geogr\u00e1fica Ocorr\u00eancias: \u00a0Nordeste (Bahia, Alagoas, Pernambuco,&#8230;<\/p>\n","protected":false},"author":34,"featured_media":0,"parent":27,"menu_order":0,"comment_status":"closed","ping_status":"closed","template":"","meta":{"footnotes":""},"class_list":["post-2710","page","type-page","status-publish","hentry"],"_links":{"self":[{"href":"https:\/\/uenf.br\/projetos\/arvoresdauenf\/wp-json\/wp\/v2\/pages\/2710","targetHints":{"allow":["GET"]}}],"collection":[{"href":"https:\/\/uenf.br\/projetos\/arvoresdauenf\/wp-json\/wp\/v2\/pages"}],"about":[{"href":"https:\/\/uenf.br\/projetos\/arvoresdauenf\/wp-json\/wp\/v2\/types\/page"}],"author":[{"embeddable":true,"href":"https:\/\/uenf.br\/projetos\/arvoresdauenf\/wp-json\/wp\/v2\/users\/34"}],"replies":[{"embeddable":true,"href":"https:\/\/uenf.br\/projetos\/arvoresdauenf\/wp-json\/wp\/v2\/comments?post=2710"}],"version-history":[{"count":0,"href":"https:\/\/uenf.br\/projetos\/arvoresdauenf\/wp-json\/wp\/v2\/pages\/2710\/revisions"}],"up":[{"embeddable":true,"href":"https:\/\/uenf.br\/projetos\/arvoresdauenf\/wp-json\/wp\/v2\/pages\/27"}],"wp:attachment":[{"href":"https:\/\/uenf.br\/projetos\/arvoresdauenf\/wp-json\/wp\/v2\/media?parent=2710"}],"curies":[{"name":"wp","href":"https:\/\/api.w.org\/{rel}","templated":true}]}}