{"id":2720,"date":"2024-08-20T21:09:17","date_gmt":"2024-08-21T00:09:17","guid":{"rendered":"https:\/\/uenf.br\/projetos\/arvoresdauenf\/?page_id=2720"},"modified":"2024-08-20T21:09:17","modified_gmt":"2024-08-21T00:09:17","slug":"leiteiro","status":"publish","type":"page","link":"https:\/\/uenf.br\/projetos\/arvoresdauenf\/especie-2\/leiteiro\/","title":{"rendered":"Leiteiro"},"content":{"rendered":"<h2><em>Tabernaemontana hystrix<\/em> Steud.<\/h2>\n<div id=\"attachment_2721\" style=\"width: 280px\" class=\"wp-caption aligncenter\"><img loading=\"lazy\" decoding=\"async\" aria-describedby=\"caption-attachment-2721\" class=\"wp-image-2721\" src=\"https:\/\/uenf.br\/projetos\/arvoresdauenf\/files\/2024\/08\/WhatsApp-Image-2024-08-20-at-20.30.57-225x300.jpeg\" alt=\"\" width=\"270\" height=\"360\" srcset=\"https:\/\/uenf.br\/projetos\/arvoresdauenf\/files\/2024\/08\/WhatsApp-Image-2024-08-20-at-20.30.57-225x300.jpeg 225w, https:\/\/uenf.br\/projetos\/arvoresdauenf\/files\/2024\/08\/WhatsApp-Image-2024-08-20-at-20.30.57-769x1024.jpeg 769w, https:\/\/uenf.br\/projetos\/arvoresdauenf\/files\/2024\/08\/WhatsApp-Image-2024-08-20-at-20.30.57-768x1023.jpeg 768w, https:\/\/uenf.br\/projetos\/arvoresdauenf\/files\/2024\/08\/WhatsApp-Image-2024-08-20-at-20.30.57-1153x1536.jpeg 1153w, https:\/\/uenf.br\/projetos\/arvoresdauenf\/files\/2024\/08\/WhatsApp-Image-2024-08-20-at-20.30.57-1537x2048.jpeg 1537w\" sizes=\"auto, (max-width: 270px) 100vw, 270px\" \/><p id=\"caption-attachment-2721\" class=\"wp-caption-text\">Foto: Savyo Carvalho<\/p><\/div>\n<div id=\"attachment_2722\" style=\"width: 280px\" class=\"wp-caption aligncenter\"><img loading=\"lazy\" decoding=\"async\" aria-describedby=\"caption-attachment-2722\" class=\"wp-image-2722\" src=\"https:\/\/uenf.br\/projetos\/arvoresdauenf\/files\/2024\/08\/WhatsApp-Image-2024-08-20-at-20.29.34-225x300.jpeg\" alt=\"\" width=\"270\" height=\"360\" srcset=\"https:\/\/uenf.br\/projetos\/arvoresdauenf\/files\/2024\/08\/WhatsApp-Image-2024-08-20-at-20.29.34-225x300.jpeg 225w, https:\/\/uenf.br\/projetos\/arvoresdauenf\/files\/2024\/08\/WhatsApp-Image-2024-08-20-at-20.29.34-769x1024.jpeg 769w, https:\/\/uenf.br\/projetos\/arvoresdauenf\/files\/2024\/08\/WhatsApp-Image-2024-08-20-at-20.29.34-768x1023.jpeg 768w, https:\/\/uenf.br\/projetos\/arvoresdauenf\/files\/2024\/08\/WhatsApp-Image-2024-08-20-at-20.29.34-1153x1536.jpeg 1153w, https:\/\/uenf.br\/projetos\/arvoresdauenf\/files\/2024\/08\/WhatsApp-Image-2024-08-20-at-20.29.34-1537x2048.jpeg 1537w\" sizes=\"auto, (max-width: 270px) 100vw, 270px\" \/><p id=\"caption-attachment-2722\" class=\"wp-caption-text\">Foto: Savyo Carvalho<\/p><\/div>\n<div id=\"attachment_2723\" style=\"width: 281px\" class=\"wp-caption aligncenter\"><img loading=\"lazy\" decoding=\"async\" aria-describedby=\"caption-attachment-2723\" class=\"wp-image-2723\" src=\"https:\/\/uenf.br\/projetos\/arvoresdauenf\/files\/2024\/08\/WhatsApp-Image-2024-08-20-at-20.44.19-225x300.jpeg\" alt=\"\" width=\"271\" height=\"361\" srcset=\"https:\/\/uenf.br\/projetos\/arvoresdauenf\/files\/2024\/08\/WhatsApp-Image-2024-08-20-at-20.44.19-225x300.jpeg 225w, https:\/\/uenf.br\/projetos\/arvoresdauenf\/files\/2024\/08\/WhatsApp-Image-2024-08-20-at-20.44.19-769x1024.jpeg 769w, https:\/\/uenf.br\/projetos\/arvoresdauenf\/files\/2024\/08\/WhatsApp-Image-2024-08-20-at-20.44.19-768x1023.jpeg 768w, https:\/\/uenf.br\/projetos\/arvoresdauenf\/files\/2024\/08\/WhatsApp-Image-2024-08-20-at-20.44.19-1153x1536.jpeg 1153w, https:\/\/uenf.br\/projetos\/arvoresdauenf\/files\/2024\/08\/WhatsApp-Image-2024-08-20-at-20.44.19-1537x2048.jpeg 1537w\" sizes=\"auto, (max-width: 271px) 100vw, 271px\" \/><p id=\"caption-attachment-2723\" class=\"wp-caption-text\">Foto: Savyo Carvalho<\/p><\/div>\n<p>&nbsp;<\/p>\n<h3><strong>Fam\u00edlia: Apocynaceae<\/strong><\/h3>\n<div>\n<h3><strong>Nomes populares: Leiteiro<\/strong><\/h3>\n<h3 id=\"distribuicaoGeografica\" class=\"label\">Origem: Nativa<\/h3>\n<\/div>\n<h3 id=\"distribuicaoGeografica\" class=\"label\"><strong>Distribui\u00e7\u00e3o Geogr\u00e1fica<\/strong><\/h3>\n<div class=\"tabelamapa\">\n<div id=\"tr-carregaTaxonGrupoDistribuicaoGeograficaCertezaNordeste\" class=\"distribuicaoGeograficaCertezaNordeste\">\n<div id=\"idFieldCertezaNordeste\" class=\"field\">\n<h3 id=\"distribuicaoGeografica\" class=\"label\"><strong>Ocorr\u00eancias:<\/strong><\/h3>\n<div class=\"tabelamapa\">\n<div id=\"tr-carregaTaxonGrupoDistribuicaoGeograficaCertezaNorte\" class=\"distribuicaoGeograficaCertezaNorte\">\n<ul>\n<li><b>\u00a0Nordeste<\/b> (Bahia)<\/li>\n<li><b>Sudeste<\/b>\u00a0(Esp\u00edrito Santo, Minas Gerais, Rio de Janeiro, S\u00e3o Paulo)<\/li>\n<\/ul>\n<h3 id=\"distribuicaoGeografica\" class=\"label\">Dom\u00ednios fitogeogr\u00e1ficos: (Cerrado, Mata Atl\u00e2ntica)<\/h3>\n<p><img loading=\"lazy\" decoding=\"async\" class=\" wp-image-2724 aligncenter\" src=\"https:\/\/uenf.br\/projetos\/arvoresdauenf\/files\/2024\/08\/Leiteiro-288x300.png\" alt=\"\" width=\"357\" height=\"372\" srcset=\"https:\/\/uenf.br\/projetos\/arvoresdauenf\/files\/2024\/08\/Leiteiro-288x300.png 288w, https:\/\/uenf.br\/projetos\/arvoresdauenf\/files\/2024\/08\/Leiteiro.png 346w\" sizes=\"auto, (max-width: 357px) 100vw, 357px\" \/><\/p>\n<p>Fonte: Flora do Brasil, 2020 <a href=\"https:\/\/floradobrasil.jbrj.gov.br\/reflora\/listaBrasil\/ConsultaPublicaUC\/BemVindoConsultaPublicaConsultar.do?invalidatePageControlCounter=19&amp;idsFilhosAlgas=%5B2%5D&amp;idsFilhosFungos=%5B1%2C11%2C10%5D&amp;lingua=&amp;grupo=6&amp;familia=null&amp;genero=&amp;especie=&amp;autor=&amp;nomeVernaculo=&amp;nomeCompleto=Tabernaemontana+hystrix&amp;formaVida=null&amp;substrato=null&amp;ocorreBrasil=QUALQUER&amp;ocorrencia=OCORRE&amp;endemismo=TODOS&amp;origem=TODOS&amp;regiao=QUALQUER&amp;estado=QUALQUER&amp;ilhaOceanica=32767&amp;domFitogeograficos=QUALQUER&amp;bacia=QUALQUER&amp;vegetacao=TODOS&amp;mostrarAte=SUBESP_VAR&amp;opcoesBusca=TODOS_OS_NOMES&amp;loginUsuario=Visitante&amp;senhaUsuario=&amp;contexto=consulta-publica\">(Clique Aqui)<\/a><\/p>\n<p><strong>Curiosidades: <\/strong>O grande diferencial dessa \u00e1rvore s\u00e3o seus frutos, frequentemente procurados por p\u00e1ssaros. Eles consomem o arilo vermelho-vivo que envolve as sementes.\u00a0<a href=\"https:\/\/g1.globo.com\/sp\/campinas-regiao\/terra-da-gente\/flora\/noticia\/2015\/02\/leiteiro.html\">(Clique Aqui)<\/a><\/p>\n<\/div>\n<\/div>\n<\/div>\n<\/div>\n<\/div>\n","protected":false},"excerpt":{"rendered":"<p>Tabernaemontana hystrix Steud. &nbsp; Fam\u00edlia: Apocynaceae Nomes populares: Leiteiro Origem: Nativa Distribui\u00e7\u00e3o Geogr\u00e1fica Ocorr\u00eancias: \u00a0Nordeste (Bahia) Sudeste\u00a0(Esp\u00edrito Santo, Minas Gerais,&#8230;<\/p>\n","protected":false},"author":34,"featured_media":0,"parent":27,"menu_order":0,"comment_status":"closed","ping_status":"closed","template":"","meta":{"footnotes":""},"class_list":["post-2720","page","type-page","status-publish","hentry"],"_links":{"self":[{"href":"https:\/\/uenf.br\/projetos\/arvoresdauenf\/wp-json\/wp\/v2\/pages\/2720","targetHints":{"allow":["GET"]}}],"collection":[{"href":"https:\/\/uenf.br\/projetos\/arvoresdauenf\/wp-json\/wp\/v2\/pages"}],"about":[{"href":"https:\/\/uenf.br\/projetos\/arvoresdauenf\/wp-json\/wp\/v2\/types\/page"}],"author":[{"embeddable":true,"href":"https:\/\/uenf.br\/projetos\/arvoresdauenf\/wp-json\/wp\/v2\/users\/34"}],"replies":[{"embeddable":true,"href":"https:\/\/uenf.br\/projetos\/arvoresdauenf\/wp-json\/wp\/v2\/comments?post=2720"}],"version-history":[{"count":0,"href":"https:\/\/uenf.br\/projetos\/arvoresdauenf\/wp-json\/wp\/v2\/pages\/2720\/revisions"}],"up":[{"embeddable":true,"href":"https:\/\/uenf.br\/projetos\/arvoresdauenf\/wp-json\/wp\/v2\/pages\/27"}],"wp:attachment":[{"href":"https:\/\/uenf.br\/projetos\/arvoresdauenf\/wp-json\/wp\/v2\/media?parent=2720"}],"curies":[{"name":"wp","href":"https:\/\/api.w.org\/{rel}","templated":true}]}}