{"id":2726,"date":"2024-08-20T22:47:54","date_gmt":"2024-08-21T01:47:54","guid":{"rendered":"https:\/\/uenf.br\/projetos\/arvoresdauenf\/?page_id=2726"},"modified":"2024-08-20T22:56:16","modified_gmt":"2024-08-21T01:56:16","slug":"jacaranda-de-espinho","status":"publish","type":"page","link":"https:\/\/uenf.br\/projetos\/arvoresdauenf\/especie-2\/jacaranda-de-espinho\/","title":{"rendered":"Jacarand\u00e1 de espinho"},"content":{"rendered":"<h2><em>Machaerium hirtum<\/em> (Vell) Stellfeld.<\/h2>\n<div id=\"attachment_2728\" style=\"width: 327px\" class=\"wp-caption aligncenter\"><img loading=\"lazy\" decoding=\"async\" aria-describedby=\"caption-attachment-2728\" class=\"wp-image-2728\" src=\"https:\/\/uenf.br\/projetos\/arvoresdauenf\/files\/2024\/08\/jacaranda-de-espinho1-243x300.jpg\" alt=\"\" width=\"317\" height=\"391\" srcset=\"https:\/\/uenf.br\/projetos\/arvoresdauenf\/files\/2024\/08\/jacaranda-de-espinho1-243x300.jpg 243w, https:\/\/uenf.br\/projetos\/arvoresdauenf\/files\/2024\/08\/jacaranda-de-espinho1.jpg 561w\" sizes=\"auto, (max-width: 317px) 100vw, 317px\" \/><p id=\"caption-attachment-2728\" class=\"wp-caption-text\">Foto:\u00a0<a href=\"https:\/\/www.google.com\/url?sa=i&amp;url=https%3A%2F%2Fwww.arvores.brasil.nom.br%2Fnew%2Fjacarandaespinho%2Findex.htm&amp;psig=AOvVaw1V3NdFP2_9E8oKwYAtd5hv&amp;ust=1724287921834000&amp;source=images&amp;cd=vfe&amp;opi=89978449&amp;ved=0CBcQjhxqFwoTCPigsJTwhIgDFQAAAAAdAAAAABAq\">(Clique Aqui)<\/a><\/p><\/div>\n<div id=\"attachment_2727\" style=\"width: 344px\" class=\"wp-caption aligncenter\"><img loading=\"lazy\" decoding=\"async\" aria-describedby=\"caption-attachment-2727\" class=\"wp-image-2727 \" src=\"https:\/\/uenf.br\/projetos\/arvoresdauenf\/files\/2024\/08\/jacaranda-de-espinho.jpeg\" alt=\"\" width=\"334\" height=\"334\" srcset=\"https:\/\/uenf.br\/projetos\/arvoresdauenf\/files\/2024\/08\/jacaranda-de-espinho.jpeg 225w, https:\/\/uenf.br\/projetos\/arvoresdauenf\/files\/2024\/08\/jacaranda-de-espinho-150x150.jpeg 150w\" sizes=\"auto, (max-width: 334px) 100vw, 334px\" \/><p id=\"caption-attachment-2727\" class=\"wp-caption-text\">Foto:\u00a0<a href=\"https:\/\/www.google.com\/url?sa=i&amp;url=https%3A%2F%2Fbiologiadapaisagem.com.br%2F2023%2F01%2F30%2Fmachaerium-hirtum-jacaranda-de-espinho%2F&amp;psig=AOvVaw1V3NdFP2_9E8oKwYAtd5hv&amp;ust=1724287921834000&amp;source=images&amp;cd=vfe&amp;opi=89978449&amp;ved=0CBcQjhxqFwoTCPigsJTwhIgDFQAAAAAdAAAAABAh\">(Clique Aqui)<\/a><\/p><\/div>\n<div id=\"attachment_2729\" style=\"width: 348px\" class=\"wp-caption aligncenter\"><img loading=\"lazy\" decoding=\"async\" aria-describedby=\"caption-attachment-2729\" class=\"wp-image-2729\" src=\"https:\/\/uenf.br\/projetos\/arvoresdauenf\/files\/2024\/08\/Jacaranda-de-espinho1-300x225.jpeg\" alt=\"\" width=\"338\" height=\"254\" srcset=\"https:\/\/uenf.br\/projetos\/arvoresdauenf\/files\/2024\/08\/Jacaranda-de-espinho1-300x225.jpeg 300w, https:\/\/uenf.br\/projetos\/arvoresdauenf\/files\/2024\/08\/Jacaranda-de-espinho1-768x576.jpeg 768w, https:\/\/uenf.br\/projetos\/arvoresdauenf\/files\/2024\/08\/Jacaranda-de-espinho1.jpeg 900w\" sizes=\"auto, (max-width: 338px) 100vw, 338px\" \/><p id=\"caption-attachment-2729\" class=\"wp-caption-text\">Foto:\u00a0<a href=\"https:\/\/www.google.com\/url?sa=i&amp;url=https%3A%2F%2Fwww.nossafloranossomeio.eco.br%2F2023%2F03%2Fjacaranda-de-espinho-jacaranda-bico-de-pato-machaerium-hirtum.html&amp;psig=AOvVaw1uo9Bpb2-3DAabQ6vyhV8U&amp;ust=1724288841013000&amp;source=images&amp;cd=vfe&amp;opi=89978449&amp;ved=0CBcQjhxqFwoTCJif1NnyhIgDFQAAAAAdAAAAABAE\">(Clique Aqui)<\/a><\/p><\/div>\n<div id=\"attachment_2730\" style=\"width: 348px\" class=\"wp-caption aligncenter\"><img loading=\"lazy\" decoding=\"async\" aria-describedby=\"caption-attachment-2730\" class=\"wp-image-2730\" src=\"https:\/\/uenf.br\/projetos\/arvoresdauenf\/files\/2024\/08\/jacaranda-de-espinho-espinho-300x264.jpg\" alt=\"\" width=\"338\" height=\"297\" srcset=\"https:\/\/uenf.br\/projetos\/arvoresdauenf\/files\/2024\/08\/jacaranda-de-espinho-espinho-300x264.jpg 300w, https:\/\/uenf.br\/projetos\/arvoresdauenf\/files\/2024\/08\/jacaranda-de-espinho-espinho.jpg 682w\" sizes=\"auto, (max-width: 338px) 100vw, 338px\" \/><p id=\"caption-attachment-2730\" class=\"wp-caption-text\">Foto:\u00a0<a href=\"https:\/\/www.google.com\/url?sa=i&amp;url=https%3A%2F%2Fnovamata.org%2Fespecie%2Fbarreiro%2F&amp;psig=AOvVaw1uo9Bpb2-3DAabQ6vyhV8U&amp;ust=1724288841013000&amp;source=images&amp;cd=vfe&amp;opi=89978449&amp;ved=0CBcQjhxqFwoTCJif1NnyhIgDFQAAAAAdAAAAABAK\">(Clique Aqui)<\/a><\/p><\/div>\n<h3><strong>Fam\u00edlia: Fabaceae<\/strong><\/h3>\n<div>\n<h3><strong>Nomes populares: Jacarand\u00e1-de-espinho, jacarand\u00e1-bico-de-pato, pau-de-angu<\/strong><\/h3>\n<h3 id=\"distribuicaoGeografica\" class=\"label\">Origem: Nativa<\/h3>\n<\/div>\n<h3 id=\"distribuicaoGeografica\" class=\"label\"><strong>Distribui\u00e7\u00e3o Geogr\u00e1fica<\/strong><\/h3>\n<div class=\"tabelamapa\">\n<div id=\"tr-carregaTaxonGrupoDistribuicaoGeograficaCertezaNordeste\" class=\"distribuicaoGeograficaCertezaNordeste\">\n<div id=\"idFieldCertezaNordeste\" class=\"field\">\n<h3 id=\"distribuicaoGeografica\" class=\"label\"><strong>Ocorr\u00eancias:<\/strong><\/h3>\n<div class=\"tabelamapa\">\n<div id=\"tr-carregaTaxonGrupoDistribuicaoGeograficaCertezaNorte\" class=\"distribuicaoGeograficaCertezaNorte\">\n<ul>\n<li><b>\u00a0Nordeste<\/b>\u00a0(Bahia, Alagoas, Pernambuco, Piau\u00ed, Maranh\u00e3o, Para\u00edba, Rio Grande do Norte, Sergipe, Cear\u00e1)<\/li>\n<li><strong>Norte<\/strong>\u00a0(Acre, Amazonas, Amap\u00e1, Par\u00e1, Rond\u00f4nia, Roraima, Tocantins)<\/li>\n<li><b>Sudeste<\/b>\u00a0(Esp\u00edrito Santo, Minas Gerais, Rio de Janeiro, S\u00e3o Paulo)<\/li>\n<li><strong>Centro-Oeste\u00a0<\/strong>(Distrito Federal, Goi\u00e1s, Mato Grosso do Sul, Mato Grosso)<\/li>\n<li><strong>Sul\u00a0<\/strong>(Rio Grande do Sul, Paran\u00e1)<\/li>\n<\/ul>\n<h3 id=\"distribuicaoGeografica\" class=\"label\"><strong>Distribui\u00e7\u00e3o Geogr\u00e1fica:\u00a0<\/strong>(Amaz\u00f4nia, Caatinga, Cerrado, Mata Atl\u00e2ntica, Pantanal)<\/h3>\n<p><img loading=\"lazy\" decoding=\"async\" class=\" wp-image-2731 aligncenter\" src=\"https:\/\/uenf.br\/projetos\/arvoresdauenf\/files\/2024\/08\/jacaranda-de-espinho-291x300.png\" alt=\"\" width=\"383\" height=\"395\" srcset=\"https:\/\/uenf.br\/projetos\/arvoresdauenf\/files\/2024\/08\/jacaranda-de-espinho-291x300.png 291w, https:\/\/uenf.br\/projetos\/arvoresdauenf\/files\/2024\/08\/jacaranda-de-espinho.png 350w\" sizes=\"auto, (max-width: 383px) 100vw, 383px\" \/><\/p>\n<p>Fonte: Flora do Brasil, 2020\u00a0<a href=\"https:\/\/floradobrasil.jbrj.gov.br\/reflora\/listaBrasil\/ConsultaPublicaUC\/BemVindoConsultaPublicaConsultar.do?invalidatePageControlCounter=1&amp;idsFilhosAlgas=%5B2%5D&amp;idsFilhosFungos=%5B1%2C11%2C10%5D&amp;lingua=&amp;grupo=6&amp;familia=null&amp;genero=&amp;especie=&amp;autor=&amp;nomeVernaculo=&amp;nomeCompleto=Machaerium+hirtum&amp;formaVida=null&amp;substrato=null&amp;ocorreBrasil=QUALQUER&amp;ocorrencia=OCORRE&amp;endemismo=TODOS&amp;origem=TODOS&amp;regiao=QUALQUER&amp;estado=QUALQUER&amp;ilhaOceanica=32767&amp;domFitogeograficos=QUALQUER&amp;bacia=QUALQUER&amp;vegetacao=TODOS&amp;mostrarAte=SUBESP_VAR&amp;opcoesBusca=TODOS_OS_NOMES&amp;loginUsuario=Visitante&amp;senhaUsuario=&amp;contexto=consulta-publica\">(Clique Aqui)<\/a><\/p>\n<p><strong>Curiosidades: <\/strong>O nome Jacarand\u00e1 vem do Tupi e significa \u201co que tem cerne duro, ou a casca dura\u201d\u00a0<a href=\"https:\/\/greennation.com.br\/species\/jacaranda-de-espinho\/#:~:text=Curiosidades%3A%20O%20nome%20Jacarand%C3%A1%20vem,descuidadas%20ou%20com%20essa%20inten%C3%A7%C3%A3o.\">(Clique Aqui)<\/a><\/p>\n<\/div>\n<\/div>\n<\/div>\n<\/div>\n<\/div>\n","protected":false},"excerpt":{"rendered":"<p>Machaerium hirtum (Vell) Stellfeld. Fam\u00edlia: Fabaceae Nomes populares: Jacarand\u00e1-de-espinho, jacarand\u00e1-bico-de-pato, pau-de-angu Origem: Nativa Distribui\u00e7\u00e3o Geogr\u00e1fica Ocorr\u00eancias: \u00a0Nordeste\u00a0(Bahia, Alagoas, Pernambuco, Piau\u00ed,&#8230;<\/p>\n","protected":false},"author":34,"featured_media":0,"parent":27,"menu_order":0,"comment_status":"closed","ping_status":"closed","template":"","meta":{"footnotes":""},"class_list":["post-2726","page","type-page","status-publish","hentry"],"_links":{"self":[{"href":"https:\/\/uenf.br\/projetos\/arvoresdauenf\/wp-json\/wp\/v2\/pages\/2726","targetHints":{"allow":["GET"]}}],"collection":[{"href":"https:\/\/uenf.br\/projetos\/arvoresdauenf\/wp-json\/wp\/v2\/pages"}],"about":[{"href":"https:\/\/uenf.br\/projetos\/arvoresdauenf\/wp-json\/wp\/v2\/types\/page"}],"author":[{"embeddable":true,"href":"https:\/\/uenf.br\/projetos\/arvoresdauenf\/wp-json\/wp\/v2\/users\/34"}],"replies":[{"embeddable":true,"href":"https:\/\/uenf.br\/projetos\/arvoresdauenf\/wp-json\/wp\/v2\/comments?post=2726"}],"version-history":[{"count":0,"href":"https:\/\/uenf.br\/projetos\/arvoresdauenf\/wp-json\/wp\/v2\/pages\/2726\/revisions"}],"up":[{"embeddable":true,"href":"https:\/\/uenf.br\/projetos\/arvoresdauenf\/wp-json\/wp\/v2\/pages\/27"}],"wp:attachment":[{"href":"https:\/\/uenf.br\/projetos\/arvoresdauenf\/wp-json\/wp\/v2\/media?parent=2726"}],"curies":[{"name":"wp","href":"https:\/\/api.w.org\/{rel}","templated":true}]}}