{"id":2738,"date":"2024-08-22T00:04:55","date_gmt":"2024-08-22T03:04:55","guid":{"rendered":"https:\/\/uenf.br\/projetos\/arvoresdauenf\/?page_id=2738"},"modified":"2024-08-22T00:26:14","modified_gmt":"2024-08-22T03:26:14","slug":"sucupira-preta","status":"publish","type":"page","link":"https:\/\/uenf.br\/projetos\/arvoresdauenf\/especie-2\/sucupira-preta\/","title":{"rendered":"Sucupira preta"},"content":{"rendered":"<h2><em>Bowdichia virgilioides\u00a0<\/em>Kunth<\/h2>\n<div id=\"attachment_2739\" style=\"width: 280px\" class=\"wp-caption aligncenter\"><img loading=\"lazy\" decoding=\"async\" aria-describedby=\"caption-attachment-2739\" class=\"wp-image-2739\" src=\"https:\/\/uenf.br\/projetos\/arvoresdauenf\/files\/2024\/08\/sucupira-200x300.jpg\" alt=\"\" width=\"270\" height=\"406\" srcset=\"https:\/\/uenf.br\/projetos\/arvoresdauenf\/files\/2024\/08\/sucupira-200x300.jpg 200w, https:\/\/uenf.br\/projetos\/arvoresdauenf\/files\/2024\/08\/sucupira.jpg 600w\" sizes=\"auto, (max-width: 270px) 100vw, 270px\" \/><p id=\"caption-attachment-2739\" class=\"wp-caption-text\">Foto:\u00a0<a href=\"https:\/\/www.google.com\/url?sa=i&amp;url=https%3A%2F%2Fwww.arvoresdobiomacerrado.com.br%2Fsite%2F2017%2F07%2F28%2Fbowdichia-virgilioides-kunth%2F&amp;psig=AOvVaw3zZeq9PM3loFU7iA0huaiy&amp;ust=1724380598701000&amp;source=images&amp;cd=vfe&amp;opi=89978449&amp;ved=0CBcQjhxqFwoTCJjH7c7Ih4gDFQAAAAAdAAAAABAV\">(Clique Aqui)<\/a><\/p><\/div>\n<div id=\"attachment_2740\" style=\"width: 415px\" class=\"wp-caption aligncenter\"><img loading=\"lazy\" decoding=\"async\" aria-describedby=\"caption-attachment-2740\" class=\"wp-image-2740\" src=\"https:\/\/uenf.br\/projetos\/arvoresdauenf\/files\/2024\/08\/Sucupira_preta-300x169.jpeg\" alt=\"\" width=\"405\" height=\"228\" srcset=\"https:\/\/uenf.br\/projetos\/arvoresdauenf\/files\/2024\/08\/Sucupira_preta-300x169.jpeg 300w, https:\/\/uenf.br\/projetos\/arvoresdauenf\/files\/2024\/08\/Sucupira_preta-1024x576.jpeg 1024w, https:\/\/uenf.br\/projetos\/arvoresdauenf\/files\/2024\/08\/Sucupira_preta-768x432.jpeg 768w, https:\/\/uenf.br\/projetos\/arvoresdauenf\/files\/2024\/08\/Sucupira_preta-1536x864.jpeg 1536w, https:\/\/uenf.br\/projetos\/arvoresdauenf\/files\/2024\/08\/Sucupira_preta-2048x1152.jpeg 2048w, https:\/\/uenf.br\/projetos\/arvoresdauenf\/files\/2024\/08\/Sucupira_preta-800x450.jpeg 800w\" sizes=\"auto, (max-width: 405px) 100vw, 405px\" \/><p id=\"caption-attachment-2740\" class=\"wp-caption-text\">Foto:\u00a0<a href=\"https:\/\/www.google.com\/url?sa=i&amp;url=https%3A%2F%2Fpt.wikipedia.org%2Fwiki%2FSucupira-preto&amp;psig=AOvVaw3zZeq9PM3loFU7iA0huaiy&amp;ust=1724380598701000&amp;source=images&amp;cd=vfe&amp;opi=89978449&amp;ved=0CBcQjhxqFwoTCJjH7c7Ih4gDFQAAAAAdAAAAABAh\">(Clique Aqui)<\/a><\/p><\/div>\n<h3><strong>Fam\u00edlia: Fabaceae<\/strong><\/h3>\n<div>\n<h3><strong>Nomes populares: sucupira-do-cerrado, sicupira-do-cerrado, sapupira-do-campo, sucupira-preto, sucupira-a\u00e7u, cuti\u00faba.<\/strong><\/h3>\n<h3 id=\"distribuicaoGeografica\" class=\"label\">Origem: Nativa<\/h3>\n<\/div>\n<h3 id=\"distribuicaoGeografica\" class=\"label\"><strong>Distribui\u00e7\u00e3o Geogr\u00e1fica<\/strong><\/h3>\n<div class=\"tabelamapa\">\n<div id=\"tr-carregaTaxonGrupoDistribuicaoGeograficaCertezaNordeste\" class=\"distribuicaoGeograficaCertezaNordeste\">\n<div id=\"idFieldCertezaNordeste\" class=\"field\">\n<h3 id=\"distribuicaoGeografica\" class=\"label\"><strong>Ocorr\u00eancias:<\/strong><\/h3>\n<div class=\"tabelamapa\">\n<div id=\"tr-carregaTaxonGrupoDistribuicaoGeograficaCertezaNorte\" class=\"distribuicaoGeograficaCertezaNorte\">\n<ul>\n<li><b>\u00a0Nordeste<\/b>\u00a0(Bahia, Alagoas, Pernambuco, Piau\u00ed, Maranh\u00e3o, Para\u00edba, Rio Grande do Norte, Sergipe, Cear\u00e1)<\/li>\n<li><strong>Norte<\/strong> (Amazonas, Amap\u00e1, Par\u00e1, Rond\u00f4nia, Roraima, Tocantins)<\/li>\n<li><b>Sudeste<\/b>\u00a0(Esp\u00edrito Santo, Minas Gerais, Rio de Janeiro, S\u00e3o Paulo)<\/li>\n<li><strong>Centro-Oeste\u00a0<\/strong>(Distrito Federal, Goi\u00e1s, Mato Grosso do Sul, Mato Grosso)<\/li>\n<li><strong>Sul\u00a0<\/strong>(Paran\u00e1)<\/li>\n<\/ul>\n<h3 id=\"distribuicaoGeografica\" class=\"label\"><strong>Dom\u00ednios fitogeogr\u00e1ficos: <\/strong>(Amaz\u00f4nia, Caatinga, Cerrado, Mata Atl\u00e2ntica, Pantanal)<\/h3>\n<p><img loading=\"lazy\" decoding=\"async\" class=\" wp-image-2741 aligncenter\" src=\"https:\/\/uenf.br\/projetos\/arvoresdauenf\/files\/2024\/08\/Sucupira-preta-276x300.png\" alt=\"\" width=\"336\" height=\"365\" srcset=\"https:\/\/uenf.br\/projetos\/arvoresdauenf\/files\/2024\/08\/Sucupira-preta-276x300.png 276w, https:\/\/uenf.br\/projetos\/arvoresdauenf\/files\/2024\/08\/Sucupira-preta.png 340w\" sizes=\"auto, (max-width: 336px) 100vw, 336px\" \/><\/p>\n<p>Fonte: Flora do Brasil, 2020\u00a0<a href=\"https:\/\/floradobrasil.jbrj.gov.br\/reflora\/listaBrasil\/ConsultaPublicaUC\/BemVindoConsultaPublicaConsultar.do?invalidatePageControlCounter=5&amp;idsFilhosAlgas=%5B2%5D&amp;idsFilhosFungos=%5B1%2C11%2C10%5D&amp;lingua=&amp;grupo=6&amp;familia=null&amp;genero=&amp;especie=&amp;autor=&amp;nomeVernaculo=&amp;nomeCompleto=Bowdichia+virgilioides&amp;formaVida=null&amp;substrato=null&amp;ocorreBrasil=QUALQUER&amp;ocorrencia=OCORRE&amp;endemismo=TODOS&amp;origem=TODOS&amp;regiao=QUALQUER&amp;estado=QUALQUER&amp;ilhaOceanica=32767&amp;domFitogeograficos=QUALQUER&amp;bacia=QUALQUER&amp;vegetacao=TODOS&amp;mostrarAte=SUBESP_VAR&amp;opcoesBusca=TODOS_OS_NOMES&amp;loginUsuario=Visitante&amp;senhaUsuario=&amp;contexto=consulta-publica\">(Clique Aqui)<\/a><\/p>\n<p><strong>Curiosidades: <\/strong>Al\u00e9m da beleza das flores, as ra\u00edzes da sucupira podem formar expans\u00f5es ou t\u00faberas denominadas &#8220;batatas-de-sucupira&#8221;, que s\u00e3o considerados os \u00f3rg\u00e3os de reserva da planta.\u00a0<a href=\"https:\/\/www.wwf.org.br\/natureza_brasileira\/especiais\/biodiversidade\/especie_do_mes\/especies_cerrado\/sucupira\/\">(Clique Aqui)<\/a><\/p>\n<p>A sucupira-preta tem propriedades antibi\u00f3ticas, anti-inflamat\u00f3rias, depurativas, t\u00f4nicas e cicatrizantes. Ela \u00e9 usada para tratamento de afec\u00e7\u00f5es pulmonares, recupera\u00e7\u00e3o da pigmenta\u00e7\u00e3o da pele, quadros artr\u00edticos melhorando tanto as infec\u00e7\u00f5es como as dores. Essa planta tem tropismo pelos pulm\u00f5es, nariz e garganta e trata qualquer afec\u00e7\u00e3o nessas partes com a vantagem de ser quase at\u00f3xica. Al\u00e9m disso, a sucupira-preta \u00e9 antidiarreico, hipoglicemiante, analg\u00e9sico e \u00e9 usado em casos de pneumonias ou bronquites cr\u00f4nicas.\u00a0<a href=\"https:\/\/museucerrado.com.br\/sucupira-preta\/\">(Clique Aqui)<\/a>\n<\/div>\n<\/div>\n<\/div>\n<\/div>\n<\/div>\n","protected":false},"excerpt":{"rendered":"<p>Bowdichia virgilioides\u00a0Kunth Fam\u00edlia: Fabaceae Nomes populares: sucupira-do-cerrado, sicupira-do-cerrado, sapupira-do-campo, sucupira-preto, sucupira-a\u00e7u, cuti\u00faba. Origem: Nativa Distribui\u00e7\u00e3o Geogr\u00e1fica Ocorr\u00eancias: \u00a0Nordeste\u00a0(Bahia, Alagoas, Pernambuco,&#8230;<\/p>\n","protected":false},"author":34,"featured_media":0,"parent":27,"menu_order":0,"comment_status":"closed","ping_status":"closed","template":"","meta":{"footnotes":""},"class_list":["post-2738","page","type-page","status-publish","hentry"],"_links":{"self":[{"href":"https:\/\/uenf.br\/projetos\/arvoresdauenf\/wp-json\/wp\/v2\/pages\/2738","targetHints":{"allow":["GET"]}}],"collection":[{"href":"https:\/\/uenf.br\/projetos\/arvoresdauenf\/wp-json\/wp\/v2\/pages"}],"about":[{"href":"https:\/\/uenf.br\/projetos\/arvoresdauenf\/wp-json\/wp\/v2\/types\/page"}],"author":[{"embeddable":true,"href":"https:\/\/uenf.br\/projetos\/arvoresdauenf\/wp-json\/wp\/v2\/users\/34"}],"replies":[{"embeddable":true,"href":"https:\/\/uenf.br\/projetos\/arvoresdauenf\/wp-json\/wp\/v2\/comments?post=2738"}],"version-history":[{"count":0,"href":"https:\/\/uenf.br\/projetos\/arvoresdauenf\/wp-json\/wp\/v2\/pages\/2738\/revisions"}],"up":[{"embeddable":true,"href":"https:\/\/uenf.br\/projetos\/arvoresdauenf\/wp-json\/wp\/v2\/pages\/27"}],"wp:attachment":[{"href":"https:\/\/uenf.br\/projetos\/arvoresdauenf\/wp-json\/wp\/v2\/media?parent=2738"}],"curies":[{"name":"wp","href":"https:\/\/api.w.org\/{rel}","templated":true}]}}