{"id":275,"date":"2019-01-23T11:33:04","date_gmt":"2019-01-23T13:33:04","guid":{"rendered":"http:\/\/uenf.br\/projetos\/arvoresdauenf\/?page_id=275"},"modified":"2024-03-26T12:54:12","modified_gmt":"2024-03-26T15:54:12","slug":"albizia","status":"publish","type":"page","link":"https:\/\/uenf.br\/projetos\/arvoresdauenf\/especie-2\/albizia\/","title":{"rendered":"Alb\u00edzia"},"content":{"rendered":"<h2><em>Albizia\u00a0lebbeck\u00a0<\/em>(L.) Benth.<\/h2>\n<div id=\"attachment_278\" style=\"width: 479px\" class=\"wp-caption aligncenter\"><img loading=\"lazy\" decoding=\"async\" aria-describedby=\"caption-attachment-278\" class=\"wp-image-278\" src=\"http:\/\/uenf.br\/projetos\/arvoresdauenf\/files\/2019\/01\/DSC05660.jpg\" alt=\"\" width=\"469\" height=\"352\" \/><p id=\"caption-attachment-278\" class=\"wp-caption-text\">Fotos Gabriel de Souza Silva<\/p><\/div>\n<h3><strong>Fam\u00edlia:\u00a0<\/strong>Fabaceae, Mimosoideae.<\/h3>\n<h3><strong>Nomes populares:<\/strong> alb\u00edzia, cora\u00e7\u00e3o-de-negro, faveiro, chocalho de cobra.<\/h3>\n<h3>Origem: \u00c1sia Tropical<\/h3>\n<h3 id=\"distribuicaoGeografica\" class=\"label\"><strong>Distribui\u00e7\u00e3o Geogr\u00e1fica<\/strong><\/h3>\n<div class=\"tabelamapa\">\n<div id=\"ocorrencia_confirmada\" class=\"label\"><strong>Ocorr\u00eancias confirmadas:<\/strong><\/div>\n<ul>\n<li><b>Norte<\/b> (Tocantins)<\/li>\n<li><b>Nordeste<\/b> (Rio Grande do Norte, Piau\u00ed, Bahia, Cear\u00e1, Maranh\u00e3o, Para\u00edba, Pernambuco)<\/li>\n<li><b>Centro-oeste<\/b> (Mato Grosso do Sul, Distrito Federal)<\/li>\n<li><b>Sudeste<\/b>\u00a0(Esp\u00edrito Santo, Minas Gerais, Rio de Janeiro, S\u00e3o Paulo)<\/li>\n<li><b>Sul<\/b> (Paran\u00e1, Santa Catarina)<\/li>\n<\/ul>\n<div id=\"possivel_ocorrencia\" class=\"label\">\n<div class=\"tabelamapa\">\n<div id=\"ocorrencia_confirmada\" class=\"label\"><strong>Poss\u00edveis Ocorr\u00eancias:<\/strong><\/div>\n<ul>\n<li><b>Norte<\/b> (Amazonas, Par\u00e1)<\/li>\n<li><b>Nordeste<\/b> (Alagoas, Sergipe)<\/li>\n<li><b>Centro-oeste<\/b> (Mato Grosso, Goi\u00e1s)<\/li>\n<li><b>Sul<\/b> (Rio Grande do Sul)<\/li>\n<\/ul>\n<p><img loading=\"lazy\" decoding=\"async\" class=\" wp-image-2655 aligncenter\" src=\"https:\/\/uenf.br\/projetos\/arvoresdauenf\/files\/2024\/03\/Albizia-282x300.png\" alt=\"\" width=\"355\" height=\"378\" srcset=\"https:\/\/uenf.br\/projetos\/arvoresdauenf\/files\/2024\/03\/Albizia-282x300.png 282w, https:\/\/uenf.br\/projetos\/arvoresdauenf\/files\/2024\/03\/Albizia.png 375w\" sizes=\"auto, (max-width: 355px) 100vw, 355px\" \/><\/p>\n<\/div>\n<\/div>\n<\/div>\n<h3>Curiosidades:<\/h3>\n<ul>\n<li>As sementes dessa esp\u00e9cie s\u00e3o utilizadas no tratamento de diarr\u00e9ia, disenteria e hemorr\u00f3idas, j\u00e1 suas folhas, utiliza- se no tratamento de \u00falceras e em conjuntivite al\u00e9rgica (<a href=\"http:\/\/www.scielo.br\/scielo.php?pid=S0102-695X2009000400005&amp;script=sci_arttext&amp;tlng=pt\">clique aqui<\/a>)<\/li>\n<li>Na \u00cdndia a casca \u00e9 utilizada para curtir redes de pesca, tratar fur\u00fanculos, como sab\u00e3o, anti-helm\u00edntico, anti-inflamat\u00f3rio e no tratamento de bronquite, dor de dente e hansen\u00edase (<a href=\"https:\/\/scialert.net\/fulltextmobile\/?doi=ajb.2011.122.141\">clique aqui<\/a>)<\/li>\n<li>\n<div>Suas folhas cont\u00eam 16,8 a 25,5% de prote\u00edna bruta e \u00e9 uma excelente fonte de forragem (Prinsen, 1986) (<a href=\"https:\/\/scholar.googleusercontent.com\/scholar?q=cache:GkO_z3tolgoJ:scholar.google.com\/+Albizia+lebbeck+(L.)+Benth+&amp;hl=pt-BR&amp;as_sdt=0,5&amp;as_vis=1\">clique aqui<\/a>)<\/div>\n<\/li>\n<\/ul>\n","protected":false},"excerpt":{"rendered":"<p>Albizia\u00a0lebbeck\u00a0(L.) Benth. Fam\u00edlia:\u00a0Fabaceae, Mimosoideae. Nomes populares: alb\u00edzia, cora\u00e7\u00e3o-de-negro, faveiro, chocalho de cobra. Origem: \u00c1sia Tropical Distribui\u00e7\u00e3o Geogr\u00e1fica Ocorr\u00eancias confirmadas: Norte&#8230;<\/p>\n","protected":false},"author":22,"featured_media":0,"parent":27,"menu_order":0,"comment_status":"closed","ping_status":"closed","template":"","meta":{"footnotes":""},"class_list":["post-275","page","type-page","status-publish","hentry"],"_links":{"self":[{"href":"https:\/\/uenf.br\/projetos\/arvoresdauenf\/wp-json\/wp\/v2\/pages\/275","targetHints":{"allow":["GET"]}}],"collection":[{"href":"https:\/\/uenf.br\/projetos\/arvoresdauenf\/wp-json\/wp\/v2\/pages"}],"about":[{"href":"https:\/\/uenf.br\/projetos\/arvoresdauenf\/wp-json\/wp\/v2\/types\/page"}],"author":[{"embeddable":true,"href":"https:\/\/uenf.br\/projetos\/arvoresdauenf\/wp-json\/wp\/v2\/users\/22"}],"replies":[{"embeddable":true,"href":"https:\/\/uenf.br\/projetos\/arvoresdauenf\/wp-json\/wp\/v2\/comments?post=275"}],"version-history":[{"count":0,"href":"https:\/\/uenf.br\/projetos\/arvoresdauenf\/wp-json\/wp\/v2\/pages\/275\/revisions"}],"up":[{"embeddable":true,"href":"https:\/\/uenf.br\/projetos\/arvoresdauenf\/wp-json\/wp\/v2\/pages\/27"}],"wp:attachment":[{"href":"https:\/\/uenf.br\/projetos\/arvoresdauenf\/wp-json\/wp\/v2\/media?parent=275"}],"curies":[{"name":"wp","href":"https:\/\/api.w.org\/{rel}","templated":true}]}}