{"id":295,"date":"2019-02-01T11:37:01","date_gmt":"2019-02-01T13:37:01","guid":{"rendered":"http:\/\/uenf.br\/projetos\/arvoresdauenf\/?page_id=295"},"modified":"2024-03-27T17:18:52","modified_gmt":"2024-03-27T20:18:52","slug":"cassia-siamica","status":"publish","type":"page","link":"https:\/\/uenf.br\/projetos\/arvoresdauenf\/especie-2\/cassia-siamica\/","title":{"rendered":"C\u00e1ssia si\u00e2mica"},"content":{"rendered":"<h2 class=\"sinonimo\"><i>Senna siamea <\/i>Lam.<img loading=\"lazy\" decoding=\"async\" class=\"aligncenter wp-image-299\" src=\"http:\/\/uenf.br\/projetos\/arvoresdauenf\/files\/2019\/02\/DSC05722.jpg\" alt=\"\" width=\"306\" height=\"408\" \/><\/h2>\n<p><img loading=\"lazy\" decoding=\"async\" class=\"aligncenter wp-image-300\" src=\"http:\/\/uenf.br\/projetos\/arvoresdauenf\/files\/2019\/02\/DSC05724.jpg\" alt=\"\" width=\"300\" height=\"225\" \/><\/p>\n<div id=\"attachment_301\" style=\"width: 307px\" class=\"wp-caption aligncenter\"><img loading=\"lazy\" decoding=\"async\" aria-describedby=\"caption-attachment-301\" class=\"wp-image-301\" src=\"http:\/\/uenf.br\/projetos\/arvoresdauenf\/files\/2019\/02\/DSC05728.jpg\" alt=\"\" width=\"297\" height=\"396\" \/><p id=\"caption-attachment-301\" class=\"wp-caption-text\">Fotos: Jos\u00e9 Gabriel de Souza Silva<\/p><\/div>\n<h3>Fam\u00edlia: Fabaceae<\/h3>\n<h3>Nomes populares: c<b>\u00e1ssia-amarela e c\u00e1ssia-de-si\u00e3o<\/b><\/h3>\n<h3>Origem: Tail\u00e2ndia<\/h3>\n<div id=\"ocorrencia_confirmada\" class=\"label\"><strong>Ocorr\u00eancias:<\/strong><\/div>\n<ul>\n<li><b>Norte<\/b> (Amazonas, Par\u00e1, Rond\u00f4nia)<\/li>\n<li><b>Nordeste<\/b> (Alagoas, Bahia, Cear\u00e1, Maranh\u00e3o, Para\u00edba, Pernambuco, Piau\u00ed)<\/li>\n<li><b>Centro-oeste<\/b> (Distrito Federal, Goi\u00e1s)<\/li>\n<li><b>Sudeste<\/b> (Minas Gerais, Rio de Janeiro, S\u00e3o Paulo)<\/li>\n<li><b>Sul<\/b> (Rio Grande do Sul, Santa Catarina)<\/li>\n<\/ul>\n<p><img loading=\"lazy\" decoding=\"async\" class=\" wp-image-2677 aligncenter\" src=\"https:\/\/uenf.br\/projetos\/arvoresdauenf\/files\/2024\/03\/Cassia-siamica-272x300.png\" alt=\"\" width=\"332\" height=\"366\" srcset=\"https:\/\/uenf.br\/projetos\/arvoresdauenf\/files\/2024\/03\/Cassia-siamica-272x300.png 272w, https:\/\/uenf.br\/projetos\/arvoresdauenf\/files\/2024\/03\/Cassia-siamica.png 344w\" sizes=\"auto, (max-width: 332px) 100vw, 332px\" \/><\/p>\n<h3>Curiosidades:<\/h3>\n<ul>\n<li>As folhas s\u00e3o usadas como adubo verde e forragem para bovinos, caprinos e ovinos sendo t\u00f3xica para aves e\u00a0 su\u00ednos (<a href=\"https:\/\/pt.wikipedia.org\/wiki\/C%C3%A1ssia-de-si%C3%A3o\">clique aqui<\/a>)<\/li>\n<li>\u00c9 usada em pa\u00edses do sudeste asi\u00e1tico como controle de eros\u00e3o, abrigos vivos e quebra-ventos<\/li>\n<li>O\u00a0extrato de folhas de\u00a0<em>C. siamea<\/em> \u00e9 \u00fatil no controle do n\u00edvel de glicose no sangue, al\u00e9m de melhorar o metabolismo lip\u00eddico (<a href=\"https:\/\/www.sciencedirect.com\/science\/article\/pii\/S199576451060209X\">clique aqui)<\/a><\/li>\n<li>As folhas, caules, ra\u00edzes, flores e sementes da<em><em> C. siamea<\/em><\/em>\u00a0 vem sido usada para o tratamento de v\u00e1rias doen\u00e7as, incluindo principalmente a mal\u00e1ria, uma doen\u00e7a tropical doen\u00e7a end\u00eamica com alta morbimortalidade . Na \u00c1frica Ocidental, especialmente no pa\u00eds Burkina Faso folhas frescas e secas decoc\u00e7\u00e3o (fervida por 20 min em 1L de \u00e1gua) s\u00e3o bebidas com suco de lim\u00e3o ou para banho corporal ao longo do dia para tratar mal\u00e1ria e dist\u00farbios hep\u00e1ticos\u00a0(<a href=\"https:\/\/pdfs.semanticscholar.org\/ab06\/546a9699ea31ffe35403645466fb15b248f2.pdf\">clique aqui)<\/a><\/li>\n<li>A decoc\u00e7\u00e3o ou macera\u00e7\u00e3o da mistura de diferentes parte de<em> C. siamea<\/em> \u00e9 usada no tratamento da diabetes e tamb\u00e9m usadacomo laxante (<a href=\"https:\/\/pdfs.semanticscholar.org\/ab06\/546a9699ea31ffe35403645466fb15b248f2.pdf\">clique aqui<\/a><\/li>\n<li>Possui propriedades antimal\u00e1rico,\u00a0 antidiab\u00e9tico,\u00a0 antitumoral ou antic\u00e2ncer,\u00a0 hipotensivo, diur\u00e9tico, antioxidante, laxante, anti-inflamat\u00f3rio, analg\u00e9sico, antipir\u00e9tico, ansiol\u00edtico, antidepressivo, sedativo e atividades antimicrobianas (<a href=\"https:\/\/pdfs.semanticscholar.org\/ab06\/546a9699ea31ffe35403645466fb15b248f2.pdf\">clique aqui<\/a>)<\/li>\n<\/ul>\n<p>&nbsp;<\/p>\n<p>&nbsp;<\/p>\n<p>&nbsp;<\/p>\n<p>&nbsp;<\/p>\n","protected":false},"excerpt":{"rendered":"<p>Senna siamea Lam. Fam\u00edlia: Fabaceae Nomes populares: c\u00e1ssia-amarela e c\u00e1ssia-de-si\u00e3o Origem: Tail\u00e2ndia Ocorr\u00eancias: Norte (Amazonas, Par\u00e1, Rond\u00f4nia) Nordeste (Alagoas, Bahia,&#8230;<\/p>\n","protected":false},"author":22,"featured_media":0,"parent":27,"menu_order":0,"comment_status":"closed","ping_status":"closed","template":"","meta":{"footnotes":""},"class_list":["post-295","page","type-page","status-publish","hentry"],"_links":{"self":[{"href":"https:\/\/uenf.br\/projetos\/arvoresdauenf\/wp-json\/wp\/v2\/pages\/295","targetHints":{"allow":["GET"]}}],"collection":[{"href":"https:\/\/uenf.br\/projetos\/arvoresdauenf\/wp-json\/wp\/v2\/pages"}],"about":[{"href":"https:\/\/uenf.br\/projetos\/arvoresdauenf\/wp-json\/wp\/v2\/types\/page"}],"author":[{"embeddable":true,"href":"https:\/\/uenf.br\/projetos\/arvoresdauenf\/wp-json\/wp\/v2\/users\/22"}],"replies":[{"embeddable":true,"href":"https:\/\/uenf.br\/projetos\/arvoresdauenf\/wp-json\/wp\/v2\/comments?post=295"}],"version-history":[{"count":0,"href":"https:\/\/uenf.br\/projetos\/arvoresdauenf\/wp-json\/wp\/v2\/pages\/295\/revisions"}],"up":[{"embeddable":true,"href":"https:\/\/uenf.br\/projetos\/arvoresdauenf\/wp-json\/wp\/v2\/pages\/27"}],"wp:attachment":[{"href":"https:\/\/uenf.br\/projetos\/arvoresdauenf\/wp-json\/wp\/v2\/media?parent=295"}],"curies":[{"name":"wp","href":"https:\/\/api.w.org\/{rel}","templated":true}]}}