{"id":343,"date":"2019-05-28T11:26:59","date_gmt":"2019-05-28T14:26:59","guid":{"rendered":"http:\/\/uenf.br\/projetos\/arvoresdauenf\/?page_id=343"},"modified":"2024-03-27T16:52:41","modified_gmt":"2024-03-27T19:52:41","slug":"baoba","status":"publish","type":"page","link":"https:\/\/uenf.br\/projetos\/arvoresdauenf\/especie-2\/baoba\/","title":{"rendered":"Baob\u00e1"},"content":{"rendered":"<h2><i><b>Adansonia <\/b><\/i><b>L.<\/b><\/h2>\n<div id=\"attachment_2664\" style=\"width: 376px\" class=\"wp-caption aligncenter\"><img loading=\"lazy\" decoding=\"async\" aria-describedby=\"caption-attachment-2664\" class=\"wp-image-2664\" src=\"https:\/\/uenf.br\/projetos\/arvoresdauenf\/files\/2024\/03\/WhatsApp-Image-2024-03-25-at-15.18.37-1-225x300.jpeg\" alt=\"\" width=\"366\" height=\"488\" srcset=\"https:\/\/uenf.br\/projetos\/arvoresdauenf\/files\/2024\/03\/WhatsApp-Image-2024-03-25-at-15.18.37-1-225x300.jpeg 225w, https:\/\/uenf.br\/projetos\/arvoresdauenf\/files\/2024\/03\/WhatsApp-Image-2024-03-25-at-15.18.37-1-769x1024.jpeg 769w, https:\/\/uenf.br\/projetos\/arvoresdauenf\/files\/2024\/03\/WhatsApp-Image-2024-03-25-at-15.18.37-1-768x1023.jpeg 768w, https:\/\/uenf.br\/projetos\/arvoresdauenf\/files\/2024\/03\/WhatsApp-Image-2024-03-25-at-15.18.37-1-1153x1536.jpeg 1153w, https:\/\/uenf.br\/projetos\/arvoresdauenf\/files\/2024\/03\/WhatsApp-Image-2024-03-25-at-15.18.37-1-1537x2048.jpeg 1537w\" sizes=\"auto, (max-width: 366px) 100vw, 366px\" \/><p id=\"caption-attachment-2664\" class=\"wp-caption-text\">Baob\u00e1 no Horto Municipal de Campos dos Goytacazes. Foto: Savyo Carvalho<\/p><\/div>\n<div id=\"attachment_1738\" style=\"width: 439px\" class=\"wp-caption aligncenter\"><img loading=\"lazy\" decoding=\"async\" aria-describedby=\"caption-attachment-1738\" class=\"wp-image-1738\" src=\"http:\/\/uenf.br\/projetos\/arvoresdauenf\/files\/2020\/08\/DSC05916-min-1024x683.jpg\" alt=\"\" width=\"429\" height=\"286\" srcset=\"https:\/\/uenf.br\/projetos\/arvoresdauenf\/files\/2020\/08\/DSC05916-min-1024x683.jpg 1024w, https:\/\/uenf.br\/projetos\/arvoresdauenf\/files\/2020\/08\/DSC05916-min-300x200.jpg 300w, https:\/\/uenf.br\/projetos\/arvoresdauenf\/files\/2020\/08\/DSC05916-min-768x512.jpg 768w, https:\/\/uenf.br\/projetos\/arvoresdauenf\/files\/2020\/08\/DSC05916-min-1536x1024.jpg 1536w, https:\/\/uenf.br\/projetos\/arvoresdauenf\/files\/2020\/08\/DSC05916-min-2048x1365.jpg 2048w\" sizes=\"auto, (max-width: 429px) 100vw, 429px\" \/><p id=\"caption-attachment-1738\" class=\"wp-caption-text\">\u00c1rvore de grande porte ( medindo at\u00e9 30 metros de altura e 7\u00a0 de circunfer\u00eancia).\u00a0 Apresenta capacidade de resistir a longos per\u00edodos de seca.\u00a0 Fotos: Yara Pereira Gon\u00e7alves e Christian da Cunha Ribeiro<\/p><\/div>\n<p>&nbsp;<\/p>\n<div id=\"attachment_1739\" style=\"width: 444px\" class=\"wp-caption aligncenter\"><img loading=\"lazy\" decoding=\"async\" aria-describedby=\"caption-attachment-1739\" class=\"wp-image-1739\" src=\"http:\/\/uenf.br\/projetos\/arvoresdauenf\/files\/2020\/08\/DSC05920-min-1024x683.jpg\" alt=\"\" width=\"434\" height=\"289\" srcset=\"https:\/\/uenf.br\/projetos\/arvoresdauenf\/files\/2020\/08\/DSC05920-min-1024x683.jpg 1024w, https:\/\/uenf.br\/projetos\/arvoresdauenf\/files\/2020\/08\/DSC05920-min-300x200.jpg 300w, https:\/\/uenf.br\/projetos\/arvoresdauenf\/files\/2020\/08\/DSC05920-min-768x512.jpg 768w, https:\/\/uenf.br\/projetos\/arvoresdauenf\/files\/2020\/08\/DSC05920-min-1536x1024.jpg 1536w, https:\/\/uenf.br\/projetos\/arvoresdauenf\/files\/2020\/08\/DSC05920-min-2048x1365.jpg 2048w\" sizes=\"auto, (max-width: 434px) 100vw, 434px\" \/><p id=\"caption-attachment-1739\" class=\"wp-caption-text\">O seu tronco, al\u00e9m de apresentar resist\u00eancia ao fogo, \u00e9 um consider\u00e1vel reservat\u00f3rio natural de \u00e1gua, concentrando at\u00e9 120.000 litros de \u00e1gua, em determinados per\u00edodos de chuva.<\/p><\/div>\n<p>&nbsp;<\/p>\n<div id=\"attachment_1916\" style=\"width: 444px\" class=\"wp-caption aligncenter\"><img loading=\"lazy\" decoding=\"async\" aria-describedby=\"caption-attachment-1916\" class=\"wp-image-1916\" src=\"http:\/\/uenf.br\/projetos\/arvoresdauenf\/files\/2020\/08\/DSC05915-1024x683.jpg\" alt=\"\" width=\"434\" height=\"289\" srcset=\"https:\/\/uenf.br\/projetos\/arvoresdauenf\/files\/2020\/08\/DSC05915-1024x683.jpg 1024w, https:\/\/uenf.br\/projetos\/arvoresdauenf\/files\/2020\/08\/DSC05915-300x200.jpg 300w, https:\/\/uenf.br\/projetos\/arvoresdauenf\/files\/2020\/08\/DSC05915-768x512.jpg 768w, https:\/\/uenf.br\/projetos\/arvoresdauenf\/files\/2020\/08\/DSC05915-1536x1024.jpg 1536w, https:\/\/uenf.br\/projetos\/arvoresdauenf\/files\/2020\/08\/DSC05915-2048x1365.jpg 2048w\" sizes=\"auto, (max-width: 434px) 100vw, 434px\" \/><p id=\"caption-attachment-1916\" class=\"wp-caption-text\">\u00c9 uma \u00e1rvore formada por uma ramifica\u00e7\u00e3o peculiar de galhos e ramos.\u00a0 As folhas do Baob\u00e1 s\u00e3o geralmente compostas, por\u00e9m, os exemplares mais jovens apresentam folhas simples.<\/p><\/div>\n<p>&nbsp;<\/p>\n<p style=\"text-align: center\"><img loading=\"lazy\" decoding=\"async\" class=\" wp-image-1737 aligncenter\" src=\"http:\/\/uenf.br\/projetos\/arvoresdauenf\/files\/2020\/08\/220px-BoabPrisonTree-min.jpg\" alt=\"\" width=\"418\" height=\"279\" \/> Boab Prison Tree \u2013 Baob\u00e1 oco existente a sul de Derby, Western Australia, utilizado na d\u00e9cada de 1890 como pris\u00e3o. (<a href=\"https:\/\/theconversation.com\/dark-tourism-aboriginal-imprisonment-and-the-prison-tree-that-wasnt-75203\">clique aqui<\/a>)<\/p>\n<h3><span style=\"color: #000000\"><strong>Fam\u00edlia: Malvaceae<\/strong><\/span><\/h3>\n<div>\n<h3><span style=\"color: #000000\"><strong>Nomes populares: \u00a0<b>baob\u00e1s<\/b>,\u00a0<b>embondeiros<\/b>,\u00a0<b>imbondeiros,<\/b>\u00a0<b>calabaceiras<\/b><\/strong><\/span><\/h3>\n<h3 id=\"distribuicaoGeografica\" class=\"label\">Origem: Das nove esp\u00e9cies descritas, seis s\u00e3o nativas de Madag\u00e1scar, duas s\u00e3o nativas do continente\u00a0africano\u00a0e da\u00a0Pen\u00ednsula Ar\u00e1bica\u00a0e uma \u00e9 nativa da\u00a0Austr\u00e1lia. (<a href=\"https:\/\/pt.wikipedia.org\/wiki\/Baob%C3%A1\">clique aqui<\/a>)<\/h3>\n<h3 id=\"distribuicaoGeografica\" class=\"label\"><strong>Distribui\u00e7\u00e3o Geogr\u00e1fica\u00a0<\/strong><\/h3>\n<ul>\n<li id=\"idFieldCertezaNordeste\" class=\"field\"><b>Nordeste<\/b> (Bahia, Pernambuco, Rio Grande do Norte, Alagoas e Cear\u00e1)<\/li>\n<li class=\"field\"><b>Sudeste\u00a0<\/b>(Rio de Janeiro)<\/li>\n<li><strong>Centro Oeste<\/strong> ( Goi\u00e1s, Mato grosso)<\/li>\n<\/ul>\n<p><img loading=\"lazy\" decoding=\"async\" class=\"size-full wp-image-1740 aligncenter\" src=\"http:\/\/uenf.br\/projetos\/arvoresdauenf\/files\/2020\/08\/baoba-min.jpg\" alt=\"\" width=\"387\" height=\"384\" srcset=\"https:\/\/uenf.br\/projetos\/arvoresdauenf\/files\/2020\/08\/baoba-min.jpg 387w, https:\/\/uenf.br\/projetos\/arvoresdauenf\/files\/2020\/08\/baoba-min-300x298.jpg 300w, https:\/\/uenf.br\/projetos\/arvoresdauenf\/files\/2020\/08\/baoba-min-150x150.jpg 150w\" sizes=\"auto, (max-width: 387px) 100vw, 387px\" \/> Fonte: Flora do Brasil, 2020 (<a href=\"http:\/\/floradobrasil.jbrj.gov.br\/reflora\/listaBrasil\/ConsultaPublicaUC\/BemVindoConsultaPublicaConsultar.do?invalidatePageControlCounter=10&amp;idsFilhosAlgas=%5B2%5D&amp;idsFilhosFungos=%5B1%2C10%2C11%5D&amp;lingua=&amp;grupo=5&amp;familia=null&amp;genero=&amp;especie=&amp;autor=&amp;nomeVernaculo=&amp;nomeCompleto=Adansonia+L.&amp;formaVida=null&amp;substrato=null&amp;ocorreBrasil=QUALQUER&amp;ocorrencia=OCORRE&amp;endemismo=TODOS&amp;origem=TODOS&amp;regiao=QUALQUER&amp;estado=QUALQUER&amp;ilhaOceanica=32767&amp;domFitogeograficos=QUALQUER&amp;bacia=QUALQUER&amp;vegetacao=TODOS&amp;mostrarAte=SUBESP_VAR&amp;opcoesBusca=TODOS_OS_NOMES&amp;loginUsuario=Visitante&amp;senhaUsuario=&amp;contexto=consulta-publica\">clique aqui<\/a>)<\/p>\n<\/div>\n<h3>Curiosidades:<\/h3>\n<ul>\n<li>Na \u00c1frica numa aldeia da Seneg\u00e2mbia, os nativos aproveitaram uma \u00e1rvore com o tronco oco, para transformar o local em espa\u00e7o, onde em assembleias, discutiam os interesses da tribo (<a href=\"http:\/\/curiosidadesvegetais.blogspot.com\/2015\/02\/voce-sabia-que-o-baoba.html\">clique aqui<\/a>)<\/li>\n<li>Suas folhas servem como ingrediente principal de uma sopa chamada &#8220;miyar kuka&#8221;, muito comum entre os\u00a0<a class=\"wl\" title=\"\" href=\"https:\/\/www.wikiwand.com\/pt\/Hau%C3%A7%C3%A1s\">hau\u00e7\u00e1s<\/a>. (<a href=\"https:\/\/www.sciencedirect.com\/science\/article\/pii\/S0889157584710180\">clique aqui)<\/a><\/li>\n<li>As folhas de baob\u00e1 podem servir como uma fonte significativa de prote\u00ednas e minerais. As folhas jovens e frescas t\u00eam um teor de prote\u00ednas de 4%, e s\u00e3o ricas em vitaminas A e C, sendo ainda excelente fonte de c\u00e1lcio, ferro, pot\u00e1ssio, magn\u00e9sio, mangan\u00eas, molibd\u00eanio, f\u00f3sforo e zinco.\u00a0 \u00a0(<a href=\"https:\/\/pdfs.semanticscholar.org\/ab83\/cd5b6ab9e0c8cf4c557bb5e09c0694498e07.pdf\">clique aqui<\/a>)<\/li>\n<li>\u00a0Trazidas da \u00c1frica essas \u00e1rvores s\u00e3o consideradas sagradas e t\u00eam significado importante para as na\u00e7\u00f5es de candombl\u00e9. (<a href=\"https:\/\/www.greenme.com.br\/informarse\/biodiversidade\/5131-baoba\/\">clique aqui<\/a>)<\/li>\n<li>\u00a0O fruto tamb\u00e9m \u00e9 um importante recurso nutricional, al\u00e9m de ser utilizado no tratamento contra \u00a0diabetes. (<a href=\"https:\/\/comum.rcaap.pt\/handle\/10400.26\/25613\">clique aqui<\/a>)<\/li>\n<li>\n<div>O\u00a0 \u00f3leo das sementes contem as vitaminas A, C, E e D3 , todas importantes na preven\u00e7\u00e3o do <span class=\"goohl2\">envelhecimento<\/span>, promovendo a regenera\u00e7\u00e3o celular. (<a href=\"https:\/\/sapientia.ualg.pt\/handle\/10400.1\/9882\">clique aqui<\/a>)<\/div>\n<\/li>\n<li>\n<div>Sabe-se que a\u00a0 madeira do Baob\u00e1 \u00e9 utilizada com excel\u00eancia para fabricar instrumentos musicais.\u00a0<a href=\"https:\/\/www.revistas.usp.br\/africa\/article\/view\/102638\/100902\">(Clique aqui)<\/a><\/div>\n<\/li>\n<\/ul>\n","protected":false},"excerpt":{"rendered":"<p>Adansonia L. &nbsp; &nbsp; &nbsp; Boab Prison Tree \u2013 Baob\u00e1 oco existente a sul de Derby, Western Australia, utilizado na&#8230;<\/p>\n","protected":false},"author":22,"featured_media":0,"parent":27,"menu_order":0,"comment_status":"closed","ping_status":"closed","template":"","meta":{"footnotes":""},"class_list":["post-343","page","type-page","status-publish","hentry"],"_links":{"self":[{"href":"https:\/\/uenf.br\/projetos\/arvoresdauenf\/wp-json\/wp\/v2\/pages\/343","targetHints":{"allow":["GET"]}}],"collection":[{"href":"https:\/\/uenf.br\/projetos\/arvoresdauenf\/wp-json\/wp\/v2\/pages"}],"about":[{"href":"https:\/\/uenf.br\/projetos\/arvoresdauenf\/wp-json\/wp\/v2\/types\/page"}],"author":[{"embeddable":true,"href":"https:\/\/uenf.br\/projetos\/arvoresdauenf\/wp-json\/wp\/v2\/users\/22"}],"replies":[{"embeddable":true,"href":"https:\/\/uenf.br\/projetos\/arvoresdauenf\/wp-json\/wp\/v2\/comments?post=343"}],"version-history":[{"count":0,"href":"https:\/\/uenf.br\/projetos\/arvoresdauenf\/wp-json\/wp\/v2\/pages\/343\/revisions"}],"up":[{"embeddable":true,"href":"https:\/\/uenf.br\/projetos\/arvoresdauenf\/wp-json\/wp\/v2\/pages\/27"}],"wp:attachment":[{"href":"https:\/\/uenf.br\/projetos\/arvoresdauenf\/wp-json\/wp\/v2\/media?parent=343"}],"curies":[{"name":"wp","href":"https:\/\/api.w.org\/{rel}","templated":true}]}}