{"id":349,"date":"2019-04-03T11:53:52","date_gmt":"2019-04-03T14:53:52","guid":{"rendered":"http:\/\/uenf.br\/projetos\/arvoresdauenf\/?page_id=349"},"modified":"2019-11-25T14:27:01","modified_gmt":"2019-11-25T17:27:01","slug":"campus-leonel-brizola","status":"publish","type":"page","link":"https:\/\/uenf.br\/projetos\/arvoresdauenf\/campus-leonel-brizola\/","title":{"rendered":"Campus Leonel Brizola"},"content":{"rendered":"<p>A\u00a0 vista a\u00e9rea do <em>campus<\/em> Leonel Brizola da UENF mostra que os pr\u00e9dios s\u00e3o agrupados na forma de um cocar, em homenagem aos \u00edndios Goitac\u00e1, que habitavam a plan\u00edcie. Entre os pr\u00e9dios, este cocar assume diversas cores, conforme o florescimento das \u00e1rvores que o comp\u00f5em em forma de pequenos arboretos.<\/p>\n<p>Neste <i>campus<\/i> h\u00e1 o Centro de Conven\u00e7\u00f5es da Universidade Estadual do Norte Fluminense Darcy Ribeiro, o Parque das Energias Alternativas, o Parque de Alta Tecnologia do Norte Fluminense (TECNORTE), a Funda\u00e7\u00e3o Estadual do Norte Fluminense (FENORTE) e a Incubadora de Empresas de Base Tecnol\u00f3gica de Campos (TEC CAMPOS).\u00a0 Em 2012, a UENF foi reconhecida pelo Minist\u00e9rio da Educa\u00e7\u00e3o como a melhor universidade do estado do Rio de Janeiro e a 11\u00aa do pa\u00eds.<\/p>\n<div id=\"attachment_934\" style=\"width: 655px\" class=\"wp-caption aligncenter\"><img loading=\"lazy\" decoding=\"async\" aria-describedby=\"caption-attachment-934\" class=\"wp-image-934\" src=\"http:\/\/uenf.br\/projetos\/arvoresdauenf\/files\/2019\/11\/uenf-antiga-min-1024x481.jpg\" alt=\"\" width=\"645\" height=\"303\" srcset=\"https:\/\/uenf.br\/projetos\/arvoresdauenf\/files\/2019\/11\/uenf-antiga-min-1024x481.jpg 1024w, https:\/\/uenf.br\/projetos\/arvoresdauenf\/files\/2019\/11\/uenf-antiga-min-300x141.jpg 300w, https:\/\/uenf.br\/projetos\/arvoresdauenf\/files\/2019\/11\/uenf-antiga-min-768x361.jpg 768w, https:\/\/uenf.br\/projetos\/arvoresdauenf\/files\/2019\/11\/uenf-antiga-min.jpg 1041w\" sizes=\"auto, (max-width: 645px) 100vw, 645px\" \/><p id=\"caption-attachment-934\" class=\"wp-caption-text\"><strong>Foto da UENF, 2004<\/strong><\/p><\/div>\n<p>&nbsp;<\/p>\n<div id=\"attachment_933\" style=\"width: 654px\" class=\"wp-caption aligncenter\"><img loading=\"lazy\" decoding=\"async\" aria-describedby=\"caption-attachment-933\" class=\"wp-image-933\" src=\"http:\/\/uenf.br\/projetos\/arvoresdauenf\/files\/2019\/11\/uenf-atual-min-1024x533.jpg\" alt=\"\" width=\"644\" height=\"335\" srcset=\"https:\/\/uenf.br\/projetos\/arvoresdauenf\/files\/2019\/11\/uenf-atual-min-1024x533.jpg 1024w, https:\/\/uenf.br\/projetos\/arvoresdauenf\/files\/2019\/11\/uenf-atual-min-300x156.jpg 300w, https:\/\/uenf.br\/projetos\/arvoresdauenf\/files\/2019\/11\/uenf-atual-min-768x400.jpg 768w, https:\/\/uenf.br\/projetos\/arvoresdauenf\/files\/2019\/11\/uenf-atual-min.jpg 1055w\" sizes=\"auto, (max-width: 644px) 100vw, 644px\" \/><p id=\"caption-attachment-933\" class=\"wp-caption-text\"><strong>Foto UENF, 2019<\/strong><\/p><\/div>\n<p>&nbsp;<\/p>\n","protected":false},"excerpt":{"rendered":"<p>A\u00a0 vista a\u00e9rea do campus Leonel Brizola da UENF mostra que os pr\u00e9dios s\u00e3o agrupados na forma de um cocar,&#8230;<\/p>\n","protected":false},"author":22,"featured_media":0,"parent":0,"menu_order":0,"comment_status":"closed","ping_status":"closed","template":"","meta":{"footnotes":""},"class_list":["post-349","page","type-page","status-publish","hentry"],"_links":{"self":[{"href":"https:\/\/uenf.br\/projetos\/arvoresdauenf\/wp-json\/wp\/v2\/pages\/349","targetHints":{"allow":["GET"]}}],"collection":[{"href":"https:\/\/uenf.br\/projetos\/arvoresdauenf\/wp-json\/wp\/v2\/pages"}],"about":[{"href":"https:\/\/uenf.br\/projetos\/arvoresdauenf\/wp-json\/wp\/v2\/types\/page"}],"author":[{"embeddable":true,"href":"https:\/\/uenf.br\/projetos\/arvoresdauenf\/wp-json\/wp\/v2\/users\/22"}],"replies":[{"embeddable":true,"href":"https:\/\/uenf.br\/projetos\/arvoresdauenf\/wp-json\/wp\/v2\/comments?post=349"}],"version-history":[{"count":0,"href":"https:\/\/uenf.br\/projetos\/arvoresdauenf\/wp-json\/wp\/v2\/pages\/349\/revisions"}],"wp:attachment":[{"href":"https:\/\/uenf.br\/projetos\/arvoresdauenf\/wp-json\/wp\/v2\/media?parent=349"}],"curies":[{"name":"wp","href":"https:\/\/api.w.org\/{rel}","templated":true}]}}