{"id":360,"date":"2019-04-03T11:56:48","date_gmt":"2019-04-03T14:56:48","guid":{"rendered":"http:\/\/uenf.br\/projetos\/arvoresdauenf\/?page_id=360"},"modified":"2024-08-21T18:47:34","modified_gmt":"2024-08-21T21:47:34","slug":"campus-macae","status":"publish","type":"page","link":"https:\/\/uenf.br\/projetos\/arvoresdauenf\/campus-macae\/","title":{"rendered":"Campus Carlos Alberto Dias"},"content":{"rendered":"<p>No <em>campus<\/em> da UENF Carlos Alberto Dias, em Maca\u00e9, foram levantadas 21 esp\u00e9cies:<\/p>\n<ul>\n<li><a href=\"https:\/\/uenf.br\/projetos\/arvoresdauenf\/especie-2\/angelim\/\"><em>Andira fraxinifolia<\/em> Benth &#8211; Angelim<\/a><\/li>\n<li><a href=\"https:\/\/uenf.br\/projetos\/arvoresdauenf\/especie-2\/graviola-2\/\"><em>Annona muricata<\/em> L. &#8211; Gravioleira<\/a><\/li>\n<li><a href=\"http:\/\/uenf.br\/projetos\/arvoresdauenf\/especie-2\/pata-de-vaca\/\"><em>Bauhinia forficata<\/em> &#8211; Pata-de-vaca<\/a><\/li>\n<li><a href=\"https:\/\/uenf.br\/projetos\/arvoresdauenf\/especie-2\/figueira-benjamim\/\"><em>Ficus benjamina<\/em> L.\u00a0 &#8211; Figueira<\/a><\/li>\n<li><a href=\"http:\/\/uenf.br\/projetos\/arvoresdauenf\/especie-2\/algodao-da-praia\/\"><em>Hibiscus tiliaceus<\/em> L. &#8211; Algodoeiro da praia<\/a><\/li>\n<li><a href=\"https:\/\/uenf.br\/projetos\/arvoresdauenf\/especie-2\/acoita-cavalo\/\"><em>Luehea grandiflora<\/em> Mart. &amp; Zucc. &#8211; A\u00e7oita cavalo<\/a><\/li>\n<li><a href=\"https:\/\/uenf.br\/projetos\/arvoresdauenf\/especie-2\/acerola\/\"><em>Malpighia <span style=\"color: #000000\">emarginata <\/span><\/em><span style=\"color: #000000\">DC. <\/span>&#8211; Aceroleira<\/a><\/li>\n<li><a href=\"http:\/\/uenf.br\/projetos\/arvoresdauenf\/especie-2\/mangueira\/\"><em>Mangifera indica<\/em> L. &#8211; Mangueira<\/a><\/li>\n<li>\n<div class=\"taxon\"><a href=\"http:\/\/uenf.br\/projetos\/arvoresdauenf\/especie-2\/ipe-amarelo\/\"><i>Handroanthus chrysotrichus <\/i>(Mart. ex DC.) Mattos &#8211; Ip\u00ea amarelo<\/a><\/div>\n<\/li>\n<li>\n<div class=\"taxon\">\n<div class=\"taxon\"><a href=\"http:\/\/uenf.br\/projetos\/arvoresdauenf\/especie-2\/ipe-roxo\/\"><i>Handroanthus heptaphyllus <\/i>\u00a0(Vell.) Mattos &#8211; Ip\u00ea roxo<\/a><\/div>\n<\/div>\n<\/li>\n<li>\n<div class=\"taxon\"><a href=\"http:\/\/uenf.br\/projetos\/arvoresdauenf\/especie-2\/pau-ferro\/\"><i>Libidibia ferrea\u00a0<\/i> (Mart. ex Tul.) L.P.Queiroz &#8211; Pau-ferro<\/a><\/div>\n<\/li>\n<li><a href=\"https:\/\/uenf.br\/projetos\/arvoresdauenf\/especie-2\/munguba\/\"><em>Pachira aquatica<\/em> Aubl. &#8211; Monguba<\/a><\/li>\n<li><a href=\"https:\/\/uenf.br\/projetos\/arvoresdauenf\/especie-2\/anfico-vermelho\/\"><em>Parapiptadenia rigid<\/em>a Benth &#8211; Angico vermelho<\/a><\/li>\n<li><a href=\"https:\/\/uenf.br\/projetos\/arvoresdauenf\/especie-2\/araca\/\"><em>Psidium<\/em> L. &#8211; Ara\u00e7\u00e1<\/a><\/li>\n<li><a href=\"http:\/\/uenf.br\/projetos\/arvoresdauenf\/especie-2\/aroeira\/\"><em>Schinus terebinthifolius<\/em> Raddi &#8211; Aroeira<\/a><\/li>\n<li><a href=\"https:\/\/uenf.br\/projetos\/arvoresdauenf\/especie-2\/ipe-branco\/\"><i>Tabebuia roseoalba\u00a0<\/i> (Ridl.) Sandwith &#8211; Ip\u00ea branco<\/a><\/li>\n<li><a href=\"https:\/\/uenf.br\/projetos\/arvoresdauenf\/especie-2\/castanheira-da-praia\/\"><em>Terminalia catappa<\/em> L. &#8211; Castanheira da praia<\/a><\/li>\n<li><a href=\"https:\/\/uenf.br\/projetos\/arvoresdauenf\/especie-2\/quaresmeira\/\"><em>Tibouchina granulosa<\/em> (Desr.) Cogn. &#8211; Quaresmeira<\/a><\/li>\n<li><a href=\"https:\/\/uenf.br\/projetos\/arvoresdauenf\/campus-macae\/jacaranda-de-espinho\/\"><em>Machaerium hirtum<\/em> (Vell) Stellfeld. &#8211; Jacarand\u00e1 de espinho<\/a><\/li>\n<li><a href=\"https:\/\/uenf.br\/projetos\/arvoresdauenf\/especie-2\/leiteiro\/\"><em>Tabernaemontana hystrix<\/em> Steud. &#8211; Leiteiro<\/a><\/li>\n<li><a href=\"https:\/\/uenf.br\/projetos\/arvoresdauenf\/especie-2\/carrapeta\/\"><em>Guarea guidonia<\/em> (L.) &#8211; Carrapeta<\/a><\/li>\n<\/ul>\n<p>&nbsp;<\/p>\n<p style=\"text-align: center\"><img loading=\"lazy\" decoding=\"async\" class=\"wp-image-1303 aligncenter\" src=\"http:\/\/uenf.br\/projetos\/arvoresdauenf\/files\/2020\/07\/macae-2-min.jpg\" alt=\"\" width=\"558\" height=\"275\" srcset=\"https:\/\/uenf.br\/projetos\/arvoresdauenf\/files\/2020\/07\/macae-2-min.jpg 1008w, https:\/\/uenf.br\/projetos\/arvoresdauenf\/files\/2020\/07\/macae-2-min-300x148.jpg 300w, https:\/\/uenf.br\/projetos\/arvoresdauenf\/files\/2020\/07\/macae-2-min-768x379.jpg 768w\" sizes=\"auto, (max-width: 558px) 100vw, 558px\" \/> <strong>Foto <em>Campus<\/em> Maca\u00e9, 2003<\/strong><\/p>\n<p style=\"text-align: center\"><img loading=\"lazy\" decoding=\"async\" class=\"wp-image-1304 aligncenter\" src=\"http:\/\/uenf.br\/projetos\/arvoresdauenf\/files\/2020\/07\/Sem-t\u00edtulo-min.jpg\" alt=\"\" width=\"572\" height=\"392\" srcset=\"https:\/\/uenf.br\/projetos\/arvoresdauenf\/files\/2020\/07\/Sem-t\u00edtulo-min.jpg 813w, https:\/\/uenf.br\/projetos\/arvoresdauenf\/files\/2020\/07\/Sem-t\u00edtulo-min-300x206.jpg 300w, https:\/\/uenf.br\/projetos\/arvoresdauenf\/files\/2020\/07\/Sem-t\u00edtulo-min-768x527.jpg 768w\" sizes=\"auto, (max-width: 572px) 100vw, 572px\" \/><strong> Foto <em>Campus<\/em> Maca\u00e9, 2020<\/strong><\/p>\n<p>&nbsp;<\/p>\n<h3>Plantio 2021<\/h3>\n<p>Neste ano de 2021 foi iniciado o plantio no <em>campus<\/em> de Maca\u00e9 de mudas produzidas pela equipe do projeto. As a\u00e7\u00f5es tem sido conduzidas com todo carinho pelo Carlos Pereira de Oliveira, nosso parceiro da Ferthymar. Foram plantadas mudas de paineira rosa, sapucaia, ip\u00ea amarelo, ip\u00ea rosa, ip\u00ea verde, louro pardo, amburana, peroba do campo e cedro australiano, tornando o <em>campus<\/em> ainda mais belo e agrad\u00e1vel.<\/p>\n<p><img loading=\"lazy\" decoding=\"async\" class=\"alignnone size-medium wp-image-2056\" src=\"http:\/\/uenf.br\/projetos\/arvoresdauenf\/files\/2021\/02\/WhatsApp-Image-2021-02-09-at-10.02.26-225x300.jpeg\" alt=\"\" width=\"225\" height=\"300\" srcset=\"https:\/\/uenf.br\/projetos\/arvoresdauenf\/files\/2021\/02\/WhatsApp-Image-2021-02-09-at-10.02.26-225x300.jpeg 225w, https:\/\/uenf.br\/projetos\/arvoresdauenf\/files\/2021\/02\/WhatsApp-Image-2021-02-09-at-10.02.26-768x1024.jpeg 768w, https:\/\/uenf.br\/projetos\/arvoresdauenf\/files\/2021\/02\/WhatsApp-Image-2021-02-09-at-10.02.26.jpeg 960w\" sizes=\"auto, (max-width: 225px) 100vw, 225px\" \/> \u00a0 \u00a0\u00a0 <img loading=\"lazy\" decoding=\"async\" class=\"alignnone size-medium wp-image-2058\" src=\"http:\/\/uenf.br\/projetos\/arvoresdauenf\/files\/2021\/02\/WhatsApp-Image-2021-02-12-at-13.38.20-225x300.jpeg\" alt=\"\" width=\"225\" height=\"300\" srcset=\"https:\/\/uenf.br\/projetos\/arvoresdauenf\/files\/2021\/02\/WhatsApp-Image-2021-02-12-at-13.38.20-225x300.jpeg 225w, https:\/\/uenf.br\/projetos\/arvoresdauenf\/files\/2021\/02\/WhatsApp-Image-2021-02-12-at-13.38.20-768x1024.jpeg 768w, https:\/\/uenf.br\/projetos\/arvoresdauenf\/files\/2021\/02\/WhatsApp-Image-2021-02-12-at-13.38.20.jpeg 780w\" sizes=\"auto, (max-width: 225px) 100vw, 225px\" \/>\u00a0 \u00a0 \u00a0 <img loading=\"lazy\" decoding=\"async\" class=\"alignnone size-medium wp-image-2057\" src=\"http:\/\/uenf.br\/projetos\/arvoresdauenf\/files\/2021\/02\/WhatsApp-Image-2021-02-12-at-13.38.21-225x300.jpeg\" alt=\"\" width=\"225\" height=\"300\" srcset=\"https:\/\/uenf.br\/projetos\/arvoresdauenf\/files\/2021\/02\/WhatsApp-Image-2021-02-12-at-13.38.21-225x300.jpeg 225w, https:\/\/uenf.br\/projetos\/arvoresdauenf\/files\/2021\/02\/WhatsApp-Image-2021-02-12-at-13.38.21-768x1024.jpeg 768w, https:\/\/uenf.br\/projetos\/arvoresdauenf\/files\/2021\/02\/WhatsApp-Image-2021-02-12-at-13.38.21.jpeg 780w\" sizes=\"auto, (max-width: 225px) 100vw, 225px\" \/><\/p>\n<p>Fotos: Carlos Pereira de Oliveira<\/p>\n","protected":false},"excerpt":{"rendered":"<p>No campus da UENF Carlos Alberto Dias, em Maca\u00e9, foram levantadas 21 esp\u00e9cies: Andira fraxinifolia Benth &#8211; Angelim Annona muricata&#8230;<\/p>\n","protected":false},"author":22,"featured_media":0,"parent":0,"menu_order":0,"comment_status":"closed","ping_status":"closed","template":"","meta":{"footnotes":""},"class_list":["post-360","page","type-page","status-publish","hentry"],"_links":{"self":[{"href":"https:\/\/uenf.br\/projetos\/arvoresdauenf\/wp-json\/wp\/v2\/pages\/360","targetHints":{"allow":["GET"]}}],"collection":[{"href":"https:\/\/uenf.br\/projetos\/arvoresdauenf\/wp-json\/wp\/v2\/pages"}],"about":[{"href":"https:\/\/uenf.br\/projetos\/arvoresdauenf\/wp-json\/wp\/v2\/types\/page"}],"author":[{"embeddable":true,"href":"https:\/\/uenf.br\/projetos\/arvoresdauenf\/wp-json\/wp\/v2\/users\/22"}],"replies":[{"embeddable":true,"href":"https:\/\/uenf.br\/projetos\/arvoresdauenf\/wp-json\/wp\/v2\/comments?post=360"}],"version-history":[{"count":0,"href":"https:\/\/uenf.br\/projetos\/arvoresdauenf\/wp-json\/wp\/v2\/pages\/360\/revisions"}],"wp:attachment":[{"href":"https:\/\/uenf.br\/projetos\/arvoresdauenf\/wp-json\/wp\/v2\/media?parent=360"}],"curies":[{"name":"wp","href":"https:\/\/api.w.org\/{rel}","templated":true}]}}