{"id":364,"date":"2019-06-10T13:23:32","date_gmt":"2019-06-10T16:23:32","guid":{"rendered":"http:\/\/uenf.br\/projetos\/arvoresdauenf\/?page_id=364"},"modified":"2022-06-08T19:18:04","modified_gmt":"2022-06-08T22:18:04","slug":"figueira-benjamim","status":"publish","type":"page","link":"https:\/\/uenf.br\/projetos\/arvoresdauenf\/especie-2\/figueira-benjamim\/","title":{"rendered":"Figueira benjamim"},"content":{"rendered":"<h2><em>Ficus\u00a0benjamina\u00a0<\/em>L.<\/h2>\n<div id=\"attachment_1834\" style=\"width: 534px\" class=\"wp-caption aligncenter\"><img loading=\"lazy\" decoding=\"async\" aria-describedby=\"caption-attachment-1834\" class=\"wp-image-1834\" src=\"http:\/\/uenf.br\/projetos\/arvoresdauenf\/files\/2020\/08\/DSC05958-min-1024x683.jpg\" alt=\"\" width=\"524\" height=\"349\" srcset=\"https:\/\/uenf.br\/projetos\/arvoresdauenf\/files\/2020\/08\/DSC05958-min-1024x683.jpg 1024w, https:\/\/uenf.br\/projetos\/arvoresdauenf\/files\/2020\/08\/DSC05958-min-300x200.jpg 300w, https:\/\/uenf.br\/projetos\/arvoresdauenf\/files\/2020\/08\/DSC05958-min-768x512.jpg 768w, https:\/\/uenf.br\/projetos\/arvoresdauenf\/files\/2020\/08\/DSC05958-min-1536x1024.jpg 1536w, https:\/\/uenf.br\/projetos\/arvoresdauenf\/files\/2020\/08\/DSC05958-min-2048x1365.jpg 2048w\" sizes=\"auto, (max-width: 524px) 100vw, 524px\" \/><p id=\"caption-attachment-1834\" class=\"wp-caption-text\">Fotos: Christian da Cunha Ribeiro e Yara Pereira Gon\u00e7alves<\/p><\/div>\n<p><img loading=\"lazy\" decoding=\"async\" class=\" wp-image-1835 aligncenter\" src=\"http:\/\/uenf.br\/projetos\/arvoresdauenf\/files\/2020\/08\/DSC05960-min-1024x683.jpg\" alt=\"\" width=\"531\" height=\"354\" srcset=\"https:\/\/uenf.br\/projetos\/arvoresdauenf\/files\/2020\/08\/DSC05960-min-1024x683.jpg 1024w, https:\/\/uenf.br\/projetos\/arvoresdauenf\/files\/2020\/08\/DSC05960-min-300x200.jpg 300w, https:\/\/uenf.br\/projetos\/arvoresdauenf\/files\/2020\/08\/DSC05960-min-768x512.jpg 768w, https:\/\/uenf.br\/projetos\/arvoresdauenf\/files\/2020\/08\/DSC05960-min-1536x1024.jpg 1536w, https:\/\/uenf.br\/projetos\/arvoresdauenf\/files\/2020\/08\/DSC05960-min-2048x1365.jpg 2048w\" sizes=\"auto, (max-width: 531px) 100vw, 531px\" \/>\u00a0 <img loading=\"lazy\" decoding=\"async\" class=\" wp-image-1836 aligncenter\" src=\"http:\/\/uenf.br\/projetos\/arvoresdauenf\/files\/2020\/08\/DSC05964-min-1024x683.jpg\" alt=\"\" width=\"529\" height=\"353\" srcset=\"https:\/\/uenf.br\/projetos\/arvoresdauenf\/files\/2020\/08\/DSC05964-min-1024x683.jpg 1024w, https:\/\/uenf.br\/projetos\/arvoresdauenf\/files\/2020\/08\/DSC05964-min-300x200.jpg 300w, https:\/\/uenf.br\/projetos\/arvoresdauenf\/files\/2020\/08\/DSC05964-min-768x512.jpg 768w, https:\/\/uenf.br\/projetos\/arvoresdauenf\/files\/2020\/08\/DSC05964-min-1536x1024.jpg 1536w, https:\/\/uenf.br\/projetos\/arvoresdauenf\/files\/2020\/08\/DSC05964-min-2048x1365.jpg 2048w\" sizes=\"auto, (max-width: 529px) 100vw, 529px\" \/><\/p>\n<p style=\"text-align: center\">\n<div>\n<h3><strong>Fam\u00edlia: Moraceae<\/strong><\/h3>\n<h3><strong><span style=\"color: #000000\">Nomes populares: Berigan, figueira-benjamim.<\/span><\/strong><\/h3>\n<h3>Origem: \u00cdndia e Filipinas<\/h3>\n<h3 id=\"distribuicaoGeografica\" class=\"label\"><strong>Distribui\u00e7\u00e3o Geogr\u00e1fica<\/strong><\/h3>\n<h4 id=\"ocorrencia_confirmada\" class=\"label\">Ocorr\u00eancias:<\/h4>\n<ul>\n<li><b>Sudeste<\/b> (Rio de Janeiro)<\/li>\n<\/ul>\n<p><img loading=\"lazy\" decoding=\"async\" class=\"size-full wp-image-1749 aligncenter\" src=\"http:\/\/uenf.br\/projetos\/arvoresdauenf\/files\/2020\/08\/figueira-beijamin-min.jpg\" alt=\"\" width=\"376\" height=\"360\" srcset=\"https:\/\/uenf.br\/projetos\/arvoresdauenf\/files\/2020\/08\/figueira-beijamin-min.jpg 376w, https:\/\/uenf.br\/projetos\/arvoresdauenf\/files\/2020\/08\/figueira-beijamin-min-300x287.jpg 300w\" sizes=\"auto, (max-width: 376px) 100vw, 376px\" \/>Fonte: Flora do Brasil, 2020 (<a href=\"http:\/\/floradobrasil.jbrj.gov.br\/reflora\/listaBrasil\/ConsultaPublicaUC\/BemVindoConsultaPublicaConsultar.do?invalidatePageControlCounter=37&amp;idsFilhosAlgas=%5B2%5D&amp;idsFilhosFungos=%5B1%2C10%2C11%5D&amp;lingua=&amp;grupo=5&amp;familia=null&amp;genero=&amp;especie=&amp;autor=&amp;nomeVernaculo=&amp;nomeCompleto=Moraceae+Ficus+L.&amp;formaVida=null&amp;substrato=null&amp;ocorreBrasil=QUALQUER&amp;ocorrencia=OCORRE&amp;endemismo=TODOS&amp;origem=TODOS&amp;regiao=QUALQUER&amp;estado=QUALQUER&amp;ilhaOceanica=32767&amp;domFitogeograficos=QUALQUER&amp;bacia=QUALQUER&amp;vegetacao=TODOS&amp;mostrarAte=SUBESP_VAR&amp;opcoesBusca=TODOS_OS_NOMES&amp;loginUsuario=Visitante&amp;senhaUsuario=&amp;contexto=consulta-publica\">clique aqui<\/a>)<\/p>\n<div class=\"tabelamapa\">\n<h3>Curiosidades:<\/h3>\n<ul>\n<li>As figueiras fornecem alimento para animais frug\u00edvoros, principalmente aves e morcegos, em per\u00edodos que outros tipos de alimentos s\u00e3o escassos<\/li>\n<li>Possui infloresc\u00eancia em forma de figo com min\u00fasculas flores femininas e masculinas. A poliniza\u00e7\u00e3o s\u00f3 \u00e9 poss\u00edvel por interm\u00e9dio de min\u00fasculas vespas denominadas \u201cvespas de figo\u201d. Esses pequenos animais, pouco maiores que uma cabe\u00e7a de alfinete, entram por uma estreita abertura no figo, denominada ost\u00edolo. Uma vez l\u00e1 dentro, espalham o p\u00f3len que trouxeram depositado em seus corpos, polinizando as flores, garantindo a produ\u00e7\u00e3o de sementes e a sobreviv\u00eancia das figueiras. (<a href=\"http:\/\/sites.ffclrp.usp.br\/ficus\/\">clique aqui<\/a>)<\/li>\n<li>\u00a0Os extratos dos seus frutos possui atividade antibacteriana (<a href=\"http:\/\/www.sbpmed.org.br\/download\/issn_07_2\/artigo7_v9n2_67-70.pdf\">clique aqui<\/a>)<\/li>\n<li>\u00a0Possui ra\u00edzes extremamente agressivas, n\u00e3o devendo ser plantado em vias p\u00fablicas. Recomendado para parques e jardins (<a href=\"http:\/\/www.anavilhana.com.br\/blog\/2008\/12\/ficus-benjamina-ele-e-um-perigo\/\">clique aqui<\/a>)<\/li>\n<li>Uma \u00e1rvore muito encontrada e utilizada principalmente na decora\u00e7\u00e3o de ambientes internos e jardins (<a href=\"http:\/\/revistaea.org\/pf.php?idartigo=2737\">clique aqui<\/a>)<\/li>\n<\/ul>\n<\/div>\n<\/div>\n","protected":false},"excerpt":{"rendered":"<p>Ficus\u00a0benjamina\u00a0L. \u00a0 Fam\u00edlia: Moraceae Nomes populares: Berigan, figueira-benjamim. Origem: \u00cdndia e Filipinas Distribui\u00e7\u00e3o Geogr\u00e1fica Ocorr\u00eancias: Sudeste (Rio de Janeiro) Fonte:&#8230;<\/p>\n","protected":false},"author":22,"featured_media":0,"parent":27,"menu_order":0,"comment_status":"closed","ping_status":"closed","template":"","meta":{"footnotes":""},"class_list":["post-364","page","type-page","status-publish","hentry"],"_links":{"self":[{"href":"https:\/\/uenf.br\/projetos\/arvoresdauenf\/wp-json\/wp\/v2\/pages\/364","targetHints":{"allow":["GET"]}}],"collection":[{"href":"https:\/\/uenf.br\/projetos\/arvoresdauenf\/wp-json\/wp\/v2\/pages"}],"about":[{"href":"https:\/\/uenf.br\/projetos\/arvoresdauenf\/wp-json\/wp\/v2\/types\/page"}],"author":[{"embeddable":true,"href":"https:\/\/uenf.br\/projetos\/arvoresdauenf\/wp-json\/wp\/v2\/users\/22"}],"replies":[{"embeddable":true,"href":"https:\/\/uenf.br\/projetos\/arvoresdauenf\/wp-json\/wp\/v2\/comments?post=364"}],"version-history":[{"count":0,"href":"https:\/\/uenf.br\/projetos\/arvoresdauenf\/wp-json\/wp\/v2\/pages\/364\/revisions"}],"up":[{"embeddable":true,"href":"https:\/\/uenf.br\/projetos\/arvoresdauenf\/wp-json\/wp\/v2\/pages\/27"}],"wp:attachment":[{"href":"https:\/\/uenf.br\/projetos\/arvoresdauenf\/wp-json\/wp\/v2\/media?parent=364"}],"curies":[{"name":"wp","href":"https:\/\/api.w.org\/{rel}","templated":true}]}}