{"id":371,"date":"2019-06-10T13:32:54","date_gmt":"2019-06-10T16:32:54","guid":{"rendered":"http:\/\/uenf.br\/projetos\/arvoresdauenf\/?page_id=371"},"modified":"2020-11-02T14:41:38","modified_gmt":"2020-11-02T17:41:38","slug":"figueira-branca","status":"publish","type":"page","link":"https:\/\/uenf.br\/projetos\/arvoresdauenf\/especie-2\/figueira-branca\/","title":{"rendered":"Figueira branca"},"content":{"rendered":"<h2><em>Ficus elastica<\/em> Roxb.\u00a0ex Hornem<\/h2>\n<div id=\"attachment_543\" style=\"width: 468px\" class=\"wp-caption aligncenter\"><img loading=\"lazy\" decoding=\"async\" aria-describedby=\"caption-attachment-543\" class=\"wp-image-543\" src=\"http:\/\/uenf.br\/projetos\/arvoresdauenf\/files\/2019\/06\/DSC05933-min.jpg\" alt=\"\" width=\"458\" height=\"305\" \/><p id=\"caption-attachment-543\" class=\"wp-caption-text\">Fotos: Yara Pereira Gon\u00e7alves e Christian da Cunha Ribeiro<\/p><\/div>\n<p><img loading=\"lazy\" decoding=\"async\" class=\" wp-image-1838 aligncenter\" src=\"http:\/\/uenf.br\/projetos\/arvoresdauenf\/files\/2020\/08\/DSC05925-min-1024x683.jpg\" alt=\"\" width=\"468\" height=\"312\" srcset=\"https:\/\/uenf.br\/projetos\/arvoresdauenf\/files\/2020\/08\/DSC05925-min-1024x683.jpg 1024w, https:\/\/uenf.br\/projetos\/arvoresdauenf\/files\/2020\/08\/DSC05925-min-300x200.jpg 300w, https:\/\/uenf.br\/projetos\/arvoresdauenf\/files\/2020\/08\/DSC05925-min-768x512.jpg 768w, https:\/\/uenf.br\/projetos\/arvoresdauenf\/files\/2020\/08\/DSC05925-min-1536x1024.jpg 1536w, https:\/\/uenf.br\/projetos\/arvoresdauenf\/files\/2020\/08\/DSC05925-min-2048x1365.jpg 2048w\" sizes=\"auto, (max-width: 468px) 100vw, 468px\" \/>\u00a0 <img loading=\"lazy\" decoding=\"async\" class=\" wp-image-1839 aligncenter\" src=\"http:\/\/uenf.br\/projetos\/arvoresdauenf\/files\/2020\/08\/DSC05927-min-1024x683.jpg\" alt=\"\" width=\"474\" height=\"316\" srcset=\"https:\/\/uenf.br\/projetos\/arvoresdauenf\/files\/2020\/08\/DSC05927-min-1024x683.jpg 1024w, https:\/\/uenf.br\/projetos\/arvoresdauenf\/files\/2020\/08\/DSC05927-min-300x200.jpg 300w, https:\/\/uenf.br\/projetos\/arvoresdauenf\/files\/2020\/08\/DSC05927-min-768x512.jpg 768w, https:\/\/uenf.br\/projetos\/arvoresdauenf\/files\/2020\/08\/DSC05927-min-1536x1024.jpg 1536w, https:\/\/uenf.br\/projetos\/arvoresdauenf\/files\/2020\/08\/DSC05927-min-2048x1365.jpg 2048w\" sizes=\"auto, (max-width: 474px) 100vw, 474px\" \/><\/p>\n<h3><strong>Fam\u00edlia: Moraceae<\/strong><\/h3>\n<h3><strong>Nomes populares: figueira branca, borracheira, \u00e1rvore da borracha, falsa seringueira<\/strong><\/h3>\n<h3>Origem: se estende do subcontinente indiano\u00a0(Assam) at\u00e9 a Mal\u00e1sia e a Indon\u00e9sia\u00a0(Java\u00a0e\u00a0Samatra)<\/h3>\n<h3 id=\"distribuicaoGeografica\" class=\"label\"><strong>Distribui\u00e7\u00e3o Geogr\u00e1fica<\/strong><\/h3>\n<h4 id=\"ocorrencia_confirmada\" class=\"label\">Ocorr\u00eancias:<\/h4>\n<ul>\n<li><b>Sudeste<\/b>\u00a0(Rio de Janeiro)<\/li>\n<\/ul>\n<p><img loading=\"lazy\" decoding=\"async\" class=\"size-full wp-image-1751 aligncenter\" src=\"http:\/\/uenf.br\/projetos\/arvoresdauenf\/files\/2020\/08\/figueira-branca-min.jpg\" alt=\"\" width=\"365\" height=\"337\" srcset=\"https:\/\/uenf.br\/projetos\/arvoresdauenf\/files\/2020\/08\/figueira-branca-min.jpg 365w, https:\/\/uenf.br\/projetos\/arvoresdauenf\/files\/2020\/08\/figueira-branca-min-300x277.jpg 300w\" sizes=\"auto, (max-width: 365px) 100vw, 365px\" \/> Fonte: Flora do Brasil, 2020 (<a href=\"http:\/\/floradobrasil.jbrj.gov.br\/reflora\/listaBrasil\/ConsultaPublicaUC\/BemVindoConsultaPublicaConsultar.do?invalidatePageControlCounter=37&amp;idsFilhosAlgas=%5B2%5D&amp;idsFilhosFungos=%5B1%2C10%2C11%5D&amp;lingua=&amp;grupo=5&amp;familia=null&amp;genero=&amp;especie=&amp;autor=&amp;nomeVernaculo=&amp;nomeCompleto=Moraceae+Ficus+L.&amp;formaVida=null&amp;substrato=null&amp;ocorreBrasil=QUALQUER&amp;ocorrencia=OCORRE&amp;endemismo=TODOS&amp;origem=TODOS&amp;regiao=QUALQUER&amp;estado=QUALQUER&amp;ilhaOceanica=32767&amp;domFitogeograficos=QUALQUER&amp;bacia=QUALQUER&amp;vegetacao=TODOS&amp;mostrarAte=SUBESP_VAR&amp;opcoesBusca=TODOS_OS_NOMES&amp;loginUsuario=Visitante&amp;senhaUsuario=&amp;contexto=consulta-publica\">clique aqui<\/a>)<\/p>\n<div class=\"tabelamapa\">\n<h3 class=\"dominiosFitogeograficos\">Curiosidades:<\/h3>\n<ul>\n<li>Quando cortada, a planta derrama um l\u00e1tex t\u00f3xico, esbranqui\u00e7ado e muito viscoso. Este l\u00e1tex foi utilizado como mat\u00e9ria-prima no fabrico de borracha. (<a href=\"http:\/\/www.biologico.agricultura.sp.gov.br\/uploads\/docs\/bio\/v74_1\/russomanno2.pdf\">clique aqui<\/a>)<\/li>\n<li>Quando adulta, desenvolver ra\u00edzes a\u00e9reas. Estas ra\u00edzes crescem em dire\u00e7\u00e3o ao solo, transformando-se em troncos auxiliares, que ajudam a suportar os pesados ramos.<\/li>\n<li>A planta cresce melhor em zonas com forte insola\u00e7\u00e3o, embora seja extremamente tolerante \u00e0 sombra. Temperaturas muito elevadas reduzem o crescimento das folhas. Suporta bem a seca, mas prefere zonas bem irrigadas.<\/li>\n<li>O g\u00eanero <em>Ficus<\/em> apresenta infloresc\u00eancia em sic\u00f4nio ou figo. Quando jovens e com flores femininas receptivas, vespas f\u00eameas acasaladas e carregadas de p\u00f3len penetram no sic\u00f4nio atrav\u00e9s do ost\u00edolo, polinizam as flores femininas e depositam ovos nos ov\u00e1rios de algumas delas. As f\u00eameas morrem no interior do sic\u00f4nio. Nas semanas seguintes, frutos se desenvolvem nas flores polinizadas e larvas de vespas polinizadoras crescem em flores nas quais ovos foram depositados, formando uma galha. Antes do amadurecimento do sic\u00f4nio, os machos emergem\u00a0 e vasculham o interior do sic\u00f4nio em busca de f\u00eameas. Ap\u00f3s o acasalamento, as f\u00eameas emergem das galhas com o p\u00f3len das flores masculinas rec\u00e9m-amadurecidas e abandonam o siconio, recome\u00e7ando o ciclo em outra planta (<a href=\"https:\/\/www.scielo.br\/scielo.php?pid=S0073-47212007000400013&amp;script=sci_arttext\">clique aqui<\/a>).<\/li>\n<\/ul>\n<\/div>\n","protected":false},"excerpt":{"rendered":"<p>Ficus elastica Roxb.\u00a0ex Hornem \u00a0 Fam\u00edlia: Moraceae Nomes populares: figueira branca, borracheira, \u00e1rvore da borracha, falsa seringueira Origem: se estende&#8230;<\/p>\n","protected":false},"author":22,"featured_media":0,"parent":27,"menu_order":0,"comment_status":"closed","ping_status":"closed","template":"","meta":{"footnotes":""},"class_list":["post-371","page","type-page","status-publish","hentry"],"_links":{"self":[{"href":"https:\/\/uenf.br\/projetos\/arvoresdauenf\/wp-json\/wp\/v2\/pages\/371","targetHints":{"allow":["GET"]}}],"collection":[{"href":"https:\/\/uenf.br\/projetos\/arvoresdauenf\/wp-json\/wp\/v2\/pages"}],"about":[{"href":"https:\/\/uenf.br\/projetos\/arvoresdauenf\/wp-json\/wp\/v2\/types\/page"}],"author":[{"embeddable":true,"href":"https:\/\/uenf.br\/projetos\/arvoresdauenf\/wp-json\/wp\/v2\/users\/22"}],"replies":[{"embeddable":true,"href":"https:\/\/uenf.br\/projetos\/arvoresdauenf\/wp-json\/wp\/v2\/comments?post=371"}],"version-history":[{"count":0,"href":"https:\/\/uenf.br\/projetos\/arvoresdauenf\/wp-json\/wp\/v2\/pages\/371\/revisions"}],"up":[{"embeddable":true,"href":"https:\/\/uenf.br\/projetos\/arvoresdauenf\/wp-json\/wp\/v2\/pages\/27"}],"wp:attachment":[{"href":"https:\/\/uenf.br\/projetos\/arvoresdauenf\/wp-json\/wp\/v2\/media?parent=371"}],"curies":[{"name":"wp","href":"https:\/\/api.w.org\/{rel}","templated":true}]}}