{"id":385,"date":"2019-05-28T11:31:55","date_gmt":"2019-05-28T14:31:55","guid":{"rendered":"http:\/\/uenf.br\/projetos\/arvoresdauenf\/?page_id=385"},"modified":"2020-08-05T20:58:16","modified_gmt":"2020-08-05T23:58:16","slug":"jambo","status":"publish","type":"page","link":"https:\/\/uenf.br\/projetos\/arvoresdauenf\/especie-2\/jambo\/","title":{"rendered":"Jambo"},"content":{"rendered":"<h2><strong><i>Syzygium <\/i><\/strong><i>jambos\u00a0<\/i>\u00a0(L.) Alston<\/h2>\n<p><img loading=\"lazy\" decoding=\"async\" class=\"wp-image-395 aligncenter\" src=\"http:\/\/uenf.br\/projetos\/arvoresdauenf\/files\/2019\/06\/DSC05682-min.jpg\" alt=\"\" width=\"354\" height=\"266\" \/><\/p>\n<div id=\"attachment_396\" style=\"width: 361px\" class=\"wp-caption aligncenter\"><img loading=\"lazy\" decoding=\"async\" aria-describedby=\"caption-attachment-396\" class=\"wp-image-396\" src=\"http:\/\/uenf.br\/projetos\/arvoresdauenf\/files\/2019\/06\/DSC05683-min.jpg\" alt=\"\" width=\"351\" height=\"264\" \/><p id=\"caption-attachment-396\" class=\"wp-caption-text\">Fotos: Gabriel de Souza Silva<\/p><\/div>\n<div id=\"attachment_1659\" style=\"width: 351px\" class=\"wp-caption aligncenter\"><img loading=\"lazy\" decoding=\"async\" aria-describedby=\"caption-attachment-1659\" class=\"wp-image-1659\" src=\"http:\/\/uenf.br\/projetos\/arvoresdauenf\/files\/2020\/08\/IMG_4986-768x1024.jpg\" alt=\"\" width=\"341\" height=\"455\" srcset=\"https:\/\/uenf.br\/projetos\/arvoresdauenf\/files\/2020\/08\/IMG_4986-768x1024.jpg 768w, https:\/\/uenf.br\/projetos\/arvoresdauenf\/files\/2020\/08\/IMG_4986-225x300.jpg 225w, https:\/\/uenf.br\/projetos\/arvoresdauenf\/files\/2020\/08\/IMG_4986-1152x1536.jpg 1152w, https:\/\/uenf.br\/projetos\/arvoresdauenf\/files\/2020\/08\/IMG_4986-1536x2048.jpg 1536w\" sizes=\"auto, (max-width: 341px) 100vw, 341px\" \/><p id=\"caption-attachment-1659\" class=\"wp-caption-text\">Foto: Yara Pereira<\/p><\/div>\n<h3><strong>Fam\u00edlia: Myrtaceae<\/strong><\/h3>\n<h3><strong>Nomes populares: \u00a0jambo amarelo, jambo-comum, jambo-da-\u00edndia, jambo-verdadeiro, jambo-cheiroso, jambeiro<\/strong><\/h3>\n<h3><strong>Origem:<\/strong> \u00cdndia e algumas ilhas da Mal\u00e1sia<\/h3>\n<h3 id=\"distribuicaoGeografica\" class=\"label\"><strong>Distribui\u00e7\u00e3o Geogr\u00e1fica<\/strong><\/h3>\n<div class=\"tabelamapa\">\n<h4 id=\"ocorrencia_confirmada\" class=\"label\">Ocorr\u00eancias:<\/h4>\n<div id=\"tr-carregaTaxonGrupoDistribuicaoGeograficaCertezaNordeste\" class=\"distribuicaoGeograficaCertezaNordeste\">\n<ul>\n<li id=\"idFieldCertezaNordeste\" class=\"field\"><b>Nordeste<\/b> (Bahia)<\/li>\n<li class=\"field\"><b>Sudeste<\/b> (Esp\u00edrito Santo, Minas Gerais, Rio de Janeiro, S\u00e3o Paulo)<\/li>\n<li class=\"field\"><b>Sul<\/b> (Paran\u00e1, Rio Grande do Sul, Santa Catarina)<\/li>\n<\/ul>\n<\/div>\n<div id=\"tr-carregaTaxonGrupoDistribuicaoGeograficaCertezaSul\" class=\"distribuicaoGeograficaCertezaSul\">\n<h3 class=\"field\" style=\"text-align: left\">Dom\u00ednios Fitogeogr\u00e1ficos<\/h3>\n<\/div>\n<div>\n<div class=\"dominiosFitogeograficos\">\n<div class=\"label\">\n<div class=\"dominiosFitogeograficos\">\n<ul>\n<li class=\"label\">Cerrado, Mata Atl\u00e2ntica<\/li>\n<\/ul>\n<\/div>\n<\/div>\n<\/div>\n<div class=\"field\"><img loading=\"lazy\" decoding=\"async\" class=\"size-full wp-image-411 aligncenter\" src=\"http:\/\/uenf.br\/projetos\/arvoresdauenf\/files\/2019\/06\/jambo.png\" alt=\"\" width=\"373\" height=\"386\" \/><\/div>\n<\/div>\n<\/div>\n<p>Fonte: Flora do Brasil, 2020 (<a href=\"http:\/\/www.floradobrasil.jbrj.gov.br\/reflora\/listaBrasil\/ConsultaPublicaUC\/BemVindoConsultaPublicaConsultar.do?invalidatePageControlCounter=34&amp;idsFilhosAlgas=%5B2%5D&amp;idsFilhosFungos=%5B1%2C10%2C11%5D&amp;lingua=&amp;grupo=5&amp;familia=null&amp;genero=&amp;especie=&amp;autor=&amp;nomeVernaculo=&amp;nomeCompleto=Syzygium+jambos&amp;formaVida=null&amp;substrato=null&amp;ocorreBrasil=QUALQUER&amp;ocorrencia=OCORRE&amp;endemismo=TODOS&amp;origem=TODOS&amp;regiao=QUALQUER&amp;estado=QUALQUER&amp;ilhaOceanica=32767&amp;domFitogeograficos=QUALQUER&amp;bacia=QUALQUER&amp;vegetacao=TODOS&amp;mostrarAte=SUBESP_VAR&amp;opcoesBusca=TODOS_OS_NOMES&amp;loginUsuario=Visitante&amp;senhaUsuario=&amp;contexto=consulta-publica\">clique aqui<\/a>)<\/p>\n<h3><strong>Curiosidades:<\/strong><\/h3>\n<ul>\n<li>\u00c9 eficaz contra a dor de cabe\u00e7a, catarro e tosse.<\/li>\n<li>Aux\u00edlio \u00e0 preven\u00e7\u00e3o da diabetes do tipo 2 (<a href=\"https:\/\/www.mundoboaforma.com.br\/6-beneficios-da-fruta-jambo-para-que-serve-e-propriedades\/\">clique aqui<\/a>)<\/li>\n<li>Contribui\u00e7\u00e3o com a melhoria da mem\u00f3ria<\/li>\n<li>Efeito diur\u00e9tico<\/li>\n<li>Fonte de antioxidantes (folhas &#8211; <a href=\"http:\/\/www.scielo.br\/scielo.php?script=sci_arttext&amp;pid=S0102-695X2009000100018&amp;lng=en&amp;nrm=iso\">clique aqui)<\/a><\/li>\n<\/ul>\n<p>Ambientes com temperaturas <span style=\"font-family: Symbol\">\u00a3<\/span>20<sup>o<\/sup>C e por UR noturna\u00a0<span style=\"font-family: Symbol\">\u00b3<\/span>80%, favorecem a incid\u00eancia de ferrugem em jambeiro (<i>Puccinia psidii<\/i> Winter) &#8211; <a href=\"http:\/\/www.scielo.br\/scielo.php?script=sci_abstract&amp;pid=S0100-204X2001000600001&amp;lng=en&amp;nrm=iso&amp;tlng=pt\">clique aqui<\/a><\/p>\n","protected":false},"excerpt":{"rendered":"<p>Syzygium jambos\u00a0\u00a0(L.) Alston Fam\u00edlia: Myrtaceae Nomes populares: \u00a0jambo amarelo, jambo-comum, jambo-da-\u00edndia, jambo-verdadeiro, jambo-cheiroso, jambeiro Origem: \u00cdndia e algumas ilhas da&#8230;<\/p>\n","protected":false},"author":22,"featured_media":0,"parent":27,"menu_order":0,"comment_status":"closed","ping_status":"closed","template":"","meta":{"footnotes":""},"class_list":["post-385","page","type-page","status-publish","hentry"],"_links":{"self":[{"href":"https:\/\/uenf.br\/projetos\/arvoresdauenf\/wp-json\/wp\/v2\/pages\/385","targetHints":{"allow":["GET"]}}],"collection":[{"href":"https:\/\/uenf.br\/projetos\/arvoresdauenf\/wp-json\/wp\/v2\/pages"}],"about":[{"href":"https:\/\/uenf.br\/projetos\/arvoresdauenf\/wp-json\/wp\/v2\/types\/page"}],"author":[{"embeddable":true,"href":"https:\/\/uenf.br\/projetos\/arvoresdauenf\/wp-json\/wp\/v2\/users\/22"}],"replies":[{"embeddable":true,"href":"https:\/\/uenf.br\/projetos\/arvoresdauenf\/wp-json\/wp\/v2\/comments?post=385"}],"version-history":[{"count":0,"href":"https:\/\/uenf.br\/projetos\/arvoresdauenf\/wp-json\/wp\/v2\/pages\/385\/revisions"}],"up":[{"embeddable":true,"href":"https:\/\/uenf.br\/projetos\/arvoresdauenf\/wp-json\/wp\/v2\/pages\/27"}],"wp:attachment":[{"href":"https:\/\/uenf.br\/projetos\/arvoresdauenf\/wp-json\/wp\/v2\/media?parent=385"}],"curies":[{"name":"wp","href":"https:\/\/api.w.org\/{rel}","templated":true}]}}