{"id":39,"date":"2019-01-08T16:51:11","date_gmt":"2019-01-08T18:51:11","guid":{"rendered":"http:\/\/uenf.br\/projetos\/arvoresdauenf\/?page_id=39"},"modified":"2020-08-11T02:18:13","modified_gmt":"2020-08-11T05:18:13","slug":"mulungu","status":"publish","type":"page","link":"https:\/\/uenf.br\/projetos\/arvoresdauenf\/especie-2\/mulungu\/","title":{"rendered":"Mulungu"},"content":{"rendered":"<h2><em>Erythrina<\/em> <em>velutina<\/em> Willd.<\/h2>\n<h3><strong><span style=\"color: #000000\">Fam\u00edlia: Fabaceae &#8211; Faboideae<\/span><\/strong><\/h3>\n<h3><strong><span style=\"color: #000000\">Nomes populares: Mulungu, Eritrina e Suin\u00e3<\/span><\/strong><\/h3>\n<h3>Origem: Nativa da Caatinga, do Nordeste brasileiro e do Vale do S\u00e3o Francisco<\/h3>\n<h3 id=\"distribuicaoGeografica\" class=\"label\"><strong>Distribui\u00e7\u00e3o Geogr\u00e1fica:<\/strong><\/h3>\n<h3 id=\"distribuicaoGeografica\" class=\"label\">\u00a0 \u00a0 \u00a0 \u00a0 \u00a0 \u00a0Ocorr\u00eacias:<\/h3>\n<ul>\n<li><b>Nordeste<\/b> (Alagoas, Bahia, Cear\u00e1, Para\u00edba, Pernambuco, Piau\u00ed, Rio Grande do Norte, Sergipe)<\/li>\n<li><b>Sudeste<\/b> (Minas Gerais)<\/li>\n<li>Ilhas Oce\u00e2nicas &#8211; Fernando de Noronha<\/li>\n<\/ul>\n<h3>Dom\u00ednio Fitogeogr\u00e1fico<\/h3>\n<p>Caatinga e Cerrado<\/p>\n<p><img loading=\"lazy\" decoding=\"async\" class=\" wp-image-1346 aligncenter\" src=\"http:\/\/uenf.br\/projetos\/arvoresdauenf\/files\/2020\/07\/mapa-erythrina-292x300.png\" alt=\"\" width=\"312\" height=\"321\" srcset=\"https:\/\/uenf.br\/projetos\/arvoresdauenf\/files\/2020\/07\/mapa-erythrina-292x300.png 292w, https:\/\/uenf.br\/projetos\/arvoresdauenf\/files\/2020\/07\/mapa-erythrina.png 645w\" sizes=\"auto, (max-width: 312px) 100vw, 312px\" \/><\/p>\n<p>Fonte: Flora do Brasil, 2020 (<a href=\"http:\/\/floradobrasil.jbrj.gov.br\/reflora\/listaBrasil\/ConsultaPublicaUC\/BemVindoConsultaPublicaConsultar.do?invalidatePageControlCounter=1&amp;idsFilhosAlgas=%5B2%5D&amp;idsFilhosFungos=%5B1%2C10%2C11%5D&amp;lingua=&amp;grupo=5&amp;familia=null&amp;genero=&amp;especie=&amp;autor=&amp;nomeVernaculo=&amp;nomeCompleto=Erythrina+velutina&amp;formaVida=null&amp;substrato=null&amp;ocorreBrasil=QUALQUER&amp;ocorrencia=OCORRE&amp;endemismo=TODOS&amp;origem=TODOS&amp;regiao=QUALQUER&amp;estado=QUALQUER&amp;ilhaOceanica=32767&amp;domFitogeograficos=QUALQUER&amp;bacia=QUALQUER&amp;vegetacao=TODOS&amp;mostrarAte=SUBESP_VAR&amp;opcoesBusca=TODOS_OS_NOMES&amp;loginUsuario=Visitante&amp;senhaUsuario=&amp;contexto=consulta-publica\">clique aqui<\/a>)<\/p>\n<div id=\"attachment_739\" style=\"width: 399px\" class=\"wp-caption alignleft\"><img loading=\"lazy\" decoding=\"async\" aria-describedby=\"caption-attachment-739\" class=\"wp-image-739\" src=\"http:\/\/uenf.br\/projetos\/arvoresdauenf\/files\/2019\/08\/15.04.1998.01-1024x673.jpg\" alt=\"\" width=\"389\" height=\"256\" srcset=\"https:\/\/uenf.br\/projetos\/arvoresdauenf\/files\/2019\/08\/15.04.1998.01-1024x673.jpg 1024w, https:\/\/uenf.br\/projetos\/arvoresdauenf\/files\/2019\/08\/15.04.1998.01-300x197.jpg 300w, https:\/\/uenf.br\/projetos\/arvoresdauenf\/files\/2019\/08\/15.04.1998.01-768x505.jpg 768w, https:\/\/uenf.br\/projetos\/arvoresdauenf\/files\/2019\/08\/15.04.1998.01-150x99.jpg 150w, https:\/\/uenf.br\/projetos\/arvoresdauenf\/files\/2019\/08\/15.04.1998.01-400x263.jpg 400w, https:\/\/uenf.br\/projetos\/arvoresdauenf\/files\/2019\/08\/15.04.1998.01.jpg 1788w\" sizes=\"auto, (max-width: 389px) 100vw, 389px\" \/><p id=\"caption-attachment-739\" class=\"wp-caption-text\">Mudas de mulungu, em 1998. Foto: Jos\u00e9 Geraldo A. Carneiro<\/p><\/div>\n<div id=\"attachment_1439\" style=\"width: 358px\" class=\"wp-caption alignright\"><img loading=\"lazy\" decoding=\"async\" aria-describedby=\"caption-attachment-1439\" class=\"wp-image-1439\" src=\"http:\/\/uenf.br\/projetos\/arvoresdauenf\/files\/2020\/07\/IMG_3462-1-1024x768.jpeg\" alt=\"\" width=\"348\" height=\"261\" srcset=\"https:\/\/uenf.br\/projetos\/arvoresdauenf\/files\/2020\/07\/IMG_3462-1-1024x768.jpeg 1024w, https:\/\/uenf.br\/projetos\/arvoresdauenf\/files\/2020\/07\/IMG_3462-1-300x225.jpeg 300w, https:\/\/uenf.br\/projetos\/arvoresdauenf\/files\/2020\/07\/IMG_3462-1-768x576.jpeg 768w, https:\/\/uenf.br\/projetos\/arvoresdauenf\/files\/2020\/07\/IMG_3462-1-1536x1152.jpeg 1536w, https:\/\/uenf.br\/projetos\/arvoresdauenf\/files\/2020\/07\/IMG_3462-1-2048x1536.jpeg 2048w\" sizes=\"auto, (max-width: 348px) 100vw, 348px\" \/><p id=\"caption-attachment-1439\" class=\"wp-caption-text\">\u00c1rvores de mulungu, em 2019. H\u00e1 77 indiv\u00edduos adultos no campus Leonel Brizola.<\/p><\/div>\n<p>&nbsp;<\/p>\n<p>&nbsp;<\/p>\n<p>&nbsp;<\/p>\n<p>&nbsp;<\/p>\n<p>&nbsp;<\/p>\n<p>&nbsp;<\/p>\n<p>&nbsp;<\/p>\n<p>&nbsp;<\/p>\n<div id=\"attachment_905\" style=\"width: 624px\" class=\"wp-caption aligncenter\"><img loading=\"lazy\" decoding=\"async\" aria-describedby=\"caption-attachment-905\" class=\"wp-image-905\" src=\"http:\/\/uenf.br\/projetos\/arvoresdauenf\/files\/2019\/10\/P1020731-1024x768.jpg\" alt=\"\" width=\"614\" height=\"460\" srcset=\"https:\/\/uenf.br\/projetos\/arvoresdauenf\/files\/2019\/10\/P1020731-1024x768.jpg 1024w, https:\/\/uenf.br\/projetos\/arvoresdauenf\/files\/2019\/10\/P1020731-300x225.jpg 300w, https:\/\/uenf.br\/projetos\/arvoresdauenf\/files\/2019\/10\/P1020731-768x576.jpg 768w, https:\/\/uenf.br\/projetos\/arvoresdauenf\/files\/2019\/10\/P1020731-150x113.jpg 150w, https:\/\/uenf.br\/projetos\/arvoresdauenf\/files\/2019\/10\/P1020731-400x300.jpg 400w\" sizes=\"auto, (max-width: 614px) 100vw, 614px\" \/><p id=\"caption-attachment-905\" class=\"wp-caption-text\">Foto: Cl\u00e1udia Sales Marinho<\/p><\/div>\n<div id=\"attachment_1859\" style=\"width: 545px\" class=\"wp-caption aligncenter\"><img loading=\"lazy\" decoding=\"async\" aria-describedby=\"caption-attachment-1859\" class=\"wp-image-1859\" src=\"http:\/\/uenf.br\/projetos\/arvoresdauenf\/files\/2020\/08\/DSCN7479-1.jpg\" alt=\"\" width=\"535\" height=\"401\" srcset=\"https:\/\/uenf.br\/projetos\/arvoresdauenf\/files\/2020\/08\/DSCN7479-1.jpg 320w, https:\/\/uenf.br\/projetos\/arvoresdauenf\/files\/2020\/08\/DSCN7479-1-300x225.jpg 300w\" sizes=\"auto, (max-width: 535px) 100vw, 535px\" \/><p id=\"caption-attachment-1859\" class=\"wp-caption-text\">Flor da Erythrina velutina Willd Foto: Rubens Teixeira de Queiroz (<a href=\"http:\/\/rubens-plantasdobrasil.blogspot.com\/2012\/08\/erythrina-velutina-willd.html\">clique aqui<\/a>)<\/p><\/div>\n<h3>Curiosidades:<\/h3>\n<ul>\n<li>O extrato hidroalco\u00f3lico da casca do caule de <em>Erythrina velutina<\/em> exerce efeito ansiol\u00edtico em camundongos e pode servir como uma nova abordagem para o tratamento da ansiedade, embora apresente efeito amn\u00e9sico em doses baixas\u00a0 <a href=\"https:\/\/www.sciencedirect.com\/science\/article\/abs\/pii\/S0378874108002183\">clique aqui<\/a><\/li>\n<\/ul>\n","protected":false},"excerpt":{"rendered":"<p>Erythrina velutina Willd. Fam\u00edlia: Fabaceae &#8211; Faboideae Nomes populares: Mulungu, Eritrina e Suin\u00e3 Origem: Nativa da Caatinga, do Nordeste brasileiro&#8230;<\/p>\n","protected":false},"author":22,"featured_media":0,"parent":27,"menu_order":0,"comment_status":"closed","ping_status":"closed","template":"","meta":{"footnotes":""},"class_list":["post-39","page","type-page","status-publish","hentry"],"_links":{"self":[{"href":"https:\/\/uenf.br\/projetos\/arvoresdauenf\/wp-json\/wp\/v2\/pages\/39","targetHints":{"allow":["GET"]}}],"collection":[{"href":"https:\/\/uenf.br\/projetos\/arvoresdauenf\/wp-json\/wp\/v2\/pages"}],"about":[{"href":"https:\/\/uenf.br\/projetos\/arvoresdauenf\/wp-json\/wp\/v2\/types\/page"}],"author":[{"embeddable":true,"href":"https:\/\/uenf.br\/projetos\/arvoresdauenf\/wp-json\/wp\/v2\/users\/22"}],"replies":[{"embeddable":true,"href":"https:\/\/uenf.br\/projetos\/arvoresdauenf\/wp-json\/wp\/v2\/comments?post=39"}],"version-history":[{"count":0,"href":"https:\/\/uenf.br\/projetos\/arvoresdauenf\/wp-json\/wp\/v2\/pages\/39\/revisions"}],"up":[{"embeddable":true,"href":"https:\/\/uenf.br\/projetos\/arvoresdauenf\/wp-json\/wp\/v2\/pages\/27"}],"wp:attachment":[{"href":"https:\/\/uenf.br\/projetos\/arvoresdauenf\/wp-json\/wp\/v2\/media?parent=39"}],"curies":[{"name":"wp","href":"https:\/\/api.w.org\/{rel}","templated":true}]}}