{"id":400,"date":"2019-06-04T09:49:48","date_gmt":"2019-06-04T12:49:48","guid":{"rendered":"http:\/\/uenf.br\/projetos\/arvoresdauenf\/?page_id=400"},"modified":"2023-10-26T11:54:07","modified_gmt":"2023-10-26T14:54:07","slug":"aroeira","status":"publish","type":"page","link":"https:\/\/uenf.br\/projetos\/arvoresdauenf\/especie-2\/aroeira\/","title":{"rendered":"Aroeira-pimenteira"},"content":{"rendered":"<h2><em>Schinus terebinthifolius Raddi<\/em><\/h2>\n<p>A aroeira \u00e9 uma esp\u00e9cie que encontramos em todos os <em>campi<\/em> da UENF, com sua linda e abundante frutifica\u00e7\u00e3o.<\/p>\n<p><img loading=\"lazy\" decoding=\"async\" class=\" wp-image-1353 aligncenter\" src=\"http:\/\/uenf.br\/projetos\/arvoresdauenf\/files\/2020\/07\/WhatsApp-Image-2019-06-07-at-19.33.24-min-576x1024.jpeg\" alt=\"\" width=\"356\" height=\"633\" srcset=\"https:\/\/uenf.br\/projetos\/arvoresdauenf\/files\/2020\/07\/WhatsApp-Image-2019-06-07-at-19.33.24-min-576x1024.jpeg 576w, https:\/\/uenf.br\/projetos\/arvoresdauenf\/files\/2020\/07\/WhatsApp-Image-2019-06-07-at-19.33.24-min-169x300.jpeg 169w, https:\/\/uenf.br\/projetos\/arvoresdauenf\/files\/2020\/07\/WhatsApp-Image-2019-06-07-at-19.33.24-min.jpeg 585w\" sizes=\"auto, (max-width: 356px) 100vw, 356px\" \/><\/p>\n<div id=\"attachment_1352\" style=\"width: 553px\" class=\"wp-caption aligncenter\"><img loading=\"lazy\" decoding=\"async\" aria-describedby=\"caption-attachment-1352\" class=\"wp-image-1352\" src=\"http:\/\/uenf.br\/projetos\/arvoresdauenf\/files\/2020\/07\/WhatsApp-Image-2019-06-07-at-19.33.08-min-1024x576.jpeg\" alt=\"\" width=\"543\" height=\"305\" srcset=\"https:\/\/uenf.br\/projetos\/arvoresdauenf\/files\/2020\/07\/WhatsApp-Image-2019-06-07-at-19.33.08-min-1024x576.jpeg 1024w, https:\/\/uenf.br\/projetos\/arvoresdauenf\/files\/2020\/07\/WhatsApp-Image-2019-06-07-at-19.33.08-min-300x169.jpeg 300w, https:\/\/uenf.br\/projetos\/arvoresdauenf\/files\/2020\/07\/WhatsApp-Image-2019-06-07-at-19.33.08-min-768x432.jpeg 768w, https:\/\/uenf.br\/projetos\/arvoresdauenf\/files\/2020\/07\/WhatsApp-Image-2019-06-07-at-19.33.08-min.jpeg 1040w\" sizes=\"auto, (max-width: 543px) 100vw, 543px\" \/><p id=\"caption-attachment-1352\" class=\"wp-caption-text\">Fotos: Christian Ribeiro<\/p><\/div>\n<h3>Fam\u00edlia<strong>: Anacardiaceae\u00a0<\/strong><\/h3>\n<h3><strong>Nomes populares: aroeira-vermelha, aroeira-pimenteira, pimenteira rosa ou poivre-rose<\/strong><\/h3>\n<h3><strong>Origem: Am\u00e9rica do Sul<\/strong><\/h3>\n<h3 id=\"distribuicaoGeografica\" class=\"label\">Distribui\u00e7\u00e3o Geogr\u00e1fica<\/h3>\n<div class=\"tabelamapa\">\n<h4 id=\"ocorrencia_confirmada\" class=\"label\"><strong>Ocorr\u00eancias confirmadas:<\/strong><\/h4>\n<div id=\"tr-carregaTaxonGrupoDistribuicaoGeograficaCertezaNordeste\" class=\"distribuicaoGeograficaCertezaNordeste\">\n<ul>\n<li id=\"idFieldCertezaNordeste\" class=\"field\"><b>Nordeste<\/b>\u00a0(Alagoas, Bahia, Cear\u00e1, Para\u00edba, Pernambuco, Rio Grande do Norte, Sergipe)<\/li>\n<li class=\"field\"><b>Centro-Oeste<\/b>\u00a0(Mato Grosso do Sul)<\/li>\n<li class=\"field\"><b>Sudeste<\/b>\u00a0(Esp\u00edrito Santo, Minas Gerais, Rio de Janeiro, S\u00e3o Paulo)<\/li>\n<li class=\"field\"><b>Sul<\/b>\u00a0(Paran\u00e1, Rio Grande do Sul, Santa Catarina)<\/li>\n<\/ul>\n<\/div>\n<h3 class=\"label\">Dom\u00ednios Fitogeogr\u00e1ficos<\/h3>\n<div>\n<div id=\"tr-carregaTaxonGrupoDominiosFitogeograficos\" class=\"dominiosFitogeograficos\">\n<ul>\n<li id=\"idFieldDominiosFitogeograficos\" class=\"field\">Cerrado, Mata Atl\u00e2ntica, Pampa<\/li>\n<\/ul>\n<div><img loading=\"lazy\" decoding=\"async\" class=\"size-full wp-image-414 aligncenter\" src=\"http:\/\/uenf.br\/projetos\/arvoresdauenf\/files\/2019\/06\/aroeira.png\" alt=\"\" width=\"399\" height=\"381\" \/><\/div>\n<div>Fonte: Flora do Brasil, 2020 (<a href=\"http:\/\/www.floradobrasil.jbrj.gov.br\/reflora\/listaBrasil\/ConsultaPublicaUC\/BemVindoConsultaPublicaConsultar.do?invalidatePageControlCounter=60&amp;idsFilhosAlgas=%5B2%5D&amp;idsFilhosFungos=%5B1%2C10%2C11%5D&amp;lingua=&amp;grupo=5&amp;familia=null&amp;genero=&amp;especie=&amp;autor=&amp;nomeVernaculo=&amp;nomeCompleto=Schinus+terebinthifolia&amp;formaVida=null&amp;substrato=null&amp;ocorreBrasil=QUALQUER&amp;ocorrencia=OCORRE&amp;endemismo=TODOS&amp;origem=TODOS&amp;regiao=QUALQUER&amp;estado=QUALQUER&amp;ilhaOceanica=32767&amp;domFitogeograficos=QUALQUER&amp;bacia=QUALQUER&amp;vegetacao=TODOS&amp;mostrarAte=SUBESP_VAR&amp;opcoesBusca=TODOS_OS_NOMES&amp;loginUsuario=Visitante&amp;senhaUsuario=&amp;contexto=consulta-publica\">clique aqui<\/a>)<\/div>\n<\/div>\n<\/div>\n<\/div>\n<h3>Pesquisas na UENF<\/h3>\n<ul>\n<li>Pesquisa conduzida no LTA\/CCTA demosntrou que o extrato aquoso da aroeira pimenteira\u00a0 possui propriedades antioxidantes, contribuindo para o retardamento da oxida\u00e7ao lip\u00eddica em alimentos (<a href=\"https:\/\/www.sciencedirect.com\/science\/article\/pii\/S2666154320300363\">clique aqui<\/a>).<\/li>\n<li>Tamb\u00e9m em trabalhos\u00a0 do LTA,\u00a0 morangos revestidos com \u00f3leo essencial de aroeira pimenteira, tiveram aumento de 100% no tempo de armazenamento, comprovando sua atividade antimicrobiana e antif\u00fangica.<\/li>\n<\/ul>\n<h3><strong>Curiosidades:<\/strong><\/h3>\n<ul>\n<li>O \u00f3leo essencial de <em>S. terebinthifolius<\/em> \u00e9 rico em sesquiterpenos e pode ser uma fonte promissora de compostos ativos para estrat\u00e9gias terap\u00eauticas e \/ ou preventivas inovadoras contra o c\u00e2ncer (<a href=\"https:\/\/onlinelibrary.wiley.com\/doi\/abs\/10.1111\/j.1750-3841.2010.01711.x\">clique aqui<\/a>).<\/li>\n<li>Suas sementes lhe conferem o nome de aroeira pimenteira, sendo utilizada em v\u00e1rios pratos, misturadas ou n\u00e3o \u00e0s pimentas do reino preta, branca e verde. Decora e confere sabor delicado e arom\u00e1tico, n\u00e3o apresentanto caracter\u00edsticas picantes.<\/li>\n<li>Entre os usos etnofarmacol\u00f3gicos, encontram-se: anti-inflamat\u00f3ria, antiespasm\u00f3dica, diur\u00e9tica, antileucorreica, emenagoga, adstringente, cicatrizante, bals\u00e2mica e bactericida. Com a resina azulada da casca os jesu\u00edtas preparavam o \u201c<strong>balsamo das miss\u00f5es<\/strong>\u201d de uso corrente entre a popula\u00e7\u00e3o cabocla (<a href=\"https:\/\/pt.wikipedia.org\/wiki\/Aroeira-vermelha\">clique aqui<\/a>)<\/li>\n<li>Seus frutos vistosos s\u00e3o empregados na Fl\u00f3rida para decora\u00e7\u00e3o de Natal, o que lhe conferiu a denomina\u00e7\u00e3o de <b>Christmas-berry<\/b><\/li>\n<li>O uso na alimenta\u00e7\u00e3o traz benef\u00edcios como: a\u00e7\u00e3o antioxidante; elevado percentual de vitamina C e Ca, melhoria na circula\u00e7\u00e3o, preven\u00e7\u00e3o de Alzheimer; potencial de emagrecimento; e redu\u00e7\u00e3o de co\u00e1gulos no sangue (<a href=\"https:\/\/emporiointegrale.com.br\/10-beneficios-da-pimenta-rosa\/\">clique aqui<\/a>)<br \/>\n<h3><\/h3>\n<\/li>\n<\/ul>\n<p>&nbsp;<\/p>\n","protected":false},"excerpt":{"rendered":"<p>Schinus terebinthifolius Raddi A aroeira \u00e9 uma esp\u00e9cie que encontramos em todos os campi da UENF, com sua linda e&#8230;<\/p>\n","protected":false},"author":24,"featured_media":0,"parent":27,"menu_order":0,"comment_status":"closed","ping_status":"closed","template":"","meta":{"footnotes":""},"class_list":["post-400","page","type-page","status-publish","hentry"],"_links":{"self":[{"href":"https:\/\/uenf.br\/projetos\/arvoresdauenf\/wp-json\/wp\/v2\/pages\/400","targetHints":{"allow":["GET"]}}],"collection":[{"href":"https:\/\/uenf.br\/projetos\/arvoresdauenf\/wp-json\/wp\/v2\/pages"}],"about":[{"href":"https:\/\/uenf.br\/projetos\/arvoresdauenf\/wp-json\/wp\/v2\/types\/page"}],"author":[{"embeddable":true,"href":"https:\/\/uenf.br\/projetos\/arvoresdauenf\/wp-json\/wp\/v2\/users\/24"}],"replies":[{"embeddable":true,"href":"https:\/\/uenf.br\/projetos\/arvoresdauenf\/wp-json\/wp\/v2\/comments?post=400"}],"version-history":[{"count":0,"href":"https:\/\/uenf.br\/projetos\/arvoresdauenf\/wp-json\/wp\/v2\/pages\/400\/revisions"}],"up":[{"embeddable":true,"href":"https:\/\/uenf.br\/projetos\/arvoresdauenf\/wp-json\/wp\/v2\/pages\/27"}],"wp:attachment":[{"href":"https:\/\/uenf.br\/projetos\/arvoresdauenf\/wp-json\/wp\/v2\/media?parent=400"}],"curies":[{"name":"wp","href":"https:\/\/api.w.org\/{rel}","templated":true}]}}