{"id":43,"date":"2019-01-11T15:34:46","date_gmt":"2019-01-11T17:34:46","guid":{"rendered":"http:\/\/uenf.br\/projetos\/arvoresdauenf\/?page_id=43"},"modified":"2024-03-27T17:45:25","modified_gmt":"2024-03-27T20:45:25","slug":"ipe-amarelo","status":"publish","type":"page","link":"https:\/\/uenf.br\/projetos\/arvoresdauenf\/especie-2\/ipe-amarelo\/","title":{"rendered":"Ip\u00ea amarelo"},"content":{"rendered":"<h2><em>Handroanthus chrysotrichus<\/em> (Mart. ex DC.) Mattos<\/h2>\n<p><img loading=\"lazy\" decoding=\"async\" class=\"wp-image-1363 aligncenter\" src=\"http:\/\/uenf.br\/projetos\/arvoresdauenf\/files\/2020\/07\/foto-bosque.jpg\" alt=\"\" width=\"504\" height=\"378\" srcset=\"https:\/\/uenf.br\/projetos\/arvoresdauenf\/files\/2020\/07\/foto-bosque.jpg 620w, https:\/\/uenf.br\/projetos\/arvoresdauenf\/files\/2020\/07\/foto-bosque-300x225.jpg 300w\" sizes=\"auto, (max-width: 504px) 100vw, 504px\" \/><\/p>\n<h3><strong><span style=\"color: #000000\">Fam\u00edlia: Bignoniaceae<\/span><\/strong><\/h3>\n<h3><strong><span style=\"color: #000000\">Nomes populares: Ip\u00ea amarelo, Ip\u00ea dourado, Ip\u00ea tabaco<\/span><\/strong><\/h3>\n<h3 id=\"distribuicaoGeografica\" class=\"label\"><strong>Distribui\u00e7\u00e3o Geogr\u00e1fica<\/strong><\/h3>\n<div class=\"tabelamapa\">\n<h4 id=\"ocorrencia_confirmada\" class=\"label\">Ocorr\u00eancias:<\/h4>\n<ul>\n<li class=\"label\"><b>Nordeste<\/b>\u00a0(Bahia, Para\u00edba, Pernambuco)<\/li>\n<li class=\"label\"><b>Sudeste<\/b>\u00a0(Esp\u00edrito Santo, Minas Gerais, Rio de Janeiro, S\u00e3o Paulo)<\/li>\n<li><b>Sul<\/b>\u00a0(Paran\u00e1, Rio Grande do Sul, Santa Catarina)<\/li>\n<\/ul>\n<div id=\"idFieldCertezaNordeste\" class=\"field\">\n<div class=\"dominiosFitogeograficos\">\n<h3 class=\"label\"><strong>Dom\u00ednios Fitogeogr\u00e1ficos\u00a0<\/strong><\/h3>\n<\/div>\n<div id=\"tr-carregaTaxonGrupoDominiosFitogeograficos\" class=\"dominiosFitogeograficos\">\n<ul>\n<li id=\"idFieldDominiosFitogeograficos\" class=\"field\">Cerrado e Mata Atl\u00e2ntica<\/li>\n<\/ul>\n<p><img loading=\"lazy\" decoding=\"async\" class=\"size-full wp-image-1760 aligncenter\" src=\"http:\/\/uenf.br\/projetos\/arvoresdauenf\/files\/2020\/08\/ipe-amarelo-min.jpg\" alt=\"\" width=\"350\" height=\"347\" srcset=\"https:\/\/uenf.br\/projetos\/arvoresdauenf\/files\/2020\/08\/ipe-amarelo-min.jpg 350w, https:\/\/uenf.br\/projetos\/arvoresdauenf\/files\/2020\/08\/ipe-amarelo-min-300x297.jpg 300w, https:\/\/uenf.br\/projetos\/arvoresdauenf\/files\/2020\/08\/ipe-amarelo-min-150x150.jpg 150w\" sizes=\"auto, (max-width: 350px) 100vw, 350px\" \/><\/p>\n<\/div>\n<div><\/div>\n<div>Fonte: Flora do Brasil, 2020 (<a href=\"http:\/\/floradobrasil.jbrj.gov.br\/reflora\/listaBrasil\/ConsultaPublicaUC\/BemVindoConsultaPublicaConsultar.do?invalidatePageControlCounter=68&amp;idsFilhosAlgas=%5B2%5D&amp;idsFilhosFungos=%5B1%2C10%2C11%5D&amp;lingua=&amp;grupo=5&amp;familia=null&amp;genero=&amp;especie=&amp;autor=&amp;nomeVernaculo=&amp;nomeCompleto=Bignoniaceae+Handroanthus+chrysotrichus+%28Mart.+ex+DC.%29+Mattos&amp;formaVida=null&amp;substrato=null&amp;ocorreBrasil=QUALQUER&amp;ocorrencia=OCORRE&amp;endemismo=TODOS&amp;origem=TODOS&amp;regiao=QUALQUER&amp;estado=QUALQUER&amp;ilhaOceanica=32767&amp;domFitogeograficos=QUALQUER&amp;bacia=QUALQUER&amp;vegetacao=TODOS&amp;mostrarAte=SUBESP_VAR&amp;opcoesBusca=TODOS_OS_NOMES&amp;loginUsuario=Visitante&amp;senhaUsuario=&amp;contexto=consulta-publica\">clique aqui<\/a>)<\/div>\n<\/div>\n<\/div>\n<div><\/div>\n<div>Ip\u00eas amarelos podem ser contemplados no <em>campus<\/em> Leonel Brizola, no <em>campus<\/em> de Maca\u00e9 e na UAP &#8211; Solar dos Jesu\u00edtas<\/div>\n<div><\/div>\n<div id=\"attachment_764\" style=\"width: 364px\" class=\"wp-caption alignleft\"><img loading=\"lazy\" decoding=\"async\" aria-describedby=\"caption-attachment-764\" class=\"wp-image-764\" src=\"http:\/\/uenf.br\/projetos\/arvoresdauenf\/files\/2019\/08\/15.04.1998.03-1024x683.jpg\" alt=\"\" width=\"354\" height=\"236\" srcset=\"https:\/\/uenf.br\/projetos\/arvoresdauenf\/files\/2019\/08\/15.04.1998.03-1024x683.jpg 1024w, https:\/\/uenf.br\/projetos\/arvoresdauenf\/files\/2019\/08\/15.04.1998.03-300x200.jpg 300w, https:\/\/uenf.br\/projetos\/arvoresdauenf\/files\/2019\/08\/15.04.1998.03-768x512.jpg 768w, https:\/\/uenf.br\/projetos\/arvoresdauenf\/files\/2019\/08\/15.04.1998.03-150x100.jpg 150w, https:\/\/uenf.br\/projetos\/arvoresdauenf\/files\/2019\/08\/15.04.1998.03-400x267.jpg 400w, https:\/\/uenf.br\/projetos\/arvoresdauenf\/files\/2019\/08\/15.04.1998.03.jpg 1788w\" sizes=\"auto, (max-width: 354px) 100vw, 354px\" \/><p id=\"caption-attachment-764\" class=\"wp-caption-text\">Mudas de ip\u00ea amarelo, em 1998. Foto Jos\u00e9 Geraldo de A. Carneiro<\/p><\/div>\n<div id=\"attachment_1409\" style=\"width: 331px\" class=\"wp-caption alignright\"><img loading=\"lazy\" decoding=\"async\" aria-describedby=\"caption-attachment-1409\" class=\"wp-image-1409\" src=\"http:\/\/uenf.br\/projetos\/arvoresdauenf\/files\/2020\/07\/IMG_20200713_101058271_HDR-EFFECTS-1024x768.jpg\" alt=\"\" width=\"321\" height=\"240\" srcset=\"https:\/\/uenf.br\/projetos\/arvoresdauenf\/files\/2020\/07\/IMG_20200713_101058271_HDR-EFFECTS-1024x768.jpg 1024w, https:\/\/uenf.br\/projetos\/arvoresdauenf\/files\/2020\/07\/IMG_20200713_101058271_HDR-EFFECTS-300x225.jpg 300w, https:\/\/uenf.br\/projetos\/arvoresdauenf\/files\/2020\/07\/IMG_20200713_101058271_HDR-EFFECTS-768x576.jpg 768w, https:\/\/uenf.br\/projetos\/arvoresdauenf\/files\/2020\/07\/IMG_20200713_101058271_HDR-EFFECTS-1536x1152.jpg 1536w, https:\/\/uenf.br\/projetos\/arvoresdauenf\/files\/2020\/07\/IMG_20200713_101058271_HDR-EFFECTS-2048x1536.jpg 2048w\" sizes=\"auto, (max-width: 321px) 100vw, 321px\" \/><p id=\"caption-attachment-1409\" class=\"wp-caption-text\">\u00c1rvores de ip\u00ea amarelo, em 2019, 21 anos ap\u00f3s o plantio. H\u00e1 108 indiv\u00edduos adultos no <em>campus<\/em> Leonel Brizola. Foto: Yara Pereira<\/p><\/div>\n<p>&nbsp;<\/p>\n<p>&nbsp;<\/p>\n<p>&nbsp;<\/p>\n<h3><\/h3>\n<p>&nbsp;<\/p>\n<p>&nbsp;<\/p>\n<p>&nbsp;<\/p>\n<p>&nbsp;<\/p>\n<div id=\"attachment_1989\" style=\"width: 401px\" class=\"wp-caption alignleft\"><img loading=\"lazy\" decoding=\"async\" aria-describedby=\"caption-attachment-1989\" class=\" wp-image-1989\" src=\"http:\/\/uenf.br\/projetos\/arvoresdauenf\/files\/2020\/10\/WhatsApp-Image-2020-10-24-at-18.54.06.jpeg\" alt=\"\" width=\"391\" height=\"458\" srcset=\"https:\/\/uenf.br\/projetos\/arvoresdauenf\/files\/2020\/10\/WhatsApp-Image-2020-10-24-at-18.54.06.jpeg 876w, https:\/\/uenf.br\/projetos\/arvoresdauenf\/files\/2020\/10\/WhatsApp-Image-2020-10-24-at-18.54.06-257x300.jpeg 257w, https:\/\/uenf.br\/projetos\/arvoresdauenf\/files\/2020\/10\/WhatsApp-Image-2020-10-24-at-18.54.06-768x898.jpeg 768w\" sizes=\"auto, (max-width: 391px) 100vw, 391px\" \/><p id=\"caption-attachment-1989\" class=\"wp-caption-text\">As flores do Ip\u00ea amarelo apresentam-se em cachos, em formato tubular. Foto: Higor Pr\u00e9<\/p><\/div>\n<div id=\"attachment_1990\" style=\"width: 373px\" class=\"wp-caption alignright\"><img loading=\"lazy\" decoding=\"async\" aria-describedby=\"caption-attachment-1990\" class=\" wp-image-1990\" src=\"http:\/\/uenf.br\/projetos\/arvoresdauenf\/files\/2020\/10\/WhatsApp-Image-2020-10-24-at-18.54.06-2.jpeg\" alt=\"\" width=\"363\" height=\"482\" \/><p id=\"caption-attachment-1990\" class=\"wp-caption-text\">O seu tronco \u00e9 tortuoso e de casca grossa. Foto: Higor Pr\u00e9<\/p><\/div>\n<p>&nbsp;<\/p>\n<p>&nbsp;<\/p>\n<p>&nbsp;<\/p>\n<p>&nbsp;<\/p>\n<div id=\"attachment_1483\" style=\"width: 514px\" class=\"wp-caption aligncenter\"><img loading=\"lazy\" decoding=\"async\" aria-describedby=\"caption-attachment-1483\" class=\"wp-image-1483\" src=\"http:\/\/uenf.br\/projetos\/arvoresdauenf\/files\/2020\/07\/IMG_20191007_115645115-1024x768.jpg\" alt=\"\" width=\"504\" height=\"378\" srcset=\"https:\/\/uenf.br\/projetos\/arvoresdauenf\/files\/2020\/07\/IMG_20191007_115645115-1024x768.jpg 1024w, https:\/\/uenf.br\/projetos\/arvoresdauenf\/files\/2020\/07\/IMG_20191007_115645115-300x225.jpg 300w, https:\/\/uenf.br\/projetos\/arvoresdauenf\/files\/2020\/07\/IMG_20191007_115645115-768x576.jpg 768w, https:\/\/uenf.br\/projetos\/arvoresdauenf\/files\/2020\/07\/IMG_20191007_115645115-1536x1152.jpg 1536w, https:\/\/uenf.br\/projetos\/arvoresdauenf\/files\/2020\/07\/IMG_20191007_115645115-2048x1536.jpg 2048w\" sizes=\"auto, (max-width: 504px) 100vw, 504px\" \/><p id=\"caption-attachment-1483\" class=\"wp-caption-text\">Arboreto de Ip\u00eas amarelos no <em>campus<\/em> Leonel Brizola. Foto: Christian Ribeiro<\/p><\/div>\n<p>&nbsp;<\/p>\n<div>\n<div id=\"attachment_1555\" style=\"width: 465px\" class=\"wp-caption aligncenter\"><img loading=\"lazy\" decoding=\"async\" aria-describedby=\"caption-attachment-1555\" class=\"wp-image-1555\" src=\"http:\/\/uenf.br\/projetos\/arvoresdauenf\/files\/2020\/07\/246ba986-2d82-49ae-ae62-26fb89e03341-300x225.jpg\" alt=\"teste \" width=\"455\" height=\"341\" srcset=\"https:\/\/uenf.br\/projetos\/arvoresdauenf\/files\/2020\/07\/246ba986-2d82-49ae-ae62-26fb89e03341-300x225.jpg 300w, https:\/\/uenf.br\/projetos\/arvoresdauenf\/files\/2020\/07\/246ba986-2d82-49ae-ae62-26fb89e03341-1024x767.jpg 1024w, https:\/\/uenf.br\/projetos\/arvoresdauenf\/files\/2020\/07\/246ba986-2d82-49ae-ae62-26fb89e03341-768x575.jpg 768w, https:\/\/uenf.br\/projetos\/arvoresdauenf\/files\/2020\/07\/246ba986-2d82-49ae-ae62-26fb89e03341.jpg 1280w\" sizes=\"auto, (max-width: 455px) 100vw, 455px\" \/><p id=\"caption-attachment-1555\" class=\"wp-caption-text\">Ip\u00ea amarelo em Delfin\u00f3polis-MG. Foto: S\u00e1vio Marinho<\/p><\/div>\n<\/div>\n<div><\/div>\n<div class=\"tabelamapa\">\n<div id=\"idFieldCertezaNordeste\" class=\"field\">\n<div style=\"text-align: center\">Minas Gerais \u00e9 considerada a terra dos ip\u00eas, onde s\u00e3o homenageados nas mais diferentes manifesta\u00e7\u00f5es art\u00edsticas.<\/div>\n<\/div>\n<div><\/div>\n<\/div>\n<h4 style=\"text-align: center\"><em>Minas: Terra dos ip\u00eas<\/em><\/h4>\n<div style=\"text-align: center\">\u00a0 \u00a0 \u00a0Todos os anos o milagre acontece.<\/div>\n<div style=\"text-align: center\">\u00a0 \u00a0 \u00a0Em meio a um pasto, na pra\u00e7a da cidade ou na curva de uma estrada,<\/div>\n<div style=\"text-align: center\">\u00a0 \u00a0 \u00a0Eis que surge a imagem de uma \u00e1rvore imponente tomada de flores amarelas.<\/div>\n<div style=\"text-align: center\">\u00a0 \u00a0 \u00a0A florada dura poucos dias, mas seu efeito sobre a alma dos mineiros persiste,<\/div>\n<div style=\"text-align: center\">\u00a0 \u00a0 \u00a0At\u00e9 que, antes mesmo da primavera chegar,<\/div>\n<div style=\"text-align: center\">\u00a0 \u00a0 \u00a0Em contraste com o c\u00e9u azul de um resto de inverno,<\/div>\n<div style=\"text-align: center\">\u00a0 \u00a0 \u00a0O amarelo das flores do ip\u00ea, traz alegria \u00e0 paisagem.<\/div>\n<div style=\"text-align: center\">\u00a0 \u00a0 \u00a0Estamos em Minas Gerais, entre outros t\u00edtulos, Terra dos Ip\u00eas.<\/div>\n<div style=\"text-align: center\">\u00a0 \u00a0 \u00a0 \u00a0<em>Cl\u00e1udia Sales Marinho<\/em><\/div>\n<div class=\"tabelamapa\">\n<div id=\"idFieldCertezaNordeste\" class=\"field\">\n<p><strong>Pesquisas na UENF:<\/strong><\/p>\n<ul>\n<li>Fenologia:<\/li>\n<\/ul>\n<p>Coordenadora: Prof. \u00c2ngela Pierre Vit\u00f3ria (LCA)<\/p>\n<p>Equipe: Ramon Rodrigues Pereira, Lauryn Rodrigues Pereira, Amanda L\u00facia Pereira Machado da Silva, Douglas Rodrigues Ribeiro<\/p>\n<p>A determina\u00e7\u00e3o das fenofases foi realizada por an\u00e1lise visual mensal, sempre no in\u00edcio da segunda quinzena de cada m\u00eas. Para tanto, a copa da \u00e1rvore foi repartida em quadrantes, para facilitar a qualifica\u00e7\u00e3o e quantifica\u00e7\u00e3o. Foram avaliados 10 indiv\u00edduos adultos. A esp\u00e9cie mostra-se dec\u00eddua (cobertura da copa apresenta-se abaixo de 80% em alguns per\u00edodos do ano).<\/p>\n<p><img loading=\"lazy\" decoding=\"async\" class=\" wp-image-762 aligncenter\" src=\"http:\/\/uenf.br\/projetos\/arvoresdauenf\/files\/2019\/08\/grafico-ipe-amarelo.jpg\" alt=\"\" width=\"661\" height=\"341\" srcset=\"https:\/\/uenf.br\/projetos\/arvoresdauenf\/files\/2019\/08\/grafico-ipe-amarelo.jpg 1017w, https:\/\/uenf.br\/projetos\/arvoresdauenf\/files\/2019\/08\/grafico-ipe-amarelo-300x155.jpg 300w, https:\/\/uenf.br\/projetos\/arvoresdauenf\/files\/2019\/08\/grafico-ipe-amarelo-768x396.jpg 768w, https:\/\/uenf.br\/projetos\/arvoresdauenf\/files\/2019\/08\/grafico-ipe-amarelo-150x77.jpg 150w, https:\/\/uenf.br\/projetos\/arvoresdauenf\/files\/2019\/08\/grafico-ipe-amarelo-400x206.jpg 400w\" sizes=\"auto, (max-width: 661px) 100vw, 661px\" \/><\/p>\n<h3>Curiosidades:<\/h3>\n<ul>\n<li>Sua madeira est\u00e1 entre as mais\u00a0 usadas em bens patrimoniais no Estado de Santa Catarina, desde o per\u00edodo colonial (<a href=\"https:\/\/periodicos.ufsm.br\/balduinia\/article\/view\/25748\/16170\">clique aqui<\/a>).<\/li>\n<\/ul>\n<\/div>\n<\/div>\n","protected":false},"excerpt":{"rendered":"<p>Handroanthus chrysotrichus (Mart. ex DC.) Mattos Fam\u00edlia: Bignoniaceae Nomes populares: Ip\u00ea amarelo, Ip\u00ea dourado, Ip\u00ea tabaco Distribui\u00e7\u00e3o Geogr\u00e1fica Ocorr\u00eancias: Nordeste\u00a0(Bahia,&#8230;<\/p>\n","protected":false},"author":22,"featured_media":0,"parent":27,"menu_order":0,"comment_status":"closed","ping_status":"closed","template":"","meta":{"footnotes":""},"class_list":["post-43","page","type-page","status-publish","hentry"],"_links":{"self":[{"href":"https:\/\/uenf.br\/projetos\/arvoresdauenf\/wp-json\/wp\/v2\/pages\/43","targetHints":{"allow":["GET"]}}],"collection":[{"href":"https:\/\/uenf.br\/projetos\/arvoresdauenf\/wp-json\/wp\/v2\/pages"}],"about":[{"href":"https:\/\/uenf.br\/projetos\/arvoresdauenf\/wp-json\/wp\/v2\/types\/page"}],"author":[{"embeddable":true,"href":"https:\/\/uenf.br\/projetos\/arvoresdauenf\/wp-json\/wp\/v2\/users\/22"}],"replies":[{"embeddable":true,"href":"https:\/\/uenf.br\/projetos\/arvoresdauenf\/wp-json\/wp\/v2\/comments?post=43"}],"version-history":[{"count":0,"href":"https:\/\/uenf.br\/projetos\/arvoresdauenf\/wp-json\/wp\/v2\/pages\/43\/revisions"}],"up":[{"embeddable":true,"href":"https:\/\/uenf.br\/projetos\/arvoresdauenf\/wp-json\/wp\/v2\/pages\/27"}],"wp:attachment":[{"href":"https:\/\/uenf.br\/projetos\/arvoresdauenf\/wp-json\/wp\/v2\/media?parent=43"}],"curies":[{"name":"wp","href":"https:\/\/api.w.org\/{rel}","templated":true}]}}