{"id":47,"date":"2018-12-12T13:51:43","date_gmt":"2018-12-12T15:51:43","guid":{"rendered":"http:\/\/uenf.br\/projetos\/arvoresdauenf\/?page_id=47"},"modified":"2022-06-08T20:08:34","modified_gmt":"2022-06-08T23:08:34","slug":"pau-mulato","status":"publish","type":"page","link":"https:\/\/uenf.br\/projetos\/arvoresdauenf\/especie-2\/pau-mulato\/","title":{"rendered":"Pau mulato"},"content":{"rendered":"<h2><em>Calycophyllum spruceanum<\/em> (Benth.) K.Schum.<\/h2>\n<div id=\"attachment_810\" style=\"width: 413px\" class=\"wp-caption alignleft\"><img loading=\"lazy\" decoding=\"async\" aria-describedby=\"caption-attachment-810\" class=\"wp-image-810\" src=\"http:\/\/uenf.br\/projetos\/arvoresdauenf\/files\/2019\/09\/IMG_2147-1024x689.jpg\" alt=\"\" width=\"403\" height=\"271\" srcset=\"https:\/\/uenf.br\/projetos\/arvoresdauenf\/files\/2019\/09\/IMG_2147-1024x689.jpg 1024w, https:\/\/uenf.br\/projetos\/arvoresdauenf\/files\/2019\/09\/IMG_2147-300x202.jpg 300w, https:\/\/uenf.br\/projetos\/arvoresdauenf\/files\/2019\/09\/IMG_2147-768x517.jpg 768w, https:\/\/uenf.br\/projetos\/arvoresdauenf\/files\/2019\/09\/IMG_2147-150x101.jpg 150w, https:\/\/uenf.br\/projetos\/arvoresdauenf\/files\/2019\/09\/IMG_2147-400x269.jpg 400w, https:\/\/uenf.br\/projetos\/arvoresdauenf\/files\/2019\/09\/IMG_2147.jpg 1664w\" sizes=\"auto, (max-width: 403px) 100vw, 403px\" \/><p id=\"caption-attachment-810\" class=\"wp-caption-text\">Mudas de pau mulato, plantadas em 1999. Foto: Jos\u00e9 Geraldo de A. Carneiro<\/p><\/div>\n<div id=\"attachment_1426\" style=\"width: 339px\" class=\"wp-caption alignright\"><img loading=\"lazy\" decoding=\"async\" aria-describedby=\"caption-attachment-1426\" class=\"wp-image-1426\" src=\"http:\/\/uenf.br\/projetos\/arvoresdauenf\/files\/2020\/07\/IMG_4265-1024x872.jpg\" alt=\"\" width=\"329\" height=\"280\" srcset=\"https:\/\/uenf.br\/projetos\/arvoresdauenf\/files\/2020\/07\/IMG_4265-1024x872.jpg 1024w, https:\/\/uenf.br\/projetos\/arvoresdauenf\/files\/2020\/07\/IMG_4265-300x256.jpg 300w, https:\/\/uenf.br\/projetos\/arvoresdauenf\/files\/2020\/07\/IMG_4265-768x654.jpg 768w, https:\/\/uenf.br\/projetos\/arvoresdauenf\/files\/2020\/07\/IMG_4265.jpg 1107w\" sizes=\"auto, (max-width: 329px) 100vw, 329px\" \/><p id=\"caption-attachment-1426\" class=\"wp-caption-text\">\u00c1rvores de pau mulato, em 2019. H\u00e1 35 indiv\u00edduos adultos no <em>campus<\/em> Leonel Brizola. Foto: Yara Pereira<\/p><\/div>\n<p>&nbsp;<\/p>\n<p>&nbsp;<\/p>\n<p>&nbsp;<\/p>\n<p>&nbsp;<\/p>\n<p>&nbsp;<\/p>\n<p>&nbsp;<\/p>\n<p>&nbsp;<\/p>\n<p>&nbsp;<\/p>\n<h3><span style=\"color: #000000\"><strong>Fam\u00edlia: Rubiaceae<\/strong><\/span><\/h3>\n<h3><span style=\"color: #000000\"><strong>Nomes populares: Mulateiro, Pau Mulato<\/strong><\/span><\/h3>\n<h3><strong>Origem: \u00a0Am\u00e9rica do Sul,\u00a0Brasil<\/strong><\/h3>\n<h3 id=\"distribuicaoGeografica\" class=\"label\"><span style=\"color: #000000\"><strong>Distribui\u00e7\u00e3o Geogr\u00e1fica<\/strong><\/span><\/h3>\n<div class=\"tabelamapa\">\n<div id=\"tr-carregaTaxonGrupoDistribuicaoGeograficaCertezaNordeste\" class=\"distribuicaoGeograficaCertezaNordeste\">\n<div id=\"idFieldCertezaNordeste\" class=\"field\">\n<h4 id=\"ocorrencia_confirmada\" class=\"label\"><span style=\"color: #000000\">Ocorr\u00eancias:<\/span><\/h4>\n<div id=\"tr-carregaTaxonGrupoDistribuicaoGeograficaCertezaNorte\" class=\"distribuicaoGeograficaCertezaNorte\">\n<ul>\n<li id=\"idFieldCertezaNorte\" class=\"field\"><span style=\"color: #000000\"><b>Norte<\/b>\u00a0(Acre, Amazonas, Amap\u00e1, Par\u00e1, Rond\u00f4nia)<\/span><\/li>\n<\/ul>\n<\/div>\n<\/div>\n<\/div>\n<div>\n<div class=\"dominiosFitogeograficos\">\n<h3 class=\"label\"><span style=\"color: #000000\"><strong>Dom\u00ednios Fitogeogr\u00e1ficos\u00a0<\/strong><\/span><\/h3>\n<ul>\n<li><span style=\"color: #000000\">\u00a0Amaz\u00f4nia<\/span><\/li>\n<\/ul>\n<p><img loading=\"lazy\" decoding=\"async\" class=\"size-full wp-image-1794 aligncenter\" src=\"http:\/\/uenf.br\/projetos\/arvoresdauenf\/files\/2020\/08\/pau-mulatoo-min.jpg\" alt=\"\" width=\"363\" height=\"367\" srcset=\"https:\/\/uenf.br\/projetos\/arvoresdauenf\/files\/2020\/08\/pau-mulatoo-min.jpg 363w, https:\/\/uenf.br\/projetos\/arvoresdauenf\/files\/2020\/08\/pau-mulatoo-min-297x300.jpg 297w\" sizes=\"auto, (max-width: 363px) 100vw, 363px\" \/><\/p>\n<\/div>\n<div id=\"tr-carregaTaxonGrupoDominiosFitogeograficos\" class=\"dominiosFitogeograficos\">\n<div><\/div>\n<div>Fonte: Flora do Brasil, 2020 (<a href=\"http:\/\/floradobrasil.jbrj.gov.br\/reflora\/listaBrasil\/ConsultaPublicaUC\/BemVindoConsultaPublicaConsultar.do?invalidatePageControlCounter=11&amp;idsFilhosAlgas=%5B2%5D&amp;idsFilhosFungos=%5B1%2C10%2C11%5D&amp;lingua=&amp;grupo=5&amp;familia=null&amp;genero=&amp;especie=&amp;autor=&amp;nomeVernaculo=&amp;nomeCompleto=Calycophyllum+spruceanum+%28Benth.%29+K.Schum.&amp;formaVida=null&amp;substrato=null&amp;ocorreBrasil=QUALQUER&amp;ocorrencia=OCORRE&amp;endemismo=TODOS&amp;origem=TODOS&amp;regiao=QUALQUER&amp;estado=QUALQUER&amp;ilhaOceanica=32767&amp;domFitogeograficos=QUALQUER&amp;bacia=QUALQUER&amp;vegetacao=TODOS&amp;mostrarAte=SUBESP_VAR&amp;opcoesBusca=TODOS_OS_NOMES&amp;loginUsuario=Visitante&amp;senhaUsuario=&amp;contexto=consulta-publica\">clique aqui<\/a>)<\/div>\n<\/div>\n<\/div>\n<\/div>\n<h3><\/h3>\n<div id=\"attachment_1900\" style=\"width: 575px\" class=\"wp-caption aligncenter\"><img loading=\"lazy\" decoding=\"async\" aria-describedby=\"caption-attachment-1900\" class=\"wp-image-1900\" src=\"http:\/\/uenf.br\/projetos\/arvoresdauenf\/files\/2020\/08\/pau-mulato-1-min-1024x701.jpg\" alt=\"\" width=\"565\" height=\"387\" srcset=\"https:\/\/uenf.br\/projetos\/arvoresdauenf\/files\/2020\/08\/pau-mulato-1-min-1024x701.jpg 1024w, https:\/\/uenf.br\/projetos\/arvoresdauenf\/files\/2020\/08\/pau-mulato-1-min-300x205.jpg 300w, https:\/\/uenf.br\/projetos\/arvoresdauenf\/files\/2020\/08\/pau-mulato-1-min-768x526.jpg 768w, https:\/\/uenf.br\/projetos\/arvoresdauenf\/files\/2020\/08\/pau-mulato-1-min.jpg 1077w\" sizes=\"auto, (max-width: 565px) 100vw, 565px\" \/><p id=\"caption-attachment-1900\" class=\"wp-caption-text\">De porte imponente e elegante, o pau mulato atinge de 15 a 40 metros de altura. Seu tronco \u00e9 retil\u00edneo, com ramifica\u00e7\u00f5es somente no \u00e1pice, revestido por uma casca marrom, lisa, lustrosa quando nova. Fotos: Jos\u00e9 Gabriel de Souza Silva<\/p><\/div>\n<p>&nbsp;<\/p>\n<div id=\"attachment_1902\" style=\"width: 572px\" class=\"wp-caption aligncenter\"><img loading=\"lazy\" decoding=\"async\" aria-describedby=\"caption-attachment-1902\" class=\"wp-image-1902\" src=\"http:\/\/uenf.br\/projetos\/arvoresdauenf\/files\/2020\/08\/pau-mulato-min-1-1024x763.jpg\" alt=\"\" width=\"562\" height=\"419\" srcset=\"https:\/\/uenf.br\/projetos\/arvoresdauenf\/files\/2020\/08\/pau-mulato-min-1-1024x763.jpg 1024w, https:\/\/uenf.br\/projetos\/arvoresdauenf\/files\/2020\/08\/pau-mulato-min-1-300x224.jpg 300w, https:\/\/uenf.br\/projetos\/arvoresdauenf\/files\/2020\/08\/pau-mulato-min-1-768x573.jpg 768w, https:\/\/uenf.br\/projetos\/arvoresdauenf\/files\/2020\/08\/pau-mulato-min-1.jpg 1053w\" sizes=\"auto, (max-width: 562px) 100vw, 562px\" \/><p id=\"caption-attachment-1902\" class=\"wp-caption-text\">A Infloresc\u00eancia do pau mulato \u00e9 terminal e axilar.\u00a0 \u00a0 \u00a0 \u00a0 \u00a0 \u00a0 \u00a0 \u00a0 \u00a0 \u00a0 \u00a0 \u00a0 \u00a0 \u00a0 \u00a0 \u00a0 \u00a0 \u00a0 \u00a0 \u00a0 \u00a0 \u00a0 \u00a0 \u00a0 \u00a0 \u00a0 \u00a0 \u00a0 \u00a0 \u00a0 \u00a0 \u00a0 \u00a0 \u00a0 \u00a0 Suas flores possuem\u00a0 oito p\u00e9talas de colora\u00e7\u00e3o branca. s\u00e3o perfumadas e o formato asemelha-se a pequenas estrelas. Encontram-se arranjadas em cachos.<\/p><\/div>\n<div class=\"tabelamapa\">\n<div id=\"tr-carregaTaxonGrupoDominiosFitogeograficos\" class=\"dominiosFitogeograficos\">\n<div><\/div>\n<h3><strong>Curiosidades:\u00a0<\/strong><\/h3>\n<ul>\n<li>A madeira desta esp\u00e9cie, embora dura, \u00e9 de f\u00e1cil manuseio e resistente \u00e0 deteriora\u00e7\u00e3o. Geralmente \u00e9 utilizada em molduras, cabos de ferramentas, esquadrias e raquetes de t\u00eanis e ping-pong, vigas, caibros, esquadrias, pisos, compensados, constru\u00e7\u00e3o naval e lenha\u00a0(<a href=\"http:\/\/g1.globo.com\/sp\/campinas-regiao\/terra-da-gente\/flora\/noticia\/2015\/03\/pau-mulato.html\">clique aqui<\/a>)<\/li>\n<li>Pode ser empregada no paisagismo, principalmente para forma\u00e7\u00e3o de aleias e alamedas, em parques e grandes jardins.<\/li>\n<li>A esp\u00e9cie possui an\u00e9is de crescimento bem definidos, sendo poss\u00edvel estimar sua idade e as varia\u00e7\u00f5es clim\u00e1ticas ao longo do tempo de crescimento.<a href=\"http:\/\/www.diadecampo.com.br\/zpublisher\/materias\/Newsletter.asp?id=29169&amp;secao=Artigos%20Especiais\">(Clique aqui)<\/a><\/li>\n<\/ul>\n<\/div>\n<\/div>\n","protected":false},"excerpt":{"rendered":"<p>Calycophyllum spruceanum (Benth.) K.Schum. &nbsp; &nbsp; &nbsp; &nbsp; &nbsp; &nbsp; &nbsp; &nbsp; Fam\u00edlia: Rubiaceae Nomes populares: Mulateiro, Pau Mulato Origem:&#8230;<\/p>\n","protected":false},"author":22,"featured_media":0,"parent":27,"menu_order":0,"comment_status":"closed","ping_status":"closed","template":"","meta":{"footnotes":""},"class_list":["post-47","page","type-page","status-publish","hentry"],"_links":{"self":[{"href":"https:\/\/uenf.br\/projetos\/arvoresdauenf\/wp-json\/wp\/v2\/pages\/47","targetHints":{"allow":["GET"]}}],"collection":[{"href":"https:\/\/uenf.br\/projetos\/arvoresdauenf\/wp-json\/wp\/v2\/pages"}],"about":[{"href":"https:\/\/uenf.br\/projetos\/arvoresdauenf\/wp-json\/wp\/v2\/types\/page"}],"author":[{"embeddable":true,"href":"https:\/\/uenf.br\/projetos\/arvoresdauenf\/wp-json\/wp\/v2\/users\/22"}],"replies":[{"embeddable":true,"href":"https:\/\/uenf.br\/projetos\/arvoresdauenf\/wp-json\/wp\/v2\/comments?post=47"}],"version-history":[{"count":0,"href":"https:\/\/uenf.br\/projetos\/arvoresdauenf\/wp-json\/wp\/v2\/pages\/47\/revisions"}],"up":[{"embeddable":true,"href":"https:\/\/uenf.br\/projetos\/arvoresdauenf\/wp-json\/wp\/v2\/pages\/27"}],"wp:attachment":[{"href":"https:\/\/uenf.br\/projetos\/arvoresdauenf\/wp-json\/wp\/v2\/media?parent=47"}],"curies":[{"name":"wp","href":"https:\/\/api.w.org\/{rel}","templated":true}]}}