{"id":49,"date":"2019-01-11T11:03:56","date_gmt":"2019-01-11T13:03:56","guid":{"rendered":"http:\/\/uenf.br\/projetos\/arvoresdauenf\/?page_id=49"},"modified":"2023-03-20T12:40:04","modified_gmt":"2023-03-20T15:40:04","slug":"pau-ferro","status":"publish","type":"page","link":"https:\/\/uenf.br\/projetos\/arvoresdauenf\/especie-2\/pau-ferro\/","title":{"rendered":"Pau-ferro"},"content":{"rendered":"<h2><em>Libidibia ferrea<\/em> (Mart. ex Tul.) L.P.Queiroz<\/h2>\n<h3><span style=\"color: #ff0000\"><strong><span style=\"color: #000000\">Fam\u00edlia: Fabaceae<\/span>\u00a0<\/strong><\/span><\/h3>\n<h3><span style=\"color: #000000\"><strong>Nomes populares:<\/strong> pau-ferro, pau-ferro-verdadeiro, juc\u00e1<br \/>\n<\/span><\/h3>\n<h3><b>Origem: Brasil<\/b><\/h3>\n<h3 id=\"distribuicaoGeografica\" class=\"label\"><span style=\"color: #000000\"><strong>Distribui\u00e7\u00e3o Geogr\u00e1fica<\/strong><\/span><\/h3>\n<div class=\"tabelamapa\">\n<div id=\"ocorrencia_confirmada\" class=\"label\"><span style=\"color: #000000\">Ocorr\u00eancias:<\/span><\/div>\n<div id=\"tr-carregaTaxonGrupoDistribuicaoGeograficaCertezaNordeste\" class=\"distribuicaoGeograficaCertezaNordeste\">\n<div id=\"idFieldCertezaNordeste\" class=\"field\">\n<ul>\n<li><b>Nordeste<\/b> (Alagoas, Bahia, Cear\u00e1, Maranh\u00e3o, Para\u00edba, Pernambuco, Piau\u00ed, Rio Grande do Norte, Sergipe)<\/li>\n<li><b>Sudeste<\/b>\u00a0(Esp\u00edrito Santo, Minas Gerais, Rio de Janeiro)<\/li>\n<\/ul>\n<\/div>\n<\/div>\n<div>\n<div class=\"dominiosFitogeograficos\">\n<h3 class=\"label\"><span style=\"color: #000000\"><strong>Dom\u00ednios Fitogeogr\u00e1ficos\u00a0<\/strong><\/span><\/h3>\n<\/div>\n<div id=\"tr-carregaTaxonGrupoDominiosFitogeograficos\" class=\"dominiosFitogeograficos\">\n<ul>\n<li id=\"idFieldDominiosFitogeograficos\" class=\"field\">Caatinga, Cerrado, Mata Atl\u00e2ntica<\/li>\n<\/ul>\n<p><img loading=\"lazy\" decoding=\"async\" class=\"size-full wp-image-1802 aligncenter\" src=\"http:\/\/uenf.br\/projetos\/arvoresdauenf\/files\/2020\/08\/pau-ferro-min.jpg\" alt=\"\" width=\"375\" height=\"347\" srcset=\"https:\/\/uenf.br\/projetos\/arvoresdauenf\/files\/2020\/08\/pau-ferro-min.jpg 375w, https:\/\/uenf.br\/projetos\/arvoresdauenf\/files\/2020\/08\/pau-ferro-min-300x278.jpg 300w\" sizes=\"auto, (max-width: 375px) 100vw, 375px\" \/><\/p>\n<div><\/div>\n<div>Fonte: Flora do Brasil, 2020 (<a href=\"http:\/\/floradobrasil.jbrj.gov.br\/reflora\/listaBrasil\/ConsultaPublicaUC\/BemVindoConsultaPublicaConsultar.do?invalidatePageControlCounter=1&amp;idsFilhosAlgas=%5B2%5D&amp;idsFilhosFungos=%5B1%2C10%2C11%5D&amp;lingua=&amp;grupo=5&amp;familia=null&amp;genero=&amp;especie=&amp;autor=&amp;nomeVernaculo=&amp;nomeCompleto=Fabaceae+Libidibia+ferrea+%28Mart.+ex+Tul.%29+L.P.Queiroz&amp;formaVida=null&amp;substrato=null&amp;ocorreBrasil=QUALQUER&amp;ocorrencia=OCORRE&amp;endemismo=TODOS&amp;origem=TODOS&amp;regiao=QUALQUER&amp;estado=QUALQUER&amp;ilhaOceanica=32767&amp;domFitogeograficos=QUALQUER&amp;bacia=QUALQUER&amp;vegetacao=TODOS&amp;mostrarAte=SUBESP_VAR&amp;opcoesBusca=TODOS_OS_NOMES&amp;loginUsuario=Visitante&amp;senhaUsuario=&amp;contexto=consulta-publica\">clique aqui<\/a>)<\/div>\n<\/div>\n<\/div>\n<\/div>\n<p>&nbsp;<\/p>\n<div id=\"attachment_2378\" style=\"width: 449px\" class=\"wp-caption aligncenter\"><a href=\"https:\/\/uenf.br\/projetos\/arvoresdauenf\/files\/2023\/03\/20230317_090232.jpg\"><img loading=\"lazy\" decoding=\"async\" aria-describedby=\"caption-attachment-2378\" class=\"wp-image-2378\" src=\"https:\/\/uenf.br\/projetos\/arvoresdauenf\/files\/2023\/03\/20230317_090232-1024x577.jpg\" alt=\"\" width=\"439\" height=\"779\" \/><\/a><p id=\"caption-attachment-2378\" class=\"wp-caption-text\">Pau ferro no campus Leonel Brizola. Seu tronco apresenta\u00a0cor clara, marmorizado, liso e descamante. Foto: Deborah Barroso<\/p><\/div>\n<div id=\"attachment_2385\" style=\"width: 453px\" class=\"wp-caption aligncenter\"><a href=\"https:\/\/uenf.br\/projetos\/arvoresdauenf\/files\/2023\/03\/20230317_090251.jpg\"><img loading=\"lazy\" decoding=\"async\" aria-describedby=\"caption-attachment-2385\" class=\"wp-image-2385\" src=\"https:\/\/uenf.br\/projetos\/arvoresdauenf\/files\/2023\/03\/20230317_090251-1024x577.jpg\" alt=\"\" width=\"443\" height=\"787\" \/><\/a><p id=\"caption-attachment-2385\" class=\"wp-caption-text\">Foto: Deborah Barroso<\/p><\/div>\n<div id=\"attachment_1531\" style=\"width: 443px\" class=\"wp-caption aligncenter\"><img loading=\"lazy\" decoding=\"async\" aria-describedby=\"caption-attachment-1531\" class=\"wp-image-1531\" src=\"http:\/\/uenf.br\/projetos\/arvoresdauenf\/files\/2020\/07\/IMG_20200717_085616034_HDR-768x1024.jpg\" alt=\"\" width=\"433\" height=\"578\" srcset=\"https:\/\/uenf.br\/projetos\/arvoresdauenf\/files\/2020\/07\/IMG_20200717_085616034_HDR-768x1024.jpg 768w, https:\/\/uenf.br\/projetos\/arvoresdauenf\/files\/2020\/07\/IMG_20200717_085616034_HDR-225x300.jpg 225w, https:\/\/uenf.br\/projetos\/arvoresdauenf\/files\/2020\/07\/IMG_20200717_085616034_HDR-1152x1536.jpg 1152w, https:\/\/uenf.br\/projetos\/arvoresdauenf\/files\/2020\/07\/IMG_20200717_085616034_HDR-1536x2048.jpg 1536w\" sizes=\"auto, (max-width: 433px) 100vw, 433px\" \/><p id=\"caption-attachment-1531\" class=\"wp-caption-text\">Pau ferro no <em>campus<\/em> Leonel Brizola. Quando adulta apresenta porte imponente, alcan\u00e7ando de 20 a 30 metros de altura, com tronco atingindo de 50 a 80 cm de di\u00e2metro.\u00a0 As folhas da \u00e1rvore de pau ferro s\u00e3o compostas bipinadas, com fol\u00edolos el\u00edpticos de cor verde-escura. Foto: Christian Ribeiro<\/p><\/div>\n<p>&nbsp;<\/p>\n<div id=\"attachment_1800\" style=\"width: 435px\" class=\"wp-caption aligncenter\"><img loading=\"lazy\" decoding=\"async\" aria-describedby=\"caption-attachment-1800\" class=\"wp-image-1800\" src=\"http:\/\/uenf.br\/projetos\/arvoresdauenf\/files\/2020\/08\/RSCN0950-min.jpg\" alt=\"\" width=\"425\" height=\"319\" srcset=\"https:\/\/uenf.br\/projetos\/arvoresdauenf\/files\/2020\/08\/RSCN0950-min.jpg 1024w, https:\/\/uenf.br\/projetos\/arvoresdauenf\/files\/2020\/08\/RSCN0950-min-300x225.jpg 300w, https:\/\/uenf.br\/projetos\/arvoresdauenf\/files\/2020\/08\/RSCN0950-min-768x576.jpg 768w\" sizes=\"auto, (max-width: 425px) 100vw, 425px\" \/><p id=\"caption-attachment-1800\" class=\"wp-caption-text\">Suas flores s\u00e3o amarelas, pequenas e de import\u00e2ncia ornamental secund\u00e1ria. Possuem\u00a0 filetes longos com tricomas na base e anteras el\u00edpticas.\u00a0 Foto: Rubens Teixeira de Queiroz (<a href=\"https:\/\/rubens-plantasdobrasil.blogspot.com\/search?q=pau+ferro\">clique aqui<\/a>)<\/p><\/div>\n<div class=\"tabelamapa\">\n<div>\n<div id=\"tr-carregaTaxonGrupoDominiosFitogeograficos\" class=\"dominiosFitogeograficos\">\n<div><\/div>\n<h3><strong>Curiosidades:<\/strong><\/h3>\n<\/div>\n<ul>\n<li>Sua madeira \u00e9 de elevada densiade. Seu nome adv\u00e9m das fa\u00edscas e do ru\u00eddo met\u00e1lico produzido pelos machados ao cort\u00e1-la (<a style=\"font-size: 16px\" href=\"https:\/\/www.ebc.com.br\/infantil\/voce-sabia\/2016\/03\/conheca-o-pau-ferro-o-ebano-brasileiro\">clique aqui<\/a><span style=\"color: #000000;font-size: 16px\">)<\/span><\/li>\n<li><span style=\"color: #000000;font-size: 16px\">Essa <\/span>esp\u00e9cie cont\u00e9m diferentes extratos e\/ou compostos isolados que possuem propriedades antimicrobianas, antiinflamat\u00f3rias, analg\u00e9sicas, antioxidantes e hipoglic\u00eamicas, al\u00e9m de outros usos populares (<a href=\"https:\/\/academicjournals.org\/journal\/JMPR\/article-full-text-pdf\/5592CFE50677\">clique aqui<\/a>)<\/li>\n<li>A inocula\u00e7\u00e3o de mudas com fungos micorr\u00edzicos arbusculares (<em>Claroideoglomus etunicatum<\/em>) aumenta a produ\u00e7\u00e3o de \u00e1cido g\u00e1lico em folhas de pau ferro (<a href=\"https:\/\/academicjournals.org\/journal\/JMPR\/article-full-text-pdf\/CD8B6D448041\">clique aqui<\/a>)<\/li>\n<li>Prepara\u00e7\u00f5es aquosas e alco\u00f3licas de\u00a0<i>L. ferrea<\/i> s\u00e3o usadas popularmente para tratar uma s\u00e9rie de doen\u00e7as como diabetes, reumatismo e c\u00e2ncer e tamb\u00e9m s\u00e3o consideradas litigantes de diarr\u00e9ia, inflama\u00e7\u00e3o e dor, entre outros sintomas\u00a0 (<a href=\"https:\/\/www.hindawi.com\/journals\/ecam\/2012\/514134\/\">clique aqui<\/a>)<\/li>\n<\/ul>\n<\/div>\n<\/div>\n","protected":false},"excerpt":{"rendered":"<p>Libidibia ferrea (Mart. ex Tul.) L.P.Queiroz Fam\u00edlia: Fabaceae\u00a0 Nomes populares: pau-ferro, pau-ferro-verdadeiro, juc\u00e1 Origem: Brasil Distribui\u00e7\u00e3o Geogr\u00e1fica Ocorr\u00eancias: Nordeste (Alagoas,&#8230;<\/p>\n","protected":false},"author":22,"featured_media":0,"parent":27,"menu_order":0,"comment_status":"closed","ping_status":"closed","template":"","meta":{"footnotes":""},"class_list":["post-49","page","type-page","status-publish","hentry"],"_links":{"self":[{"href":"https:\/\/uenf.br\/projetos\/arvoresdauenf\/wp-json\/wp\/v2\/pages\/49","targetHints":{"allow":["GET"]}}],"collection":[{"href":"https:\/\/uenf.br\/projetos\/arvoresdauenf\/wp-json\/wp\/v2\/pages"}],"about":[{"href":"https:\/\/uenf.br\/projetos\/arvoresdauenf\/wp-json\/wp\/v2\/types\/page"}],"author":[{"embeddable":true,"href":"https:\/\/uenf.br\/projetos\/arvoresdauenf\/wp-json\/wp\/v2\/users\/22"}],"replies":[{"embeddable":true,"href":"https:\/\/uenf.br\/projetos\/arvoresdauenf\/wp-json\/wp\/v2\/comments?post=49"}],"version-history":[{"count":0,"href":"https:\/\/uenf.br\/projetos\/arvoresdauenf\/wp-json\/wp\/v2\/pages\/49\/revisions"}],"up":[{"embeddable":true,"href":"https:\/\/uenf.br\/projetos\/arvoresdauenf\/wp-json\/wp\/v2\/pages\/27"}],"wp:attachment":[{"href":"https:\/\/uenf.br\/projetos\/arvoresdauenf\/wp-json\/wp\/v2\/media?parent=49"}],"curies":[{"name":"wp","href":"https:\/\/api.w.org\/{rel}","templated":true}]}}