{"id":55,"date":"2019-01-11T15:34:26","date_gmt":"2019-01-11T17:34:26","guid":{"rendered":"http:\/\/uenf.br\/projetos\/arvoresdauenf\/?page_id=55"},"modified":"2024-03-25T15:46:15","modified_gmt":"2024-03-25T18:46:15","slug":"coite-de-macaco","status":"publish","type":"page","link":"https:\/\/uenf.br\/projetos\/arvoresdauenf\/especie-2\/coite-de-macaco\/","title":{"rendered":"Abric\u00f3 de Macaco"},"content":{"rendered":"<h2><em>Couroupita<\/em> <em>guianensis<\/em> Aubl<\/h2>\n<h3><strong><span style=\"color: #000000\">Fam\u00edlia: Lecythidaceae<\/span><\/strong><\/h3>\n<div>\n<h3><strong><span style=\"color: #000000\">Nomes populares: macacarecuia, bola de canh\u00e3o, coit\u00e9 de macaco, cuiarama, castanha-de-macaco, am\u00eandoa-dos-andes<\/span><\/strong><\/h3>\n<h3 id=\"distribuicaoGeografica\" class=\"label\"><strong>Distribui\u00e7\u00e3o Geogr\u00e1fica<\/strong><\/h3>\n<div class=\"tabelamapa\">\n<h3 id=\"ocorrencia_confirmada\" class=\"label\">Ocorr\u00eancias:<\/h3>\n<div id=\"tr-carregaTaxonGrupoDistribuicaoGeograficaCertezaNordeste\" class=\"distribuicaoGeograficaCertezaNordeste\">\n<div id=\"idFieldCertezaNordeste\" class=\"field\">\n<ul>\n<li><b>Norte<\/b>\u00a0(Acre, Amazonas, Par\u00e1)<\/li>\n<li>\n<div id=\"tr-carregaTaxonGrupoDistribuicaoGeograficaCertezaCentroOeste\" class=\"distribuicaoGeograficaCertezaCentroOeste\">\n<div id=\"idFieldCertezaCentroOeste\" class=\"field\"><b>Centro-Oeste<\/b>\u00a0(Goi\u00e1s)<\/div>\n<\/div>\n<\/li>\n<\/ul>\n<\/div>\n<\/div>\n<div>\n<div class=\"dominiosFitogeograficos\">\n<h3 class=\"label\"><strong>Dom\u00ednio Fitogeogr\u00e1fico\u00a0<\/strong><\/h3>\n<\/div>\n<div id=\"tr-carregaTaxonGrupoDominiosFitogeograficos\" class=\"dominiosFitogeograficos\">\n<ul>\n<li id=\"idFieldDominiosFitogeograficos\" class=\"field\">\u00a0 Amaz\u00f4nia<\/li>\n<\/ul>\n<p><img loading=\"lazy\" decoding=\"async\" class=\"size-full wp-image-1724 aligncenter\" src=\"http:\/\/uenf.br\/projetos\/arvoresdauenf\/files\/2020\/08\/abrico-de-macaco-min.jpg\" alt=\"\" width=\"416\" height=\"375\" srcset=\"https:\/\/uenf.br\/projetos\/arvoresdauenf\/files\/2020\/08\/abrico-de-macaco-min.jpg 416w, https:\/\/uenf.br\/projetos\/arvoresdauenf\/files\/2020\/08\/abrico-de-macaco-min-300x270.jpg 300w\" sizes=\"auto, (max-width: 416px) 100vw, 416px\" \/><\/p>\n<\/div>\n<div><\/div>\n<div>Fonte: Flora do Brasil, 2020 (<a href=\"http:\/\/floradobrasil.jbrj.gov.br\/reflora\/listaBrasil\/ConsultaPublicaUC\/BemVindoConsultaPublicaConsultar.do?invalidatePageControlCounter=1&amp;idsFilhosAlgas=%5B2%5D&amp;idsFilhosFungos=%5B1%2C10%2C11%5D&amp;lingua=&amp;grupo=5&amp;familia=null&amp;genero=&amp;especie=&amp;autor=&amp;nomeVernaculo=&amp;nomeCompleto=Lecythidaceae+Couroupita+guianensis+Aubl.&amp;formaVida=null&amp;substrato=null&amp;ocorreBrasil=QUALQUER&amp;ocorrencia=OCORRE&amp;endemismo=TODOS&amp;origem=TODOS&amp;regiao=QUALQUER&amp;estado=QUALQUER&amp;ilhaOceanica=32767&amp;domFitogeograficos=QUALQUER&amp;bacia=QUALQUER&amp;vegetacao=TODOS&amp;mostrarAte=SUBESP_VAR&amp;opcoesBusca=TODOS_OS_NOMES&amp;loginUsuario=Visitante&amp;senhaUsuario=&amp;contexto=consulta-publica\">clique aqui<\/a>)<\/div>\n<\/div>\n<\/div>\n<\/div>\n<div id=\"attachment_756\" style=\"width: 366px\" class=\"wp-caption alignleft\"><img loading=\"lazy\" decoding=\"async\" aria-describedby=\"caption-attachment-756\" class=\"wp-image-756\" src=\"http:\/\/uenf.br\/projetos\/arvoresdauenf\/files\/2019\/08\/21.06.1999.01-1024x683.jpg\" alt=\"\" width=\"356\" height=\"237\" srcset=\"https:\/\/uenf.br\/projetos\/arvoresdauenf\/files\/2019\/08\/21.06.1999.01-1024x683.jpg 1024w, https:\/\/uenf.br\/projetos\/arvoresdauenf\/files\/2019\/08\/21.06.1999.01-300x200.jpg 300w, https:\/\/uenf.br\/projetos\/arvoresdauenf\/files\/2019\/08\/21.06.1999.01-768x512.jpg 768w, https:\/\/uenf.br\/projetos\/arvoresdauenf\/files\/2019\/08\/21.06.1999.01-150x100.jpg 150w, https:\/\/uenf.br\/projetos\/arvoresdauenf\/files\/2019\/08\/21.06.1999.01-400x267.jpg 400w, https:\/\/uenf.br\/projetos\/arvoresdauenf\/files\/2019\/08\/21.06.1999.01.jpg 1788w\" sizes=\"auto, (max-width: 356px) 100vw, 356px\" \/><p id=\"caption-attachment-756\" class=\"wp-caption-text\">Abertura de covas para o plantio de mudas de abric\u00f3 de macaco, em 1999. Foto: Jos\u00e9 Geraldo de Araujo Carneiro.<\/p><\/div>\n<div id=\"attachment_1414\" style=\"width: 356px\" class=\"wp-caption alignright\"><img loading=\"lazy\" decoding=\"async\" aria-describedby=\"caption-attachment-1414\" class=\"wp-image-1414\" src=\"http:\/\/uenf.br\/projetos\/arvoresdauenf\/files\/2020\/07\/IMG_20200713_095432598_HDR-1024x768.jpg\" alt=\"\" width=\"346\" height=\"260\" srcset=\"https:\/\/uenf.br\/projetos\/arvoresdauenf\/files\/2020\/07\/IMG_20200713_095432598_HDR-1024x768.jpg 1024w, https:\/\/uenf.br\/projetos\/arvoresdauenf\/files\/2020\/07\/IMG_20200713_095432598_HDR-300x225.jpg 300w, https:\/\/uenf.br\/projetos\/arvoresdauenf\/files\/2020\/07\/IMG_20200713_095432598_HDR-768x576.jpg 768w, https:\/\/uenf.br\/projetos\/arvoresdauenf\/files\/2020\/07\/IMG_20200713_095432598_HDR.jpg 1177w\" sizes=\"auto, (max-width: 346px) 100vw, 346px\" \/><p id=\"caption-attachment-1414\" class=\"wp-caption-text\">\u00c1rvores de abric\u00f3 de macaco, em 2019. H\u00e1 33 indiv\u00edduos adultos no campus Leonel Brizola. Foto: Yara Pereira<\/p><\/div>\n<p>&nbsp;<\/p>\n<p>&nbsp;<\/p>\n<p>&nbsp;<\/p>\n<p>&nbsp;<\/p>\n<p>&nbsp;<\/p>\n<p>&nbsp;<\/p>\n<p>&nbsp;<\/p>\n<div id=\"attachment_1891\" style=\"width: 439px\" class=\"wp-caption aligncenter\"><img loading=\"lazy\" decoding=\"async\" aria-describedby=\"caption-attachment-1891\" class=\"wp-image-1891\" src=\"http:\/\/uenf.br\/projetos\/arvoresdauenf\/files\/2020\/08\/a-min.jpg\" alt=\"\" width=\"429\" height=\"585\" srcset=\"https:\/\/uenf.br\/projetos\/arvoresdauenf\/files\/2020\/08\/a-min.jpg 639w, https:\/\/uenf.br\/projetos\/arvoresdauenf\/files\/2020\/08\/a-min-220x300.jpg 220w\" sizes=\"auto, (max-width: 429px) 100vw, 429px\" \/><p id=\"caption-attachment-1891\" class=\"wp-caption-text\">Foto: Lioudimila A. Matlakhova<\/p><\/div>\n<div id=\"attachment_1893\" style=\"width: 438px\" class=\"wp-caption aligncenter\"><img loading=\"lazy\" decoding=\"async\" aria-describedby=\"caption-attachment-1893\" class=\"wp-image-1893\" src=\"http:\/\/uenf.br\/projetos\/arvoresdauenf\/files\/2020\/08\/20190117_141119-768x1024-min.jpg\" alt=\"\" width=\"428\" height=\"571\" srcset=\"https:\/\/uenf.br\/projetos\/arvoresdauenf\/files\/2020\/08\/20190117_141119-768x1024-min.jpg 768w, https:\/\/uenf.br\/projetos\/arvoresdauenf\/files\/2020\/08\/20190117_141119-768x1024-min-225x300.jpg 225w\" sizes=\"auto, (max-width: 428px) 100vw, 428px\" \/><p id=\"caption-attachment-1893\" class=\"wp-caption-text\">Foto: Jos\u00e9 Gabriel de Souza Silva<\/p><\/div>\n<div id=\"attachment_1892\" style=\"width: 445px\" class=\"wp-caption aligncenter\"><img loading=\"lazy\" decoding=\"async\" aria-describedby=\"caption-attachment-1892\" class=\"wp-image-1892\" src=\"http:\/\/uenf.br\/projetos\/arvoresdauenf\/files\/2020\/08\/abrico-loudimila-2-min-1024x768.jpg\" alt=\"\" width=\"435\" height=\"326\" srcset=\"https:\/\/uenf.br\/projetos\/arvoresdauenf\/files\/2020\/08\/abrico-loudimila-2-min-1024x768.jpg 1024w, https:\/\/uenf.br\/projetos\/arvoresdauenf\/files\/2020\/08\/abrico-loudimila-2-min-300x225.jpg 300w, https:\/\/uenf.br\/projetos\/arvoresdauenf\/files\/2020\/08\/abrico-loudimila-2-min-768x576.jpg 768w, https:\/\/uenf.br\/projetos\/arvoresdauenf\/files\/2020\/08\/abrico-loudimila-2-min-1536x1152.jpg 1536w, https:\/\/uenf.br\/projetos\/arvoresdauenf\/files\/2020\/08\/abrico-loudimila-2-min-2048x1536.jpg 2048w\" sizes=\"auto, (max-width: 435px) 100vw, 435px\" \/><p id=\"caption-attachment-1892\" class=\"wp-caption-text\">Foto: Lioudimila A. Matlakhova<\/p><\/div>\n<div id=\"attachment_1894\" style=\"width: 445px\" class=\"wp-caption aligncenter\"><img loading=\"lazy\" decoding=\"async\" aria-describedby=\"caption-attachment-1894\" class=\"wp-image-1894\" src=\"http:\/\/uenf.br\/projetos\/arvoresdauenf\/files\/2020\/08\/abrico-2-min-1024x776.jpg\" alt=\"\" width=\"435\" height=\"330\" srcset=\"https:\/\/uenf.br\/projetos\/arvoresdauenf\/files\/2020\/08\/abrico-2-min-1024x776.jpg 1024w, https:\/\/uenf.br\/projetos\/arvoresdauenf\/files\/2020\/08\/abrico-2-min-300x227.jpg 300w, https:\/\/uenf.br\/projetos\/arvoresdauenf\/files\/2020\/08\/abrico-2-min-768x582.jpg 768w, https:\/\/uenf.br\/projetos\/arvoresdauenf\/files\/2020\/08\/abrico-2-min.jpg 1039w\" sizes=\"auto, (max-width: 435px) 100vw, 435px\" \/><p id=\"caption-attachment-1894\" class=\"wp-caption-text\">Foto: Lioudimila A. Matlakhova<\/p><\/div>\n<h3>Curiosidades:<\/h3>\n<div>\n<ul>\n<li>O extrato das flores \u00e9 efetivo no controle de vetores de mal\u00e1ria\u00a0 (<a href=\"https:\/\/link.springer.com\/article\/10.1007\/s11356-015-6007-0\">clique aqui)<\/a><\/li>\n<li>Possui qualidades antibi\u00f3ticas, antif\u00fangicas, anti-s\u00e9pticas e analg\u00e9sicas (<a href=\"https:\/\/link.springer.com\/article\/10.1186\/1472-6882-12-242\">clique aqui<\/a>). E verifica-se que o extrato do seus frutos tem grandes propriedades antimicrobianas (<a href=\"https:\/\/link.springer.com\/article\/10.1186\/1472-6882-12-242\">clique aqui<\/a>)<\/li>\n<li>Estudos indicam que\u00a0 folhas de <em class=\"italic\">C<\/em>\u00a0.\u00a0<em class=\"italic\">guianensis <\/em>apresentam compostos com potencial antidepressivo (<a href=\"https:\/\/www.thieme-connect.com\/products\/ejournals\/abstract\/10.1055\/s-0029-1234973\">clique aqui<\/a>)<\/li>\n<\/ul>\n<p><strong>Pesquisas na UENF:<\/strong><\/p>\n<div>\n<ul>\n<li>Fenologia:<\/li>\n<\/ul>\n<p>Coordenadora: Prof. \u00c2ngela Pierre Vit\u00f3ria (LCA).<\/p>\n<p>Equipe: Ramon Rodrigues Pereira, Lauryn Rodrigues Pereira, Amanda L\u00facia Pereira Machado da Silva, Douglas Rodrigues Ribeiro<\/p>\n<p>A determina\u00e7\u00e3o das fenofases foi realizada por an\u00e1lise visual mensal, sempre no in\u00edcio da segunda quinzena de cada m\u00eas. Para tanto, a copa da \u00e1rvore foi repartida em quadrantes, para facilitar a qualifica\u00e7\u00e3o e quantifica\u00e7\u00e3o. Foram avaliados 10 indiv\u00edduos adultos. A esp\u00e9cie mostra-se dec\u00eddua (cobertura da copa apresenta-se abaixo de 80% em alguns per\u00edodos do ano).<\/p>\n<\/div>\n<h3><img loading=\"lazy\" decoding=\"async\" class=\" wp-image-754 aligncenter\" src=\"http:\/\/uenf.br\/projetos\/arvoresdauenf\/files\/2019\/08\/grafico-abrico-de-macaco.jpg\" alt=\"\" width=\"652\" height=\"340\" srcset=\"https:\/\/uenf.br\/projetos\/arvoresdauenf\/files\/2019\/08\/grafico-abrico-de-macaco.jpg 1014w, https:\/\/uenf.br\/projetos\/arvoresdauenf\/files\/2019\/08\/grafico-abrico-de-macaco-300x157.jpg 300w, https:\/\/uenf.br\/projetos\/arvoresdauenf\/files\/2019\/08\/grafico-abrico-de-macaco-768x401.jpg 768w, https:\/\/uenf.br\/projetos\/arvoresdauenf\/files\/2019\/08\/grafico-abrico-de-macaco-150x78.jpg 150w, https:\/\/uenf.br\/projetos\/arvoresdauenf\/files\/2019\/08\/grafico-abrico-de-macaco-400x209.jpg 400w\" sizes=\"auto, (max-width: 652px) 100vw, 652px\" \/><\/h3>\n<\/div>\n","protected":false},"excerpt":{"rendered":"<p>Couroupita guianensis Aubl Fam\u00edlia: Lecythidaceae Nomes populares: macacarecuia, bola de canh\u00e3o, coit\u00e9 de macaco, cuiarama, castanha-de-macaco, am\u00eandoa-dos-andes Distribui\u00e7\u00e3o Geogr\u00e1fica Ocorr\u00eancias:&#8230;<\/p>\n","protected":false},"author":22,"featured_media":0,"parent":27,"menu_order":0,"comment_status":"closed","ping_status":"closed","template":"","meta":{"footnotes":""},"class_list":["post-55","page","type-page","status-publish","hentry"],"_links":{"self":[{"href":"https:\/\/uenf.br\/projetos\/arvoresdauenf\/wp-json\/wp\/v2\/pages\/55","targetHints":{"allow":["GET"]}}],"collection":[{"href":"https:\/\/uenf.br\/projetos\/arvoresdauenf\/wp-json\/wp\/v2\/pages"}],"about":[{"href":"https:\/\/uenf.br\/projetos\/arvoresdauenf\/wp-json\/wp\/v2\/types\/page"}],"author":[{"embeddable":true,"href":"https:\/\/uenf.br\/projetos\/arvoresdauenf\/wp-json\/wp\/v2\/users\/22"}],"replies":[{"embeddable":true,"href":"https:\/\/uenf.br\/projetos\/arvoresdauenf\/wp-json\/wp\/v2\/comments?post=55"}],"version-history":[{"count":0,"href":"https:\/\/uenf.br\/projetos\/arvoresdauenf\/wp-json\/wp\/v2\/pages\/55\/revisions"}],"up":[{"embeddable":true,"href":"https:\/\/uenf.br\/projetos\/arvoresdauenf\/wp-json\/wp\/v2\/pages\/27"}],"wp:attachment":[{"href":"https:\/\/uenf.br\/projetos\/arvoresdauenf\/wp-json\/wp\/v2\/media?parent=55"}],"curies":[{"name":"wp","href":"https:\/\/api.w.org\/{rel}","templated":true}]}}