{"id":563,"date":"2019-06-15T21:19:08","date_gmt":"2019-06-16T00:19:08","guid":{"rendered":"http:\/\/uenf.br\/projetos\/arvoresdauenf\/?page_id=563"},"modified":"2021-03-28T10:46:24","modified_gmt":"2021-03-28T13:46:24","slug":"mangueira","status":"publish","type":"page","link":"https:\/\/uenf.br\/projetos\/arvoresdauenf\/especie-2\/mangueira\/","title":{"rendered":"Mangueira"},"content":{"rendered":"<h2><strong><em>Mangifera\u00a0indica<\/em> L.<\/strong><\/h2>\n<div id=\"attachment_1880\" style=\"width: 503px\" class=\"wp-caption aligncenter\"><img loading=\"lazy\" decoding=\"async\" aria-describedby=\"caption-attachment-1880\" class=\"wp-image-1880 size-full\" src=\"http:\/\/uenf.br\/projetos\/arvoresdauenf\/files\/2020\/08\/IMG_1451-min.jpg\" alt=\"\" width=\"493\" height=\"657\" srcset=\"https:\/\/uenf.br\/projetos\/arvoresdauenf\/files\/2020\/08\/IMG_1451-min.jpg 493w, https:\/\/uenf.br\/projetos\/arvoresdauenf\/files\/2020\/08\/IMG_1451-min-225x300.jpg 225w\" sizes=\"auto, (max-width: 493px) 100vw, 493px\" \/><p id=\"caption-attachment-1880\" class=\"wp-caption-text\">Mangueira no campus de maca\u00e9. Foto: Yara Pereira<\/p><\/div>\n<p>&nbsp;<\/p>\n<div id=\"attachment_1841\" style=\"width: 508px\" class=\"wp-caption aligncenter\"><img loading=\"lazy\" decoding=\"async\" aria-describedby=\"caption-attachment-1841\" class=\"wp-image-1841\" src=\"http:\/\/uenf.br\/projetos\/arvoresdauenf\/files\/2020\/08\/DSC05942-min-1024x683.jpg\" alt=\"\" width=\"498\" height=\"332\" srcset=\"https:\/\/uenf.br\/projetos\/arvoresdauenf\/files\/2020\/08\/DSC05942-min-1024x683.jpg 1024w, https:\/\/uenf.br\/projetos\/arvoresdauenf\/files\/2020\/08\/DSC05942-min-300x200.jpg 300w, https:\/\/uenf.br\/projetos\/arvoresdauenf\/files\/2020\/08\/DSC05942-min-768x512.jpg 768w, https:\/\/uenf.br\/projetos\/arvoresdauenf\/files\/2020\/08\/DSC05942-min-1536x1024.jpg 1536w, https:\/\/uenf.br\/projetos\/arvoresdauenf\/files\/2020\/08\/DSC05942-min-2048x1365.jpg 2048w\" sizes=\"auto, (max-width: 498px) 100vw, 498px\" \/><p id=\"caption-attachment-1841\" class=\"wp-caption-text\">Mangueira no campus Uenf.\u00a0 Sua copa \u00e9 globosa, densa de at\u00e9 25 m de di\u00e2metro, com folhas arom\u00e1ticas, subcori\u00e1ceas, simples e alternas. \u00a0Fotos: Christian da Cunha Ribeiro e Yara Pereira Gon\u00e7alves<\/p><\/div>\n<p>&nbsp;<\/p>\n<div id=\"attachment_1842\" style=\"width: 512px\" class=\"wp-caption aligncenter\"><img loading=\"lazy\" decoding=\"async\" aria-describedby=\"caption-attachment-1842\" class=\"wp-image-1842\" src=\"http:\/\/uenf.br\/projetos\/arvoresdauenf\/files\/2020\/08\/DSC05950-min-1024x683.jpg\" alt=\"\" width=\"502\" height=\"335\" srcset=\"https:\/\/uenf.br\/projetos\/arvoresdauenf\/files\/2020\/08\/DSC05950-min-1024x683.jpg 1024w, https:\/\/uenf.br\/projetos\/arvoresdauenf\/files\/2020\/08\/DSC05950-min-300x200.jpg 300w, https:\/\/uenf.br\/projetos\/arvoresdauenf\/files\/2020\/08\/DSC05950-min-768x512.jpg 768w, https:\/\/uenf.br\/projetos\/arvoresdauenf\/files\/2020\/08\/DSC05950-min-1536x1024.jpg 1536w, https:\/\/uenf.br\/projetos\/arvoresdauenf\/files\/2020\/08\/DSC05950-min-2048x1365.jpg 2048w\" sizes=\"auto, (max-width: 502px) 100vw, 502px\" \/><p id=\"caption-attachment-1842\" class=\"wp-caption-text\">Suas flores s\u00e3o pequenas, medindo cerca de 6 mm a 8 mm, pent\u00e2meras, de cores claras (rosadas), apresentam guias de n\u00e9ctar e exalam um forte e adocicado odor.<\/p><\/div>\n<p>&nbsp;<\/p>\n<h3><strong>Fam\u00edlia: Anacardiaceae<\/strong><\/h3>\n<h3><strong>Nomes populares: mangueira, manguita, manguinha, manga<\/strong><\/h3>\n<h3><strong>Origem: \u00cdndia e sudeste da \u00c1sia<\/strong><\/h3>\n<h3 id=\"distribuicaoGeografica\" class=\"label\"><strong>Distribui\u00e7\u00e3o Geogr\u00e1fica<\/strong><\/h3>\n<div class=\"tabelamapa\">\n<h4 id=\"ocorrencia_confirmada\" class=\"label\">Ocorr\u00eancias:<\/h4>\n<div id=\"tr-carregaTaxonGrupoDistribuicaoGeograficaCertezaNorte\" class=\"distribuicaoGeograficaCertezaNorte\">\n<ul>\n<li id=\"idFieldCertezaNorte\" class=\"field\"><b>Norte<\/b> (Acre, Amazonas, Amap\u00e1, Par\u00e1, Rond\u00f4nia, Roraima, Tocantins)<\/li>\n<li class=\"field\"><b>Nordeste<\/b> (Alagoas, Bahia, Cear\u00e1, Maranh\u00e3o, Para\u00edba, Pernambuco, Piau\u00ed, Rio Grande do Norte, Sergipe)<\/li>\n<li class=\"field\"><b>Centro-Oeste<\/b> (Distrito Federal, Goi\u00e1s, Mato Grosso do Sul, Mato Grosso)<\/li>\n<li class=\"field\"><b>Sudeste<\/b> (Esp\u00edrito Santo, Minas Gerais, Rio de Janeiro, S\u00e3o Paulo)<\/li>\n<li class=\"field\"><b>Sul<\/b>\u00a0(Paran\u00e1, Rio Grande do Sul, Santa Catarina)<\/li>\n<\/ul>\n<h3 class=\"field\" style=\"text-align: left\">Dom\u00ednios Fitogeogr\u00e1ficos<\/h3>\n<ul>\n<li>Amaz\u00f4nia, Caatinga, Cerrado, Mata Atl\u00e2ntica, Pampa, Pantanal<\/li>\n<\/ul>\n<p><img loading=\"lazy\" decoding=\"async\" class=\"size-full wp-image-670 aligncenter\" src=\"http:\/\/uenf.br\/projetos\/arvoresdauenf\/files\/2019\/06\/manga-1.jpg\" alt=\"\" width=\"360\" height=\"385\" \/><\/p>\n<\/div>\n<p>Fonte: Flora do Brasil, 2020 (<a href=\"http:\/\/reflora.jbrj.gov.br\/reflora\/listaBrasil\/ConsultaPublicaUC\/BemVindoConsultaPublicaConsultar.do?invalidatePageControlCounter=1&amp;idsFilhosAlgas=%5B2%5D&amp;idsFilhosFungos=%5B1%2C11%2C10%5D&amp;lingua=&amp;grupo=5&amp;genero=Mangifera&amp;especie=indica&amp;autor=&amp;nomeVernaculo=&amp;nomeCompleto=&amp;formaVida=null&amp;substrato=null&amp;ocorreBrasil=QUALQUER&amp;ocorrencia=OCORRE&amp;endemismo=TODOS&amp;origem=TODOS&amp;regiao=QUALQUER&amp;estado=QUALQUER&amp;ilhaOceanica=32767&amp;domFitogeograficos=QUALQUER&amp;bacia=QUALQUER&amp;vegetacao=TODOS&amp;mostrarAte=SUBESP_VAR&amp;opcoesBusca=TODOS_OS_NOMES&amp;loginUsuario=Visitante&amp;senhaUsuario=&amp;contexto=consulta-publica\">clique aqui<\/a>)<\/p>\n<h3><strong>Curiosidades:<\/strong><\/h3>\n<ul>\n<li>\u00c9 antioxidante, antial\u00e9rgica, anti-inflamat\u00f3ria, anti-diab\u00e9tica, antiviral, antif\u00fangica, antibactericida e antiparas\u00edtica. (<a href=\"https:\/\/pt.wikipedia.org\/wiki\/Manga_(fruta)\">clique aqui<\/a>)<\/li>\n<li>Gra\u00e7as \u00e0 alta quantidade de ferro que cont\u00e9m, a manga \u00e9 indicada para tratamentos de anemia e \u00e9 ben\u00e9fica para as mulheres gr\u00e1vidas e em per\u00edodos de menstrua\u00e7\u00e3o.<\/li>\n<li>Pessoas que sofrem de\u00a0c\u00e3imbras,\u00a0<i>stress<\/i> e problemas card\u00edacos, podem se beneficiar das altas concentra\u00e7\u00f5es de\u00a0pot\u00e1ssio\u00a0e\u00a0magn\u00e9sio\u00a0existentes que tamb\u00e9m auxiliam \u00e0queles que sofrem de\u00a0acidose.<\/li>\n<li>Na \u00cdndia, onde a manga \u00e9 a fruta nacional, acredita-se que as mangas podem vir a estancar hemorragia, fortalecem o cora\u00e7\u00e3o e trazem benef\u00edcios ao c\u00e9rebro.<\/li>\n<li>\u00c9 tamb\u00e9m utilizada em afec\u00e7\u00f5es pulmonares (bronquite asm\u00e1tica,\u00a0bronquite catarral\u00a0e\u00a0tosse), gengivas inflamadas (gengivites, feridas na boca e no canto dos l\u00e1bios).\u00a0\u00dalcera\u00a0de dec\u00fabito (escaras), \u00falceras varicosas.<\/li>\n<li>Seu fruto representa uma rica fonte de fibras, vitamina A e C.\u00a0<a href=\"https:\/\/pubmed.ncbi.nlm.nih.gov\/32506936\/\">(Clique aqui)<\/a><\/li>\n<\/ul>\n<\/div>\n","protected":false},"excerpt":{"rendered":"<p>Mangifera\u00a0indica L. &nbsp; &nbsp; &nbsp; Fam\u00edlia: Anacardiaceae Nomes populares: mangueira, manguita, manguinha, manga Origem: \u00cdndia e sudeste da \u00c1sia Distribui\u00e7\u00e3o&#8230;<\/p>\n","protected":false},"author":24,"featured_media":0,"parent":27,"menu_order":0,"comment_status":"closed","ping_status":"closed","template":"","meta":{"footnotes":""},"class_list":["post-563","page","type-page","status-publish","hentry"],"_links":{"self":[{"href":"https:\/\/uenf.br\/projetos\/arvoresdauenf\/wp-json\/wp\/v2\/pages\/563","targetHints":{"allow":["GET"]}}],"collection":[{"href":"https:\/\/uenf.br\/projetos\/arvoresdauenf\/wp-json\/wp\/v2\/pages"}],"about":[{"href":"https:\/\/uenf.br\/projetos\/arvoresdauenf\/wp-json\/wp\/v2\/types\/page"}],"author":[{"embeddable":true,"href":"https:\/\/uenf.br\/projetos\/arvoresdauenf\/wp-json\/wp\/v2\/users\/24"}],"replies":[{"embeddable":true,"href":"https:\/\/uenf.br\/projetos\/arvoresdauenf\/wp-json\/wp\/v2\/comments?post=563"}],"version-history":[{"count":0,"href":"https:\/\/uenf.br\/projetos\/arvoresdauenf\/wp-json\/wp\/v2\/pages\/563\/revisions"}],"up":[{"embeddable":true,"href":"https:\/\/uenf.br\/projetos\/arvoresdauenf\/wp-json\/wp\/v2\/pages\/27"}],"wp:attachment":[{"href":"https:\/\/uenf.br\/projetos\/arvoresdauenf\/wp-json\/wp\/v2\/media?parent=563"}],"curies":[{"name":"wp","href":"https:\/\/api.w.org\/{rel}","templated":true}]}}