{"id":575,"date":"2019-06-15T21:23:06","date_gmt":"2019-06-16T00:23:06","guid":{"rendered":"http:\/\/uenf.br\/projetos\/arvoresdauenf\/?page_id=575"},"modified":"2021-04-26T12:46:39","modified_gmt":"2021-04-26T15:46:39","slug":"cedro-rosa","status":"publish","type":"page","link":"https:\/\/uenf.br\/projetos\/arvoresdauenf\/especie-2\/cedro-rosa\/","title":{"rendered":"Cedro Rosa"},"content":{"rendered":"<h2 class=\"taxon\"><strong><i>Cedrela fissilis <\/i>Vell.<\/strong><\/h2>\n<div id=\"attachment_686\" style=\"width: 533px\" class=\"wp-caption aligncenter\"><img loading=\"lazy\" decoding=\"async\" aria-describedby=\"caption-attachment-686\" class=\"wp-image-686\" src=\"http:\/\/uenf.br\/projetos\/arvoresdauenf\/files\/2019\/06\/DSC06017-min.jpg\" alt=\"\" width=\"523\" height=\"348\" \/><p id=\"caption-attachment-686\" class=\"wp-caption-text\">\u00c1rvore da esp\u00e9cie <i>Cedrela fissilis<\/i>, apresentando folhas alternas, espiraladas, compostas pinadas.\u00a0 Foto: Christian da Cunha Ribeiro e Yara Pereira Gon\u00e7alves<\/p><\/div>\n<h3>Fam\u00edlia: Meliaceae<\/h3>\n<h3><strong>Nomes populares: cedro-cetim, cedro-missioneiro, acaiac\u00e1, cedro-vermelho, cedro-branco, cedro-batata, cedro-amarelo, e cedro-da v\u00e1rzea<\/strong><\/h3>\n<h3><strong>Origem: Nativa do Brasil<\/strong><\/h3>\n<h3 id=\"distribuicaoGeografica\" class=\"label\"><strong>Distribui\u00e7\u00e3o Geogr\u00e1fica<\/strong><\/h3>\n<div class=\"tabelamapa\">\n<h4 id=\"ocorrencia_confirmada\" class=\"label\">Ocorr\u00eancias:<\/h4>\n<div id=\"tr-carregaTaxonGrupoDistribuicaoGeograficaCertezaNorte\" class=\"distribuicaoGeograficaCertezaNorte\">\n<ul>\n<li id=\"idFieldCertezaNorte\" class=\"field\"><b>Norte<\/b> (Acre, Amazonas, Par\u00e1, Rond\u00f4nia, Tocantins)<\/li>\n<li class=\"field\"><b>Nordeste<\/b> (Alagoas, Bahia, Cear\u00e1, Maranh\u00e3o, Pernambuco, Piau\u00ed, Sergipe)<\/li>\n<li class=\"field\"><b>Centro-Oeste<\/b> (Distrito Federal, Goi\u00e1s, Mato Grosso do Sul, Mato Grosso)<\/li>\n<li class=\"field\"><b>Sudeste<\/b> (Esp\u00edrito Santo, Minas Gerais, Rio de Janeiro, S\u00e3o Paulo)<\/li>\n<li class=\"field\"><b>Sul<\/b>\u00a0(Paran\u00e1, Rio Grande do Sul, Santa Catarina)<\/li>\n<\/ul>\n<h3 class=\"field\" style=\"text-align: left\">Dom\u00ednios Fitogeogr\u00e1ficos<\/h3>\n<ul>\n<li>Amaz\u00f4nia, Cerrado, Mata Atl\u00e2ntica<\/li>\n<\/ul>\n<p><img loading=\"lazy\" decoding=\"async\" class=\"size-full wp-image-613 aligncenter\" src=\"http:\/\/uenf.br\/projetos\/arvoresdauenf\/files\/2019\/06\/cedro.png\" alt=\"\" width=\"364\" height=\"384\" \/><\/p>\n<p>Fonte: Flora do Brasil, 2020 (<a href=\"http:\/\/www.floradobrasil.jbrj.gov.br\/reflora\/listaBrasil\/ConsultaPublicaUC\/BemVindoConsultaPublicaConsultar.do?invalidatePageControlCounter=10&amp;idsFilhosAlgas=%5B2%5D&amp;idsFilhosFungos=%5B1%2C10%2C11%5D&amp;lingua=&amp;grupo=5&amp;familia=null&amp;genero=&amp;especie=&amp;autor=&amp;nomeVernaculo=&amp;nomeCompleto=Cedrela+fissilis+Vell&amp;formaVida=null&amp;substrato=null&amp;ocorreBrasil=QUALQUER&amp;ocorrencia=OCORRE&amp;endemismo=TODOS&amp;origem=TODOS&amp;regiao=QUALQUER&amp;estado=QUALQUER&amp;ilhaOceanica=32767&amp;domFitogeograficos=QUALQUER&amp;bacia=QUALQUER&amp;vegetacao=TODOS&amp;mostrarAte=SUBESP_VAR&amp;opcoesBusca=TODOS_OS_NOMES&amp;loginUsuario=Visitante&amp;senhaUsuario=&amp;contexto=consulta-publica\">clique aqui<\/a>)<\/p>\n<h3>\u00a0<strong>Curiosidades:<\/strong><\/h3>\n<ul>\n<li><em>Cedrela fissilis<\/em> Vell. \u00e9 popularmente utilizada na medicina\u00a0 como adstringente, em\u00e9tica, no combate \u00e0 leucorr\u00e9ia e na lavagem de \u00falceras e ferida. (<a href=\"http:\/\/periodicos.uem.br\/ojs\/index.php\/ActaSciHealthSci\/article\/view\/4483\">clique aqui<\/a>)<\/li>\n<li>\u00c9 utilizada na arboriza\u00e7\u00e3o de pra\u00e7as p\u00fablicas, parques e jardins. Tamb\u00e9m possui\u00a0 a finalidade de recuperar ecossistemas degradados. (<a href=\"https:\/\/pt.wikipedia.org\/wiki\/Acaiac%C3%A1\">clique aqui<\/a>)<\/li>\n<li>Na constru\u00e7\u00e3o civil, \u00e9 indicada para acabamentos internos como rodap\u00e9s, guarni\u00e7\u00f5es, forros, janelas e lambris. <a href=\"https:\/\/www.embrapa.br\/documents\/1355054\/26025431\/SITE+ARVORES_FICHA_15_Cedrela+fissilis.pdf\/b0d4dd34-8f6d-fcfc-acc0-ee248030228f\">(Clique aqui)<\/a><\/li>\n<\/ul>\n<\/div>\n<p>&nbsp;<\/p>\n<\/div>\n","protected":false},"excerpt":{"rendered":"<p>Cedrela fissilis Vell. Fam\u00edlia: Meliaceae Nomes populares: cedro-cetim, cedro-missioneiro, acaiac\u00e1, cedro-vermelho, cedro-branco, cedro-batata, cedro-amarelo, e cedro-da v\u00e1rzea Origem: Nativa do&#8230;<\/p>\n","protected":false},"author":24,"featured_media":0,"parent":27,"menu_order":0,"comment_status":"closed","ping_status":"closed","template":"","meta":{"footnotes":""},"class_list":["post-575","page","type-page","status-publish","hentry"],"_links":{"self":[{"href":"https:\/\/uenf.br\/projetos\/arvoresdauenf\/wp-json\/wp\/v2\/pages\/575","targetHints":{"allow":["GET"]}}],"collection":[{"href":"https:\/\/uenf.br\/projetos\/arvoresdauenf\/wp-json\/wp\/v2\/pages"}],"about":[{"href":"https:\/\/uenf.br\/projetos\/arvoresdauenf\/wp-json\/wp\/v2\/types\/page"}],"author":[{"embeddable":true,"href":"https:\/\/uenf.br\/projetos\/arvoresdauenf\/wp-json\/wp\/v2\/users\/24"}],"replies":[{"embeddable":true,"href":"https:\/\/uenf.br\/projetos\/arvoresdauenf\/wp-json\/wp\/v2\/comments?post=575"}],"version-history":[{"count":0,"href":"https:\/\/uenf.br\/projetos\/arvoresdauenf\/wp-json\/wp\/v2\/pages\/575\/revisions"}],"up":[{"embeddable":true,"href":"https:\/\/uenf.br\/projetos\/arvoresdauenf\/wp-json\/wp\/v2\/pages\/27"}],"wp:attachment":[{"href":"https:\/\/uenf.br\/projetos\/arvoresdauenf\/wp-json\/wp\/v2\/media?parent=575"}],"curies":[{"name":"wp","href":"https:\/\/api.w.org\/{rel}","templated":true}]}}