{"id":59,"date":"2019-01-11T14:59:06","date_gmt":"2019-01-11T16:59:06","guid":{"rendered":"http:\/\/uenf.br\/projetos\/arvoresdauenf\/?page_id=59"},"modified":"2024-03-27T18:12:13","modified_gmt":"2024-03-27T21:12:13","slug":"moringa","status":"publish","type":"page","link":"https:\/\/uenf.br\/projetos\/arvoresdauenf\/especie-2\/moringa\/","title":{"rendered":"Moringa"},"content":{"rendered":"<h2><em>Moringa oleifera<\/em> Lam.<\/h2>\n<h3><span style=\"color: #000000\"><strong>Fam\u00edlia: Moringaceae<\/strong><\/span><\/h3>\n<h3><span style=\"color: #000000\"><strong>Nomes populares: moringa,\u00a0<b>ac\u00e1cia-branca<\/b>,\u00a0<b>\u00e1rvore-rabanete-de-cavalo<\/b>,\u00a0<b>cedro<\/b>,\u00a0<b>moringueiro<\/b>\u00a0e\u00a0<b>quiabo-de-quina<\/b><\/strong><\/span><\/h3>\n<h3 id=\"distribuicaoGeografica\" class=\"label\">Origem: \u00cdndia &#8211; encostas do Himalaya<\/h3>\n<div id=\"attachment_1513\" style=\"width: 499px\" class=\"wp-caption aligncenter\"><img loading=\"lazy\" decoding=\"async\" aria-describedby=\"caption-attachment-1513\" class=\"wp-image-1513\" src=\"http:\/\/uenf.br\/projetos\/arvoresdauenf\/files\/2020\/07\/IMG-4381-1-e1595023804879-768x1024.jpg\" alt=\"\" width=\"489\" height=\"651\" srcset=\"https:\/\/uenf.br\/projetos\/arvoresdauenf\/files\/2020\/07\/IMG-4381-1-e1595023804879-768x1024.jpg 768w, https:\/\/uenf.br\/projetos\/arvoresdauenf\/files\/2020\/07\/IMG-4381-1-e1595023804879-225x300.jpg 225w, https:\/\/uenf.br\/projetos\/arvoresdauenf\/files\/2020\/07\/IMG-4381-1-e1595023804879-1152x1536.jpg 1152w, https:\/\/uenf.br\/projetos\/arvoresdauenf\/files\/2020\/07\/IMG-4381-1-e1595023804879-1536x2048.jpg 1536w\" sizes=\"auto, (max-width: 489px) 100vw, 489px\" \/><p id=\"caption-attachment-1513\" class=\"wp-caption-text\">Foto: Yara Pereira<\/p><\/div>\n<div id=\"attachment_1864\" style=\"width: 492px\" class=\"wp-caption aligncenter\"><img loading=\"lazy\" decoding=\"async\" aria-describedby=\"caption-attachment-1864\" class=\"wp-image-1864\" src=\"http:\/\/uenf.br\/projetos\/arvoresdauenf\/files\/2020\/08\/IMG_4383-1-1024x768.jpg\" alt=\"\" width=\"482\" height=\"361\" srcset=\"https:\/\/uenf.br\/projetos\/arvoresdauenf\/files\/2020\/08\/IMG_4383-1-1024x768.jpg 1024w, https:\/\/uenf.br\/projetos\/arvoresdauenf\/files\/2020\/08\/IMG_4383-1-300x225.jpg 300w, https:\/\/uenf.br\/projetos\/arvoresdauenf\/files\/2020\/08\/IMG_4383-1-768x576.jpg 768w, https:\/\/uenf.br\/projetos\/arvoresdauenf\/files\/2020\/08\/IMG_4383-1-1536x1152.jpg 1536w, https:\/\/uenf.br\/projetos\/arvoresdauenf\/files\/2020\/08\/IMG_4383-1-2048x1536.jpg 2048w\" sizes=\"auto, (max-width: 482px) 100vw, 482px\" \/><p id=\"caption-attachment-1864\" class=\"wp-caption-text\">Foto: Yara Pereira<\/p><\/div>\n<p>&nbsp;<\/p>\n<div id=\"attachment_329\" style=\"width: 325px\" class=\"wp-caption aligncenter\"><img loading=\"lazy\" decoding=\"async\" aria-describedby=\"caption-attachment-329\" class=\"wp-image-329\" src=\"http:\/\/uenf.br\/projetos\/arvoresdauenf\/files\/2019\/02\/folha-mini.png\" alt=\"\" width=\"315\" height=\"464\" \/><p id=\"caption-attachment-329\" class=\"wp-caption-text\">Foto: David Pessanha Siqueira<\/p><\/div>\n<div id=\"attachment_326\" style=\"width: 527px\" class=\"wp-caption aligncenter\"><img loading=\"lazy\" decoding=\"async\" aria-describedby=\"caption-attachment-326\" class=\"wp-image-326\" src=\"http:\/\/uenf.br\/projetos\/arvoresdauenf\/files\/2019\/02\/DSC03738-min.jpg\" alt=\"\" width=\"517\" height=\"291\" \/><p id=\"caption-attachment-326\" class=\"wp-caption-text\">Foto: David Pessanha Siqueira<\/p><\/div>\n<div id=\"attachment_327\" style=\"width: 533px\" class=\"wp-caption aligncenter\"><img loading=\"lazy\" decoding=\"async\" aria-describedby=\"caption-attachment-327\" class=\"wp-image-327\" src=\"http:\/\/uenf.br\/projetos\/arvoresdauenf\/files\/2019\/02\/DSC03740-min.jpg\" alt=\"\" width=\"523\" height=\"289\" \/><p id=\"caption-attachment-327\" class=\"wp-caption-text\">Frutos de moringa &#8211;\u00a0c\u00e1psula trilobulada e deiscente &#8211; fechados e ap\u00f3s a abertura natural, evidenciando as sementes aladas. (<a href=\"http:\/\/Dialnet-MorfologiaDeFrutosESementesEMorfofuncaoDePlantulas-6294707.pdf\">Clique aqui<\/a>). Foto: David Pessanha Siqueira<\/p><\/div>\n<div id=\"attachment_328\" style=\"width: 442px\" class=\"wp-caption aligncenter\"><img loading=\"lazy\" decoding=\"async\" aria-describedby=\"caption-attachment-328\" class=\"wp-image-328\" src=\"http:\/\/uenf.br\/projetos\/arvoresdauenf\/files\/2019\/02\/DSC03743-min.jpg\" alt=\"\" width=\"432\" height=\"243\" \/><p id=\"caption-attachment-328\" class=\"wp-caption-text\">Sementes aladas de moringa. Foto: David Pessanha Siqueira<\/p><\/div>\n<h3 id=\"distribuicaoGeografica\" class=\"label\"><strong>Distribui\u00e7\u00e3o Geogr\u00e1fica<\/strong><\/h3>\n<div id=\"ocorrencia_confirmada\" class=\"label\"><strong>Ocorr\u00eancias:<\/strong><\/div>\n<ul>\n<li><b>Norte<\/b> (Rond\u00f4nia, Tocantins)<\/li>\n<li><b>Nordeste<\/b> (Alagoas, Bahia, Cear\u00e1, Para\u00edba, Pernambuco, Rio Grande do Norte, Sergipe)<\/li>\n<li><b>Centro-oeste<\/b> (Distrito Federal, Goi\u00e1s, Mato Grosso do Sul, Mato Grosso)<\/li>\n<li><b>Sudeste<\/b> (Minas Gerais, Rio de Janeiro, S\u00e3o Paulo)<\/li>\n<\/ul>\n<div id=\"ocorrencia_confirmada\" class=\"label\"><strong>Poss\u00edveis Ocorr\u00eancias:<\/strong><\/div>\n<ul>\n<li><b>Sudeste<\/b> (Esp\u00edrito Santo)<\/li>\n<\/ul>\n<p><img loading=\"lazy\" decoding=\"async\" class=\" wp-image-2698 aligncenter\" src=\"https:\/\/uenf.br\/projetos\/arvoresdauenf\/files\/2024\/03\/Moringa-272x300.png\" alt=\"\" width=\"332\" height=\"366\" srcset=\"https:\/\/uenf.br\/projetos\/arvoresdauenf\/files\/2024\/03\/Moringa-272x300.png 272w, https:\/\/uenf.br\/projetos\/arvoresdauenf\/files\/2024\/03\/Moringa.png 350w\" sizes=\"auto, (max-width: 332px) 100vw, 332px\" \/><\/p>\n<div>\n<h3 id=\"distribuicaoGeografica\" class=\"label\"><\/h3>\n<\/div>\n<h3>Curiosidades:<\/h3>\n<ul>\n<li style=\"direction: ltr\">Valor nutricional: A Moringa oleifera cont\u00eam mais de 92 nutrientes e 46 tipos de antioxidantes, al\u00e9m de 36 subst\u00e2ncias anti-inflamat\u00f3rias e 18 amino\u00e1cidos, inclusive os 9 amino\u00e1cidos essenciais que n\u00e3o s\u00e3o produzidos pelo corpo humano\u00a0 (<a href=\"https:\/\/pt.wikipedia.org\/wiki\/Moringa_oleifera\">clique aqui<\/a>)<\/li>\n<li>As suas sementes, oleosas, s\u00e3o utilizadas para a produ\u00e7\u00e3o do\u00a0\u00f3leo de ben\u00a0(ou\u00a0<i>bem<\/i>), rico em \u00e1cido be\u00e9nico, usado em pintura art\u00edstica.<\/li>\n<li>Coagulante extra\u00eddo das sementes de <i>Moringa oleifera<\/i> apresenta efici\u00eancia da filtra\u00e7\u00e3o e sedimenta\u00e7\u00e3o\u00a0 de part\u00edculas s\u00f3lidas em suspens\u00e3o na \u00e1gua (<a href=\"https:\/\/www.tratamentodeagua.com.br\/artigo\/uso-de-sementes-de-moringa-oleifera-para-tratamento-de-aguas-superficiais\/\">clique aqui<\/a>)<\/li>\n<li>A moringa \u00e9 uma planta multifuncional, com alto potencial para a alimenta\u00e7\u00e3o animal,\u00a0 capacidade de rebrota, riqueza de nutrientes e f\u00e1cil adapta\u00e7\u00e3o em regi\u00f5es tropicais (<a href=\"https:\/\/www.researchgate.net\/publication\/309538702_MORINGA_OLEIFERA_NA_ALIMENTACAO_ANIMAL\">clique aqui<\/a>)<\/li>\n<\/ul>\n","protected":false},"excerpt":{"rendered":"<p>Moringa oleifera Lam. Fam\u00edlia: Moringaceae Nomes populares: moringa,\u00a0ac\u00e1cia-branca,\u00a0\u00e1rvore-rabanete-de-cavalo,\u00a0cedro,\u00a0moringueiro\u00a0e\u00a0quiabo-de-quina Origem: \u00cdndia &#8211; encostas do Himalaya &nbsp; Distribui\u00e7\u00e3o Geogr\u00e1fica Ocorr\u00eancias: Norte (Rond\u00f4nia,&#8230;<\/p>\n","protected":false},"author":22,"featured_media":0,"parent":27,"menu_order":0,"comment_status":"closed","ping_status":"closed","template":"","meta":{"footnotes":""},"class_list":["post-59","page","type-page","status-publish","hentry"],"_links":{"self":[{"href":"https:\/\/uenf.br\/projetos\/arvoresdauenf\/wp-json\/wp\/v2\/pages\/59","targetHints":{"allow":["GET"]}}],"collection":[{"href":"https:\/\/uenf.br\/projetos\/arvoresdauenf\/wp-json\/wp\/v2\/pages"}],"about":[{"href":"https:\/\/uenf.br\/projetos\/arvoresdauenf\/wp-json\/wp\/v2\/types\/page"}],"author":[{"embeddable":true,"href":"https:\/\/uenf.br\/projetos\/arvoresdauenf\/wp-json\/wp\/v2\/users\/22"}],"replies":[{"embeddable":true,"href":"https:\/\/uenf.br\/projetos\/arvoresdauenf\/wp-json\/wp\/v2\/comments?post=59"}],"version-history":[{"count":0,"href":"https:\/\/uenf.br\/projetos\/arvoresdauenf\/wp-json\/wp\/v2\/pages\/59\/revisions"}],"up":[{"embeddable":true,"href":"https:\/\/uenf.br\/projetos\/arvoresdauenf\/wp-json\/wp\/v2\/pages\/27"}],"wp:attachment":[{"href":"https:\/\/uenf.br\/projetos\/arvoresdauenf\/wp-json\/wp\/v2\/media?parent=59"}],"curies":[{"name":"wp","href":"https:\/\/api.w.org\/{rel}","templated":true}]}}