{"id":592,"date":"2019-06-15T21:33:52","date_gmt":"2019-06-16T00:33:52","guid":{"rendered":"http:\/\/uenf.br\/projetos\/arvoresdauenf\/?page_id=592"},"modified":"2022-06-08T19:47:45","modified_gmt":"2022-06-08T22:47:45","slug":"gliricidia-2","status":"publish","type":"page","link":"https:\/\/uenf.br\/projetos\/arvoresdauenf\/especie-2\/gliricidia-2\/","title":{"rendered":"Gliricidia"},"content":{"rendered":"<h1 id=\"firstHeading\" class=\"firstHeading\"><i><strong>Gliricidia sepium <\/strong><\/i><strong>(Jacq.) Kunth ex Walp<\/strong><\/h1>\n<div id=\"attachment_1847\" style=\"width: 436px\" class=\"wp-caption aligncenter\"><img loading=\"lazy\" decoding=\"async\" aria-describedby=\"caption-attachment-1847\" class=\"wp-image-1847\" src=\"http:\/\/uenf.br\/projetos\/arvoresdauenf\/files\/2020\/08\/DSC05998-e1597121952573-683x1024.jpg\" alt=\"\" width=\"426\" height=\"639\" srcset=\"https:\/\/uenf.br\/projetos\/arvoresdauenf\/files\/2020\/08\/DSC05998-e1597121952573-683x1024.jpg 683w, https:\/\/uenf.br\/projetos\/arvoresdauenf\/files\/2020\/08\/DSC05998-e1597121952573-200x300.jpg 200w, https:\/\/uenf.br\/projetos\/arvoresdauenf\/files\/2020\/08\/DSC05998-e1597121952573-768x1152.jpg 768w, https:\/\/uenf.br\/projetos\/arvoresdauenf\/files\/2020\/08\/DSC05998-e1597121952573-1024x1536.jpg 1024w, https:\/\/uenf.br\/projetos\/arvoresdauenf\/files\/2020\/08\/DSC05998-e1597121952573-1365x2048.jpg 1365w\" sizes=\"auto, (max-width: 426px) 100vw, 426px\" \/><p id=\"caption-attachment-1847\" class=\"wp-caption-text\">Fotos: Christian da Cunha Ribeiro e Yara Pereira Gon\u00e7alves<\/p><\/div>\n<p>&nbsp;<\/p>\n<h3><strong>Fam\u00edlia: Fabaceae<\/strong><\/h3>\n<h3><strong>Nomes populares: gliricidia, coiote, m\u00e3e-do-cacau e mata raton<\/strong><\/h3>\n<h3><strong>Origem:<\/strong> M\u00e9xico e Am\u00e9rica Central<\/h3>\n<h3 id=\"distribuicaoGeografica\" class=\"label\"><strong>Distribui\u00e7\u00e3o Geogr\u00e1fica<\/strong><\/h3>\n<div class=\"tabelamapa\">\n<h4 id=\"ocorrencia_confirmada\" class=\"label\">Ocorr\u00eancias:<\/h4>\n<div id=\"tr-carregaTaxonGrupoDistribuicaoGeograficaCertezaNorte\" class=\"distribuicaoGeograficaCertezaNorte\">\n<ul>\n<li id=\"idFieldCertezaNorte\" class=\"field\"><b>Norte<\/b> (Amazonas)<\/li>\n<li class=\"field\"><b>Nordeste<\/b> (Bahia, Cear\u00e1, Para\u00edba, Pernambuco, Rio Grande do Norte)<\/li>\n<li class=\"field\"><b>Centro-Oeste<\/b> (Goi\u00e1s, Mato Grosso)<\/li>\n<li class=\"field\"><b>Sudeste<\/b> (Esp\u00edrito Santo, Minas Gerais, Rio de Janeiro, S\u00e3o Paulo)<\/li>\n<li class=\"field\"><b>Sul<\/b>\u00a0(Paran\u00e1)<\/li>\n<\/ul>\n<h3 class=\"field\" style=\"text-align: left\">Dom\u00ednios Fitogeogr\u00e1ficos<\/h3>\n<ul>\n<li>Amaz\u00f4nia, Caatinga, Cerrado, Mata Atl\u00e2ntica<\/li>\n<\/ul>\n<p><img loading=\"lazy\" decoding=\"async\" class=\"size-full wp-image-1755 aligncenter\" src=\"http:\/\/uenf.br\/projetos\/arvoresdauenf\/files\/2020\/08\/gliricidia-min.jpg\" alt=\"\" width=\"364\" height=\"352\" srcset=\"https:\/\/uenf.br\/projetos\/arvoresdauenf\/files\/2020\/08\/gliricidia-min.jpg 364w, https:\/\/uenf.br\/projetos\/arvoresdauenf\/files\/2020\/08\/gliricidia-min-300x290.jpg 300w\" sizes=\"auto, (max-width: 364px) 100vw, 364px\" \/><\/p>\n<p>Fonte: Flora do Brasil, 2020 (<a href=\"http:\/\/floradobrasil.jbrj.gov.br\/reflora\/listaBrasil\/ConsultaPublicaUC\/BemVindoConsultaPublicaConsultar.do?invalidatePageControlCounter=61&amp;idsFilhosAlgas=%5B2%5D&amp;idsFilhosFungos=%5B1%2C10%2C11%5D&amp;lingua=&amp;grupo=5&amp;familia=null&amp;genero=&amp;especie=&amp;autor=&amp;nomeVernaculo=&amp;nomeCompleto=Gliricidia+sepium&amp;formaVida=null&amp;substrato=null&amp;ocorreBrasil=QUALQUER&amp;ocorrencia=OCORRE&amp;endemismo=TODOS&amp;origem=TODOS&amp;regiao=QUALQUER&amp;estado=QUALQUER&amp;ilhaOceanica=32767&amp;domFitogeograficos=QUALQUER&amp;bacia=QUALQUER&amp;vegetacao=TODOS&amp;mostrarAte=SUBESP_VAR&amp;opcoesBusca=TODOS_OS_NOMES&amp;loginUsuario=Visitante&amp;senhaUsuario=&amp;contexto=consulta-publica\">clique aqui<\/a>)<\/p>\n<p>&nbsp;<\/p>\n<\/div>\n<\/div>\n<p>&nbsp;<\/p>\n<p>&nbsp;<\/p>\n<p>&nbsp;<\/p>\n<div id=\"attachment_1850\" style=\"width: 429px\" class=\"wp-caption aligncenter\"><img loading=\"lazy\" decoding=\"async\" aria-describedby=\"caption-attachment-1850\" class=\"wp-image-1850\" src=\"http:\/\/uenf.br\/projetos\/arvoresdauenf\/files\/2020\/08\/DSCN7541.jpg\" alt=\"\" width=\"419\" height=\"314\" srcset=\"https:\/\/uenf.br\/projetos\/arvoresdauenf\/files\/2020\/08\/DSCN7541.jpg 400w, https:\/\/uenf.br\/projetos\/arvoresdauenf\/files\/2020\/08\/DSCN7541-300x225.jpg 300w\" sizes=\"auto, (max-width: 419px) 100vw, 419px\" \/><p id=\"caption-attachment-1850\" class=\"wp-caption-text\">Suas flores s\u00e3o vistosas, de cor rosa ou matizadas de p\u00farpura, e se agrupam em cachos curtos. <a href=\"http:\/\/rubens-plantasdobrasil.blogspot.com\/2012\/08\/gliricidia-sepium-jacq-kunth-ex-walp.html\">\u00a0 http:\/\/rubens-plantasdobrasil.blogspot.com\/2012\/08\/gliricidia-sepium-jacq-kunth-ex-walp.html\u00a0\u00a0\u00a0\u00a0\u00a0<\/a><\/p><\/div>\n<p>&nbsp;<\/p>\n<div id=\"attachment_1849\" style=\"width: 431px\" class=\"wp-caption aligncenter\"><img loading=\"lazy\" decoding=\"async\" aria-describedby=\"caption-attachment-1849\" class=\"wp-image-1849\" src=\"http:\/\/uenf.br\/projetos\/arvoresdauenf\/files\/2020\/08\/DSC05994-1024x683.jpg\" alt=\"\" width=\"421\" height=\"280\" srcset=\"https:\/\/uenf.br\/projetos\/arvoresdauenf\/files\/2020\/08\/DSC05994-1024x683.jpg 1024w, https:\/\/uenf.br\/projetos\/arvoresdauenf\/files\/2020\/08\/DSC05994-300x200.jpg 300w, https:\/\/uenf.br\/projetos\/arvoresdauenf\/files\/2020\/08\/DSC05994-768x512.jpg 768w, https:\/\/uenf.br\/projetos\/arvoresdauenf\/files\/2020\/08\/DSC05994-1536x1024.jpg 1536w, https:\/\/uenf.br\/projetos\/arvoresdauenf\/files\/2020\/08\/DSC05994-2048x1365.jpg 2048w\" sizes=\"auto, (max-width: 421px) 100vw, 421px\" \/><p id=\"caption-attachment-1849\" class=\"wp-caption-text\">Apresenta folhas copostas, alternadas, imparimpinadas, medindo de 15 a 25 cm de comprimento, com fol\u00edolos ovalados e el\u00edpticos.<\/p><\/div>\n<p>&nbsp;<\/p>\n<div class=\"tabelamapa\">\n<div id=\"tr-carregaTaxonGrupoDistribuicaoGeograficaCertezaNorte\" class=\"distribuicaoGeograficaCertezaNorte\">\n<div id=\"attachment_2021\" style=\"width: 261px\" class=\"wp-caption aligncenter\"><img loading=\"lazy\" decoding=\"async\" aria-describedby=\"caption-attachment-2021\" class=\"wp-image-2021\" src=\"http:\/\/uenf.br\/projetos\/arvoresdauenf\/files\/2020\/11\/20200829_120447-e1605736965631-225x300.jpg\" alt=\"\" width=\"251\" height=\"335\" srcset=\"https:\/\/uenf.br\/projetos\/arvoresdauenf\/files\/2020\/11\/20200829_120447-e1605736965631-225x300.jpg 225w, https:\/\/uenf.br\/projetos\/arvoresdauenf\/files\/2020\/11\/20200829_120447-e1605736965631-768x1024.jpg 768w, https:\/\/uenf.br\/projetos\/arvoresdauenf\/files\/2020\/11\/20200829_120447-e1605736965631-1152x1536.jpg 1152w, https:\/\/uenf.br\/projetos\/arvoresdauenf\/files\/2020\/11\/20200829_120447-e1605736965631-1536x2048.jpg 1536w\" sizes=\"auto, (max-width: 251px) 100vw, 251px\" \/><p id=\"caption-attachment-2021\" class=\"wp-caption-text\">Infloresc\u00eancia.<\/p><\/div>\n<h3><strong>Curiosidades:<\/strong><\/h3>\n<ul>\n<li>O nome gliric\u00eddia vem do latim\u00a0<em>glis<\/em>\u00a0(rato) e\u00a0<em>caedo<\/em> (matar), refer\u00eancia ao uso popular do p\u00f3 da casca, utilizado como veneno para ratos.<\/li>\n<li>\u00c9 usada tradicionalmente nessas regi\u00f5es para sombrear cafezais e cacaueiros e como suporte em planta\u00e7\u00f5es de baunilha (<a href=\"https:\/\/en.wikipedia.org\/wiki\/Gliricidia_sepium\">clique aqui<\/a>)<\/li>\n<li>Utilizada como cercas vivas , forragem , lenha , adubo verde, cons\u00f3rcios agroflorestais.<\/li>\n<li>Pode ser utilizada como forragem para bovinos, ovinos e caprinos<\/li>\n<li>\u00a0A poda estimula a manuten\u00e7\u00e3o de \u00a0suas folhas durante a esta\u00e7\u00e3o seca, quando muitas culturas forrageiras perdem suas folhas.<\/li>\n<li>A esp\u00e9cie fixa nitrog\u00eanio, pela associa\u00e7\u00e3o com bact\u00e9rias diazotr\u00f3ficas, assim toleram baixa fertilidade do solo, sendo indicada para cons\u00f3rcios agroflorestais, podendo aportar nutrientes para outras culturas.<\/li>\n<li>\u00c9 cultivada tamb\u00e9m para fins paisag\u00edsticos, principalmente na composi\u00e7\u00e3o de parques e na arboriza\u00e7\u00e3o de ruas<\/li>\n<li>N\u00e3o tolera geadas.<\/li>\n<\/ul>\n<\/div>\n<\/div>\n<p>&nbsp;<\/p>\n","protected":false},"excerpt":{"rendered":"<p>Gliricidia sepium (Jacq.) Kunth ex Walp &nbsp; Fam\u00edlia: Fabaceae Nomes populares: gliricidia, coiote, m\u00e3e-do-cacau e mata raton Origem: M\u00e9xico e&#8230;<\/p>\n","protected":false},"author":24,"featured_media":0,"parent":27,"menu_order":0,"comment_status":"closed","ping_status":"closed","template":"","meta":{"footnotes":""},"class_list":["post-592","page","type-page","status-publish","hentry"],"_links":{"self":[{"href":"https:\/\/uenf.br\/projetos\/arvoresdauenf\/wp-json\/wp\/v2\/pages\/592","targetHints":{"allow":["GET"]}}],"collection":[{"href":"https:\/\/uenf.br\/projetos\/arvoresdauenf\/wp-json\/wp\/v2\/pages"}],"about":[{"href":"https:\/\/uenf.br\/projetos\/arvoresdauenf\/wp-json\/wp\/v2\/types\/page"}],"author":[{"embeddable":true,"href":"https:\/\/uenf.br\/projetos\/arvoresdauenf\/wp-json\/wp\/v2\/users\/24"}],"replies":[{"embeddable":true,"href":"https:\/\/uenf.br\/projetos\/arvoresdauenf\/wp-json\/wp\/v2\/comments?post=592"}],"version-history":[{"count":0,"href":"https:\/\/uenf.br\/projetos\/arvoresdauenf\/wp-json\/wp\/v2\/pages\/592\/revisions"}],"up":[{"embeddable":true,"href":"https:\/\/uenf.br\/projetos\/arvoresdauenf\/wp-json\/wp\/v2\/pages\/27"}],"wp:attachment":[{"href":"https:\/\/uenf.br\/projetos\/arvoresdauenf\/wp-json\/wp\/v2\/media?parent=592"}],"curies":[{"name":"wp","href":"https:\/\/api.w.org\/{rel}","templated":true}]}}