{"id":710,"date":"2019-07-03T16:19:56","date_gmt":"2019-07-03T19:19:56","guid":{"rendered":"http:\/\/uenf.br\/projetos\/arvoresdauenf\/?page_id=710"},"modified":"2019-11-14T16:17:52","modified_gmt":"2019-11-14T19:17:52","slug":"turma-saccaromyces-sp","status":"publish","type":"page","link":"https:\/\/uenf.br\/projetos\/arvoresdauenf\/plantio-de-formandos\/turma-saccaromyces-sp\/","title":{"rendered":"Formandos Janeiro 2003 ( Turma Saccaromyces spp.)"},"content":{"rendered":"<p>&nbsp;<\/p>\n<p><a href=\"http:\/\/uenf.br\/projetos\/arvoresdauenf\/files\/2019\/11\/formandos-1-min.jpg\"><span style=\"color: #000000\">Formandos Agronomia 2002: Bruno Sales Cereja, Carolina Fragoso Gon\u00e7alves, Fernanda Carvalho Leal, Francisco Costa Zaia, Gisele Azevedo Pican\u00e7o Dutra, Joana Nascimento Siqueira, Leandro Hespanhol Viana, Liane Cristina Ferreira da Silva, Pablo Almeida Bastos, Phablo Barreto Pinto, S\u00e1vio da Silva Berilli, Silv\u00e9rio de Paiva Freitas Junior, Silvio de Jesus Freitas.<\/span><img loading=\"lazy\" decoding=\"async\" class=\"aligncenter wp-image-919\" src=\"http:\/\/uenf.br\/projetos\/arvoresdauenf\/files\/2019\/11\/formandos-1-min-1024x741.jpg\" alt=\"\" width=\"450\" height=\"325\" srcset=\"https:\/\/uenf.br\/projetos\/arvoresdauenf\/files\/2019\/11\/formandos-1-min-1024x741.jpg 1024w, https:\/\/uenf.br\/projetos\/arvoresdauenf\/files\/2019\/11\/formandos-1-min-300x217.jpg 300w, https:\/\/uenf.br\/projetos\/arvoresdauenf\/files\/2019\/11\/formandos-1-min-768x556.jpg 768w, https:\/\/uenf.br\/projetos\/arvoresdauenf\/files\/2019\/11\/formandos-1-min.jpg 1949w\" sizes=\"auto, (max-width: 450px) 100vw, 450px\" \/><\/a><\/p>\n<p>No ano de 1998 jovens de varias regi\u00f5es do Brasil ingressaram na UENF com o objetivo de cursar Agronomia, veio o Ciclo B\u00e1sico Comum, momento de afirma\u00e7\u00e3o para muitos que haviam sa\u00eddo de casa pela primeira vez, muita inseguran\u00e7a, mas tamb\u00e9m muita aprendizagem e amizades foram conquistadas.<\/p>\n<p>O esfor\u00e7o da turma na trajet\u00f3ria de calouros a formandos, assim como a luta de muitos professores e t\u00e9cnicos pelo sucesso do curso de Agronomia, que muitas vezes tiraram algum tempo da fam\u00edlia e do lazer para contribuir mais com a forma\u00e7\u00e3o dos alunos, proporcionaram que a turma \u201c<em>Saccharomyces sp\u201d<\/em> obtivesse o melhor conceito do pa\u00eds, cravando o conceito \u201c<strong>A<\/strong>\u201d no Prov\u00e3o do Minist\u00e9rio da Educa\u00e7\u00e3o, sendo reconhecidos pelo MEC como excelentes.<\/p>\n<p>No dia 23 de Janeiro de 2003, durante as festividades de formatura, os novos Engenheiros Agr\u00f4nomos realizaram o plantio de uma \u00e1rvore de pau-brasil na Universidade, tornando-se um ponto de refer\u00eancia e um elo entre os ex-alunos e a Institui\u00e7\u00e3o.<\/p>\n<p><a href=\"http:\/\/uenf.br\/projetos\/arvoresdauenf\/files\/2019\/11\/plantio-da-arvore-1-min.jpg\"><img loading=\"lazy\" decoding=\"async\" class=\"aligncenter wp-image-921\" src=\"http:\/\/uenf.br\/projetos\/arvoresdauenf\/files\/2019\/11\/plantio-da-arvore-1-min-1024x685.jpg\" alt=\"\" width=\"438\" height=\"293\" srcset=\"https:\/\/uenf.br\/projetos\/arvoresdauenf\/files\/2019\/11\/plantio-da-arvore-1-min-1024x685.jpg 1024w, https:\/\/uenf.br\/projetos\/arvoresdauenf\/files\/2019\/11\/plantio-da-arvore-1-min-300x201.jpg 300w, https:\/\/uenf.br\/projetos\/arvoresdauenf\/files\/2019\/11\/plantio-da-arvore-1-min-768x514.jpg 768w, https:\/\/uenf.br\/projetos\/arvoresdauenf\/files\/2019\/11\/plantio-da-arvore-1-min.jpg 1235w\" sizes=\"auto, (max-width: 438px) 100vw, 438px\" \/><\/a><\/p>\n<p><a href=\"http:\/\/uenf.br\/projetos\/arvoresdauenf\/files\/2019\/11\/plantio-da-arvore-5-min.jpg\"><img loading=\"lazy\" decoding=\"async\" class=\"aligncenter wp-image-925\" src=\"http:\/\/uenf.br\/projetos\/arvoresdauenf\/files\/2019\/11\/plantio-da-arvore-5-min-1024x684.jpg\" alt=\"\" width=\"427\" height=\"285\" srcset=\"https:\/\/uenf.br\/projetos\/arvoresdauenf\/files\/2019\/11\/plantio-da-arvore-5-min-1024x684.jpg 1024w, https:\/\/uenf.br\/projetos\/arvoresdauenf\/files\/2019\/11\/plantio-da-arvore-5-min-300x200.jpg 300w, https:\/\/uenf.br\/projetos\/arvoresdauenf\/files\/2019\/11\/plantio-da-arvore-5-min-768x513.jpg 768w, https:\/\/uenf.br\/projetos\/arvoresdauenf\/files\/2019\/11\/plantio-da-arvore-5-min.jpg 1234w\" sizes=\"auto, (max-width: 427px) 100vw, 427px\" \/><\/a><a href=\"http:\/\/uenf.br\/projetos\/arvoresdauenf\/files\/2019\/11\/plantio-da-arvore-3-min.jpg\"><img loading=\"lazy\" decoding=\"async\" class=\"aligncenter wp-image-923\" src=\"http:\/\/uenf.br\/projetos\/arvoresdauenf\/files\/2019\/11\/plantio-da-arvore-3-min.jpg\" alt=\"\" width=\"416\" height=\"278\" srcset=\"https:\/\/uenf.br\/projetos\/arvoresdauenf\/files\/2019\/11\/plantio-da-arvore-3-min.jpg 889w, https:\/\/uenf.br\/projetos\/arvoresdauenf\/files\/2019\/11\/plantio-da-arvore-3-min-300x200.jpg 300w, https:\/\/uenf.br\/projetos\/arvoresdauenf\/files\/2019\/11\/plantio-da-arvore-3-min-768x513.jpg 768w\" sizes=\"auto, (max-width: 416px) 100vw, 416px\" \/><\/a><\/p>\n<p><a href=\"http:\/\/uenf.br\/projetos\/arvoresdauenf\/files\/2019\/11\/plantio-da-arvore-4-min.jpg\"><img loading=\"lazy\" decoding=\"async\" class=\"aligncenter wp-image-924\" src=\"http:\/\/uenf.br\/projetos\/arvoresdauenf\/files\/2019\/11\/plantio-da-arvore-4-min.jpg\" alt=\"\" width=\"422\" height=\"282\" srcset=\"https:\/\/uenf.br\/projetos\/arvoresdauenf\/files\/2019\/11\/plantio-da-arvore-4-min.jpg 919w, https:\/\/uenf.br\/projetos\/arvoresdauenf\/files\/2019\/11\/plantio-da-arvore-4-min-300x200.jpg 300w, https:\/\/uenf.br\/projetos\/arvoresdauenf\/files\/2019\/11\/plantio-da-arvore-4-min-768x513.jpg 768w\" sizes=\"auto, (max-width: 422px) 100vw, 422px\" \/><\/a><\/p>\n<p>A turma de formandos em Agronomia (2002) \u201c<em>Saccharomyces sp\u201d<\/em> teve como Patrono o Professor Gutemberg Pereira Dias e como paraninfo o Professor Silv\u00e9rio de Paiva Freitas e durante a cerim\u00f4nia de formatura homenageou os Professores Pedro Amorim Berbet, Henrique Duarte Vieira e Almy J\u00fanior Cordeiro de Carvalho.<\/p>\n<p>A turma manteve durante todo o curso um clima de companheirismo e coopera\u00e7\u00e3o, o que proporcionou muitos momentos festivos!<\/p>\n<p><a href=\"http:\/\/uenf.br\/projetos\/arvoresdauenf\/files\/2019\/11\/churrasco-min.jpg\"><img loading=\"lazy\" decoding=\"async\" class=\"aligncenter wp-image-926\" src=\"http:\/\/uenf.br\/projetos\/arvoresdauenf\/files\/2019\/11\/churrasco-min-1024x684.jpg\" alt=\"\" width=\"428\" height=\"286\" srcset=\"https:\/\/uenf.br\/projetos\/arvoresdauenf\/files\/2019\/11\/churrasco-min-1024x684.jpg 1024w, https:\/\/uenf.br\/projetos\/arvoresdauenf\/files\/2019\/11\/churrasco-min-300x200.jpg 300w, https:\/\/uenf.br\/projetos\/arvoresdauenf\/files\/2019\/11\/churrasco-min-768x513.jpg 768w, https:\/\/uenf.br\/projetos\/arvoresdauenf\/files\/2019\/11\/churrasco-min.jpg 1254w\" sizes=\"auto, (max-width: 428px) 100vw, 428px\" \/><\/a><\/p>\n<p><a href=\"http:\/\/uenf.br\/projetos\/arvoresdauenf\/files\/2019\/11\/outros-4-min.jpg\"><img loading=\"lazy\" decoding=\"async\" class=\"aligncenter wp-image-928\" src=\"http:\/\/uenf.br\/projetos\/arvoresdauenf\/files\/2019\/11\/outros-4-min-1024x680.jpg\" alt=\"\" width=\"417\" height=\"277\" srcset=\"https:\/\/uenf.br\/projetos\/arvoresdauenf\/files\/2019\/11\/outros-4-min-1024x680.jpg 1024w, https:\/\/uenf.br\/projetos\/arvoresdauenf\/files\/2019\/11\/outros-4-min-300x199.jpg 300w, https:\/\/uenf.br\/projetos\/arvoresdauenf\/files\/2019\/11\/outros-4-min-768x510.jpg 768w, https:\/\/uenf.br\/projetos\/arvoresdauenf\/files\/2019\/11\/outros-4-min.jpg 1163w\" sizes=\"auto, (max-width: 417px) 100vw, 417px\" \/><\/a><\/p>\n<p><a href=\"http:\/\/uenf.br\/projetos\/arvoresdauenf\/files\/2019\/11\/outros-2-min.jpg\"><img loading=\"lazy\" decoding=\"async\" class=\"aligncenter wp-image-927\" src=\"http:\/\/uenf.br\/projetos\/arvoresdauenf\/files\/2019\/11\/outros-2-min.jpg\" alt=\"\" width=\"421\" height=\"316\" srcset=\"https:\/\/uenf.br\/projetos\/arvoresdauenf\/files\/2019\/11\/outros-2-min.jpg 800w, https:\/\/uenf.br\/projetos\/arvoresdauenf\/files\/2019\/11\/outros-2-min-300x225.jpg 300w, https:\/\/uenf.br\/projetos\/arvoresdauenf\/files\/2019\/11\/outros-2-min-768x576.jpg 768w\" sizes=\"auto, (max-width: 421px) 100vw, 421px\" \/><\/a><\/p>\n<p><a href=\"http:\/\/uenf.br\/projetos\/arvoresdauenf\/files\/2019\/11\/outros-3-min.jpg\"><img loading=\"lazy\" decoding=\"async\" class=\"aligncenter wp-image-929\" src=\"http:\/\/uenf.br\/projetos\/arvoresdauenf\/files\/2019\/11\/outros-3-min-1024x676.jpg\" alt=\"\" width=\"423\" height=\"279\" srcset=\"https:\/\/uenf.br\/projetos\/arvoresdauenf\/files\/2019\/11\/outros-3-min-1024x676.jpg 1024w, https:\/\/uenf.br\/projetos\/arvoresdauenf\/files\/2019\/11\/outros-3-min-300x198.jpg 300w, https:\/\/uenf.br\/projetos\/arvoresdauenf\/files\/2019\/11\/outros-3-min-768x507.jpg 768w, https:\/\/uenf.br\/projetos\/arvoresdauenf\/files\/2019\/11\/outros-3-min.jpg 1152w\" sizes=\"auto, (max-width: 423px) 100vw, 423px\" \/><\/a><\/p>\n","protected":false},"excerpt":{"rendered":"<p>&nbsp; Formandos Agronomia 2002: Bruno Sales Cereja, Carolina Fragoso Gon\u00e7alves, Fernanda Carvalho Leal, Francisco Costa Zaia, Gisele Azevedo Pican\u00e7o Dutra,&#8230;<\/p>\n","protected":false},"author":22,"featured_media":0,"parent":708,"menu_order":0,"comment_status":"closed","ping_status":"closed","template":"","meta":{"footnotes":""},"class_list":["post-710","page","type-page","status-publish","hentry"],"_links":{"self":[{"href":"https:\/\/uenf.br\/projetos\/arvoresdauenf\/wp-json\/wp\/v2\/pages\/710","targetHints":{"allow":["GET"]}}],"collection":[{"href":"https:\/\/uenf.br\/projetos\/arvoresdauenf\/wp-json\/wp\/v2\/pages"}],"about":[{"href":"https:\/\/uenf.br\/projetos\/arvoresdauenf\/wp-json\/wp\/v2\/types\/page"}],"author":[{"embeddable":true,"href":"https:\/\/uenf.br\/projetos\/arvoresdauenf\/wp-json\/wp\/v2\/users\/22"}],"replies":[{"embeddable":true,"href":"https:\/\/uenf.br\/projetos\/arvoresdauenf\/wp-json\/wp\/v2\/comments?post=710"}],"version-history":[{"count":0,"href":"https:\/\/uenf.br\/projetos\/arvoresdauenf\/wp-json\/wp\/v2\/pages\/710\/revisions"}],"up":[{"embeddable":true,"href":"https:\/\/uenf.br\/projetos\/arvoresdauenf\/wp-json\/wp\/v2\/pages\/708"}],"wp:attachment":[{"href":"https:\/\/uenf.br\/projetos\/arvoresdauenf\/wp-json\/wp\/v2\/media?parent=710"}],"curies":[{"name":"wp","href":"https:\/\/api.w.org\/{rel}","templated":true}]}}