{"id":873,"date":"2019-10-01T10:08:02","date_gmt":"2019-10-01T13:08:02","guid":{"rendered":"http:\/\/uenf.br\/projetos\/arvoresdauenf\/?page_id=873"},"modified":"2022-05-17T17:49:40","modified_gmt":"2022-05-17T20:49:40","slug":"caju","status":"publish","type":"page","link":"https:\/\/uenf.br\/projetos\/arvoresdauenf\/especie-2\/caju\/","title":{"rendered":"Caju"},"content":{"rendered":"<h2><em>Anacardium occidentale<\/em> L.<\/h2>\n<div id=\"attachment_1623\" style=\"width: 414px\" class=\"wp-caption aligncenter\"><img loading=\"lazy\" decoding=\"async\" aria-describedby=\"caption-attachment-1623\" class=\"wp-image-1623\" src=\"http:\/\/uenf.br\/projetos\/arvoresdauenf\/files\/2020\/08\/IMG_1446.jpg\" alt=\"\" width=\"404\" height=\"540\" srcset=\"https:\/\/uenf.br\/projetos\/arvoresdauenf\/files\/2020\/08\/IMG_1446.jpg 662w, https:\/\/uenf.br\/projetos\/arvoresdauenf\/files\/2020\/08\/IMG_1446-225x300.jpg 225w\" sizes=\"auto, (max-width: 404px) 100vw, 404px\" \/><p id=\"caption-attachment-1623\" class=\"wp-caption-text\">Cajueiro campus Carlos Alberto Dias. Foto: Yara Pereira<\/p><\/div>\n<div id=\"attachment_1622\" style=\"width: 425px\" class=\"wp-caption aligncenter\"><img loading=\"lazy\" decoding=\"async\" aria-describedby=\"caption-attachment-1622\" class=\"wp-image-1622\" src=\"http:\/\/uenf.br\/projetos\/arvoresdauenf\/files\/2020\/08\/IMG_4744-1024x768.jpg\" alt=\"\" width=\"415\" height=\"311\" srcset=\"https:\/\/uenf.br\/projetos\/arvoresdauenf\/files\/2020\/08\/IMG_4744-1024x768.jpg 1024w, https:\/\/uenf.br\/projetos\/arvoresdauenf\/files\/2020\/08\/IMG_4744-300x225.jpg 300w, https:\/\/uenf.br\/projetos\/arvoresdauenf\/files\/2020\/08\/IMG_4744-768x576.jpg 768w, https:\/\/uenf.br\/projetos\/arvoresdauenf\/files\/2020\/08\/IMG_4744.jpg 1177w\" sizes=\"auto, (max-width: 415px) 100vw, 415px\" \/><p id=\"caption-attachment-1622\" class=\"wp-caption-text\">Cajueiro campus Leonel Brizola. Foto: Christian Ribeiro<\/p><\/div>\n<div id=\"attachment_1624\" style=\"width: 427px\" class=\"wp-caption aligncenter\"><img loading=\"lazy\" decoding=\"async\" aria-describedby=\"caption-attachment-1624\" class=\"wp-image-1624\" src=\"http:\/\/uenf.br\/projetos\/arvoresdauenf\/files\/2020\/08\/IMG_4737-768x1024.jpg\" alt=\"\" width=\"417\" height=\"557\" srcset=\"https:\/\/uenf.br\/projetos\/arvoresdauenf\/files\/2020\/08\/IMG_4737-768x1024.jpg 768w, https:\/\/uenf.br\/projetos\/arvoresdauenf\/files\/2020\/08\/IMG_4737-225x300.jpg 225w, https:\/\/uenf.br\/projetos\/arvoresdauenf\/files\/2020\/08\/IMG_4737-1152x1536.jpg 1152w, https:\/\/uenf.br\/projetos\/arvoresdauenf\/files\/2020\/08\/IMG_4737-1536x2048.jpg 1536w\" sizes=\"auto, (max-width: 417px) 100vw, 417px\" \/><p id=\"caption-attachment-1624\" class=\"wp-caption-text\">Foto: Yara Pereira<\/p><\/div>\n<div id=\"attachment_2159\" style=\"width: 414px\" class=\"wp-caption aligncenter\"><a href=\"https:\/\/uenf.br\/projetos\/arvoresdauenf\/files\/2022\/05\/fruto-e-pseudofruto-thiago-campos.jpeg\"><img loading=\"lazy\" decoding=\"async\" aria-describedby=\"caption-attachment-2159\" class=\"wp-image-2159\" src=\"https:\/\/uenf.br\/projetos\/arvoresdauenf\/files\/2022\/05\/fruto-e-pseudofruto-thiago-campos.jpeg\" alt=\"Fruto e pseudofruto (https:\/\/thiagoorganico.com\/como-plantar-caju-organico\/)\" width=\"404\" height=\"371\" srcset=\"https:\/\/uenf.br\/projetos\/arvoresdauenf\/files\/2022\/05\/fruto-e-pseudofruto-thiago-campos.jpeg 933w, https:\/\/uenf.br\/projetos\/arvoresdauenf\/files\/2022\/05\/fruto-e-pseudofruto-thiago-campos-300x276.jpeg 300w, https:\/\/uenf.br\/projetos\/arvoresdauenf\/files\/2022\/05\/fruto-e-pseudofruto-thiago-campos-768x705.jpeg 768w\" sizes=\"auto, (max-width: 404px) 100vw, 404px\" \/><\/a><p id=\"caption-attachment-2159\" class=\"wp-caption-text\">Fruto e pseudofruto (<a href=\"https:\/\/thiagoorganico.com\/como-plantar-caju-organico\/\">https:\/\/thiagoorganico.com\/como-plantar-caju-organico\/<\/a>)<\/p><\/div>\n<h3><\/h3>\n<h3><strong>Fam\u00edlia:\u00a0 <\/strong>Anacardiaceae<\/h3>\n<h3><strong>Nomes populares:\u00a0 Cajueiro, Caju-manso, Caju, caju-an\u00e3o, acajaiba.<\/strong><\/h3>\n<h3><strong>Origem:<\/strong> Nativa<\/h3>\n<h3 id=\"distribuicaoGeografica\" class=\"label\"><strong>Distribui\u00e7\u00e3o Geogr\u00e1fica<\/strong><\/h3>\n<div class=\"tabelamapa\">\n<h4 id=\"ocorrencia_confirmada\" class=\"label\">Ocorr\u00eancias:<\/h4>\n<div id=\"tr-carregaTaxonGrupoDistribuicaoGeograficaCertezaNordeste\" class=\"distribuicaoGeograficaCertezaNordeste\">\n<div id=\"tr-carregaTaxonGrupoDistribuicaoGeograficaCertezaNorte\" class=\"distribuicaoGeograficaCertezaNorte\">\n<ul>\n<li id=\"idFieldCertezaNorte\" class=\"field\"><b>Norte<\/b> (Acre, Amazonas, Amap\u00e1, Par\u00e1, Roraima, Tocantins)<\/li>\n<li class=\"field\"><b>Nordeste<\/b> (Alagoas, Bahia, Cear\u00e1, Maranh\u00e3o, Para\u00edba, Pernambuco, Piau\u00ed, Rio Grande do Norte, Sergipe)<\/li>\n<li class=\"field\"><b>Centro-Oeste<\/b> (Distrito Federal, Goi\u00e1s, Mato Grosso do Sul, Mato Grosso)<\/li>\n<li class=\"field\"><b>Sudeste<\/b>\u00a0(Esp\u00edrito Santo, Minas Gerais, Rio de Janeiro, S\u00e3o Paulo)<\/li>\n<\/ul>\n<\/div>\n<\/div>\n<div id=\"tr-carregaTaxonGrupoDistribuicaoGeograficaCertezaSul\" class=\"distribuicaoGeograficaCertezaSul\">\n<h3 class=\"field\" style=\"text-align: left\">Dom\u00ednios Fitogeogr\u00e1ficos<\/h3>\n<\/div>\n<div>\n<div class=\"dominiosFitogeograficos\">\n<div class=\"label\">\n<div class=\"dominiosFitogeograficos\">\n<ul>\n<li class=\"label\">Amaz\u00f4nia, Caatinga, Cerrado, Mata Atl\u00e2ntica, Pampa, Pantanal<\/li>\n<\/ul>\n<p><img loading=\"lazy\" decoding=\"async\" class=\"size-full wp-image-1742 aligncenter\" src=\"http:\/\/uenf.br\/projetos\/arvoresdauenf\/files\/2020\/08\/caju-min.jpg\" alt=\"\" width=\"403\" height=\"364\" srcset=\"https:\/\/uenf.br\/projetos\/arvoresdauenf\/files\/2020\/08\/caju-min.jpg 403w, https:\/\/uenf.br\/projetos\/arvoresdauenf\/files\/2020\/08\/caju-min-300x271.jpg 300w\" sizes=\"auto, (max-width: 403px) 100vw, 403px\" \/><\/p>\n<\/div>\n<p style=\"text-align: left\">Fonte: Flora do Brasil, 2020 (<a href=\"http:\/\/floradobrasil.jbrj.gov.br\/reflora\/listaBrasil\/ConsultaPublicaUC\/BemVindoConsultaPublicaConsultar.do?invalidatePageControlCounter=1&amp;idsFilhosAlgas=%5B2%5D&amp;idsFilhosFungos=%5B1%2C10%2C11%5D&amp;lingua=&amp;grupo=5&amp;familia=null&amp;genero=&amp;especie=&amp;autor=&amp;nomeVernaculo=&amp;nomeCompleto=Anacardiaceae+Anacardium+occidentale+L.&amp;formaVida=null&amp;substrato=null&amp;ocorreBrasil=QUALQUER&amp;ocorrencia=OCORRE&amp;endemismo=TODOS&amp;origem=TODOS&amp;regiao=QUALQUER&amp;estado=QUALQUER&amp;ilhaOceanica=32767&amp;domFitogeograficos=QUALQUER&amp;bacia=QUALQUER&amp;vegetacao=TODOS&amp;mostrarAte=SUBESP_VAR&amp;opcoesBusca=TODOS_OS_NOMES&amp;loginUsuario=Visitante&amp;senhaUsuario=&amp;contexto=consulta-publica\">clique aqui<\/a>)<\/p>\n<\/div>\n<\/div>\n<\/div>\n<\/div>\n<h3><strong>Curiosidades:<\/strong><\/h3>\n<ul>\n<li>O que chamamos de &#8220;caju&#8221; divide-se em duas partes: o fruto, que \u00e9 a castanha, e o pseudofruto, formado pelo ped\u00fanculo floral suculento, piriforme, amarelo, rosado ou vermelho.<\/li>\n<li>O pseudofruto \u00e9\u00a0 rico em vitamina C e Fe. muito utilizado pra fabrica\u00e7\u00e3o de sucos e doces. \u00a0A partir dele tamb\u00e9m \u00e9 produzida a <a title=\"Caju\u00edna\" href=\"https:\/\/pt.wikipedia.org\/wiki\/Caju%C3%ADna\">caju\u00edna, Patrim\u00f4nio Cultural do Piau\u00ed e s\u00edmbolo da cidade de Teresina.<\/a><\/li>\n<li>No Nordeste brasileiro \u00e9 utilizado na medicina popular para aliviar dor de dente, como antiinflamat\u00f3rio para gengiva e garganta, bronquites, artrites, c\u00f3licas intestinais, icter\u00edcia, contra diabetes, asma e tamb\u00e9m como afrodis\u00edaco. (<a href=\"http:\/\/www.scielo.br\/pdf\/rbfar\/v17n4\/a16v17n4\">clique aqui<\/a>)<\/li>\n<li>O extrato hidroalc\u00f3olico da casca do cajueiro apresenta atividade antimicrobiana\u00a0 sobre as linhagens de <em>Staphylococcus aureus<\/em> de origem humana hospitalar resistentes (MRSA) e sens\u00edveis a meticilina (MSSA) (<a href=\"https:\/\/www.scielo.br\/j\/rbfar\/a\/t8x7xKsr3MkXXJLcrdVSS4h\/?format=pdf&amp;lang=pt\">clique aqui<\/a>), sendo alternativa terap\u00eautica de baixo custo e de f\u00e1cil acesso a popula\u00e7\u00e3o, uma vez que j\u00e1 est\u00e1 difundido seu uso na medicina popular.<\/li>\n<li>A castanha de caju \u00e9 rica em fibras, prote\u00ednas, minerais vitaminas,\u00a0carboidratos,\u00a0e v\u00e1rios tipos de\u00a0amino\u00e1cidos.<\/li>\n<\/ul>\n<p>&nbsp;<\/p>\n","protected":false},"excerpt":{"rendered":"<p>Anacardium occidentale L. Fam\u00edlia:\u00a0 Anacardiaceae Nomes populares:\u00a0 Cajueiro, Caju-manso, Caju, caju-an\u00e3o, acajaiba. Origem: Nativa Distribui\u00e7\u00e3o Geogr\u00e1fica Ocorr\u00eancias: Norte (Acre, Amazonas,&#8230;<\/p>\n","protected":false},"author":24,"featured_media":0,"parent":27,"menu_order":0,"comment_status":"closed","ping_status":"closed","template":"","meta":{"footnotes":""},"class_list":["post-873","page","type-page","status-publish","hentry"],"_links":{"self":[{"href":"https:\/\/uenf.br\/projetos\/arvoresdauenf\/wp-json\/wp\/v2\/pages\/873","targetHints":{"allow":["GET"]}}],"collection":[{"href":"https:\/\/uenf.br\/projetos\/arvoresdauenf\/wp-json\/wp\/v2\/pages"}],"about":[{"href":"https:\/\/uenf.br\/projetos\/arvoresdauenf\/wp-json\/wp\/v2\/types\/page"}],"author":[{"embeddable":true,"href":"https:\/\/uenf.br\/projetos\/arvoresdauenf\/wp-json\/wp\/v2\/users\/24"}],"replies":[{"embeddable":true,"href":"https:\/\/uenf.br\/projetos\/arvoresdauenf\/wp-json\/wp\/v2\/comments?post=873"}],"version-history":[{"count":0,"href":"https:\/\/uenf.br\/projetos\/arvoresdauenf\/wp-json\/wp\/v2\/pages\/873\/revisions"}],"up":[{"embeddable":true,"href":"https:\/\/uenf.br\/projetos\/arvoresdauenf\/wp-json\/wp\/v2\/pages\/27"}],"wp:attachment":[{"href":"https:\/\/uenf.br\/projetos\/arvoresdauenf\/wp-json\/wp\/v2\/media?parent=873"}],"curies":[{"name":"wp","href":"https:\/\/api.w.org\/{rel}","templated":true}]}}