{"id":879,"date":"2019-10-01T10:11:52","date_gmt":"2019-10-01T13:11:52","guid":{"rendered":"http:\/\/uenf.br\/projetos\/arvoresdauenf\/?page_id=879"},"modified":"2023-04-25T09:31:18","modified_gmt":"2023-04-25T12:31:18","slug":"ipe-branco","status":"publish","type":"page","link":"https:\/\/uenf.br\/projetos\/arvoresdauenf\/especie-2\/ipe-branco\/","title":{"rendered":"Ip\u00ea branco"},"content":{"rendered":"<h2><i>Tabebuia roseoalba<\/i> (Ridl.) Sandwith<\/h2>\n<div id=\"attachment_1911\" style=\"width: 413px\" class=\"wp-caption aligncenter\"><img loading=\"lazy\" decoding=\"async\" aria-describedby=\"caption-attachment-1911\" class=\"wp-image-1911\" src=\"http:\/\/uenf.br\/projetos\/arvoresdauenf\/files\/2020\/08\/IMG_1454.jpg\" alt=\"\" width=\"403\" height=\"537\" srcset=\"https:\/\/uenf.br\/projetos\/arvoresdauenf\/files\/2020\/08\/IMG_1454.jpg 707w, https:\/\/uenf.br\/projetos\/arvoresdauenf\/files\/2020\/08\/IMG_1454-225x300.jpg 225w\" sizes=\"auto, (max-width: 403px) 100vw, 403px\" \/><p id=\"caption-attachment-1911\" class=\"wp-caption-text\"><em>Campus<\/em> Carlos Alberto Dias. Foto: Yara Pereira<\/p><\/div>\n<h3><strong><span style=\"color: #000000\">Fam\u00edlia: <b>Bignoniaceae<\/b><\/span><\/strong><\/h3>\n<h3><strong><span style=\"color: #000000\">Nomes populares: ip\u00ea-branco-do-cerrado, ip\u00ea-do-cerrado, pau-d&#8217;arco, planta-do-mel<\/span><\/strong><\/h3>\n<h3>Origem: \u00a0Am\u00e9rica do Sul<\/h3>\n<h3 id=\"distribuicaoGeografica\" class=\"label\"><strong>Distribui\u00e7\u00e3o Geogr\u00e1fica<\/strong><\/h3>\n<div class=\"tabelamapa\">\n<div id=\"ocorrencia_confirmada\" class=\"label\"><strong>Ocorr\u00eancias:<\/strong><\/div>\n<div>\n<div id=\"tr-carregaTaxonGrupoDistribuicaoGeograficaCertezaNorte\" class=\"distribuicaoGeograficaCertezaNorte\">\n<ul>\n<li id=\"idFieldCertezaNorte\" class=\"field\"><b>Norte<\/b> (Par\u00e1, Tocantins)<\/li>\n<li class=\"field\"><b>Nordeste<\/b> (Alagoas, Bahia, Cear\u00e1, Maranh\u00e3o, Para\u00edba, Pernambuco, Piau\u00ed, Rio Grande do Norte, Sergipe)<\/li>\n<li class=\"field\"><b>Centro-Oeste<\/b> (Distrito Federal, Goi\u00e1s, Mato Grosso do Sul, Mato Grosso)<\/li>\n<li class=\"field\"><b>Sudeste<\/b>\u00a0(Esp\u00edrito Santo, Minas Gerais, Rio de Janeiro, S\u00e3o Paulo)<\/li>\n<\/ul>\n<h3 class=\"label\"><strong>Dom\u00ednios Fitogeogr\u00e1ficos\u00a0<\/strong><\/h3>\n<ul>\n<li>Caatinga, Cerrado, Mata Atl\u00e2ntica<\/li>\n<\/ul>\n<p><img loading=\"lazy\" decoding=\"async\" class=\"size-full wp-image-1680 aligncenter\" src=\"http:\/\/uenf.br\/projetos\/arvoresdauenf\/files\/2020\/08\/ipe-branco-min.jpg\" alt=\"\" width=\"350\" height=\"369\" srcset=\"https:\/\/uenf.br\/projetos\/arvoresdauenf\/files\/2020\/08\/ipe-branco-min.jpg 350w, https:\/\/uenf.br\/projetos\/arvoresdauenf\/files\/2020\/08\/ipe-branco-min-285x300.jpg 285w\" sizes=\"auto, (max-width: 350px) 100vw, 350px\" \/><\/p>\n<p>Fonte: Flora do Brasil, 2020 (<a href=\"http:\/\/reflora.jbrj.gov.br\/reflora\/listaBrasil\/ConsultaPublicaUC\/BemVindoConsultaPublicaConsultar.do?invalidatePageControlCounter=5&amp;idsFilhosAlgas=%5B2%5D&amp;idsFilhosFungos=%5B1%2C10%2C11%5D&amp;lingua=&amp;grupo=5&amp;familia=BIGNONIACEAE&amp;genero=Tabebuia&amp;especie=roseoalba&amp;autor=&amp;nomeVernaculo=&amp;nomeCompleto=&amp;formaVida=null&amp;substrato=null&amp;ocorreBrasil=QUALQUER&amp;ocorrencia=OCORRE&amp;endemismo=TODOS&amp;origem=TODOS&amp;regiao=QUALQUER&amp;estado=QUALQUER&amp;ilhaOceanica=32767&amp;domFitogeograficos=QUALQUER&amp;bacia=QUALQUER&amp;vegetacao=TODOS&amp;mostrarAte=SUBESP_VAR&amp;opcoesBusca=TODOS_OS_NOMES&amp;loginUsuario=Visitante&amp;senhaUsuario=&amp;contexto=consulta-publica\">clique aqui<\/a>)<\/p>\n<h3>\u00a0<strong>Curiosidades:<\/strong><\/h3>\n<ul>\n<li>Apresenta atividades antinociceptiva, anti-inflamat\u00f3ria, antibacteriana (<a href=\"http:\/\/www.repositorio.ufal.br\/handle\/riufal\/1894\">clique aqui<\/a>)<\/li>\n<li>A planta apresenta subst\u00e2ncias anti-inflamat\u00f3rias e capacidade de reduzir taxas elevadas de \u00e1cidos \u00faricos, com potencial no tratamento de gota e inflama\u00e7\u00f5es (<a href=\"\/Users\/yasmi\/Downloads\/Subst%C3%A2ncias%20do%20ip%C3%AA%20branco%20ajudam%20no%20tratamento%20de%20gota%20e%20inflama%C3%A7%C3%B5es%20_%20Secretaria%20de%20Estado%20de%20Sa%C3%BAde%20de%20Minas%20Gerais%20-%20SES.pdf\">clique aqui<\/a>)<\/li>\n<\/ul>\n<\/div>\n<\/div>\n<\/div>\n<p>&nbsp;<\/p>\n","protected":false},"excerpt":{"rendered":"<p>Tabebuia roseoalba (Ridl.) Sandwith Fam\u00edlia: Bignoniaceae Nomes populares: ip\u00ea-branco-do-cerrado, ip\u00ea-do-cerrado, pau-d&#8217;arco, planta-do-mel Origem: \u00a0Am\u00e9rica do Sul Distribui\u00e7\u00e3o Geogr\u00e1fica Ocorr\u00eancias: Norte&#8230;<\/p>\n","protected":false},"author":24,"featured_media":0,"parent":27,"menu_order":0,"comment_status":"closed","ping_status":"closed","template":"","meta":{"footnotes":""},"class_list":["post-879","page","type-page","status-publish","hentry"],"_links":{"self":[{"href":"https:\/\/uenf.br\/projetos\/arvoresdauenf\/wp-json\/wp\/v2\/pages\/879","targetHints":{"allow":["GET"]}}],"collection":[{"href":"https:\/\/uenf.br\/projetos\/arvoresdauenf\/wp-json\/wp\/v2\/pages"}],"about":[{"href":"https:\/\/uenf.br\/projetos\/arvoresdauenf\/wp-json\/wp\/v2\/types\/page"}],"author":[{"embeddable":true,"href":"https:\/\/uenf.br\/projetos\/arvoresdauenf\/wp-json\/wp\/v2\/users\/24"}],"replies":[{"embeddable":true,"href":"https:\/\/uenf.br\/projetos\/arvoresdauenf\/wp-json\/wp\/v2\/comments?post=879"}],"version-history":[{"count":0,"href":"https:\/\/uenf.br\/projetos\/arvoresdauenf\/wp-json\/wp\/v2\/pages\/879\/revisions"}],"up":[{"embeddable":true,"href":"https:\/\/uenf.br\/projetos\/arvoresdauenf\/wp-json\/wp\/v2\/pages\/27"}],"wp:attachment":[{"href":"https:\/\/uenf.br\/projetos\/arvoresdauenf\/wp-json\/wp\/v2\/media?parent=879"}],"curies":[{"name":"wp","href":"https:\/\/api.w.org\/{rel}","templated":true}]}}