{"id":881,"date":"2019-10-01T10:12:47","date_gmt":"2019-10-01T13:12:47","guid":{"rendered":"http:\/\/uenf.br\/projetos\/arvoresdauenf\/?page_id=881"},"modified":"2022-06-02T17:16:58","modified_gmt":"2022-06-02T20:16:58","slug":"castanheira-da-praia","status":"publish","type":"page","link":"https:\/\/uenf.br\/projetos\/arvoresdauenf\/especie-2\/castanheira-da-praia\/","title":{"rendered":"Castanheira da praia"},"content":{"rendered":"<h2><em>Terminalia catappa<\/em> L.<\/h2>\n<div id=\"attachment_1650\" style=\"width: 545px\" class=\"wp-caption aligncenter\"><img loading=\"lazy\" decoding=\"async\" aria-describedby=\"caption-attachment-1650\" class=\"wp-image-1650\" src=\"http:\/\/uenf.br\/projetos\/arvoresdauenf\/files\/2020\/08\/IMG_20200724_100909457_HDR-1024x768.jpg\" alt=\"\" width=\"535\" height=\"402\" srcset=\"https:\/\/uenf.br\/projetos\/arvoresdauenf\/files\/2020\/08\/IMG_20200724_100909457_HDR-1024x768.jpg 1024w, https:\/\/uenf.br\/projetos\/arvoresdauenf\/files\/2020\/08\/IMG_20200724_100909457_HDR-300x225.jpg 300w, https:\/\/uenf.br\/projetos\/arvoresdauenf\/files\/2020\/08\/IMG_20200724_100909457_HDR-768x576.jpg 768w, https:\/\/uenf.br\/projetos\/arvoresdauenf\/files\/2020\/08\/IMG_20200724_100909457_HDR-1536x1152.jpg 1536w, https:\/\/uenf.br\/projetos\/arvoresdauenf\/files\/2020\/08\/IMG_20200724_100909457_HDR-2048x1536.jpg 2048w\" sizes=\"auto, (max-width: 535px) 100vw, 535px\" \/><p id=\"caption-attachment-1650\" class=\"wp-caption-text\">Castanheiras no<em> Campus<\/em> Leonel Brizola &#8211; UENF. Foto: Christian Ribeiro<\/p><\/div>\n<p>&nbsp;<\/p>\n<div id=\"attachment_1648\" style=\"width: 558px\" class=\"wp-caption aligncenter\"><img loading=\"lazy\" decoding=\"async\" aria-describedby=\"caption-attachment-1648\" class=\"wp-image-1648\" src=\"http:\/\/uenf.br\/projetos\/arvoresdauenf\/files\/2020\/08\/IMG_1480-1024x768.jpg\" alt=\"\" width=\"548\" height=\"410\" srcset=\"https:\/\/uenf.br\/projetos\/arvoresdauenf\/files\/2020\/08\/IMG_1480-1024x768.jpg 1024w, https:\/\/uenf.br\/projetos\/arvoresdauenf\/files\/2020\/08\/IMG_1480-300x225.jpg 300w, https:\/\/uenf.br\/projetos\/arvoresdauenf\/files\/2020\/08\/IMG_1480-768x576.jpg 768w, https:\/\/uenf.br\/projetos\/arvoresdauenf\/files\/2020\/08\/IMG_1480.jpg 1177w\" sizes=\"auto, (max-width: 548px) 100vw, 548px\" \/><p id=\"caption-attachment-1648\" class=\"wp-caption-text\">A Castanheira da praia pode atingir de 25 a 45 m de altura e 50 a 150 cm de di\u00e2metro. Possui\u00a0 tronco de\u00a0 retil\u00edneo a tortuoso. A castanheira da praia proporciona uma sombra densa, e \u00e9 muito utilizada \u00e0 beira mar. Campus Maca\u00e9. Foto: Yara Pereira<\/p><\/div>\n<p>&nbsp;<\/p>\n<div id=\"attachment_1649\" style=\"width: 545px\" class=\"wp-caption aligncenter\"><img loading=\"lazy\" decoding=\"async\" aria-describedby=\"caption-attachment-1649\" class=\"wp-image-1649\" src=\"http:\/\/uenf.br\/projetos\/arvoresdauenf\/files\/2020\/08\/IMG_1484.jpg\" alt=\"\" width=\"535\" height=\"714\" srcset=\"https:\/\/uenf.br\/projetos\/arvoresdauenf\/files\/2020\/08\/IMG_1484.jpg 662w, https:\/\/uenf.br\/projetos\/arvoresdauenf\/files\/2020\/08\/IMG_1484-225x300.jpg 225w\" sizes=\"auto, (max-width: 535px) 100vw, 535px\" \/><p id=\"caption-attachment-1649\" class=\"wp-caption-text\">Suas folhas s\u00e3o oblanceoladas, cori\u00e1ceas, alterno-espiraladas, medindo cerca de 30cm.\u00a0 \u00a0Foto: Yara Pereira<\/p><\/div>\n<p>&nbsp;<\/p>\n<div class=\"mceTemp\"><\/div>\n<h3><strong><span style=\"color: #000000\">Fam\u00edlia: Combretaceae<\/span><\/strong><\/h3>\n<h3><strong><span style=\"color: #000000\">Nomes populares: castanheira da praia, <b>amendoeira<\/b>,\u00a0<b>castanheira,<\/b>\u00a0<b>anoz<\/b>,\u00a0<b>\u00e1rvore-de-anoz<\/b>,\u00a0<b>castanholeira, cora\u00e7\u00e3o-de-nego<\/b>,\u00a0<b>castanhola<\/b>,\u00a0<b>sete-copas<\/b>,\u00a0<b>chap\u00e9u-de-sol<\/b>,\u00a0<b>guarda-sol<\/b>\u00a0e <b>caroceiro.<\/b><\/span><\/strong><\/h3>\n<h3>Origem: \u00cdndia e da Nova Guin\u00e9<\/h3>\n<h3 id=\"distribuicaoGeografica\" class=\"label\"><strong>Distribui\u00e7\u00e3o Geogr\u00e1fica<\/strong><\/h3>\n<div class=\"tabelamapa\">\n<div id=\"tr-carregaTaxonGrupoDistribuicaoGeograficaCertezaNordeste\" class=\"distribuicaoGeograficaCertezaNordeste\">\n<div id=\"idFieldCertezaNordeste\" class=\"field\">\n<h4 id=\"distribuicaoGeografica\" class=\"label\"><strong>Ocorr\u00eancias:<\/strong><\/h4>\n<div id=\"tr-carregaTaxonGrupoDistribuicaoGeograficaCertezaNorte\" class=\"distribuicaoGeograficaCertezaNorte\">\n<ul>\n<li id=\"idFieldCertezaNorte\" class=\"field\"><b>Norte<\/b> (Acre, Amazonas, Par\u00e1, Roraima, Tocantins)<\/li>\n<li class=\"field\"><b>Nordeste<\/b> (Bahia, Cear\u00e1, Para\u00edba, Pernambuco, Piau\u00ed, Rio Grande do Norte, Sergipe)<\/li>\n<li class=\"field\"><b>Centro-Oeste<\/b> (Distrito Federal, Mato Grosso do Sul, Mato Grosso)<\/li>\n<li class=\"field\"><b>Sudeste<\/b> (Esp\u00edrito Santo, Minas Gerais, Rio de Janeiro, S\u00e3o Paulo)<\/li>\n<li class=\"field\"><b>Sul<\/b>\u00a0(Paran\u00e1, Santa Catarina)<\/li>\n<\/ul>\n<h3 class=\"field\" style=\"text-align: left\">Dom\u00ednios Fitogeogr\u00e1ficos<\/h3>\n<ul>\n<li>\u00a0 \u00a0Amaz\u00f4nia, Caatinga, Mata Atl\u00e2ntica<\/li>\n<\/ul>\n<p><img loading=\"lazy\" decoding=\"async\" class=\"size-full wp-image-1746 aligncenter\" src=\"http:\/\/uenf.br\/projetos\/arvoresdauenf\/files\/2020\/08\/castanheira-da-praia-min.jpg\" alt=\"\" width=\"385\" height=\"353\" srcset=\"https:\/\/uenf.br\/projetos\/arvoresdauenf\/files\/2020\/08\/castanheira-da-praia-min.jpg 385w, https:\/\/uenf.br\/projetos\/arvoresdauenf\/files\/2020\/08\/castanheira-da-praia-min-300x275.jpg 300w\" sizes=\"auto, (max-width: 385px) 100vw, 385px\" \/><\/p>\n<\/div>\n<\/div>\n<\/div>\n<\/div>\n<p>Fonte: Flora do Brasil, 2020 (<a href=\"http:\/\/floradobrasil.jbrj.gov.br\/reflora\/listaBrasil\/ConsultaPublicaUC\/BemVindoConsultaPublicaConsultar.do?invalidatePageControlCounter=1&amp;idsFilhosAlgas=%5B2%5D&amp;idsFilhosFungos=%5B1%2C10%2C11%5D&amp;lingua=&amp;grupo=5&amp;familia=null&amp;genero=&amp;especie=&amp;autor=&amp;nomeVernaculo=&amp;nomeCompleto=Combretaceae+Terminalia+catappa+L.&amp;formaVida=null&amp;substrato=null&amp;ocorreBrasil=QUALQUER&amp;ocorrencia=OCORRE&amp;endemismo=TODOS&amp;origem=TODOS&amp;regiao=QUALQUER&amp;estado=QUALQUER&amp;ilhaOceanica=32767&amp;domFitogeograficos=QUALQUER&amp;bacia=QUALQUER&amp;vegetacao=TODOS&amp;mostrarAte=SUBESP_VAR&amp;opcoesBusca=TODOS_OS_NOMES&amp;loginUsuario=Visitante&amp;senhaUsuario=&amp;contexto=consulta-publica\">clique aqui<\/a>)<\/p>\n<h3><strong>Curiosidades:<\/strong><\/h3>\n<ul>\n<li><i>P<\/i>roduz fruto seco, cujas castanhas cont\u00e9m prote\u00ednas e gorduras, semelhante a outras variedades de am\u00eandoas com maior demanda no mercado. A farinha produzida a partir das castanhas representa alternativa com excelente aporte de nutrientes, com sabor e aroma de boa aceitabilidade pelos consumidores. (<a href=\"http:\/\/www.scielo.org.co\/scielo.php?script=sci_arttext&amp;pid=S0121-37092015000100003&amp;lang=en\">clique aqui<\/a>)<\/li>\n<li>\u00c9 uma esp\u00e9cie\u00a0 utilizada\u00a0 para biomonitoramento de polui\u00e7\u00e3o ambiental.\u00a0 (<a href=\"http:\/\/www.scielo.br\/scielo.php?script=sci_arttext&amp;pid=S1980-50982017000200535&amp;lang=en\">clique aqui<\/a>)<\/li>\n<li>Das am\u00eandoas tamb\u00e9m se extrai um \u00f3leo fino, utilizado na prepara\u00e7\u00e3o de pratos especiais e na fabrica\u00e7\u00e3o de rem\u00e9dios caseiros.\u00a0 (<a href=\"https:\/\/www.jardineiro.net\/plantas\/chapeu-de-sol-terminalia-catappa.html\">clique aqui<\/a>)<\/li>\n<li>As folhas ricas em taninos, flavon\u00f3ides, fitoster\u00f3is e outros princ\u00edpios ativos s\u00e3o utilizadas no tratamento da \u00e1gua de cria\u00e7\u00e3o de peixes.\u00a0 (<a href=\"https:\/\/www.jardineiro.net\/plantas\/chapeu-de-sol-terminalia-catappa.html\">clique aqui<\/a>)\u00a0 e tamb\u00e9m como alimento para o gado.\u00a0<a href=\"https:\/\/repositorio.ufsc.br\/handle\/123456789\/89006\">(clique aqui)<\/a><\/li>\n<\/ul>\n","protected":false},"excerpt":{"rendered":"<p>Terminalia catappa L. &nbsp; &nbsp; &nbsp; Fam\u00edlia: Combretaceae Nomes populares: castanheira da praia, amendoeira,\u00a0castanheira,\u00a0anoz,\u00a0\u00e1rvore-de-anoz,\u00a0castanholeira, cora\u00e7\u00e3o-de-nego,\u00a0castanhola,\u00a0sete-copas,\u00a0chap\u00e9u-de-sol,\u00a0guarda-sol\u00a0e caroceiro. Origem: \u00cdndia e da&#8230;<\/p>\n","protected":false},"author":24,"featured_media":0,"parent":27,"menu_order":0,"comment_status":"closed","ping_status":"closed","template":"","meta":{"footnotes":""},"class_list":["post-881","page","type-page","status-publish","hentry"],"_links":{"self":[{"href":"https:\/\/uenf.br\/projetos\/arvoresdauenf\/wp-json\/wp\/v2\/pages\/881","targetHints":{"allow":["GET"]}}],"collection":[{"href":"https:\/\/uenf.br\/projetos\/arvoresdauenf\/wp-json\/wp\/v2\/pages"}],"about":[{"href":"https:\/\/uenf.br\/projetos\/arvoresdauenf\/wp-json\/wp\/v2\/types\/page"}],"author":[{"embeddable":true,"href":"https:\/\/uenf.br\/projetos\/arvoresdauenf\/wp-json\/wp\/v2\/users\/24"}],"replies":[{"embeddable":true,"href":"https:\/\/uenf.br\/projetos\/arvoresdauenf\/wp-json\/wp\/v2\/comments?post=881"}],"version-history":[{"count":0,"href":"https:\/\/uenf.br\/projetos\/arvoresdauenf\/wp-json\/wp\/v2\/pages\/881\/revisions"}],"up":[{"embeddable":true,"href":"https:\/\/uenf.br\/projetos\/arvoresdauenf\/wp-json\/wp\/v2\/pages\/27"}],"wp:attachment":[{"href":"https:\/\/uenf.br\/projetos\/arvoresdauenf\/wp-json\/wp\/v2\/media?parent=881"}],"curies":[{"name":"wp","href":"https:\/\/api.w.org\/{rel}","templated":true}]}}