{"id":884,"date":"2019-10-01T10:14:40","date_gmt":"2019-10-01T13:14:40","guid":{"rendered":"http:\/\/uenf.br\/projetos\/arvoresdauenf\/?page_id=884"},"modified":"2024-03-26T14:27:20","modified_gmt":"2024-03-26T17:27:20","slug":"angelim","status":"publish","type":"page","link":"https:\/\/uenf.br\/projetos\/arvoresdauenf\/especie-2\/angelim\/","title":{"rendered":"Angelim"},"content":{"rendered":"<h2><em>Andira fraxinifolia<\/em>\u00a0 Benth.<\/h2>\n<div id=\"attachment_1489\" style=\"width: 626px\" class=\"wp-caption aligncenter\"><img loading=\"lazy\" decoding=\"async\" aria-describedby=\"caption-attachment-1489\" class=\"wp-image-1489\" src=\"http:\/\/uenf.br\/projetos\/arvoresdauenf\/files\/2020\/07\/IMG_1470.jpg\" alt=\"\" width=\"616\" height=\"821\" srcset=\"https:\/\/uenf.br\/projetos\/arvoresdauenf\/files\/2020\/07\/IMG_1470.jpg 707w, https:\/\/uenf.br\/projetos\/arvoresdauenf\/files\/2020\/07\/IMG_1470-225x300.jpg 225w\" sizes=\"auto, (max-width: 616px) 100vw, 616px\" \/><p id=\"caption-attachment-1489\" class=\"wp-caption-text\">O angelim pode ser encontrado no campus de Maca\u00e9 e tamb\u00e9m no Yatch Clube Lagoa de Cima. Foto: Yara Pereira<\/p><\/div>\n<h3><strong><span style=\"color: #000000\">Fam\u00edlia: <\/span><\/strong>\u00a0Fabaceae<\/h3>\n<h3><strong><span style=\"color: #000000\">Nomes populares: angelim doce, angelim rosa, angelim-mirim e angelim-pedra<\/span><\/strong><\/h3>\n<h3>Origem: Brasil<\/h3>\n<p><strong>Distribui\u00e7\u00e3o Geogr\u00e1fica<\/strong><\/p>\n<div class=\"tabelamapa\">\n<div id=\"ocorrencia_confirmada\" class=\"label\"><strong>Ocorr\u00eancias:<\/strong><\/div>\n<div>\n<div id=\"tr-carregaTaxonGrupoDistribuicaoGeograficaCertezaNordeste\" class=\"distribuicaoGeograficaCertezaNordeste\">\n<ul>\n<li id=\"idFieldCertezaNordeste\" class=\"field\"><b>Nordeste<\/b> (Alagoas, Bahia, Para\u00edba, Pernambuco, Piau\u00ed, Rio Grande do Norte, Sergipe)<\/li>\n<li class=\"field\"><b>Centro-Oeste<\/b> (Distrito Federal, Goi\u00e1s, Mato Grosso do Sul)<\/li>\n<li class=\"field\"><b>Sudeste<\/b> (Minas Gerais, Rio de Janeiro, S\u00e3o Paulo)<\/li>\n<li class=\"field\"><b>Sul<\/b>\u00a0(Paran\u00e1, Rio Grande do Sul, Santa Catarina)<\/li>\n<\/ul>\n<\/div>\n<\/div>\n<\/div>\n<h3 class=\"label\"><strong>Dom\u00ednios Fitogeogr\u00e1ficos\u00a0<\/strong><\/h3>\n<ul>\n<li>Caatinga, Cerrado, Mata Atl\u00e2ntica<\/li>\n<\/ul>\n<p><img loading=\"lazy\" decoding=\"async\" class=\"size-full wp-image-1731 aligncenter\" src=\"http:\/\/uenf.br\/projetos\/arvoresdauenf\/files\/2020\/08\/Angelim-min.jpg\" alt=\"\" width=\"358\" height=\"344\" srcset=\"https:\/\/uenf.br\/projetos\/arvoresdauenf\/files\/2020\/08\/Angelim-min.jpg 358w, https:\/\/uenf.br\/projetos\/arvoresdauenf\/files\/2020\/08\/Angelim-min-300x288.jpg 300w\" sizes=\"auto, (max-width: 358px) 100vw, 358px\" \/><\/p>\n<p>Fonte: Flora do Brasil, 2020 (<a href=\"http:\/\/reflora.jbrj.gov.br\/reflora\/listaBrasil\/ConsultaPublicaUC\/BemVindoConsultaPublicaConsultar.do?invalidatePageControlCounter=1&amp;idsFilhosAlgas=%5B2%5D&amp;idsFilhosFungos=%5B1%2C11%2C10%5D&amp;lingua=&amp;grupo=5&amp;genero=Andira&amp;especie=fraxinifolia&amp;autor=&amp;nomeVernaculo=&amp;nomeCompleto=&amp;formaVida=null&amp;substrato=null&amp;ocorreBrasil=QUALQUER&amp;ocorrencia=OCORRE&amp;endemismo=TODOS&amp;origem=TODOS&amp;regiao=QUALQUER&amp;estado=QUALQUER&amp;ilhaOceanica=32767&amp;domFitogeograficos=QUALQUER&amp;bacia=QUALQUER&amp;vegetacao=TODOS&amp;mostrarAte=SUBESP_VAR&amp;opcoesBusca=TODOS_OS_NOMES&amp;loginUsuario=Visitante&amp;senhaUsuario=&amp;contexto=consulta-publica\">clique aqui<\/a>)<\/p>\n<div>\n<h3><strong>Curiosidades:<\/strong><\/h3>\n<ul>\n<li>Foi detectado em Minas Gerais a presen\u00e7a de <em>Lopesia indaiensis<\/em> (Diptera, Cecidomyiidae), uma nova esp\u00e9cie de mosquito, causando galhas em Andira fraxinifolia (<a href=\"https:\/\/reader.elsevier.com\/reader\/sd\/pii\/S008556261730184X?token=0BC35B419F90E330728FF14E8369FF7D88585A494279D6ACD90C9A8EB74F8D952C7162BF8FC433F12A0F866D4719D921\">clique aqui<\/a>)<\/li>\n<li>Os frutos dessa \u00e1rvore s\u00e3o comest\u00edveis para o gado (<a href=\"https:\/\/www.embrapa.br\/documents\/1355054\/26025431\/SITE+ARVORES_FICHA_06_Andira+fraxinifolia.pdf\/7b01d4db-2c0f-1d84-d154-7b515a4803b1\">clique aqui<\/a>)<\/li>\n<\/ul>\n<\/div>\n","protected":false},"excerpt":{"rendered":"<p>Andira fraxinifolia\u00a0 Benth. Fam\u00edlia: \u00a0Fabaceae Nomes populares: angelim doce, angelim rosa, angelim-mirim e angelim-pedra Origem: Brasil Distribui\u00e7\u00e3o Geogr\u00e1fica Ocorr\u00eancias: Nordeste&#8230;<\/p>\n","protected":false},"author":24,"featured_media":0,"parent":27,"menu_order":0,"comment_status":"closed","ping_status":"closed","template":"","meta":{"footnotes":""},"class_list":["post-884","page","type-page","status-publish","hentry"],"_links":{"self":[{"href":"https:\/\/uenf.br\/projetos\/arvoresdauenf\/wp-json\/wp\/v2\/pages\/884","targetHints":{"allow":["GET"]}}],"collection":[{"href":"https:\/\/uenf.br\/projetos\/arvoresdauenf\/wp-json\/wp\/v2\/pages"}],"about":[{"href":"https:\/\/uenf.br\/projetos\/arvoresdauenf\/wp-json\/wp\/v2\/types\/page"}],"author":[{"embeddable":true,"href":"https:\/\/uenf.br\/projetos\/arvoresdauenf\/wp-json\/wp\/v2\/users\/24"}],"replies":[{"embeddable":true,"href":"https:\/\/uenf.br\/projetos\/arvoresdauenf\/wp-json\/wp\/v2\/comments?post=884"}],"version-history":[{"count":0,"href":"https:\/\/uenf.br\/projetos\/arvoresdauenf\/wp-json\/wp\/v2\/pages\/884\/revisions"}],"up":[{"embeddable":true,"href":"https:\/\/uenf.br\/projetos\/arvoresdauenf\/wp-json\/wp\/v2\/pages\/27"}],"wp:attachment":[{"href":"https:\/\/uenf.br\/projetos\/arvoresdauenf\/wp-json\/wp\/v2\/media?parent=884"}],"curies":[{"name":"wp","href":"https:\/\/api.w.org\/{rel}","templated":true}]}}