{"id":888,"date":"2019-10-01T10:17:25","date_gmt":"2019-10-01T13:17:25","guid":{"rendered":"http:\/\/uenf.br\/projetos\/arvoresdauenf\/?page_id=888"},"modified":"2023-04-25T09:28:27","modified_gmt":"2023-04-25T12:28:27","slug":"anfico-vermelho","status":"publish","type":"page","link":"https:\/\/uenf.br\/projetos\/arvoresdauenf\/especie-2\/anfico-vermelho\/","title":{"rendered":"Angico vermelho"},"content":{"rendered":"<h2><em>Parapiptadenia rigida<\/em> Benth.<\/h2>\n<div id=\"attachment_1620\" style=\"width: 479px\" class=\"wp-caption aligncenter\"><img loading=\"lazy\" decoding=\"async\" aria-describedby=\"caption-attachment-1620\" class=\"wp-image-1620\" src=\"http:\/\/uenf.br\/projetos\/arvoresdauenf\/files\/2020\/08\/IMG_1466.jpg\" alt=\"\" width=\"469\" height=\"624\" \/><p id=\"caption-attachment-1620\" class=\"wp-caption-text\">Campus Carlos Alberto Dias. Foto: Yara Pereira<\/p><\/div>\n<h3><strong><span style=\"color: #000000\">Fam\u00edlia: Fabaceae<\/span><\/strong><\/h3>\n<h3><strong><span style=\"color: #000000\">Nomes populares: angico, angico-vermelho<\/span><\/strong><\/h3>\n<h3>Origem: Nativa\u00a0 (n\u00e3o \u00e9 end\u00eamica do Brasil)<\/h3>\n<h3 id=\"distribuicaoGeografica\" class=\"label\"><strong>Distribui\u00e7\u00e3o Geogr\u00e1fica<\/strong><\/h3>\n<h4 id=\"distribuicaoGeografica\" class=\"label\"><strong>Ocorr\u00eancias:<\/strong><\/h4>\n<div id=\"tr-carregaTaxonGrupoDistribuicaoGeograficaCertezaSudeste\" class=\"distribuicaoGeograficaCertezaSudeste\">\n<ul>\n<li id=\"idFieldCertezaSudeste\" class=\"field\"><b>Sudeste<\/b>\u00a0(S\u00e3o Paulo)<\/li>\n<\/ul>\n<\/div>\n<div id=\"tr-carregaTaxonGrupoDistribuicaoGeograficaCertezaSul\" class=\"distribuicaoGeograficaCertezaSul\">\n<ul>\n<li id=\"idFieldCertezaSul\" class=\"field\"><b>Sul<\/b>\u00a0(Paran\u00e1, Rio Grande do Sul, Santa Catarina)<\/li>\n<\/ul>\n<\/div>\n<div class=\"tabelamapa\">\n<div id=\"tr-carregaTaxonGrupoDistribuicaoGeograficaCertezaNorte\" class=\"distribuicaoGeograficaCertezaNorte\">\n<h3>Dom\u00ednios Fitogeogr\u00e1ficos<\/h3>\n<\/div>\n<ul>\n<li>Mata Atl\u00e2ntica (Floresta Estacional Decidual, Floresta Ombr\u00f3fila )<\/li>\n<\/ul>\n<p><img loading=\"lazy\" decoding=\"async\" class=\"size-full wp-image-1675 aligncenter\" src=\"http:\/\/uenf.br\/projetos\/arvoresdauenf\/files\/2020\/08\/angico-min.jpg\" alt=\"\" width=\"382\" height=\"373\" srcset=\"https:\/\/uenf.br\/projetos\/arvoresdauenf\/files\/2020\/08\/angico-min.jpg 382w, https:\/\/uenf.br\/projetos\/arvoresdauenf\/files\/2020\/08\/angico-min-300x293.jpg 300w\" sizes=\"auto, (max-width: 382px) 100vw, 382px\" \/> Fonte: Flora do Brasil, 2020 (<a href=\"http:\/\/floradobrasil.jbrj.gov.br\/reflora\/listaBrasil\/ConsultaPublicaUC\/BemVindoConsultaPublicaConsultar.do?invalidatePageControlCounter=3&amp;idsFilhosAlgas=%5B2%5D&amp;idsFilhosFungos=%5B1%2C10%2C11%5D&amp;lingua=&amp;grupo=5&amp;familia=null&amp;genero=&amp;especie=&amp;autor=&amp;nomeVernaculo=&amp;nomeCompleto=Fabaceae+Parapiptadenia+rigida+%28Benth.%29+Brenan&amp;formaVida=null&amp;substrato=null&amp;ocorreBrasil=QUALQUER&amp;ocorrencia=OCORRE&amp;endemismo=TODOS&amp;origem=TODOS&amp;regiao=QUALQUER&amp;estado=QUALQUER&amp;ilhaOceanica=32767&amp;domFitogeograficos=QUALQUER&amp;bacia=QUALQUER&amp;vegetacao=TODOS&amp;mostrarAte=SUBESP_VAR&amp;opcoesBusca=TODOS_OS_NOMES&amp;loginUsuario=Visitante&amp;senhaUsuario=&amp;contexto=consulta-publica\">clique aqui<\/a>)<\/p>\n<\/div>\n<h3><strong>Curiosidades:<\/strong><\/h3>\n<div class=\"tabelamapa\">\n<p>&nbsp;<\/p>\n<\/div>\n","protected":false},"excerpt":{"rendered":"<p>Parapiptadenia rigida Benth. Fam\u00edlia: Fabaceae Nomes populares: angico, angico-vermelho Origem: Nativa\u00a0 (n\u00e3o \u00e9 end\u00eamica do Brasil) Distribui\u00e7\u00e3o Geogr\u00e1fica Ocorr\u00eancias: Sudeste\u00a0(S\u00e3o&#8230;<\/p>\n","protected":false},"author":24,"featured_media":0,"parent":27,"menu_order":0,"comment_status":"closed","ping_status":"closed","template":"","meta":{"footnotes":""},"class_list":["post-888","page","type-page","status-publish","hentry"],"_links":{"self":[{"href":"https:\/\/uenf.br\/projetos\/arvoresdauenf\/wp-json\/wp\/v2\/pages\/888","targetHints":{"allow":["GET"]}}],"collection":[{"href":"https:\/\/uenf.br\/projetos\/arvoresdauenf\/wp-json\/wp\/v2\/pages"}],"about":[{"href":"https:\/\/uenf.br\/projetos\/arvoresdauenf\/wp-json\/wp\/v2\/types\/page"}],"author":[{"embeddable":true,"href":"https:\/\/uenf.br\/projetos\/arvoresdauenf\/wp-json\/wp\/v2\/users\/24"}],"replies":[{"embeddable":true,"href":"https:\/\/uenf.br\/projetos\/arvoresdauenf\/wp-json\/wp\/v2\/comments?post=888"}],"version-history":[{"count":0,"href":"https:\/\/uenf.br\/projetos\/arvoresdauenf\/wp-json\/wp\/v2\/pages\/888\/revisions"}],"up":[{"embeddable":true,"href":"https:\/\/uenf.br\/projetos\/arvoresdauenf\/wp-json\/wp\/v2\/pages\/27"}],"wp:attachment":[{"href":"https:\/\/uenf.br\/projetos\/arvoresdauenf\/wp-json\/wp\/v2\/media?parent=888"}],"curies":[{"name":"wp","href":"https:\/\/api.w.org\/{rel}","templated":true}]}}