{"id":891,"date":"2019-10-01T10:18:29","date_gmt":"2019-10-01T13:18:29","guid":{"rendered":"http:\/\/uenf.br\/projetos\/arvoresdauenf\/?page_id=891"},"modified":"2022-05-17T17:16:29","modified_gmt":"2022-05-17T20:16:29","slug":"acerola","status":"publish","type":"page","link":"https:\/\/uenf.br\/projetos\/arvoresdauenf\/especie-2\/acerola\/","title":{"rendered":"Acerola"},"content":{"rendered":"<h2><em>Malpighia punicifolia<\/em> <strong>L.<\/strong><\/h2>\n<p>&nbsp;<\/p>\n<p>A <em>Malpighia punicifolia L <\/em>apresenta porte arbustivo, de 2,5 &#8211; 3,0 metros de altura, desenvolvendo-se bem tanto em climas tropicais como em climas subtropicais.<\/p>\n<div id=\"attachment_1633\" style=\"width: 428px\" class=\"wp-caption aligncenter\"><img loading=\"lazy\" decoding=\"async\" aria-describedby=\"caption-attachment-1633\" class=\"wp-image-1633\" src=\"http:\/\/uenf.br\/projetos\/arvoresdauenf\/files\/2020\/08\/IMG_1444.jpg\" alt=\"\" width=\"418\" height=\"558\" srcset=\"https:\/\/uenf.br\/projetos\/arvoresdauenf\/files\/2020\/08\/IMG_1444.jpg 662w, https:\/\/uenf.br\/projetos\/arvoresdauenf\/files\/2020\/08\/IMG_1444-225x300.jpg 225w\" sizes=\"auto, (max-width: 418px) 100vw, 418px\" \/><p id=\"caption-attachment-1633\" class=\"wp-caption-text\">A <em>Malpighia punicifolia L <\/em>pode apresentar copa aberta ou campacta. <em>Campus<\/em> Maca\u00e9. Foto: Yara Pereira<\/p><\/div>\n<p>&nbsp;<\/p>\n<div id=\"attachment_1631\" style=\"width: 425px\" class=\"wp-caption aligncenter\"><img loading=\"lazy\" decoding=\"async\" aria-describedby=\"caption-attachment-1631\" class=\"wp-image-1631\" src=\"http:\/\/uenf.br\/projetos\/arvoresdauenf\/files\/2020\/08\/IMG_4731-e1596487672544-768x1024.jpg\" alt=\"\" width=\"415\" height=\"553\" srcset=\"https:\/\/uenf.br\/projetos\/arvoresdauenf\/files\/2020\/08\/IMG_4731-e1596487672544-768x1024.jpg 768w, https:\/\/uenf.br\/projetos\/arvoresdauenf\/files\/2020\/08\/IMG_4731-e1596487672544-225x300.jpg 225w, https:\/\/uenf.br\/projetos\/arvoresdauenf\/files\/2020\/08\/IMG_4731-e1596487672544-1152x1536.jpg 1152w, https:\/\/uenf.br\/projetos\/arvoresdauenf\/files\/2020\/08\/IMG_4731-e1596487672544-1536x2048.jpg 1536w\" sizes=\"auto, (max-width: 415px) 100vw, 415px\" \/><p id=\"caption-attachment-1631\" class=\"wp-caption-text\">Campus UENF. Foto: Christian Ribeiro<\/p><\/div>\n<p>&nbsp;<\/p>\n<h3><strong><span style=\"color: #000000\">Fam\u00edlia: Malpighiaceae<\/span><\/strong><\/h3>\n<h3><strong><span style=\"color: #000000\">Nomes populares: Azerola, Cerejeira-do-par\u00e1, Cerejeira-de-barbados ou Cerejeira-das-antilhas\u00a0<\/span><\/strong><\/h3>\n<h3><strong>Origem: Antilhas, Am\u00e9rica Central e Norte da Am\u00e9rica do Sul<\/strong><\/h3>\n<h3 id=\"distribuicaoGeografica\" class=\"label\"><strong>Distribui\u00e7\u00e3o Geogr\u00e1fica<\/strong><\/h3>\n<p><strong>Ocorr\u00eancias:<\/strong><\/p>\n<div id=\"tr-carregaTaxonGrupoDistribuicaoGeograficaCertezaNorte\" class=\"distribuicaoGeograficaCertezaNorte\">\n<ul>\n<li id=\"idFieldCertezaNorte\" class=\"field\"><b>Norte<\/b>\u00a0(Amazonas, Par\u00e1)<\/li>\n<li class=\"field\"><b>Nordeste<\/b> (Bahia)<\/li>\n<li><b>Centro-Oeste<\/b>\u00a0(Goi\u00e1s)<\/li>\n<li><b>Sudeste<\/b>\u00a0(Esp\u00edrito Santo, Minas Gerais, Rio de Janeiro, S\u00e3o Paulo)<\/li>\n<li><b>Sul<\/b>\u00a0(Paran\u00e1)<\/li>\n<\/ul>\n<\/div>\n<div id=\"tr-carregaTaxonGrupoDistribuicaoGeograficaCertezaNordeste\" class=\"distribuicaoGeograficaCertezaNordeste\">\n<h3 class=\"label\"><img loading=\"lazy\" decoding=\"async\" class=\"size-full wp-image-1726 aligncenter\" src=\"http:\/\/uenf.br\/projetos\/arvoresdauenf\/files\/2020\/08\/acerola-min.jpg\" alt=\"\" width=\"382\" height=\"354\" srcset=\"https:\/\/uenf.br\/projetos\/arvoresdauenf\/files\/2020\/08\/acerola-min.jpg 382w, https:\/\/uenf.br\/projetos\/arvoresdauenf\/files\/2020\/08\/acerola-min-300x278.jpg 300w\" sizes=\"auto, (max-width: 382px) 100vw, 382px\" \/><\/h3>\n<div>Fonte: Flora do Brasil, 2020 (<a href=\"http:\/\/floradobrasil.jbrj.gov.br\/reflora\/listaBrasil\/ConsultaPublicaUC\/BemVindoConsultaPublicaConsultar.do?invalidatePageControlCounter=7&amp;idsFilhosAlgas=%5B2%5D&amp;idsFilhosFungos=%5B1%2C10%2C11%5D&amp;lingua=&amp;grupo=5&amp;familia=null&amp;genero=&amp;especie=&amp;autor=&amp;nomeVernaculo=&amp;nomeCompleto=Malpighiaceae+Malpighia+punicifolia+L.&amp;formaVida=null&amp;substrato=null&amp;ocorreBrasil=QUALQUER&amp;ocorrencia=OCORRE&amp;endemismo=TODOS&amp;origem=TODOS&amp;regiao=QUALQUER&amp;estado=QUALQUER&amp;ilhaOceanica=32767&amp;domFitogeograficos=QUALQUER&amp;bacia=QUALQUER&amp;vegetacao=TODOS&amp;mostrarAte=SUBESP_VAR&amp;opcoesBusca=TODOS_OS_NOMES&amp;loginUsuario=Visitante&amp;senhaUsuario=&amp;contexto=consulta-publica\">clique aqui<\/a>)<\/div>\n<\/div>\n<div><\/div>\n<p>&nbsp;<\/p>\n<div id=\"attachment_2119\" style=\"width: 590px\" class=\"wp-caption aligncenter\"><a href=\"http:\/\/uenf.br\/projetos\/arvoresdauenf\/files\/2021\/05\/20210501_125232.jpg\"><img loading=\"lazy\" decoding=\"async\" aria-describedby=\"caption-attachment-2119\" class=\"wp-image-2119 \" src=\"http:\/\/uenf.br\/projetos\/arvoresdauenf\/files\/2021\/05\/20210501_125232-e1619886309291-768x1024.jpg\" alt=\"\" width=\"580\" height=\"773\" srcset=\"https:\/\/uenf.br\/projetos\/arvoresdauenf\/files\/2021\/05\/20210501_125232-e1619886309291-768x1024.jpg 768w, https:\/\/uenf.br\/projetos\/arvoresdauenf\/files\/2021\/05\/20210501_125232-e1619886309291-225x300.jpg 225w, https:\/\/uenf.br\/projetos\/arvoresdauenf\/files\/2021\/05\/20210501_125232-e1619886309291-1152x1536.jpg 1152w, https:\/\/uenf.br\/projetos\/arvoresdauenf\/files\/2021\/05\/20210501_125232-e1619886309291-1536x2048.jpg 1536w\" sizes=\"auto, (max-width: 580px) 100vw, 580px\" \/><\/a><p id=\"caption-attachment-2119\" class=\"wp-caption-text\">A casca do caule \u00e9 rugosa e em algumas ocasi\u00f5es, possui colora\u00e7\u00e3o marrom. Foto: Deborah Barroso<\/p><\/div>\n<p>&nbsp;<\/p>\n<div id=\"attachment_2121\" style=\"width: 618px\" class=\"wp-caption aligncenter\"><a href=\"http:\/\/uenf.br\/projetos\/arvoresdauenf\/files\/2021\/05\/20210501_131050.jpg\"><img loading=\"lazy\" decoding=\"async\" aria-describedby=\"caption-attachment-2121\" class=\"wp-image-2121 \" src=\"http:\/\/uenf.br\/projetos\/arvoresdauenf\/files\/2021\/05\/20210501_131050-1024x768.jpg\" alt=\"\" width=\"608\" height=\"456\" srcset=\"https:\/\/uenf.br\/projetos\/arvoresdauenf\/files\/2021\/05\/20210501_131050-1024x768.jpg 1024w, https:\/\/uenf.br\/projetos\/arvoresdauenf\/files\/2021\/05\/20210501_131050-300x225.jpg 300w, https:\/\/uenf.br\/projetos\/arvoresdauenf\/files\/2021\/05\/20210501_131050-768x576.jpg 768w, https:\/\/uenf.br\/projetos\/arvoresdauenf\/files\/2021\/05\/20210501_131050-1536x1152.jpg 1536w, https:\/\/uenf.br\/projetos\/arvoresdauenf\/files\/2021\/05\/20210501_131050-2048x1536.jpg 2048w\" sizes=\"auto, (max-width: 608px) 100vw, 608px\" \/><\/a><p id=\"caption-attachment-2121\" class=\"wp-caption-text\">As folhas L possuem formato oval ou el\u00edptico. S\u00e3o simples, inteiras e opostas.\u00a0 Foto: Deborah Guerra Barroso<\/p><\/div>\n<p>&nbsp;<\/p>\n<div class=\"mceTemp\"><\/div>\n<p>&nbsp;<\/p>\n<p>De formato redondo, oval ou achatado, os frutos da aceroleira s\u00e3o carnosos e suculentos, podendo ou n\u00e3o conter sementes.\u00a0 Tais frutos, podem pesar de 3 a 16g.<\/p>\n<div id=\"attachment_2118\" style=\"width: 544px\" class=\"wp-caption aligncenter\"><a href=\"http:\/\/uenf.br\/projetos\/arvoresdauenf\/files\/2021\/05\/IMG-20210501-WA0010.jpg\"><img loading=\"lazy\" decoding=\"async\" aria-describedby=\"caption-attachment-2118\" class=\"wp-image-2118 \" src=\"http:\/\/uenf.br\/projetos\/arvoresdauenf\/files\/2021\/05\/IMG-20210501-WA0010-768x1024.jpg\" alt=\"\" width=\"534\" height=\"712\" srcset=\"https:\/\/uenf.br\/projetos\/arvoresdauenf\/files\/2021\/05\/IMG-20210501-WA0010-768x1024.jpg 768w, https:\/\/uenf.br\/projetos\/arvoresdauenf\/files\/2021\/05\/IMG-20210501-WA0010-225x300.jpg 225w, https:\/\/uenf.br\/projetos\/arvoresdauenf\/files\/2021\/05\/IMG-20210501-WA0010.jpg 864w\" sizes=\"auto, (max-width: 534px) 100vw, 534px\" \/><\/a><p id=\"caption-attachment-2118\" class=\"wp-caption-text\">Quando maduros, os frutos da <em>Malpighia punicifolia<\/em> L apresentam colora\u00e7\u00e3o vermelho-p\u00farpura. Foto: Cl\u00e1udia Sales Marinho<\/p><\/div>\n<p>&nbsp;<\/p>\n<p>As flores da esp\u00e9cie encontram-se dispostas em pequenos cachos, cuja colora\u00e7\u00e3o varia entre a cor branca e diferentes tonalidades de rosa. A poliniza\u00e7\u00e3o dos gr\u00e3os de p\u00f3len da aceroleira \u00e9 realizada por insetos polinizadores nativos, mais precisamente abelhas do g\u00eanero<em> Centris spp.\u00a0<\/em><\/p>\n<div id=\"tr-carregaTaxonGrupoDistribuicaoGeograficaCertezaNordeste\" class=\"distribuicaoGeograficaCertezaNordeste\">\n<div><\/div>\n<\/div>\n<div>\n<h3>\u00a0<strong>Curiosidades:<\/strong><\/h3>\n<ul>\n<li>A acerola destaca-se como fonte nutricional com elevado conte\u00fado de vitamina C. (<a href=\"http:\/\/www.scielo.br\/scielo.php?script=sci_arttext&amp;pid=S0100-29452001000300032\">clique aqui<\/a>)<\/li>\n<li>Res\u00edduo do processamento de acerola podem ser utilizados como ingrediente alternativo nas dietas de codornas europeias, at\u00e9 o n\u00edvel de 12% de inclus\u00e3o, resultando em boa\u00a0convers\u00e3o alimentar e ganho de peso em aves (<a href=\"https:\/\/www.revistas.usp.br\/bjvras\/article\/view\/64536\">clique aqui<\/a>)<\/li>\n<li>Suas sementes trituradas s\u00e3o capazes de adsorver metais pesados em \u00e1guas contaminadas (<a href=\"https:\/\/www.sciencedirect.com\/science\/article\/abs\/pii\/S2352801X17300140\">clique aqui<\/a>)<\/li>\n<li>O suco da acerola apresenta atividade antioxidante superiores a sucos de frutas particularmente ricas em polifen\u00f3is como suco de morango, uva e ma\u00e7\u00e3 (<a href=\"https:\/\/www.sciencedirect.com\/science\/article\/abs\/pii\/S0889157508000227\">cliqie aqui<\/a>)<\/li>\n<li>Saboreie receitas da fruta <a href=\"https:\/\/www.receiteria.com.br\/receitas-com-acerola\/\">(clique aqui)<\/a><\/li>\n<\/ul>\n<\/div>\n","protected":false},"excerpt":{"rendered":"<p>Malpighia punicifolia L. &nbsp; A Malpighia punicifolia L apresenta porte arbustivo, de 2,5 &#8211; 3,0 metros de altura, desenvolvendo-se bem&#8230;<\/p>\n","protected":false},"author":24,"featured_media":0,"parent":27,"menu_order":0,"comment_status":"closed","ping_status":"closed","template":"","meta":{"footnotes":""},"class_list":["post-891","page","type-page","status-publish","hentry"],"_links":{"self":[{"href":"https:\/\/uenf.br\/projetos\/arvoresdauenf\/wp-json\/wp\/v2\/pages\/891","targetHints":{"allow":["GET"]}}],"collection":[{"href":"https:\/\/uenf.br\/projetos\/arvoresdauenf\/wp-json\/wp\/v2\/pages"}],"about":[{"href":"https:\/\/uenf.br\/projetos\/arvoresdauenf\/wp-json\/wp\/v2\/types\/page"}],"author":[{"embeddable":true,"href":"https:\/\/uenf.br\/projetos\/arvoresdauenf\/wp-json\/wp\/v2\/users\/24"}],"replies":[{"embeddable":true,"href":"https:\/\/uenf.br\/projetos\/arvoresdauenf\/wp-json\/wp\/v2\/comments?post=891"}],"version-history":[{"count":0,"href":"https:\/\/uenf.br\/projetos\/arvoresdauenf\/wp-json\/wp\/v2\/pages\/891\/revisions"}],"up":[{"embeddable":true,"href":"https:\/\/uenf.br\/projetos\/arvoresdauenf\/wp-json\/wp\/v2\/pages\/27"}],"wp:attachment":[{"href":"https:\/\/uenf.br\/projetos\/arvoresdauenf\/wp-json\/wp\/v2\/media?parent=891"}],"curies":[{"name":"wp","href":"https:\/\/api.w.org\/{rel}","templated":true}]}}