{"id":895,"date":"2019-10-01T10:20:55","date_gmt":"2019-10-01T13:20:55","guid":{"rendered":"http:\/\/uenf.br\/projetos\/arvoresdauenf\/?page_id=895"},"modified":"2023-04-25T09:27:34","modified_gmt":"2023-04-25T12:27:34","slug":"acoita-cavalo","status":"publish","type":"page","link":"https:\/\/uenf.br\/projetos\/arvoresdauenf\/especie-2\/acoita-cavalo\/","title":{"rendered":"A\u00e7oita-cavalo"},"content":{"rendered":"<h2><em>Luehea grandiflora<\/em> <strong>Mart. &amp; Zucc.<\/strong><\/h2>\n<h3><strong>Fam\u00edlia: Malvaceae<\/strong><\/h3>\n<h3><strong>Nomes populares: Estriveira, Ivitinga, A\u00e7oite-cavalo, Salta-cavalo, Soita-cavalo, A\u00e7oita-cavalo-vermelho, Saco-de-gamb\u00e1, \u00a0Pau-de-canga, A\u00e7oita-cavalo-do-mi\u00fado, A\u00e7oita-cavalos-branco,<\/strong><\/h3>\n<h3><strong>Origem: Brasil<\/strong><\/h3>\n<h3 id=\"distribuicaoGeografica\" class=\"label\"><strong>Distribui\u00e7\u00e3o Geogr\u00e1fica<\/strong><\/h3>\n<div class=\"tabelamapa\">\n<div id=\"ocorrencia_confirmada\" class=\"label\"><strong>Ocorr\u00eancias:<\/strong><\/div>\n<div>\n<div id=\"tr-carregaTaxonGrupoDistribuicaoGeograficaCertezaNorte\" class=\"distribuicaoGeograficaCertezaNorte\">\n<ul>\n<li id=\"idFieldCertezaNorte\" class=\"field\"><b>Norte<\/b> (Par\u00e1)<\/li>\n<li class=\"field\"><b>Nordeste<\/b> (Bahia, Cear\u00e1, Maranh\u00e3o)<\/li>\n<li class=\"field\"><b>Centro-Oeste<\/b> (Distrito Federal, Goi\u00e1s, Mato Grosso do Sul, Mato Grosso)<\/li>\n<li class=\"field\"><b>Sudeste<\/b> (Minas Gerais, Rio de Janeiro, S\u00e3o Paulo)<\/li>\n<li class=\"field\"><b>Sul<\/b>\u00a0(Paran\u00e1)<\/li>\n<\/ul>\n<h3 class=\"label\"><strong>Dom\u00ednios Fitogeogr\u00e1ficos\u00a0<\/strong><\/h3>\n<ul>\n<li>Amaz\u00f4nia, Caatinga, Cerrado, Mata Atl\u00e2ntica, Pantanal<\/li>\n<\/ul>\n<p><img loading=\"lazy\" decoding=\"async\" class=\"aligncenter wp-image-1671 size-full\" src=\"http:\/\/uenf.br\/projetos\/arvoresdauenf\/files\/2020\/08\/Sem-t\u00edtulo-min.jpg\" alt=\"\" width=\"419\" height=\"360\" srcset=\"https:\/\/uenf.br\/projetos\/arvoresdauenf\/files\/2020\/08\/Sem-t\u00edtulo-min.jpg 419w, https:\/\/uenf.br\/projetos\/arvoresdauenf\/files\/2020\/08\/Sem-t\u00edtulo-min-300x258.jpg 300w\" sizes=\"auto, (max-width: 419px) 100vw, 419px\" \/> Fonte: Flora do Brasil, 2020 (<a href=\"http:\/\/floradobrasil.jbrj.gov.br\/reflora\/listaBrasil\/ConsultaPublicaUC\/BemVindoConsultaPublicaConsultar.do?invalidatePageControlCounter=1&amp;idsFilhosAlgas=%5B2%5D&amp;idsFilhosFungos=%5B1%2C10%2C11%5D&amp;lingua=&amp;grupo=5&amp;familia=null&amp;genero=Luehea&amp;especie=grandiflora&amp;autor=&amp;nomeVernaculo=&amp;nomeCompleto=&amp;formaVida=null&amp;substrato=null&amp;ocorreBrasil=QUALQUER&amp;ocorrencia=OCORRE&amp;endemismo=TODOS&amp;origem=TODOS&amp;regiao=QUALQUER&amp;estado=QUALQUER&amp;ilhaOceanica=32767&amp;domFitogeograficos=QUALQUER&amp;bacia=QUALQUER&amp;vegetacao=TODOS&amp;mostrarAte=SUBESP_VAR&amp;opcoesBusca=TODOS_OS_NOMES&amp;loginUsuario=Visitante&amp;senhaUsuario=&amp;contexto=consulta-publica\">clique aqui<\/a>)<\/p>\n<\/div>\n<h3><strong>Curiosidades:<\/strong><\/h3>\n<\/div>\n<\/div>\n<div class=\"simple-item-view-authors item-page-field-wrapper table\">\n<div class=\"simple-item-view-collections item-page-field-wrapper table\">\n<ul>\n<li>Suas folhas s\u00e3o muito utilizadas na fabrica\u00e7\u00e3o de fitoter\u00e1picos e sua madeira de \u00f3tima qualidade para a ind\u00fastria moveleira. (<a href=\"http:\/\/saber.unioeste.br\/index.php\/scientiaagraria\/article\/view\/4364\">clique aqui<\/a>)<\/li>\n<li>A\u00e7oita cavalo possui propriedades medicinais contra disenteria e reumatismo. (<a href=\"http:\/\/flora.ipe.org.br\/sp\/220?pdf=1\">clique aqui<\/a>)<\/li>\n<\/ul>\n<\/div>\n<\/div>\n","protected":false},"excerpt":{"rendered":"<p>Luehea grandiflora Mart. &amp; Zucc. Fam\u00edlia: Malvaceae Nomes populares: Estriveira, Ivitinga, A\u00e7oite-cavalo, Salta-cavalo, Soita-cavalo, A\u00e7oita-cavalo-vermelho, Saco-de-gamb\u00e1, \u00a0Pau-de-canga, A\u00e7oita-cavalo-do-mi\u00fado, A\u00e7oita-cavalos-branco, Origem:&#8230;<\/p>\n","protected":false},"author":24,"featured_media":0,"parent":27,"menu_order":0,"comment_status":"closed","ping_status":"closed","template":"","meta":{"footnotes":""},"class_list":["post-895","page","type-page","status-publish","hentry"],"_links":{"self":[{"href":"https:\/\/uenf.br\/projetos\/arvoresdauenf\/wp-json\/wp\/v2\/pages\/895","targetHints":{"allow":["GET"]}}],"collection":[{"href":"https:\/\/uenf.br\/projetos\/arvoresdauenf\/wp-json\/wp\/v2\/pages"}],"about":[{"href":"https:\/\/uenf.br\/projetos\/arvoresdauenf\/wp-json\/wp\/v2\/types\/page"}],"author":[{"embeddable":true,"href":"https:\/\/uenf.br\/projetos\/arvoresdauenf\/wp-json\/wp\/v2\/users\/24"}],"replies":[{"embeddable":true,"href":"https:\/\/uenf.br\/projetos\/arvoresdauenf\/wp-json\/wp\/v2\/comments?post=895"}],"version-history":[{"count":0,"href":"https:\/\/uenf.br\/projetos\/arvoresdauenf\/wp-json\/wp\/v2\/pages\/895\/revisions"}],"up":[{"embeddable":true,"href":"https:\/\/uenf.br\/projetos\/arvoresdauenf\/wp-json\/wp\/v2\/pages\/27"}],"wp:attachment":[{"href":"https:\/\/uenf.br\/projetos\/arvoresdauenf\/wp-json\/wp\/v2\/media?parent=895"}],"curies":[{"name":"wp","href":"https:\/\/api.w.org\/{rel}","templated":true}]}}