{"id":897,"date":"2019-10-01T10:22:03","date_gmt":"2019-10-01T13:22:03","guid":{"rendered":"http:\/\/uenf.br\/projetos\/arvoresdauenf\/?page_id=897"},"modified":"2024-03-27T18:05:38","modified_gmt":"2024-03-27T21:05:38","slug":"munguba","status":"publish","type":"page","link":"https:\/\/uenf.br\/projetos\/arvoresdauenf\/especie-2\/munguba\/","title":{"rendered":"Monguba"},"content":{"rendered":"<h2><em>Pachira aquatica<\/em> Aubl.<\/h2>\n<div id=\"attachment_2692\" style=\"width: 399px\" class=\"wp-caption aligncenter\"><img loading=\"lazy\" decoding=\"async\" aria-describedby=\"caption-attachment-2692\" class=\"wp-image-2692\" src=\"https:\/\/uenf.br\/projetos\/arvoresdauenf\/files\/2024\/03\/WhatsApp-Image-2024-03-25-at-15.18.34-225x300.jpeg\" alt=\"\" width=\"389\" height=\"518\" srcset=\"https:\/\/uenf.br\/projetos\/arvoresdauenf\/files\/2024\/03\/WhatsApp-Image-2024-03-25-at-15.18.34-225x300.jpeg 225w, https:\/\/uenf.br\/projetos\/arvoresdauenf\/files\/2024\/03\/WhatsApp-Image-2024-03-25-at-15.18.34-769x1024.jpeg 769w, https:\/\/uenf.br\/projetos\/arvoresdauenf\/files\/2024\/03\/WhatsApp-Image-2024-03-25-at-15.18.34-768x1023.jpeg 768w, https:\/\/uenf.br\/projetos\/arvoresdauenf\/files\/2024\/03\/WhatsApp-Image-2024-03-25-at-15.18.34-1153x1536.jpeg 1153w, https:\/\/uenf.br\/projetos\/arvoresdauenf\/files\/2024\/03\/WhatsApp-Image-2024-03-25-at-15.18.34-1537x2048.jpeg 1537w\" sizes=\"auto, (max-width: 389px) 100vw, 389px\" \/><p id=\"caption-attachment-2692\" class=\"wp-caption-text\">Foto: Savyo Carvalho<\/p><\/div>\n<div id=\"attachment_2694\" style=\"width: 389px\" class=\"wp-caption aligncenter\"><img loading=\"lazy\" decoding=\"async\" aria-describedby=\"caption-attachment-2694\" class=\"wp-image-2694\" src=\"https:\/\/uenf.br\/projetos\/arvoresdauenf\/files\/2024\/03\/WhatsApp-Image-2024-03-25-at-15.18.34-1-225x300.jpeg\" alt=\"\" width=\"379\" height=\"505\" srcset=\"https:\/\/uenf.br\/projetos\/arvoresdauenf\/files\/2024\/03\/WhatsApp-Image-2024-03-25-at-15.18.34-1-225x300.jpeg 225w, https:\/\/uenf.br\/projetos\/arvoresdauenf\/files\/2024\/03\/WhatsApp-Image-2024-03-25-at-15.18.34-1-769x1024.jpeg 769w, https:\/\/uenf.br\/projetos\/arvoresdauenf\/files\/2024\/03\/WhatsApp-Image-2024-03-25-at-15.18.34-1-768x1023.jpeg 768w, https:\/\/uenf.br\/projetos\/arvoresdauenf\/files\/2024\/03\/WhatsApp-Image-2024-03-25-at-15.18.34-1-1153x1536.jpeg 1153w, https:\/\/uenf.br\/projetos\/arvoresdauenf\/files\/2024\/03\/WhatsApp-Image-2024-03-25-at-15.18.34-1-1537x2048.jpeg 1537w\" sizes=\"auto, (max-width: 379px) 100vw, 379px\" \/><p id=\"caption-attachment-2694\" class=\"wp-caption-text\">Fruto da Monguba, tamb\u00e9m conhecida como &#8220;Falso cacau&#8221;. Foto: Savyo Carvalho<\/p><\/div>\n<div id=\"attachment_2695\" style=\"width: 350px\" class=\"wp-caption aligncenter\"><img loading=\"lazy\" decoding=\"async\" aria-describedby=\"caption-attachment-2695\" class=\"wp-image-2695\" src=\"https:\/\/uenf.br\/projetos\/arvoresdauenf\/files\/2024\/03\/WhatsApp-Image-2024-03-25-at-15.18.36-1-225x300.jpeg\" alt=\"\" width=\"340\" height=\"453\" srcset=\"https:\/\/uenf.br\/projetos\/arvoresdauenf\/files\/2024\/03\/WhatsApp-Image-2024-03-25-at-15.18.36-1-225x300.jpeg 225w, https:\/\/uenf.br\/projetos\/arvoresdauenf\/files\/2024\/03\/WhatsApp-Image-2024-03-25-at-15.18.36-1-769x1024.jpeg 769w, https:\/\/uenf.br\/projetos\/arvoresdauenf\/files\/2024\/03\/WhatsApp-Image-2024-03-25-at-15.18.36-1-768x1023.jpeg 768w, https:\/\/uenf.br\/projetos\/arvoresdauenf\/files\/2024\/03\/WhatsApp-Image-2024-03-25-at-15.18.36-1-1153x1536.jpeg 1153w, https:\/\/uenf.br\/projetos\/arvoresdauenf\/files\/2024\/03\/WhatsApp-Image-2024-03-25-at-15.18.36-1-1537x2048.jpeg 1537w\" sizes=\"auto, (max-width: 340px) 100vw, 340px\" \/><p id=\"caption-attachment-2695\" class=\"wp-caption-text\">Foto: Savyo Carvalho<\/p><\/div>\n<h3><strong><span style=\"color: #000000\">Fam\u00edlia: <\/span><\/strong>Malvaceae<\/h3>\n<h3><strong><span style=\"color: #000000\">Nomes populares: cacau-selvagem, castanheira-da-\u00e1gua, castanheiro-de-guiana, castanheiro-do-maranh\u00e3o, falso-cacau, mamorana, monguba, mungaba<\/span><\/strong><\/h3>\n<h3>Origem: \u00a0Am\u00e9rica Central,\u00a0Am\u00e9rica do Sul<\/h3>\n<h3 id=\"distribuicaoGeografica\" class=\"label\"><strong>Distribui\u00e7\u00e3o Geogr\u00e1fica<\/strong><\/h3>\n<div class=\"tabelamapa\">\n<div id=\"ocorrencia_confirmada\" class=\"label\"><strong>Ocorr\u00eancias:<\/strong><\/div>\n<div>\n<div id=\"tr-carregaTaxonGrupoDistribuicaoGeograficaCertezaNorte\" class=\"distribuicaoGeograficaCertezaNorte\">\n<div id=\"tr-carregaTaxonGrupoDistribuicaoGeograficaCertezaNorte\" class=\"distribuicaoGeograficaCertezaNorte\">\n<ul>\n<li id=\"idFieldCertezaNorte\" class=\"field\"><b>Norte<\/b> (Acre, Amazonas, Amap\u00e1, Par\u00e1, Rond\u00f4nia, Roraima, Tocantins)<\/li>\n<li class=\"field\"><b>Nordeste<\/b> (Alagoas, Bahia, Cear\u00e1, Maranh\u00e3o, Para\u00edba, Pernambuco, Piau\u00ed, Rio Grande do Norte, Sergipe)<\/li>\n<li class=\"field\"><b>Centro-Oeste<\/b> (Distrito Federal, Goi\u00e1s, Mato Grosso do Sul, Mato Grosso)<\/li>\n<li class=\"field\"><b>Sudeste<\/b> (Esp\u00edrito Santo, Minas Gerais, Rio de Janeiro, S\u00e3o Paulo)<\/li>\n<li class=\"field\"><b>Sul<\/b>\u00a0(Paran\u00e1)<\/li>\n<\/ul>\n<\/div>\n<h3 class=\"label\"><strong>Dom\u00ednios Fitogeogr\u00e1ficos\u00a0<\/strong><\/h3>\n<ul>\n<li>Amaz\u00f4nia<\/li>\n<\/ul>\n<p><img loading=\"lazy\" decoding=\"async\" class=\"size-full wp-image-1682 aligncenter\" src=\"http:\/\/uenf.br\/projetos\/arvoresdauenf\/files\/2020\/08\/munguba-min.jpg\" alt=\"\" width=\"394\" height=\"340\" srcset=\"https:\/\/uenf.br\/projetos\/arvoresdauenf\/files\/2020\/08\/munguba-min.jpg 394w, https:\/\/uenf.br\/projetos\/arvoresdauenf\/files\/2020\/08\/munguba-min-300x259.jpg 300w\" sizes=\"auto, (max-width: 394px) 100vw, 394px\" \/><\/p>\n<p>Fonte: Flora do Brasil, 2020 (<a href=\"http:\/\/reflora.jbrj.gov.br\/reflora\/listaBrasil\/ConsultaPublicaUC\/BemVindoConsultaPublicaConsultar.do?invalidatePageControlCounter=1&amp;idsFilhosAlgas=%5B2%5D&amp;idsFilhosFungos=%5B1%2C11%2C10%5D&amp;lingua=&amp;grupo=5&amp;genero=Pachira&amp;especie=aquatica&amp;autor=&amp;nomeVernaculo=&amp;nomeCompleto=&amp;formaVida=null&amp;substrato=null&amp;ocorreBrasil=QUALQUER&amp;ocorrencia=OCORRE&amp;endemismo=TODOS&amp;origem=TODOS&amp;regiao=QUALQUER&amp;estado=QUALQUER&amp;ilhaOceanica=32767&amp;domFitogeograficos=QUALQUER&amp;bacia=QUALQUER&amp;vegetacao=TODOS&amp;mostrarAte=SUBESP_VAR&amp;opcoesBusca=TODOS_OS_NOMES&amp;loginUsuario=Visitante&amp;senhaUsuario=&amp;contexto=consulta-publica\">clique aqui<\/a>)<\/p>\n<h3><strong>Curiosidades:<\/strong><\/h3>\n<ul>\n<li>Suas sementes s\u00e3o comest\u00edveis e muito apreciadas pelas popula\u00e7\u00f5es amaz\u00f4nicas das Guianas. Elas podem ser\u00a0 consumidas cruas, cozidas, torradas e mo\u00eddas, de modo que possam substituir o caf\u00e9 e o chocolate, podendo ser misturadas ao leite.<\/li>\n<li>Por ter uma casca fibrosa \u00e9 usada em cordoaria.<\/li>\n<li>A essa \u00e1rvore atribui-se o poder de atrair dinheiro e prosperidade, sendo conhecida como <em>money tree<\/em> (<a href=\"https:\/\/www.todafruta.com.br\/monguba\/\">clique aqui<\/a>)<\/li>\n<\/ul>\n<\/div>\n<\/div>\n<\/div>\n","protected":false},"excerpt":{"rendered":"<p>Pachira aquatica Aubl. Fam\u00edlia: Malvaceae Nomes populares: cacau-selvagem, castanheira-da-\u00e1gua, castanheiro-de-guiana, castanheiro-do-maranh\u00e3o, falso-cacau, mamorana, monguba, mungaba Origem: \u00a0Am\u00e9rica Central,\u00a0Am\u00e9rica do Sul&#8230;<\/p>\n","protected":false},"author":24,"featured_media":0,"parent":27,"menu_order":0,"comment_status":"closed","ping_status":"closed","template":"","meta":{"footnotes":""},"class_list":["post-897","page","type-page","status-publish","hentry"],"_links":{"self":[{"href":"https:\/\/uenf.br\/projetos\/arvoresdauenf\/wp-json\/wp\/v2\/pages\/897","targetHints":{"allow":["GET"]}}],"collection":[{"href":"https:\/\/uenf.br\/projetos\/arvoresdauenf\/wp-json\/wp\/v2\/pages"}],"about":[{"href":"https:\/\/uenf.br\/projetos\/arvoresdauenf\/wp-json\/wp\/v2\/types\/page"}],"author":[{"embeddable":true,"href":"https:\/\/uenf.br\/projetos\/arvoresdauenf\/wp-json\/wp\/v2\/users\/24"}],"replies":[{"embeddable":true,"href":"https:\/\/uenf.br\/projetos\/arvoresdauenf\/wp-json\/wp\/v2\/comments?post=897"}],"version-history":[{"count":0,"href":"https:\/\/uenf.br\/projetos\/arvoresdauenf\/wp-json\/wp\/v2\/pages\/897\/revisions"}],"up":[{"embeddable":true,"href":"https:\/\/uenf.br\/projetos\/arvoresdauenf\/wp-json\/wp\/v2\/pages\/27"}],"wp:attachment":[{"href":"https:\/\/uenf.br\/projetos\/arvoresdauenf\/wp-json\/wp\/v2\/media?parent=897"}],"curies":[{"name":"wp","href":"https:\/\/api.w.org\/{rel}","templated":true}]}}