{"id":899,"date":"2019-10-01T10:23:18","date_gmt":"2019-10-01T13:23:18","guid":{"rendered":"http:\/\/uenf.br\/projetos\/arvoresdauenf\/?page_id=899"},"modified":"2022-10-07T10:48:45","modified_gmt":"2022-10-07T13:48:45","slug":"quaresmeira","status":"publish","type":"page","link":"https:\/\/uenf.br\/projetos\/arvoresdauenf\/especie-2\/quaresmeira\/","title":{"rendered":"Quaresmeira rosa"},"content":{"rendered":"<h2><i><b>Tibouchina granulosa <\/b><\/i><small>(Desr.) Cogn.<\/small><\/h2>\n<div id=\"attachment_1243\" style=\"width: 370px\" class=\"wp-caption aligncenter\"><img loading=\"lazy\" decoding=\"async\" aria-describedby=\"caption-attachment-1243\" class=\"wp-image-1243 \" src=\"http:\/\/uenf.br\/projetos\/arvoresdauenf\/files\/2020\/03\/IMG_1449-300x225.jpg\" alt=\"\" width=\"360\" height=\"270\" srcset=\"https:\/\/uenf.br\/projetos\/arvoresdauenf\/files\/2020\/03\/IMG_1449-300x225.jpg 300w, https:\/\/uenf.br\/projetos\/arvoresdauenf\/files\/2020\/03\/IMG_1449-1024x768.jpg 1024w, https:\/\/uenf.br\/projetos\/arvoresdauenf\/files\/2020\/03\/IMG_1449-768x576.jpg 768w, https:\/\/uenf.br\/projetos\/arvoresdauenf\/files\/2020\/03\/IMG_1449.jpg 1216w\" sizes=\"auto, (max-width: 360px) 100vw, 360px\" \/><p id=\"caption-attachment-1243\" class=\"wp-caption-text\">Quaresmeira rosa, compondo a paisagem do <em>campus<\/em> de Carlos Alberto Dias. Foto: Yara Pereira<\/p><\/div>\n<h3><strong><span style=\"color: #000000\">Fam\u00edlia: <b>Melastomataceae<\/b><\/span><\/strong><\/h3>\n<h3><strong><span style=\"color: #000000\">Nomes populares: quaresmeira, flor-de-quaresma, quaresmeira-roxa<\/span><\/strong><\/h3>\n<h3>Origem: Brasil<\/h3>\n<h3 id=\"distribuicaoGeografica\" class=\"label\"><strong>Distribui\u00e7\u00e3o Geogr\u00e1fica<\/strong><\/h3>\n<div class=\"tabelamapa\">\n<div id=\"ocorrencia_confirmada\" class=\"label\"><strong>Ocorr\u00eancias:<\/strong><\/div>\n<ul>\n<li><b>Norte<\/b>\u00a0(Acre, Amazonas, Amap\u00e1, Par\u00e1, Rond\u00f4nia, Roraima, Tocantins)<\/li>\n<li><b>Nordeste<\/b>\u00a0(Alagoas, Bahia, Cear\u00e1, Maranh\u00e3o, Para\u00edba, Pernambuco, Piau\u00ed, Rio Grande do Norte, Sergipe)<\/li>\n<li><b>Centro-oeste<\/b>\u00a0(Distrito Federal, Goi\u00e1s, Mato Grosso do Sul, Mato Grosso)<\/li>\n<li><b>Sudeste<\/b>\u00a0(Esp\u00edrito Santo, Minas Gerais, Rio de Janeiro, S\u00e3o Paulo)<\/li>\n<li><b>Sul<\/b>\u00a0(Paran\u00e1, Rio Grande do Sul, Santa Catarina)<\/li>\n<\/ul>\n<\/div>\n<div class=\"tabelamapa\">\n<h3 class=\"label\"><strong>Dom\u00ednios Fitogeogr\u00e1ficos\u00a0<\/strong><\/h3>\n<ul>\n<li>Amaz\u00f4nia, Caatinga, Cerrado, Mata Atl\u00e2ntica, Pampa<\/li>\n<\/ul>\n<p><img loading=\"lazy\" decoding=\"async\" class=\"size-full wp-image-1686 aligncenter\" src=\"http:\/\/uenf.br\/projetos\/arvoresdauenf\/files\/2020\/08\/quaresmeira-min.jpg\" alt=\"\" width=\"352\" height=\"363\" srcset=\"https:\/\/uenf.br\/projetos\/arvoresdauenf\/files\/2020\/08\/quaresmeira-min.jpg 352w, https:\/\/uenf.br\/projetos\/arvoresdauenf\/files\/2020\/08\/quaresmeira-min-291x300.jpg 291w\" sizes=\"auto, (max-width: 352px) 100vw, 352px\" \/><\/p>\n<\/div>\n<p>Fonte: Flora do Brasil, 2020 (<a href=\"http:\/\/floradobrasil.jbrj.gov.br\/jabot\/FichaPublicaTaxonUC\/FichaPublicaTaxonUC.do?id=FB9876\">clique aqui<\/a>)<\/p>\n<h3>\u00a0<strong>Curiosidades:<\/strong><\/h3>\n<ul>\n<li>A quaresmeira \u00e9 \u00e1rvore s\u00edmbolo de Belo Horizonte;<\/li>\n<li>O nome foi dado pelo fato de florescer entre janeiro e abril, \u00e9poca em que ocorre a <em>Quaresma<\/em>.<\/li>\n<li>Por sua beleza, mesmo fora do per\u00edodo de flora\u00e7\u00e3o e por suas ra\u00edzes pouco agressivas, \u00e9 indicada para vias p\u00fablicas.<\/li>\n<\/ul>\n<p>&nbsp;<\/p>\n","protected":false},"excerpt":{"rendered":"<p>Tibouchina granulosa (Desr.) Cogn. Fam\u00edlia: Melastomataceae Nomes populares: quaresmeira, flor-de-quaresma, quaresmeira-roxa Origem: Brasil Distribui\u00e7\u00e3o Geogr\u00e1fica Ocorr\u00eancias: Norte\u00a0(Acre, Amazonas, Amap\u00e1, Par\u00e1,&#8230;<\/p>\n","protected":false},"author":24,"featured_media":0,"parent":27,"menu_order":0,"comment_status":"closed","ping_status":"closed","template":"","meta":{"footnotes":""},"class_list":["post-899","page","type-page","status-publish","hentry"],"_links":{"self":[{"href":"https:\/\/uenf.br\/projetos\/arvoresdauenf\/wp-json\/wp\/v2\/pages\/899","targetHints":{"allow":["GET"]}}],"collection":[{"href":"https:\/\/uenf.br\/projetos\/arvoresdauenf\/wp-json\/wp\/v2\/pages"}],"about":[{"href":"https:\/\/uenf.br\/projetos\/arvoresdauenf\/wp-json\/wp\/v2\/types\/page"}],"author":[{"embeddable":true,"href":"https:\/\/uenf.br\/projetos\/arvoresdauenf\/wp-json\/wp\/v2\/users\/24"}],"replies":[{"embeddable":true,"href":"https:\/\/uenf.br\/projetos\/arvoresdauenf\/wp-json\/wp\/v2\/comments?post=899"}],"version-history":[{"count":0,"href":"https:\/\/uenf.br\/projetos\/arvoresdauenf\/wp-json\/wp\/v2\/pages\/899\/revisions"}],"up":[{"embeddable":true,"href":"https:\/\/uenf.br\/projetos\/arvoresdauenf\/wp-json\/wp\/v2\/pages\/27"}],"wp:attachment":[{"href":"https:\/\/uenf.br\/projetos\/arvoresdauenf\/wp-json\/wp\/v2\/media?parent=899"}],"curies":[{"name":"wp","href":"https:\/\/api.w.org\/{rel}","templated":true}]}}