{"id":901,"date":"2019-10-01T10:24:14","date_gmt":"2019-10-01T13:24:14","guid":{"rendered":"http:\/\/uenf.br\/projetos\/arvoresdauenf\/?page_id=901"},"modified":"2024-03-27T16:45:49","modified_gmt":"2024-03-27T19:45:49","slug":"araca","status":"publish","type":"page","link":"https:\/\/uenf.br\/projetos\/arvoresdauenf\/especie-2\/araca\/","title":{"rendered":"Ara\u00e7\u00e1"},"content":{"rendered":"<h2 class=\"taxon vazio\"><i>Psidium<\/i> sp<\/h2>\n<h3>Fam\u00edlia:\u00a0Myrtaceae<\/h3>\n<h3 class=\"nomeAutorSupraGenerico\">Nomes<strong> populares:<\/strong> china-guava,<strong> ara\u00e7\u00e1-amarelo, ara\u00e7azeiro, ara\u00e7\u00e1-do-campo, ara\u00e7\u00e1-vermelho, ara\u00e7\u00e1-doce, ara\u00e7\u00e1-manteiga, ara\u00e7\u00e1-da-praia, ara\u00e7\u00e1-pera, ara\u00e7\u00e1-de-coroa, ara\u00e7\u00e1-rosa e ara\u00e7\u00e1-de-comer.<\/strong><\/h3>\n<h3><strong>Origem: nativa do Brasil (n\u00e3o end\u00eamica)<\/strong><\/h3>\n<h3 id=\"distribuicaoGeografica\" class=\"label\"><strong>Distribui\u00e7\u00e3o Geogr\u00e1fica<\/strong><\/h3>\n<div class=\"tabelamapa\">\n<div id=\"ocorrencia_confirmada\" class=\"label\"><strong>Ocorr\u00eancias:<\/strong><\/div>\n<ul>\n<li><b>Norte<\/b>\u00a0(Acre, Amazonas, Amap\u00e1, Par\u00e1, Rond\u00f4nia, Roraima, Tocantins)<\/li>\n<li><b>Nordeste<\/b> (Alagoas, Bahia, Cear\u00e1, Maranh\u00e3o, Para\u00edba, Pernambuco, Piau\u00ed, Rio Grande do Norte, Sergipe)<\/li>\n<li><b>Centro-oeste<\/b> (Distrito Federal, Goi\u00e1s, Mato Grosso do Sul, Mato Grosso)<\/li>\n<li><b>Sudeste<\/b>\u00a0(Esp\u00edrito Santo, Minas Gerais, Rio de Janeiro, S\u00e3o Paulo)<\/li>\n<li><b>Sul<\/b> (Paran\u00e1, Rio Grande do Sul, Santa Catarina)<\/li>\n<\/ul>\n<div id=\"distribuicaoGeograficaIlhasOceanicas\" class=\"label\"><strong>Ilhas Oce\u00e2nicas<\/strong><\/div>\n<div id=\"ocorrencia_confirmadaIlhas\" class=\"label\"><strong>Ocorr\u00eancias confirmadas: <\/strong>(Abrolhos, Atol das Rocas, Fernando de Noronha, S\u00e3o Pedro e S\u00e3o Paulo, Trindade)<\/div>\n<h3 class=\"field\">Dom\u00ednios Fitogeogr\u00e1ficos<\/h3>\n<ul>\n<li>Amaz\u00f4nia, Caatinga, Cerrado, Mata Atl\u00e2ntica, Pampa, Pantanal<\/li>\n<\/ul>\n<p><img loading=\"lazy\" decoding=\"async\" class=\" wp-image-2662 aligncenter\" src=\"https:\/\/uenf.br\/projetos\/arvoresdauenf\/files\/2024\/03\/Araca-275x300.png\" alt=\"\" width=\"339\" height=\"369\" srcset=\"https:\/\/uenf.br\/projetos\/arvoresdauenf\/files\/2024\/03\/Araca-275x300.png 275w, https:\/\/uenf.br\/projetos\/arvoresdauenf\/files\/2024\/03\/Araca.png 346w\" sizes=\"auto, (max-width: 339px) 100vw, 339px\" \/><\/p>\n<h3>Curiosidades:<\/h3>\n<ul>\n<li>O sabor do fruto \u00e9 doce com acidez. Apresenta s\u00f3lidos sol\u00faveis de at\u00e9 16\u00ba Brix e 62 mg de vitamina C em 100 g de polpa.\u00a0 (<a href=\"https:\/\/www.todafruta.com.br\/araca\/#:~:text=O%20sabor%20do%20fruto%20%C3%A9,e%20geleia%2C%20entre%20outros%20usos.\">Clique aqui<\/a>)<\/li>\n<li>Possui atividade antioxidante, antimicrobiana e antiproliferativa com altos n\u00edveis de compostos fen\u00f3licos, com aplica\u00e7\u00e3o na ind\u00fastria aliment\u00edcia e farmac\u00eautica (<a href=\"https:\/\/www.sciencedirect.com\/science\/article\/pii\/S030881461100536X\">clique aqui<\/a>)<\/li>\n<li>O nome ara\u00e7\u00e1 significa \u201cplanta que tem olhos\u201d, origin\u00e1rio do tupi-guarani, em alus\u00e3o \u00e0s suas s\u00e9palas, que d\u00e3o a apar\u00eancia de um olho no fruto (<a href=\"https:\/\/mundoeducacao.uol.com.br\/biologia\/araca.htm\">clique aqui<\/a>)<\/li>\n<\/ul>\n<\/div>\n","protected":false},"excerpt":{"rendered":"<p>Psidium sp Fam\u00edlia:\u00a0Myrtaceae Nomes populares: china-guava, ara\u00e7\u00e1-amarelo, ara\u00e7azeiro, ara\u00e7\u00e1-do-campo, ara\u00e7\u00e1-vermelho, ara\u00e7\u00e1-doce, ara\u00e7\u00e1-manteiga, ara\u00e7\u00e1-da-praia, ara\u00e7\u00e1-pera, ara\u00e7\u00e1-de-coroa, ara\u00e7\u00e1-rosa e ara\u00e7\u00e1-de-comer. Origem: nativa&#8230;<\/p>\n","protected":false},"author":24,"featured_media":0,"parent":27,"menu_order":0,"comment_status":"closed","ping_status":"closed","template":"","meta":{"footnotes":""},"class_list":["post-901","page","type-page","status-publish","hentry"],"_links":{"self":[{"href":"https:\/\/uenf.br\/projetos\/arvoresdauenf\/wp-json\/wp\/v2\/pages\/901","targetHints":{"allow":["GET"]}}],"collection":[{"href":"https:\/\/uenf.br\/projetos\/arvoresdauenf\/wp-json\/wp\/v2\/pages"}],"about":[{"href":"https:\/\/uenf.br\/projetos\/arvoresdauenf\/wp-json\/wp\/v2\/types\/page"}],"author":[{"embeddable":true,"href":"https:\/\/uenf.br\/projetos\/arvoresdauenf\/wp-json\/wp\/v2\/users\/24"}],"replies":[{"embeddable":true,"href":"https:\/\/uenf.br\/projetos\/arvoresdauenf\/wp-json\/wp\/v2\/comments?post=901"}],"version-history":[{"count":0,"href":"https:\/\/uenf.br\/projetos\/arvoresdauenf\/wp-json\/wp\/v2\/pages\/901\/revisions"}],"up":[{"embeddable":true,"href":"https:\/\/uenf.br\/projetos\/arvoresdauenf\/wp-json\/wp\/v2\/pages\/27"}],"wp:attachment":[{"href":"https:\/\/uenf.br\/projetos\/arvoresdauenf\/wp-json\/wp\/v2\/media?parent=901"}],"curies":[{"name":"wp","href":"https:\/\/api.w.org\/{rel}","templated":true}]}}